{"id":2918,"date":"2021-09-07T15:37:33","date_gmt":"2021-09-07T20:37:33","guid":{"rendered":"https:\/\/www.7ecnosoluciones.com\/?post_type=product&#038;p=2918"},"modified":"2021-09-07T15:48:44","modified_gmt":"2021-09-07T20:48:44","slug":"caja-iceberg-crystal-g9-v2-4-ventiladores-a-rgb-vidrio","status":"publish","type":"product","link":"https:\/\/www.7ecnosoluciones.com\/en\/product\/caja-iceberg-crystal-g9-v2-4-ventiladores-a-rgb-vidrio\/","title":{"rendered":"Caja Iceberg Crystal G9 V2 4 Ventiladores A-RGB Vidrio"},"content":{"rendered":"<div class=\"wpb-content-wrapper\"><div class=\"vc_row wpb_row row top-row\"><div class=\"vc_column_container col-md-6\"><div class=\"wpb_wrapper vc_column-inner\">\n\t<div class=\"wpb_text_column wpb_content_element\" >\n\t\t<div class=\"wpb_wrapper\">\n\t\t\t<h4 style=\"text-align: justify;\">CARACTER\u00cdSTICAS<\/h4>\n<p style=\"text-align: justify;\">Iceberg Tech se complace en realizar el lanzamiento oficial del gabinete para PC: Crystal G9 \u2013 RGB. Este nuevo chasis de metal con panel frontal de vidrio templado est\u00e1 dirigido a PC Modders y PC Gamers, que adoran jugar con sus m\u00e1quinas y mostrar su hardware. Con espacio para hasta 6 unidades y 7 ranuras de expansi\u00f3n para la instalaci\u00f3n de tarjetas gr\u00e1ficas largas (tarjeta VGA de hasta 320 mm de longitud) disipador de CPU grande (hasta 160 mm de altura) y refrigeraci\u00f3n completa a trav\u00e9s de ubicaciones de montaje de 7 ventiladores 120 mm a lo largo de este gabinete. Ya est\u00e1n incluidos 4 ventiladores de tipo anillo con refrigeraci\u00f3n RGB multi-LED en la parte delantera y trasera. El Crystal G9 ofrece un mantenimiento sencillo con la apertura sin herramientas del lado izquierdo y los paneles frontales. Opciones considerables para realizar conexiones perif\u00e9ricas a trav\u00e9s de los tres puertos USB y tomas de audio HD. El chasis est\u00e1 construido en acero SPCC de 0,50 mm y facilita el enrutamiento de cables y un buen flujo de aire del sistema. Listo para presumir sus componentes, refrigeraci\u00f3n RGB y disipadores de agua o aire a trav\u00e9s de la ventana completa lateral en el lado izquierdo y el panel frontal.<\/p>\n\n\t\t<\/div>\n\t<\/div>\n<\/div><\/div><div class=\"vc_column_container col-md-6\"><div class=\"wpb_wrapper vc_column-inner\">\n\t<div class=\"wpb_text_column wpb_content_element\" >\n\t\t<div class=\"wpb_wrapper\">\n\t\t\t<h4>Especificaciones<\/h4>\n<ul>\n<li>Amplio espacio para montaje y flujo de aire<\/li>\n<li>Acero SPCC de 0.5mm con blindaje EMI reforzado<\/li>\n<li>Soporte de tarjetas de video de hasta 320mm<\/li>\n<li>Manejo de cableado apropiado para flujo de aire<\/li>\n<li>1 x USB 3.0 + 2 x USB 2.0 + HD Audio, puertos ubicados en el panel superior<\/li>\n<li>3 Ventiladores 120mm Anillo M-RGB incluidos en el frente<\/li>\n<li>1 Ventilador 120mm Anillo M-RGB incluido en la parte trasera<\/li>\n<li>Control Remoto incluido, compatibilidad con Boards A-RGB<\/li>\n<li>Altura de disipador por aire de hasta 160mm<\/li>\n<li>Soporte de refrigeraci\u00f3n l\u00edquida de 240mm<\/li>\n<li>Panel frontal en vidrio templado<\/li>\n<li>Ventana lateral completa en acr\u00edlico tintado<\/li>\n<li>Garant\u00eda del fabricante de 1 a\u00f1o<\/li>\n<li>Tama\u00f1o del chasis: 380*180*443mm (Largo*Ancho*Alto)<\/li>\n<li>Tama\u00f1o del paquete: 503*230*435mm (Largo*Ancho*Alto)<\/li>\n<\/ul>\n\n\t\t<\/div>\n\t<\/div>\n<\/div><\/div><\/div>\n<\/div>","protected":false},"excerpt":{"rendered":"<h4>Especificaciones<\/h4>\n<ul>\n<li>Amplio espacio para montaje y flujo de aire<\/li>\n<li>Acero SPCC de 0.5mm con blindaje EMI reforzado<\/li>\n<li>Soporte de tarjetas de video de hasta 320mm<\/li>\n<li>Manejo de cableado apropiado para flujo de aire<\/li>\n<li>1 x USB 3.0 + 2 x USB 2.0 + HD Audio, puertos ubicados en el panel superior<\/li>\n<li>3 Ventiladores 120mm Anillo M-RGB incluidos en el frente<\/li>\n<li>1 Ventilador 120mm Anillo M-RGB incluido en la parte trasera<\/li>\n<li>Control Remoto incluido, compatibilidad con Boards A-RGB<\/li>\n<li>Altura de disipador por aire de hasta 160mm<\/li>\n<li>Soporte de refrigeraci\u00f3n l\u00edquida de 240mm<\/li>\n<li>Panel frontal en vidrio templado<\/li>\n<\/ul>","protected":false},"featured_media":2921,"comment_status":"open","ping_status":"closed","template":"","meta":{"_acf_changed":false,"content-type":"","_mo_disable_npp":""},"product_cat":[90],"product_tag":[172,92,174,173,91],"class_list":{"0":"post-2918","1":"product","2":"type-product","3":"status-publish","4":"has-post-thumbnail","6":"product_cat-torres","7":"product_tag-4-ventiladores","8":"product_tag-atx","9":"product_tag-crystal-g9-v2","10":"product_tag-iceberg","11":"product_tag-torres","13":"first","14":"instock","15":"shipping-taxable","16":"purchasable","17":"product-type-simple"},"acf":[],"yoast_head":"<!-- This site is optimized with the Yoast SEO plugin v23.2 - https:\/\/yoast.com\/wordpress\/plugins\/seo\/ -->\n<title>Caja Iceberg Crystal G9 V2 4 Ventiladores A-RGB Vidrio | 7ecnosoluciones<\/title>\n<meta name=\"description\" content=\"Amplio espacio para montaje y flujo de aireAcero SPCC de 0.5mm con blindaje EMI reforzadoSoporte de tarjetas de video de hasta 320mm\" \/>\n<meta name=\"robots\" content=\"index, follow, max-snippet:-1, max-image-preview:large, max-video-preview:-1\" \/>\n<link rel=\"canonical\" href=\"https:\/\/www.7ecnosoluciones.com\/en\/product\/caja-iceberg-crystal-g9-v2-4-ventiladores-a-rgb-vidrio\/\" \/>\n<meta property=\"og:locale\" content=\"en_US\" \/>\n<meta property=\"og:type\" content=\"article\" \/>\n<meta property=\"og:title\" content=\"Caja Iceberg Crystal G9 V2 4 Ventiladores A-RGB Vidrio | 7ecnosoluciones\" \/>\n<meta property=\"og:description\" content=\"Amplio espacio para montaje y flujo de aireAcero SPCC de 0.5mm con blindaje EMI reforzadoSoporte de tarjetas de video de hasta 320mm\" \/>\n<meta property=\"og:url\" content=\"https:\/\/www.7ecnosoluciones.com\/en\/product\/caja-iceberg-crystal-g9-v2-4-ventiladores-a-rgb-vidrio\/\" \/>\n<meta property=\"og:site_name\" content=\"7ecnosoluciones\" \/>\n<meta property=\"article:publisher\" content=\"https:\/\/www.facebook.com\/7ecnosoluciones\" \/>\n<meta property=\"article:modified_time\" content=\"2021-09-07T20:48:44+00:00\" \/>\n<meta property=\"og:image\" content=\"https:\/\/www.7ecnosoluciones.com\/wp-content\/uploads\/2021\/09\/Caja-Iceberg-Crystal-G9-V2-4-Ventiladores-A-RGB-Vidrio1.png\" \/>\n\t<meta property=\"og:image:width\" content=\"800\" \/>\n\t<meta property=\"og:image:height\" content=\"800\" \/>\n\t<meta property=\"og:image:type\" content=\"image\/png\" \/>\n<meta name=\"twitter:card\" content=\"summary_large_image\" \/>\n<meta name=\"twitter:label1\" content=\"Est. reading time\" \/>\n\t<meta name=\"twitter:data1\" content=\"2 minutes\" \/>\n<script type=\"application\/ld+json\" class=\"yoast-schema-graph\">{\"@context\":\"https:\/\/schema.org\",\"@graph\":[{\"@type\":\"WebPage\",\"@id\":\"https:\/\/www.7ecnosoluciones.com\/product\/caja-iceberg-crystal-g9-v2-4-ventiladores-a-rgb-vidrio\/\",\"url\":\"https:\/\/www.7ecnosoluciones.com\/product\/caja-iceberg-crystal-g9-v2-4-ventiladores-a-rgb-vidrio\/\",\"name\":\"Caja Iceberg Crystal G9 V2 4 Ventiladores A-RGB Vidrio | 7ecnosoluciones\",\"isPartOf\":{\"@id\":\"https:\/\/www.7ecnosoluciones.com\/#website\"},\"primaryImageOfPage\":{\"@id\":\"https:\/\/www.7ecnosoluciones.com\/product\/caja-iceberg-crystal-g9-v2-4-ventiladores-a-rgb-vidrio\/#primaryimage\"},\"image\":{\"@id\":\"https:\/\/www.7ecnosoluciones.com\/product\/caja-iceberg-crystal-g9-v2-4-ventiladores-a-rgb-vidrio\/#primaryimage\"},\"thumbnailUrl\":\"https:\/\/www.7ecnosoluciones.com\/wp-content\/uploads\/2021\/09\/Caja-Iceberg-Crystal-G9-V2-4-Ventiladores-A-RGB-Vidrio1.png\",\"datePublished\":\"2021-09-07T20:37:33+00:00\",\"dateModified\":\"2021-09-07T20:48:44+00:00\",\"description\":\"Amplio espacio para montaje y flujo de aireAcero SPCC de 0.5mm con blindaje EMI reforzadoSoporte de tarjetas de video de hasta 320mm\",\"breadcrumb\":{\"@id\":\"https:\/\/www.7ecnosoluciones.com\/product\/caja-iceberg-crystal-g9-v2-4-ventiladores-a-rgb-vidrio\/#breadcrumb\"},\"inLanguage\":\"en-US\",\"potentialAction\":[{\"@type\":\"ReadAction\",\"target\":[\"https:\/\/www.7ecnosoluciones.com\/product\/caja-iceberg-crystal-g9-v2-4-ventiladores-a-rgb-vidrio\/\"]}]},{\"@type\":\"ImageObject\",\"inLanguage\":\"en-US\",\"@id\":\"https:\/\/www.7ecnosoluciones.com\/product\/caja-iceberg-crystal-g9-v2-4-ventiladores-a-rgb-vidrio\/#primaryimage\",\"url\":\"https:\/\/www.7ecnosoluciones.com\/wp-content\/uploads\/2021\/09\/Caja-Iceberg-Crystal-G9-V2-4-Ventiladores-A-RGB-Vidrio1.png\",\"contentUrl\":\"https:\/\/www.7ecnosoluciones.com\/wp-content\/uploads\/2021\/09\/Caja-Iceberg-Crystal-G9-V2-4-Ventiladores-A-RGB-Vidrio1.png\",\"width\":800,\"height\":800},{\"@type\":\"BreadcrumbList\",\"@id\":\"https:\/\/www.7ecnosoluciones.com\/product\/caja-iceberg-crystal-g9-v2-4-ventiladores-a-rgb-vidrio\/#breadcrumb\",\"itemListElement\":[{\"@type\":\"ListItem\",\"position\":1,\"name\":\"Portada\",\"item\":\"https:\/\/www.7ecnosoluciones.com\/\"},{\"@type\":\"ListItem\",\"position\":2,\"name\":\"Tienda\",\"item\":\"https:\/\/www.7ecnosoluciones.com\/tienda\/\"},{\"@type\":\"ListItem\",\"position\":3,\"name\":\"Caja Iceberg Crystal G9 V2 4 Ventiladores A-RGB Vidrio\"}]},{\"@type\":\"WebSite\",\"@id\":\"https:\/\/www.7ecnosoluciones.com\/#website\",\"url\":\"https:\/\/www.7ecnosoluciones.com\/\",\"name\":\"7ecnosoluciones\",\"description\":\"Vive la confianza y experiencia\",\"publisher\":{\"@id\":\"https:\/\/www.7ecnosoluciones.com\/#organization\"},\"potentialAction\":[{\"@type\":\"SearchAction\",\"target\":{\"@type\":\"EntryPoint\",\"urlTemplate\":\"https:\/\/www.7ecnosoluciones.com\/?s={search_term_string}\"},\"query-input\":\"required name=search_term_string\"}],\"inLanguage\":\"en-US\"},{\"@type\":\"Organization\",\"@id\":\"https:\/\/www.7ecnosoluciones.com\/#organization\",\"name\":\"7ecnosoluciones\",\"url\":\"https:\/\/www.7ecnosoluciones.com\/\",\"logo\":{\"@type\":\"ImageObject\",\"inLanguage\":\"en-US\",\"@id\":\"https:\/\/www.7ecnosoluciones.com\/#\/schema\/logo\/image\/\",\"url\":\"https:\/\/www.7ecnosoluciones.com\/wp-content\/uploads\/2020\/07\/logo-1.png\",\"contentUrl\":\"https:\/\/www.7ecnosoluciones.com\/wp-content\/uploads\/2020\/07\/logo-1.png\",\"width\":836,\"height\":227,\"caption\":\"7ecnosoluciones\"},\"image\":{\"@id\":\"https:\/\/www.7ecnosoluciones.com\/#\/schema\/logo\/image\/\"},\"sameAs\":[\"https:\/\/www.facebook.com\/7ecnosoluciones\",\"https:\/\/www.instagram.com\/7ecnosoluciones\/\"]}]}<\/script>\n<!-- \/ Yoast SEO plugin. -->","yoast_head_json":{"title":"Caja Iceberg Crystal G9 V2 4 Ventiladores A-RGB Vidrio | 7ecnosoluciones","description":"Amplio espacio para montaje y flujo de aireAcero SPCC de 0.5mm con blindaje EMI reforzadoSoporte de tarjetas de video de hasta 320mm","robots":{"index":"index","follow":"follow","max-snippet":"max-snippet:-1","max-image-preview":"max-image-preview:large","max-video-preview":"max-video-preview:-1"},"canonical":"https:\/\/www.7ecnosoluciones.com\/en\/product\/caja-iceberg-crystal-g9-v2-4-ventiladores-a-rgb-vidrio\/","og_locale":"en_US","og_type":"article","og_title":"Caja Iceberg Crystal G9 V2 4 Ventiladores A-RGB Vidrio | 7ecnosoluciones","og_description":"Amplio espacio para montaje y flujo de aireAcero SPCC de 0.5mm con blindaje EMI reforzadoSoporte de tarjetas de video de hasta 320mm","og_url":"https:\/\/www.7ecnosoluciones.com\/en\/product\/caja-iceberg-crystal-g9-v2-4-ventiladores-a-rgb-vidrio\/","og_site_name":"7ecnosoluciones","article_publisher":"https:\/\/www.facebook.com\/7ecnosoluciones","article_modified_time":"2021-09-07T20:48:44+00:00","og_image":[{"width":800,"height":800,"url":"https:\/\/www.7ecnosoluciones.com\/wp-content\/uploads\/2021\/09\/Caja-Iceberg-Crystal-G9-V2-4-Ventiladores-A-RGB-Vidrio1.png","type":"image\/png"}],"twitter_card":"summary_large_image","twitter_misc":{"Est. reading time":"2 minutes"},"schema":{"@context":"https:\/\/schema.org","@graph":[{"@type":"WebPage","@id":"https:\/\/www.7ecnosoluciones.com\/product\/caja-iceberg-crystal-g9-v2-4-ventiladores-a-rgb-vidrio\/","url":"https:\/\/www.7ecnosoluciones.com\/product\/caja-iceberg-crystal-g9-v2-4-ventiladores-a-rgb-vidrio\/","name":"Caja Iceberg Crystal G9 V2 4 Ventiladores A-RGB Vidrio | 7ecnosoluciones","isPartOf":{"@id":"https:\/\/www.7ecnosoluciones.com\/#website"},"primaryImageOfPage":{"@id":"https:\/\/www.7ecnosoluciones.com\/product\/caja-iceberg-crystal-g9-v2-4-ventiladores-a-rgb-vidrio\/#primaryimage"},"image":{"@id":"https:\/\/www.7ecnosoluciones.com\/product\/caja-iceberg-crystal-g9-v2-4-ventiladores-a-rgb-vidrio\/#primaryimage"},"thumbnailUrl":"https:\/\/www.7ecnosoluciones.com\/wp-content\/uploads\/2021\/09\/Caja-Iceberg-Crystal-G9-V2-4-Ventiladores-A-RGB-Vidrio1.png","datePublished":"2021-09-07T20:37:33+00:00","dateModified":"2021-09-07T20:48:44+00:00","description":"Amplio espacio para montaje y flujo de aireAcero SPCC de 0.5mm con blindaje EMI reforzadoSoporte de tarjetas de video de hasta 320mm","breadcrumb":{"@id":"https:\/\/www.7ecnosoluciones.com\/product\/caja-iceberg-crystal-g9-v2-4-ventiladores-a-rgb-vidrio\/#breadcrumb"},"inLanguage":"en-US","potentialAction":[{"@type":"ReadAction","target":["https:\/\/www.7ecnosoluciones.com\/product\/caja-iceberg-crystal-g9-v2-4-ventiladores-a-rgb-vidrio\/"]}]},{"@type":"ImageObject","inLanguage":"en-US","@id":"https:\/\/www.7ecnosoluciones.com\/product\/caja-iceberg-crystal-g9-v2-4-ventiladores-a-rgb-vidrio\/#primaryimage","url":"https:\/\/www.7ecnosoluciones.com\/wp-content\/uploads\/2021\/09\/Caja-Iceberg-Crystal-G9-V2-4-Ventiladores-A-RGB-Vidrio1.png","contentUrl":"https:\/\/www.7ecnosoluciones.com\/wp-content\/uploads\/2021\/09\/Caja-Iceberg-Crystal-G9-V2-4-Ventiladores-A-RGB-Vidrio1.png","width":800,"height":800},{"@type":"BreadcrumbList","@id":"https:\/\/www.7ecnosoluciones.com\/product\/caja-iceberg-crystal-g9-v2-4-ventiladores-a-rgb-vidrio\/#breadcrumb","itemListElement":[{"@type":"ListItem","position":1,"name":"Portada","item":"https:\/\/www.7ecnosoluciones.com\/"},{"@type":"ListItem","position":2,"name":"Tienda","item":"https:\/\/www.7ecnosoluciones.com\/tienda\/"},{"@type":"ListItem","position":3,"name":"Caja Iceberg Crystal G9 V2 4 Ventiladores A-RGB Vidrio"}]},{"@type":"WebSite","@id":"https:\/\/www.7ecnosoluciones.com\/#website","url":"https:\/\/www.7ecnosoluciones.com\/","name":"7ecnosoluciones","description":"Vive la confianza y experiencia","publisher":{"@id":"https:\/\/www.7ecnosoluciones.com\/#organization"},"potentialAction":[{"@type":"SearchAction","target":{"@type":"EntryPoint","urlTemplate":"https:\/\/www.7ecnosoluciones.com\/?s={search_term_string}"},"query-input":"required name=search_term_string"}],"inLanguage":"en-US"},{"@type":"Organization","@id":"https:\/\/www.7ecnosoluciones.com\/#organization","name":"7ecnosoluciones","url":"https:\/\/www.7ecnosoluciones.com\/","logo":{"@type":"ImageObject","inLanguage":"en-US","@id":"https:\/\/www.7ecnosoluciones.com\/#\/schema\/logo\/image\/","url":"https:\/\/www.7ecnosoluciones.com\/wp-content\/uploads\/2020\/07\/logo-1.png","contentUrl":"https:\/\/www.7ecnosoluciones.com\/wp-content\/uploads\/2020\/07\/logo-1.png","width":836,"height":227,"caption":"7ecnosoluciones"},"image":{"@id":"https:\/\/www.7ecnosoluciones.com\/#\/schema\/logo\/image\/"},"sameAs":["https:\/\/www.facebook.com\/7ecnosoluciones","https:\/\/www.instagram.com\/7ecnosoluciones\/"]}]}},"_links":{"self":[{"href":"https:\/\/www.7ecnosoluciones.com\/en\/wp-json\/wp\/v2\/product\/2918","targetHints":{"allow":["GET"]}}],"collection":[{"href":"https:\/\/www.7ecnosoluciones.com\/en\/wp-json\/wp\/v2\/product"}],"about":[{"href":"https:\/\/www.7ecnosoluciones.com\/en\/wp-json\/wp\/v2\/types\/product"}],"replies":[{"embeddable":true,"href":"https:\/\/www.7ecnosoluciones.com\/en\/wp-json\/wp\/v2\/comments?post=2918"}],"wp:featuredmedia":[{"embeddable":true,"href":"https:\/\/www.7ecnosoluciones.com\/en\/wp-json\/wp\/v2\/media\/2921"}],"wp:attachment":[{"href":"https:\/\/www.7ecnosoluciones.com\/en\/wp-json\/wp\/v2\/media?parent=2918"}],"wp:term":[{"taxonomy":"product_cat","embeddable":true,"href":"https:\/\/www.7ecnosoluciones.com\/en\/wp-json\/wp\/v2\/product_cat?post=2918"},{"taxonomy":"product_tag","embeddable":true,"href":"https:\/\/www.7ecnosoluciones.com\/en\/wp-json\/wp\/v2\/product_tag?post=2918"}],"curies":[{"name":"wp","href":"https:\/\/api.w.org\/{rel}","templated":true}]}}