{"id":2914,"date":"2021-09-07T13:25:48","date_gmt":"2021-09-07T18:25:48","guid":{"rendered":"https:\/\/www.7ecnosoluciones.com\/?post_type=product&#038;p=2914"},"modified":"2021-09-07T13:57:30","modified_gmt":"2021-09-07T18:57:30","slug":"teclado-mecanico-corsair-k60-rgb-pro-gamer","status":"publish","type":"product","link":"https:\/\/www.7ecnosoluciones.com\/en\/product\/teclado-mecanico-corsair-k60-rgb-pro-gamer\/","title":{"rendered":"Teclado Mec\u00e1nico CORSAIR K60 RGB Pro Gamer"},"content":{"rendered":"<div class=\"wpb-content-wrapper\"><div class=\"vc_row wpb_row row top-row\"><div class=\"vc_column_container col-md-6\"><div class=\"wpb_wrapper vc_column-inner\">\n\t<div class=\"wpb_text_column wpb_content_element\" >\n\t\t<div class=\"wpb_wrapper\">\n\t\t\t<h4 style=\"text-align: justify;\">Descripci\u00f3n<\/h4>\n<p style=\"text-align: justify;\">El teclado mec\u00e1nico para juegos CORSAIR K60 RGB PRO est\u00e1 dise\u00f1ado para el estilo y la sustancia con un marco de aluminio cepillado duradero e interruptores de teclas mec\u00e1nicos CHERRY VIOLA que permiten que brille la retroiluminaci\u00f3n RGB v\u00edvida por tecla.<\/p>\n<p style=\"text-align: justify;\">LA ILUMINACI\u00d3N QUE M\u00c1S LE GUSTE<br \/>\nIlumine su escritorio con una retroiluminaci\u00f3n RGB brillante.<\/p>\n<p style=\"text-align: justify;\">Programable con el software CORSAIR iCUE<br \/>\nControl de iluminaci\u00f3n RGB viva y din\u00e1mica, con una sofisticada programaci\u00f3n de macros y la posibilidad de sincronizar toda la iluminaci\u00f3n del sistema, gracias a su compatibilidad con perif\u00e9ricos, refrigeradores, ventiladores y otros productos de CORSAIR. Disfrute de un nivel de inmersi\u00f3n sin precedentes al jugar a juegos con integraci\u00f3n de iCUE, puesto que la iluminaci\u00f3n RGB reacciona din\u00e1micamente ante las acciones y eventos del juego en tiempo real.<\/p>\n<p style=\"text-align: justify;\">INTERRUPTORES 100 % CHERRY VIOLA<br \/>\nCon d\u00e9cadas de experiencia, CHERRY presenta una tradici\u00f3n hist\u00f3rica como la primera opci\u00f3n de los jugadores y profesionales de los e-sports en todo el mundo. Los interruptores CHERRY, fabricados y dise\u00f1ados en Alemania, se dise\u00f1an para soportar toda una vida de juegos, con una fiabilidad garantizada y unas pulsaciones de tecla consistentes durante toda la vida del interruptor.<\/p>\n<p style=\"text-align: justify;\">BELLEZA Y FUERZA<br \/>\nCon una estructura de aluminio cepillado con anodizaci\u00f3n en negro que ofrece un aspecto moderno y estiloso, as\u00ed como varios a\u00f1os de durabilidad a prueba de batalla.<\/p>\n\n\t\t<\/div>\n\t<\/div>\n<\/div><\/div><div class=\"vc_column_container col-md-6\"><div class=\"wpb_wrapper vc_column-inner\">\n\t<div class=\"wpb_text_column wpb_content_element\" >\n\t\t<div class=\"wpb_wrapper\">\n\t\t\t<h4>Especificaciones<\/h4>\n<ul>\n<li>Peso 0,88 kilogramos<\/li>\n<li>Encendiendo RGB<\/li>\n<li>Dise\u00f1o del teclado SP<\/li>\n<li>Tasa de sondeo USB 1000 Hz<\/li>\n<li>Interruptores de llave CHERRY\u00ae VIOLA<\/li>\n<li>Matriz 105 llaves<\/li>\n<li>Conectividad Cableado<\/li>\n<li>Altura ajustable s\u00ed<\/li>\n<li>Controles de medios EN s\u00ed<\/li>\n<li>Tama\u00f1o del tipo de teclado K60<\/li>\n<li>Familia de productos de teclado K60<\/li>\n<li>Cambio de teclado Clave completa (NKRO) con 100% anti-fantasma<\/li>\n<li>Factor de forma Tama\u00f1o completo<\/li>\n<li>Conectividad cableada USB 3.0 o 3.1 tipo A<\/li>\n<li>Memoria incorporada s\u00ed<\/li>\n<li>Bloqueo WIN Atajo de FN<\/li>\n<li>Media Control Atajos de FN<\/li>\n<li>Reposamanos No soportado<\/li>\n<li>Software CUE de teclado Compatible con iCUE<\/li>\n<li>Tipo de cable Reparado<\/li>\n<li>Material del cable del teclado Goma que no se enreda<\/li>\n<\/ul>\n<p>&nbsp;<\/p>\n\n\t\t<\/div>\n\t<\/div>\n<\/div><\/div><\/div>\n<\/div>","protected":false},"excerpt":{"rendered":"<p style=\"text-align: justify;\">El teclado mec\u00e1nico para juegos CORSAIR K60 RGB PRO est\u00e1 dise\u00f1ado para el estilo y la sustancia con un marco de aluminio cepillado duradero e interruptores de teclas mec\u00e1nicos CHERRY VIOLA que permiten que brille la retroiluminaci\u00f3n RGB v\u00edvida por tecla.<\/p>","protected":false},"featured_media":2915,"comment_status":"open","ping_status":"closed","template":"","meta":{"_acf_changed":false,"content-type":"","_mo_disable_npp":""},"product_cat":[124,65],"product_tag":[171,170,169],"class_list":{"0":"post-2914","1":"product","2":"type-product","3":"status-publish","4":"has-post-thumbnail","6":"product_cat-accesorios-y-partes","7":"product_cat-teclado-y-mouse","8":"product_tag-pro-gamer","9":"product_tag-rgb-corsair","10":"product_tag-teclado-k60","12":"first","13":"instock","14":"shipping-taxable","15":"purchasable","16":"product-type-simple"},"acf":[],"yoast_head":"<!-- This site is optimized with the Yoast SEO plugin v23.2 - https:\/\/yoast.com\/wordpress\/plugins\/seo\/ -->\n<title>Teclado Mec\u00e1nico CORSAIR K60 RGB Pro Gamer | 7ecnosoluciones<\/title>\n<meta name=\"description\" content=\"El teclado mec\u00e1nico para juegos CORSAIR K60 RGB PRO est\u00e1 dise\u00f1ado para el estilo y la sustancia con un marco de aluminio cepillado duradero\" \/>\n<meta name=\"robots\" content=\"index, follow, max-snippet:-1, max-image-preview:large, max-video-preview:-1\" \/>\n<link rel=\"canonical\" href=\"https:\/\/www.7ecnosoluciones.com\/en\/product\/teclado-mecanico-corsair-k60-rgb-pro-gamer\/\" \/>\n<meta property=\"og:locale\" content=\"en_US\" \/>\n<meta property=\"og:type\" content=\"article\" \/>\n<meta property=\"og:title\" content=\"Teclado Mec\u00e1nico CORSAIR K60 RGB Pro Gamer | 7ecnosoluciones\" \/>\n<meta property=\"og:description\" content=\"El teclado mec\u00e1nico para juegos CORSAIR K60 RGB PRO est\u00e1 dise\u00f1ado para el estilo y la sustancia con un marco de aluminio cepillado duradero\" \/>\n<meta property=\"og:url\" content=\"https:\/\/www.7ecnosoluciones.com\/en\/product\/teclado-mecanico-corsair-k60-rgb-pro-gamer\/\" \/>\n<meta property=\"og:site_name\" content=\"7ecnosoluciones\" \/>\n<meta property=\"article:publisher\" content=\"https:\/\/www.facebook.com\/7ecnosoluciones\" \/>\n<meta property=\"article:modified_time\" content=\"2021-09-07T18:57:30+00:00\" \/>\n<meta property=\"og:image\" content=\"https:\/\/www.7ecnosoluciones.com\/wp-content\/uploads\/2021\/09\/teclado-corsair-k60-rgb-pro1.png\" \/>\n\t<meta property=\"og:image:width\" content=\"1200\" \/>\n\t<meta property=\"og:image:height\" content=\"1200\" \/>\n\t<meta property=\"og:image:type\" content=\"image\/png\" \/>\n<meta name=\"twitter:card\" content=\"summary_large_image\" \/>\n<meta name=\"twitter:label1\" content=\"Est. reading time\" \/>\n\t<meta name=\"twitter:data1\" content=\"2 minutes\" \/>\n<script type=\"application\/ld+json\" class=\"yoast-schema-graph\">{\"@context\":\"https:\/\/schema.org\",\"@graph\":[{\"@type\":\"WebPage\",\"@id\":\"https:\/\/www.7ecnosoluciones.com\/product\/teclado-mecanico-corsair-k60-rgb-pro-gamer\/\",\"url\":\"https:\/\/www.7ecnosoluciones.com\/product\/teclado-mecanico-corsair-k60-rgb-pro-gamer\/\",\"name\":\"Teclado Mec\u00e1nico CORSAIR K60 RGB Pro Gamer | 7ecnosoluciones\",\"isPartOf\":{\"@id\":\"https:\/\/www.7ecnosoluciones.com\/#website\"},\"primaryImageOfPage\":{\"@id\":\"https:\/\/www.7ecnosoluciones.com\/product\/teclado-mecanico-corsair-k60-rgb-pro-gamer\/#primaryimage\"},\"image\":{\"@id\":\"https:\/\/www.7ecnosoluciones.com\/product\/teclado-mecanico-corsair-k60-rgb-pro-gamer\/#primaryimage\"},\"thumbnailUrl\":\"https:\/\/www.7ecnosoluciones.com\/wp-content\/uploads\/2021\/09\/teclado-corsair-k60-rgb-pro1.png\",\"datePublished\":\"2021-09-07T18:25:48+00:00\",\"dateModified\":\"2021-09-07T18:57:30+00:00\",\"description\":\"El teclado mec\u00e1nico para juegos CORSAIR K60 RGB PRO est\u00e1 dise\u00f1ado para el estilo y la sustancia con un marco de aluminio cepillado duradero\",\"breadcrumb\":{\"@id\":\"https:\/\/www.7ecnosoluciones.com\/product\/teclado-mecanico-corsair-k60-rgb-pro-gamer\/#breadcrumb\"},\"inLanguage\":\"en-US\",\"potentialAction\":[{\"@type\":\"ReadAction\",\"target\":[\"https:\/\/www.7ecnosoluciones.com\/product\/teclado-mecanico-corsair-k60-rgb-pro-gamer\/\"]}]},{\"@type\":\"ImageObject\",\"inLanguage\":\"en-US\",\"@id\":\"https:\/\/www.7ecnosoluciones.com\/product\/teclado-mecanico-corsair-k60-rgb-pro-gamer\/#primaryimage\",\"url\":\"https:\/\/www.7ecnosoluciones.com\/wp-content\/uploads\/2021\/09\/teclado-corsair-k60-rgb-pro1.png\",\"contentUrl\":\"https:\/\/www.7ecnosoluciones.com\/wp-content\/uploads\/2021\/09\/teclado-corsair-k60-rgb-pro1.png\",\"width\":1200,\"height\":1200},{\"@type\":\"BreadcrumbList\",\"@id\":\"https:\/\/www.7ecnosoluciones.com\/product\/teclado-mecanico-corsair-k60-rgb-pro-gamer\/#breadcrumb\",\"itemListElement\":[{\"@type\":\"ListItem\",\"position\":1,\"name\":\"Portada\",\"item\":\"https:\/\/www.7ecnosoluciones.com\/\"},{\"@type\":\"ListItem\",\"position\":2,\"name\":\"Tienda\",\"item\":\"https:\/\/www.7ecnosoluciones.com\/tienda\/\"},{\"@type\":\"ListItem\",\"position\":3,\"name\":\"Teclado Mec\u00e1nico CORSAIR K60 RGB Pro Gamer\"}]},{\"@type\":\"WebSite\",\"@id\":\"https:\/\/www.7ecnosoluciones.com\/#website\",\"url\":\"https:\/\/www.7ecnosoluciones.com\/\",\"name\":\"7ecnosoluciones\",\"description\":\"Vive la confianza y experiencia\",\"publisher\":{\"@id\":\"https:\/\/www.7ecnosoluciones.com\/#organization\"},\"potentialAction\":[{\"@type\":\"SearchAction\",\"target\":{\"@type\":\"EntryPoint\",\"urlTemplate\":\"https:\/\/www.7ecnosoluciones.com\/?s={search_term_string}\"},\"query-input\":\"required name=search_term_string\"}],\"inLanguage\":\"en-US\"},{\"@type\":\"Organization\",\"@id\":\"https:\/\/www.7ecnosoluciones.com\/#organization\",\"name\":\"7ecnosoluciones\",\"url\":\"https:\/\/www.7ecnosoluciones.com\/\",\"logo\":{\"@type\":\"ImageObject\",\"inLanguage\":\"en-US\",\"@id\":\"https:\/\/www.7ecnosoluciones.com\/#\/schema\/logo\/image\/\",\"url\":\"https:\/\/www.7ecnosoluciones.com\/wp-content\/uploads\/2020\/07\/logo-1.png\",\"contentUrl\":\"https:\/\/www.7ecnosoluciones.com\/wp-content\/uploads\/2020\/07\/logo-1.png\",\"width\":836,\"height\":227,\"caption\":\"7ecnosoluciones\"},\"image\":{\"@id\":\"https:\/\/www.7ecnosoluciones.com\/#\/schema\/logo\/image\/\"},\"sameAs\":[\"https:\/\/www.facebook.com\/7ecnosoluciones\",\"https:\/\/www.instagram.com\/7ecnosoluciones\/\"]}]}<\/script>\n<!-- \/ Yoast SEO plugin. -->","yoast_head_json":{"title":"Teclado Mec\u00e1nico CORSAIR K60 RGB Pro Gamer | 7ecnosoluciones","description":"El teclado mec\u00e1nico para juegos CORSAIR K60 RGB PRO est\u00e1 dise\u00f1ado para el estilo y la sustancia con un marco de aluminio cepillado duradero","robots":{"index":"index","follow":"follow","max-snippet":"max-snippet:-1","max-image-preview":"max-image-preview:large","max-video-preview":"max-video-preview:-1"},"canonical":"https:\/\/www.7ecnosoluciones.com\/en\/product\/teclado-mecanico-corsair-k60-rgb-pro-gamer\/","og_locale":"en_US","og_type":"article","og_title":"Teclado Mec\u00e1nico CORSAIR K60 RGB Pro Gamer | 7ecnosoluciones","og_description":"El teclado mec\u00e1nico para juegos CORSAIR K60 RGB PRO est\u00e1 dise\u00f1ado para el estilo y la sustancia con un marco de aluminio cepillado duradero","og_url":"https:\/\/www.7ecnosoluciones.com\/en\/product\/teclado-mecanico-corsair-k60-rgb-pro-gamer\/","og_site_name":"7ecnosoluciones","article_publisher":"https:\/\/www.facebook.com\/7ecnosoluciones","article_modified_time":"2021-09-07T18:57:30+00:00","og_image":[{"width":1200,"height":1200,"url":"https:\/\/www.7ecnosoluciones.com\/wp-content\/uploads\/2021\/09\/teclado-corsair-k60-rgb-pro1.png","type":"image\/png"}],"twitter_card":"summary_large_image","twitter_misc":{"Est. reading time":"2 minutes"},"schema":{"@context":"https:\/\/schema.org","@graph":[{"@type":"WebPage","@id":"https:\/\/www.7ecnosoluciones.com\/product\/teclado-mecanico-corsair-k60-rgb-pro-gamer\/","url":"https:\/\/www.7ecnosoluciones.com\/product\/teclado-mecanico-corsair-k60-rgb-pro-gamer\/","name":"Teclado Mec\u00e1nico CORSAIR K60 RGB Pro Gamer | 7ecnosoluciones","isPartOf":{"@id":"https:\/\/www.7ecnosoluciones.com\/#website"},"primaryImageOfPage":{"@id":"https:\/\/www.7ecnosoluciones.com\/product\/teclado-mecanico-corsair-k60-rgb-pro-gamer\/#primaryimage"},"image":{"@id":"https:\/\/www.7ecnosoluciones.com\/product\/teclado-mecanico-corsair-k60-rgb-pro-gamer\/#primaryimage"},"thumbnailUrl":"https:\/\/www.7ecnosoluciones.com\/wp-content\/uploads\/2021\/09\/teclado-corsair-k60-rgb-pro1.png","datePublished":"2021-09-07T18:25:48+00:00","dateModified":"2021-09-07T18:57:30+00:00","description":"El teclado mec\u00e1nico para juegos CORSAIR K60 RGB PRO est\u00e1 dise\u00f1ado para el estilo y la sustancia con un marco de aluminio cepillado duradero","breadcrumb":{"@id":"https:\/\/www.7ecnosoluciones.com\/product\/teclado-mecanico-corsair-k60-rgb-pro-gamer\/#breadcrumb"},"inLanguage":"en-US","potentialAction":[{"@type":"ReadAction","target":["https:\/\/www.7ecnosoluciones.com\/product\/teclado-mecanico-corsair-k60-rgb-pro-gamer\/"]}]},{"@type":"ImageObject","inLanguage":"en-US","@id":"https:\/\/www.7ecnosoluciones.com\/product\/teclado-mecanico-corsair-k60-rgb-pro-gamer\/#primaryimage","url":"https:\/\/www.7ecnosoluciones.com\/wp-content\/uploads\/2021\/09\/teclado-corsair-k60-rgb-pro1.png","contentUrl":"https:\/\/www.7ecnosoluciones.com\/wp-content\/uploads\/2021\/09\/teclado-corsair-k60-rgb-pro1.png","width":1200,"height":1200},{"@type":"BreadcrumbList","@id":"https:\/\/www.7ecnosoluciones.com\/product\/teclado-mecanico-corsair-k60-rgb-pro-gamer\/#breadcrumb","itemListElement":[{"@type":"ListItem","position":1,"name":"Portada","item":"https:\/\/www.7ecnosoluciones.com\/"},{"@type":"ListItem","position":2,"name":"Tienda","item":"https:\/\/www.7ecnosoluciones.com\/tienda\/"},{"@type":"ListItem","position":3,"name":"Teclado Mec\u00e1nico CORSAIR K60 RGB Pro Gamer"}]},{"@type":"WebSite","@id":"https:\/\/www.7ecnosoluciones.com\/#website","url":"https:\/\/www.7ecnosoluciones.com\/","name":"7ecnosoluciones","description":"Vive la confianza y experiencia","publisher":{"@id":"https:\/\/www.7ecnosoluciones.com\/#organization"},"potentialAction":[{"@type":"SearchAction","target":{"@type":"EntryPoint","urlTemplate":"https:\/\/www.7ecnosoluciones.com\/?s={search_term_string}"},"query-input":"required name=search_term_string"}],"inLanguage":"en-US"},{"@type":"Organization","@id":"https:\/\/www.7ecnosoluciones.com\/#organization","name":"7ecnosoluciones","url":"https:\/\/www.7ecnosoluciones.com\/","logo":{"@type":"ImageObject","inLanguage":"en-US","@id":"https:\/\/www.7ecnosoluciones.com\/#\/schema\/logo\/image\/","url":"https:\/\/www.7ecnosoluciones.com\/wp-content\/uploads\/2020\/07\/logo-1.png","contentUrl":"https:\/\/www.7ecnosoluciones.com\/wp-content\/uploads\/2020\/07\/logo-1.png","width":836,"height":227,"caption":"7ecnosoluciones"},"image":{"@id":"https:\/\/www.7ecnosoluciones.com\/#\/schema\/logo\/image\/"},"sameAs":["https:\/\/www.facebook.com\/7ecnosoluciones","https:\/\/www.instagram.com\/7ecnosoluciones\/"]}]}},"_links":{"self":[{"href":"https:\/\/www.7ecnosoluciones.com\/en\/wp-json\/wp\/v2\/product\/2914","targetHints":{"allow":["GET"]}}],"collection":[{"href":"https:\/\/www.7ecnosoluciones.com\/en\/wp-json\/wp\/v2\/product"}],"about":[{"href":"https:\/\/www.7ecnosoluciones.com\/en\/wp-json\/wp\/v2\/types\/product"}],"replies":[{"embeddable":true,"href":"https:\/\/www.7ecnosoluciones.com\/en\/wp-json\/wp\/v2\/comments?post=2914"}],"wp:featuredmedia":[{"embeddable":true,"href":"https:\/\/www.7ecnosoluciones.com\/en\/wp-json\/wp\/v2\/media\/2915"}],"wp:attachment":[{"href":"https:\/\/www.7ecnosoluciones.com\/en\/wp-json\/wp\/v2\/media?parent=2914"}],"wp:term":[{"taxonomy":"product_cat","embeddable":true,"href":"https:\/\/www.7ecnosoluciones.com\/en\/wp-json\/wp\/v2\/product_cat?post=2914"},{"taxonomy":"product_tag","embeddable":true,"href":"https:\/\/www.7ecnosoluciones.com\/en\/wp-json\/wp\/v2\/product_tag?post=2914"}],"curies":[{"name":"wp","href":"https:\/\/api.w.org\/{rel}","templated":true}]}}