{"id":2911,"date":"2021-09-07T12:54:02","date_gmt":"2021-09-07T17:54:02","guid":{"rendered":"https:\/\/www.7ecnosoluciones.com\/?post_type=product&#038;p=2911"},"modified":"2021-09-07T13:59:06","modified_gmt":"2021-09-07T18:59:06","slug":"mouse-vsg-aquila-6-botones-luz-rgb-12000-dpi","status":"publish","type":"product","link":"https:\/\/www.7ecnosoluciones.com\/en\/product\/mouse-vsg-aquila-6-botones-luz-rgb-12000-dpi\/","title":{"rendered":"Mouse Vsg Aquila 6 Botones Luz Rgb 12000 Dpi"},"content":{"rendered":"<div class=\"wpb-content-wrapper\"><div class=\"vc_row wpb_row row top-row\"><div class=\"vc_column_container col-md-6\"><div class=\"wpb_wrapper vc_column-inner\">\n\t<div class=\"wpb_text_column wpb_content_element\" >\n\t\t<div class=\"wpb_wrapper\">\n\t\t\t<h1 style=\"text-align: justify;\">Mouse Alquila Gaming VSG<\/h1>\n<div class=\"sc-pcLzI gJGZti pf-8dd57272\" style=\"text-align: justify;\" data-show-button=\"true\" data-more=\"\" data-less=\"\" data-product-type=\"content\" data-product-id=\"4674221703300\" data-pf-type=\"ProductText\">Mouse Alquila Gaming VSG dise\u00f1o ergon\u00f3mico de \u00e9lite y alta precisi\u00f3n, peso liviano de 80g. Ideal para los exigentes.<\/div>\n<div class=\"sc-oUbqx bgMQOP pf-73bc3475\" style=\"text-align: justify;\" data-pf-type=\"Block\">\n<div data-product-id=\"4674221703300\" data-pf-type=\"ProductQuantity\"><\/div>\n<div class=\"sc-pQQAz daLzjN pf-72723af8\" data-product-id=\"4674221703300\" data-pf-type=\"ProductQuantity\">Acaba a tus enemigos sin importar la distancia con AQUILA. \u00a1Obs\u00e9rvalos desde el cielo!<\/div>\n<\/div>\n<p class=\"sc-pkvvt cbrLgP pf-920147c8\" style=\"text-align: justify;\" data-pf-type=\"Paragraph2\"><strong><span class=\"sc-ptSuy fnmilh pf-fc4f2573\" data-pf-type=\"Text\">ESTILO Y PERSONALIDAD<\/span><\/strong><\/p>\n<p class=\"sc-pkvvt cbrLgP pf-164120b0\" style=\"text-align: justify;\" data-pf-type=\"Paragraph2\"><span class=\"sc-ptSuy fnmilh pf-25738708\" data-pf-type=\"Text\">Cuenta con luces RGB para adaptarse a tu entorno y gusto, as\u00ed como tambi\u00e9n macros programables para siempre llevarle la delantera a tus rivales.<\/span><\/p>\n<p style=\"text-align: justify;\" data-pf-type=\"Paragraph2\">Gracias a su sensor PMW3360, AQUILA se convierte en el mouse m\u00e1s preciso a la hora de leer cada movimiento realizado sobre \u00e9l para la mejor reacci\u00f3n en combate.<\/p>\n<h2 class=\"sc-oTLFK lcHmGL pf-4521eab4\" style=\"text-align: justify;\" data-pf-type=\"Heading\"><span class=\"sc-ptSuy fnmilh pf-99854521\" data-pf-type=\"Text\">\u00d3PTIMO Y PRECISO<\/span><\/h2>\n<p class=\"sc-pkvvt cbrLgP pf-9dc742f3\" style=\"text-align: justify;\" data-pf-type=\"Paragraph2\"><span class=\"sc-ptSuy fnmilh pf-32119dc7\" data-pf-type=\"Text\">AQUILA tiene un dise\u00f1o ultra ligero, est\u00e1 equipado con 6 niveles de DPI y 6 botones programables a trav\u00e9s de software para ser tu compa\u00f1ero durante las partidas<\/span><\/p>\n\n\t\t<\/div>\n\t<\/div>\n<\/div><\/div><div class=\"vc_column_container col-md-6\"><div class=\"wpb_wrapper vc_column-inner\">\n\t<div class=\"wpb_text_column wpb_content_element\" >\n\t\t<div class=\"wpb_wrapper\">\n\t\t\t<h4>Caracter\u00edsticas<\/h4>\n<ul>\n<li>Tipo de sensor: \u00d3ptico<\/li>\n<li>IPS: 250<\/li>\n<li>Peso (Sin Cable): 80g<\/li>\n<li>DPI m\u00e1ximo_ 12,000<\/li>\n<li>Conectividad: Al\u00e1mbrico USB 2.0<\/li>\n<li>Tasa de Sondeo: 125\/250\/500\/1000 Hz<\/li>\n<li>Iluminaci\u00f3n: RGB 16.8 Millones de colores (5 Efectos)<\/li>\n<li>Sensor: PMW3360<\/li>\n<li>Interruptor + durabilidad: Omron \u2013 20 millones de clics<\/li>\n<li>Dimensi\u00f3n: 66x120x42 mil\u00edmetros<\/li>\n<li>Niveles de DPI predeterminados: 400\/800\/1200\/2400\/3200\/6400\/12000<\/li>\n<li>Cable: Cable paracord \u2013 1.8 metros<\/li>\n<li>Aceleraci\u00f3n: 50G<\/li>\n<li>Sistemas operativos compatibles: Win 7\/8\/10 | Linux | Mac<\/li>\n<li>Botones: 6<\/li>\n<li>Driver: Si (Compatible con Windows)<\/li>\n<li>Sensor: PMW3360<\/li>\n<li>Interruptor + durabilidad: Omron \u2013 20 millones de clicks<\/li>\n<li>Garant\u00eda: 1 a\u00f1o<\/li>\n<\/ul>\n\n\t\t<\/div>\n\t<\/div>\n<\/div><\/div><\/div>\n<\/div>","protected":false},"excerpt":{"rendered":"<p style=\"text-align: justify;\">Dise\u00f1o ergon\u00f3mico y de alta precisi\u00f3n, peso liviano de 80g. Ideal para los exigentes. AQUILA tiene un dise\u00f1o ultra ligero, est\u00e1 equipado con 6 niveles de DPI y 6 botones programables a trav\u00e9s de software para ser tu compa\u00f1ero durante las partidas<\/p>","protected":false},"featured_media":2912,"comment_status":"open","ping_status":"closed","template":"","meta":{"_acf_changed":false,"content-type":"","_mo_disable_npp":""},"product_cat":[124,65],"product_tag":[167,168],"class_list":{"0":"post-2911","1":"product","2":"type-product","3":"status-publish","4":"has-post-thumbnail","6":"product_cat-accesorios-y-partes","7":"product_cat-teclado-y-mouse","8":"product_tag-mouse-gamer","9":"product_tag-rgb-aquila-12000dpi","11":"first","12":"instock","13":"shipping-taxable","14":"purchasable","15":"product-type-simple"},"acf":[],"yoast_head":"<!-- This site is optimized with the Yoast SEO plugin v23.2 - https:\/\/yoast.com\/wordpress\/plugins\/seo\/ -->\n<title>Mouse Vsg Aquila 6 Botones Luz Rgb 12000 Dpi - 7ecnosoluciones<\/title>\n<meta name=\"description\" content=\"Dise\u00f1o ergon\u00f3mico y alta precisi\u00f3n, peso liviano de 80g. AQUILA tiene un dise\u00f1o ultra ligero, est\u00e1 equipado con 6 niveles de DPI y 6 botones programables\" \/>\n<meta name=\"robots\" content=\"index, follow, max-snippet:-1, max-image-preview:large, max-video-preview:-1\" \/>\n<link rel=\"canonical\" href=\"https:\/\/www.7ecnosoluciones.com\/en\/product\/mouse-vsg-aquila-6-botones-luz-rgb-12000-dpi\/\" \/>\n<meta property=\"og:locale\" content=\"en_US\" \/>\n<meta property=\"og:type\" content=\"article\" \/>\n<meta property=\"og:title\" content=\"Mouse Vsg Aquila 6 Botones Luz Rgb 12000 Dpi - 7ecnosoluciones\" \/>\n<meta property=\"og:description\" content=\"Dise\u00f1o ergon\u00f3mico y alta precisi\u00f3n, peso liviano de 80g. AQUILA tiene un dise\u00f1o ultra ligero, est\u00e1 equipado con 6 niveles de DPI y 6 botones programables\" \/>\n<meta property=\"og:url\" content=\"https:\/\/www.7ecnosoluciones.com\/en\/product\/mouse-vsg-aquila-6-botones-luz-rgb-12000-dpi\/\" \/>\n<meta property=\"og:site_name\" content=\"7ecnosoluciones\" \/>\n<meta property=\"article:publisher\" content=\"https:\/\/www.facebook.com\/7ecnosoluciones\" \/>\n<meta property=\"article:modified_time\" content=\"2021-09-07T18:59:06+00:00\" \/>\n<meta property=\"og:image\" content=\"https:\/\/www.7ecnosoluciones.com\/wp-content\/uploads\/2021\/09\/MOUSE-VSG-AQUILA-RGB-6-BOTONES-12000DPI-CABLE-TRENZADO.jpg\" \/>\n\t<meta property=\"og:image:width\" content=\"665\" \/>\n\t<meta property=\"og:image:height\" content=\"665\" \/>\n\t<meta property=\"og:image:type\" content=\"image\/jpeg\" \/>\n<meta name=\"twitter:card\" content=\"summary_large_image\" \/>\n<meta name=\"twitter:label1\" content=\"Est. reading time\" \/>\n\t<meta name=\"twitter:data1\" content=\"1 minute\" \/>\n<script type=\"application\/ld+json\" class=\"yoast-schema-graph\">{\"@context\":\"https:\/\/schema.org\",\"@graph\":[{\"@type\":\"WebPage\",\"@id\":\"https:\/\/www.7ecnosoluciones.com\/product\/mouse-vsg-aquila-6-botones-luz-rgb-12000-dpi\/\",\"url\":\"https:\/\/www.7ecnosoluciones.com\/product\/mouse-vsg-aquila-6-botones-luz-rgb-12000-dpi\/\",\"name\":\"Mouse Vsg Aquila 6 Botones Luz Rgb 12000 Dpi - 7ecnosoluciones\",\"isPartOf\":{\"@id\":\"https:\/\/www.7ecnosoluciones.com\/#website\"},\"primaryImageOfPage\":{\"@id\":\"https:\/\/www.7ecnosoluciones.com\/product\/mouse-vsg-aquila-6-botones-luz-rgb-12000-dpi\/#primaryimage\"},\"image\":{\"@id\":\"https:\/\/www.7ecnosoluciones.com\/product\/mouse-vsg-aquila-6-botones-luz-rgb-12000-dpi\/#primaryimage\"},\"thumbnailUrl\":\"https:\/\/www.7ecnosoluciones.com\/wp-content\/uploads\/2021\/09\/MOUSE-VSG-AQUILA-RGB-6-BOTONES-12000DPI-CABLE-TRENZADO.jpg\",\"datePublished\":\"2021-09-07T17:54:02+00:00\",\"dateModified\":\"2021-09-07T18:59:06+00:00\",\"description\":\"Dise\u00f1o ergon\u00f3mico y alta precisi\u00f3n, peso liviano de 80g. AQUILA tiene un dise\u00f1o ultra ligero, est\u00e1 equipado con 6 niveles de DPI y 6 botones programables\",\"breadcrumb\":{\"@id\":\"https:\/\/www.7ecnosoluciones.com\/product\/mouse-vsg-aquila-6-botones-luz-rgb-12000-dpi\/#breadcrumb\"},\"inLanguage\":\"en-US\",\"potentialAction\":[{\"@type\":\"ReadAction\",\"target\":[\"https:\/\/www.7ecnosoluciones.com\/product\/mouse-vsg-aquila-6-botones-luz-rgb-12000-dpi\/\"]}]},{\"@type\":\"ImageObject\",\"inLanguage\":\"en-US\",\"@id\":\"https:\/\/www.7ecnosoluciones.com\/product\/mouse-vsg-aquila-6-botones-luz-rgb-12000-dpi\/#primaryimage\",\"url\":\"https:\/\/www.7ecnosoluciones.com\/wp-content\/uploads\/2021\/09\/MOUSE-VSG-AQUILA-RGB-6-BOTONES-12000DPI-CABLE-TRENZADO.jpg\",\"contentUrl\":\"https:\/\/www.7ecnosoluciones.com\/wp-content\/uploads\/2021\/09\/MOUSE-VSG-AQUILA-RGB-6-BOTONES-12000DPI-CABLE-TRENZADO.jpg\",\"width\":665,\"height\":665},{\"@type\":\"BreadcrumbList\",\"@id\":\"https:\/\/www.7ecnosoluciones.com\/product\/mouse-vsg-aquila-6-botones-luz-rgb-12000-dpi\/#breadcrumb\",\"itemListElement\":[{\"@type\":\"ListItem\",\"position\":1,\"name\":\"Portada\",\"item\":\"https:\/\/www.7ecnosoluciones.com\/\"},{\"@type\":\"ListItem\",\"position\":2,\"name\":\"Tienda\",\"item\":\"https:\/\/www.7ecnosoluciones.com\/tienda\/\"},{\"@type\":\"ListItem\",\"position\":3,\"name\":\"Mouse Vsg Aquila 6 Botones Luz Rgb 12000 Dpi\"}]},{\"@type\":\"WebSite\",\"@id\":\"https:\/\/www.7ecnosoluciones.com\/#website\",\"url\":\"https:\/\/www.7ecnosoluciones.com\/\",\"name\":\"7ecnosoluciones\",\"description\":\"Vive la confianza y experiencia\",\"publisher\":{\"@id\":\"https:\/\/www.7ecnosoluciones.com\/#organization\"},\"potentialAction\":[{\"@type\":\"SearchAction\",\"target\":{\"@type\":\"EntryPoint\",\"urlTemplate\":\"https:\/\/www.7ecnosoluciones.com\/?s={search_term_string}\"},\"query-input\":\"required name=search_term_string\"}],\"inLanguage\":\"en-US\"},{\"@type\":\"Organization\",\"@id\":\"https:\/\/www.7ecnosoluciones.com\/#organization\",\"name\":\"7ecnosoluciones\",\"url\":\"https:\/\/www.7ecnosoluciones.com\/\",\"logo\":{\"@type\":\"ImageObject\",\"inLanguage\":\"en-US\",\"@id\":\"https:\/\/www.7ecnosoluciones.com\/#\/schema\/logo\/image\/\",\"url\":\"https:\/\/www.7ecnosoluciones.com\/wp-content\/uploads\/2020\/07\/logo-1.png\",\"contentUrl\":\"https:\/\/www.7ecnosoluciones.com\/wp-content\/uploads\/2020\/07\/logo-1.png\",\"width\":836,\"height\":227,\"caption\":\"7ecnosoluciones\"},\"image\":{\"@id\":\"https:\/\/www.7ecnosoluciones.com\/#\/schema\/logo\/image\/\"},\"sameAs\":[\"https:\/\/www.facebook.com\/7ecnosoluciones\",\"https:\/\/www.instagram.com\/7ecnosoluciones\/\"]}]}<\/script>\n<!-- \/ Yoast SEO plugin. -->","yoast_head_json":{"title":"Mouse Vsg Aquila 6 Botones Luz Rgb 12000 Dpi - 7ecnosoluciones","description":"Dise\u00f1o ergon\u00f3mico y alta precisi\u00f3n, peso liviano de 80g. AQUILA tiene un dise\u00f1o ultra ligero, est\u00e1 equipado con 6 niveles de DPI y 6 botones programables","robots":{"index":"index","follow":"follow","max-snippet":"max-snippet:-1","max-image-preview":"max-image-preview:large","max-video-preview":"max-video-preview:-1"},"canonical":"https:\/\/www.7ecnosoluciones.com\/en\/product\/mouse-vsg-aquila-6-botones-luz-rgb-12000-dpi\/","og_locale":"en_US","og_type":"article","og_title":"Mouse Vsg Aquila 6 Botones Luz Rgb 12000 Dpi - 7ecnosoluciones","og_description":"Dise\u00f1o ergon\u00f3mico y alta precisi\u00f3n, peso liviano de 80g. AQUILA tiene un dise\u00f1o ultra ligero, est\u00e1 equipado con 6 niveles de DPI y 6 botones programables","og_url":"https:\/\/www.7ecnosoluciones.com\/en\/product\/mouse-vsg-aquila-6-botones-luz-rgb-12000-dpi\/","og_site_name":"7ecnosoluciones","article_publisher":"https:\/\/www.facebook.com\/7ecnosoluciones","article_modified_time":"2021-09-07T18:59:06+00:00","og_image":[{"width":665,"height":665,"url":"https:\/\/www.7ecnosoluciones.com\/wp-content\/uploads\/2021\/09\/MOUSE-VSG-AQUILA-RGB-6-BOTONES-12000DPI-CABLE-TRENZADO.jpg","type":"image\/jpeg"}],"twitter_card":"summary_large_image","twitter_misc":{"Est. reading time":"1 minute"},"schema":{"@context":"https:\/\/schema.org","@graph":[{"@type":"WebPage","@id":"https:\/\/www.7ecnosoluciones.com\/product\/mouse-vsg-aquila-6-botones-luz-rgb-12000-dpi\/","url":"https:\/\/www.7ecnosoluciones.com\/product\/mouse-vsg-aquila-6-botones-luz-rgb-12000-dpi\/","name":"Mouse Vsg Aquila 6 Botones Luz Rgb 12000 Dpi - 7ecnosoluciones","isPartOf":{"@id":"https:\/\/www.7ecnosoluciones.com\/#website"},"primaryImageOfPage":{"@id":"https:\/\/www.7ecnosoluciones.com\/product\/mouse-vsg-aquila-6-botones-luz-rgb-12000-dpi\/#primaryimage"},"image":{"@id":"https:\/\/www.7ecnosoluciones.com\/product\/mouse-vsg-aquila-6-botones-luz-rgb-12000-dpi\/#primaryimage"},"thumbnailUrl":"https:\/\/www.7ecnosoluciones.com\/wp-content\/uploads\/2021\/09\/MOUSE-VSG-AQUILA-RGB-6-BOTONES-12000DPI-CABLE-TRENZADO.jpg","datePublished":"2021-09-07T17:54:02+00:00","dateModified":"2021-09-07T18:59:06+00:00","description":"Dise\u00f1o ergon\u00f3mico y alta precisi\u00f3n, peso liviano de 80g. AQUILA tiene un dise\u00f1o ultra ligero, est\u00e1 equipado con 6 niveles de DPI y 6 botones programables","breadcrumb":{"@id":"https:\/\/www.7ecnosoluciones.com\/product\/mouse-vsg-aquila-6-botones-luz-rgb-12000-dpi\/#breadcrumb"},"inLanguage":"en-US","potentialAction":[{"@type":"ReadAction","target":["https:\/\/www.7ecnosoluciones.com\/product\/mouse-vsg-aquila-6-botones-luz-rgb-12000-dpi\/"]}]},{"@type":"ImageObject","inLanguage":"en-US","@id":"https:\/\/www.7ecnosoluciones.com\/product\/mouse-vsg-aquila-6-botones-luz-rgb-12000-dpi\/#primaryimage","url":"https:\/\/www.7ecnosoluciones.com\/wp-content\/uploads\/2021\/09\/MOUSE-VSG-AQUILA-RGB-6-BOTONES-12000DPI-CABLE-TRENZADO.jpg","contentUrl":"https:\/\/www.7ecnosoluciones.com\/wp-content\/uploads\/2021\/09\/MOUSE-VSG-AQUILA-RGB-6-BOTONES-12000DPI-CABLE-TRENZADO.jpg","width":665,"height":665},{"@type":"BreadcrumbList","@id":"https:\/\/www.7ecnosoluciones.com\/product\/mouse-vsg-aquila-6-botones-luz-rgb-12000-dpi\/#breadcrumb","itemListElement":[{"@type":"ListItem","position":1,"name":"Portada","item":"https:\/\/www.7ecnosoluciones.com\/"},{"@type":"ListItem","position":2,"name":"Tienda","item":"https:\/\/www.7ecnosoluciones.com\/tienda\/"},{"@type":"ListItem","position":3,"name":"Mouse Vsg Aquila 6 Botones Luz Rgb 12000 Dpi"}]},{"@type":"WebSite","@id":"https:\/\/www.7ecnosoluciones.com\/#website","url":"https:\/\/www.7ecnosoluciones.com\/","name":"7ecnosoluciones","description":"Vive la confianza y experiencia","publisher":{"@id":"https:\/\/www.7ecnosoluciones.com\/#organization"},"potentialAction":[{"@type":"SearchAction","target":{"@type":"EntryPoint","urlTemplate":"https:\/\/www.7ecnosoluciones.com\/?s={search_term_string}"},"query-input":"required name=search_term_string"}],"inLanguage":"en-US"},{"@type":"Organization","@id":"https:\/\/www.7ecnosoluciones.com\/#organization","name":"7ecnosoluciones","url":"https:\/\/www.7ecnosoluciones.com\/","logo":{"@type":"ImageObject","inLanguage":"en-US","@id":"https:\/\/www.7ecnosoluciones.com\/#\/schema\/logo\/image\/","url":"https:\/\/www.7ecnosoluciones.com\/wp-content\/uploads\/2020\/07\/logo-1.png","contentUrl":"https:\/\/www.7ecnosoluciones.com\/wp-content\/uploads\/2020\/07\/logo-1.png","width":836,"height":227,"caption":"7ecnosoluciones"},"image":{"@id":"https:\/\/www.7ecnosoluciones.com\/#\/schema\/logo\/image\/"},"sameAs":["https:\/\/www.facebook.com\/7ecnosoluciones","https:\/\/www.instagram.com\/7ecnosoluciones\/"]}]}},"_links":{"self":[{"href":"https:\/\/www.7ecnosoluciones.com\/en\/wp-json\/wp\/v2\/product\/2911","targetHints":{"allow":["GET"]}}],"collection":[{"href":"https:\/\/www.7ecnosoluciones.com\/en\/wp-json\/wp\/v2\/product"}],"about":[{"href":"https:\/\/www.7ecnosoluciones.com\/en\/wp-json\/wp\/v2\/types\/product"}],"replies":[{"embeddable":true,"href":"https:\/\/www.7ecnosoluciones.com\/en\/wp-json\/wp\/v2\/comments?post=2911"}],"wp:featuredmedia":[{"embeddable":true,"href":"https:\/\/www.7ecnosoluciones.com\/en\/wp-json\/wp\/v2\/media\/2912"}],"wp:attachment":[{"href":"https:\/\/www.7ecnosoluciones.com\/en\/wp-json\/wp\/v2\/media?parent=2911"}],"wp:term":[{"taxonomy":"product_cat","embeddable":true,"href":"https:\/\/www.7ecnosoluciones.com\/en\/wp-json\/wp\/v2\/product_cat?post=2911"},{"taxonomy":"product_tag","embeddable":true,"href":"https:\/\/www.7ecnosoluciones.com\/en\/wp-json\/wp\/v2\/product_tag?post=2911"}],"curies":[{"name":"wp","href":"https:\/\/api.w.org\/{rel}","templated":true}]}}