{"id":2879,"date":"2021-07-22T19:11:50","date_gmt":"2021-07-23T00:11:50","guid":{"rendered":"https:\/\/www.7ecnosoluciones.com\/?post_type=product&#038;p=2879"},"modified":"2021-09-28T16:35:09","modified_gmt":"2021-09-28T21:35:09","slug":"core-i5-10400f-2-9-cache-12-mb-lga-1200-10ma-gen","status":"publish","type":"product","link":"https:\/\/www.7ecnosoluciones.com\/en\/product\/core-i5-10400f-2-9-cache-12-mb-lga-1200-10ma-gen\/","title":{"rendered":"Core I5 10400F 2.9 Cache 12 MB LGA 1200 10MA GEN"},"content":{"rendered":"<div class=\"wpb-content-wrapper\"><div class=\"vc_row wpb_row row top-row\"><div class=\"vc_column_container col-md-6\"><div class=\"wpb_wrapper vc_column-inner\">\n\t<div class=\"wpb_text_column wpb_content_element\" >\n\t\t<div class=\"wpb_wrapper\">\n\t\t\t<h4>Especificaciones<\/h4>\n<p>Procesador de escritorio Intel Core i5-10400 de d\u00e9cima generaci\u00f3n optimizado para juegos, creaci\u00f3n y productividad. Refrigerador incluido en la caja. SOLO compatible con la placa base basada en chipset de la serie 400. 65W.<\/p>\n<ul>\n<li>Segmento vertical: Escritorio<\/li>\n<li>N\u00famero de procesador: i5-10400<\/li>\n<li>Cantidad de n\u00facleos: 6<\/li>\n<li>Cantidad de subprocesos: 12<\/li>\n<li>Frecuencia b\u00e1sica del procesador: 2,90 GHz<\/li>\n<li>Frecuencia turbo m\u00e1xima: 4,30 GHz<\/li>\n<li>Cach\u00e9: 12 MB Intel\u00ae Smart Cache<\/li>\n<li>Velocidad del bus: 8 GT\/s<\/li>\n<li>Frecuencia de la Tecnolog\u00eda Intel\u00ae Turbo Boost 2.0: 4.30 GHz<\/li>\n<li>Tipos de memoria: DDR4-2666<\/li>\n<li>Cantidad m\u00e1xima de canales de memoria: 2<\/li>\n<li>Gr\u00e1ficos del procesador: Gr\u00e1ficos UHD Intel\u00ae 630<\/li>\n<li>Frecuencia de base de gr\u00e1ficos: 350 MHz<\/li>\n<li>Frecuencia din\u00e1mica m\u00e1xima de gr\u00e1ficos: 1.10 GHz<\/li>\n<li>Memoria m\u00e1xima de video de gr\u00e1ficos: 64 GB<\/li>\n<\/ul>\n<h4>Rendimiento<\/h4>\n<ul>\n<li>N\u00famero de n\u00facleos: 6<\/li>\n<li>N\u00famero\u00a0de hilos: 12<\/li>\n<li>Frecuencia base del procesador: 2,90 GHz<\/li>\n<li>Frecuencia turbo m\u00e1xima: 4,30 GHz<\/li>\n<li>Cache: 12 MB de cach\u00e9 inteligente Intel\u00ae<\/li>\n<li>Velocidad del autob\u00fas: 8 GT \/ s<\/li>\n<li>TDP: 65 W<\/li>\n<\/ul>\n<h4>Especificaciones de memoria<\/h4>\n<ul>\n<li>Tama\u00f1o m\u00e1ximo de memoria (depende del tipo de memoria): 128 GB<\/li>\n<li>Tipos de memoria: DDR4-2666<\/li>\n<li>N\u00famero m\u00e1ximo de canales de memoria: 2<\/li>\n<li>Ancho de banda de memoria m\u00e1xima: 41,6 GB \/ s<\/li>\n<li>Memoria ECC compatible:\u00a0No<\/li>\n<\/ul>\n<h4>Gr\u00e1ficos del procesador<\/h4>\n<ul>\n<li>Gr\u00e1ficos del procesador:\u00a0NO<\/li>\n<\/ul>\n\n\t\t<\/div>\n\t<\/div>\n<\/div><\/div><div class=\"vc_column_container col-md-6\"><div class=\"wpb_wrapper vc_column-inner\">\n\t<div class=\"wpb_text_column wpb_content_element\" >\n\t\t<div class=\"wpb_wrapper\">\n\t\t\t<h4>Opciones de expansi\u00f3n<\/h4>\n<ul>\n<li>Escalabilidad: 1 S solamente<\/li>\n<li>Revisi\u00f3n PCI Express: 3.0<\/li>\n<li>Configuraciones PCI Express\u00a0\u2021Hasta 1\u00d716, 2\u00d78, 1\u00d78 + 2\u00d74<\/li>\n<li>N\u00famero m\u00e1ximo de carriles PCI Express: diecis\u00e9is<\/li>\n<\/ul>\n<h4>Especificaciones del paquete<\/h4>\n<ul>\n<li>Z\u00f3calos compatibles: FCLGA1200<\/li>\n<li>Configuraci\u00f3n m\u00e1xima de CPU: 1<\/li>\n<li>Especificaci\u00f3n de soluci\u00f3n t\u00e9rmica: PCG 2015C<\/li>\n<li>JUNTA\u00a0T\u00a0100 \u00b0 C<\/li>\n<li>Tama\u00f1o del paquete37.5mm x 37.5mm<\/li>\n<\/ul>\n<h4>Tecnolog\u00edas avanzadas<\/h4>\n<ul>\n<li>Memoria Intel\u00ae Optane \u2122 compatible\u00a0\u2021si<\/li>\n<li>Intel\u00ae Thermal Velocity Boost: No<\/li>\n<li>Tecnolog\u00eda Intel\u00ae Turbo Boost Max 3.0\u00a0\u2021No<\/li>\n<li>Tecnolog\u00eda Intel\u00ae Turbo Boost\u00a0\u20212,0<\/li>\n<li>Elegibilidad de la plataforma Intel\u00ae vPro \u2122\u00a0\u2021No<\/li>\n<li>Tecnolog\u00eda Intel\u00ae Hyper-Threading\u00a0\u2021si<\/li>\n<li>Tecnolog\u00eda de virtualizaci\u00f3n Intel\u00ae (VT-x)\u00a0\u2021si<\/li>\n<li>Tecnolog\u00eda de virtualizaci\u00f3n Intel\u00ae para E \/ S dirigida (VT-d)\u00a0\u2021si<\/li>\n<li>Intel\u00ae VT-x con tablas de p\u00e1ginas extendidas (EPT)\u00a0\u2021si<\/li>\n<li>Extensiones de sincronizaci\u00f3n transaccional Intel\u00ae: No<\/li>\n<li>Intel\u00ae 64\u00a0\u2021si<\/li>\n<li>Conjunto de instrucciones: 64 bits<\/li>\n<li>Extensiones de conjunto de instrucciones: Intel\u00ae SSE4.1, Intel\u00ae SSE4.2, Intel\u00ae AVX2<\/li>\n<li>Estados inactivos: si<\/li>\n<li>Tecnolog\u00eda Intel SpeedStep\u00ae mejorada: si<\/li>\n<li>Tecnolog\u00edas de monitoreo t\u00e9rmico: si<\/li>\n<li>Tecnolog\u00eda de protecci\u00f3n de identidad Intel\u00ae\u00a0\u2021si<\/li>\n<li>Programa de plataforma de imagen estable Intel\u00ae (SIPP): No<\/li>\n<\/ul>\n<h4>Seguridad y confiabilidad<\/h4>\n<ul>\n<li>Nuevas instrucciones Intel\u00ae AES: si<\/li>\n<li>Clave segura: si<\/li>\n<li>Extensiones de protecci\u00f3n de software Intel\u00ae (Intel\u00ae SGX): S\u00ed con Intel\u00ae ME<\/li>\n<li>Intel\u00ae OS Guardsi<\/li>\n<li>Tecnolog\u00eda Intel\u00ae Trusted Execution\u00a0\u2021No<\/li>\n<li>Ejecutar deshabilitar bit\u00a0\u2021si<\/li>\n<li>Intel\u00ae Boot Guard: si<\/li>\n<\/ul>\n\n\t\t<\/div>\n\t<\/div>\n<\/div><\/div><\/div>\n<\/div>","protected":false},"excerpt":{"rendered":"<h4>Especificaciones<\/h4>\n<p>Procesador de escritorio Intel Core i5-10400 de d\u00e9cima generaci\u00f3n optimizado para juegos, creaci\u00f3n y productividad. Refrigerador incluido en la caja. SOLO compatible con la placa base basada en chipset de la serie 400. 65W.<\/p>\n<ul>\n<li>Segmento vertical: Escritorio<\/li>\n<li>N\u00famero de procesador: i5-10400<\/li>\n<li>Cantidad de n\u00facleos: 6<\/li>\n<li>Cantidad de subprocesos: 12<\/li>\n<li>Frecuencia b\u00e1sica del procesador: 2,90 GHz<\/li>\n<li>Frecuencia turbo m\u00e1xima: 4,30 GHz<\/li>\n<li>Cach\u00e9: 12 MB Intel\u00ae Smart Cache<\/li>\n<li>Velocidad del bus: 8 GT\/s<\/li>\n<li>Frecuencia de la Tecnolog\u00eda Intel\u00ae Turbo Boost 2.0: 4.30 GHz<\/li>\n<li>Tipos de memoria: DDR4-2666<\/li>\n<li>Cantidad m\u00e1xima de canales de memoria: 2<\/li>\n<li>Gr\u00e1ficos del procesador: Gr\u00e1ficos UHD Intel\u00ae 630<\/li>\n<li>Frecuencia de base de gr\u00e1ficos: 350 MHz<\/li>\n<li>Frecuencia din\u00e1mica m\u00e1xima de gr\u00e1ficos: 1.10 GHz<\/li>\n<li>Memoria m\u00e1xima de video de gr\u00e1ficos: 64 GB<\/li>\n<\/ul>","protected":false},"featured_media":2881,"comment_status":"open","ping_status":"closed","template":"","meta":{"_acf_changed":false,"content-type":"","_mo_disable_npp":""},"product_cat":[181,98],"product_tag":[155,154,153,152],"class_list":{"0":"post-2879","1":"product","2":"type-product","3":"status-publish","4":"has-post-thumbnail","6":"product_cat-intel-procesador","7":"product_cat-procesador","8":"product_tag-10-generacion","9":"product_tag-10400f","10":"product_tag-core-i5","11":"product_tag-procesador-intel","13":"first","14":"instock","15":"shipping-taxable","16":"purchasable","17":"product-type-simple"},"acf":[],"yoast_head":"<!-- This site is optimized with the Yoast SEO plugin v23.2 - https:\/\/yoast.com\/wordpress\/plugins\/seo\/ -->\n<title>Core I5 10400F 2.9 Cache | 7ecnosoluciones Vive la confianza<\/title>\n<meta name=\"description\" content=\"Procesador de escritorio Intel Core i5-10400 de d\u00e9cima generaci\u00f3n optimizado para juegos, creaci\u00f3n y productividad. Refrigerador incluido en la caja. SOLO compatible con la placa base basada en chipset de la serie 400. 65W.\" \/>\n<meta name=\"robots\" content=\"index, follow, max-snippet:-1, max-image-preview:large, max-video-preview:-1\" \/>\n<link rel=\"canonical\" href=\"https:\/\/www.7ecnosoluciones.com\/en\/product\/core-i5-10400f-2-9-cache-12-mb-lga-1200-10ma-gen\/\" \/>\n<meta property=\"og:locale\" content=\"en_US\" \/>\n<meta property=\"og:type\" content=\"article\" \/>\n<meta property=\"og:title\" content=\"Core I5 10400F 2.9 Cache | 7ecnosoluciones Vive la confianza\" \/>\n<meta property=\"og:description\" content=\"Procesador de escritorio Intel Core i5-10400 de d\u00e9cima generaci\u00f3n optimizado para juegos, creaci\u00f3n y productividad. Refrigerador incluido en la caja. SOLO compatible con la placa base basada en chipset de la serie 400. 65W.\" \/>\n<meta property=\"og:url\" content=\"https:\/\/www.7ecnosoluciones.com\/en\/product\/core-i5-10400f-2-9-cache-12-mb-lga-1200-10ma-gen\/\" \/>\n<meta property=\"og:site_name\" content=\"7ecnosoluciones\" \/>\n<meta property=\"article:publisher\" content=\"https:\/\/www.facebook.com\/7ecnosoluciones\" \/>\n<meta property=\"article:modified_time\" content=\"2021-09-28T21:35:09+00:00\" \/>\n<meta property=\"og:image\" content=\"https:\/\/www.7ecnosoluciones.com\/wp-content\/uploads\/2021\/07\/Core-I5-10400F-2.9-Cache-12-MB-LGA-1200-10MA-GEN.jpg\" \/>\n\t<meta property=\"og:image:width\" content=\"752\" \/>\n\t<meta property=\"og:image:height\" content=\"643\" \/>\n\t<meta property=\"og:image:type\" content=\"image\/jpeg\" \/>\n<meta name=\"twitter:card\" content=\"summary_large_image\" \/>\n<meta name=\"twitter:label1\" content=\"Est. reading time\" \/>\n\t<meta name=\"twitter:data1\" content=\"2 minutes\" \/>\n<script type=\"application\/ld+json\" class=\"yoast-schema-graph\">{\"@context\":\"https:\/\/schema.org\",\"@graph\":[{\"@type\":\"WebPage\",\"@id\":\"https:\/\/www.7ecnosoluciones.com\/product\/core-i5-10400f-2-9-cache-12-mb-lga-1200-10ma-gen\/\",\"url\":\"https:\/\/www.7ecnosoluciones.com\/product\/core-i5-10400f-2-9-cache-12-mb-lga-1200-10ma-gen\/\",\"name\":\"Core I5 10400F 2.9 Cache | 7ecnosoluciones Vive la confianza\",\"isPartOf\":{\"@id\":\"https:\/\/www.7ecnosoluciones.com\/#website\"},\"primaryImageOfPage\":{\"@id\":\"https:\/\/www.7ecnosoluciones.com\/product\/core-i5-10400f-2-9-cache-12-mb-lga-1200-10ma-gen\/#primaryimage\"},\"image\":{\"@id\":\"https:\/\/www.7ecnosoluciones.com\/product\/core-i5-10400f-2-9-cache-12-mb-lga-1200-10ma-gen\/#primaryimage\"},\"thumbnailUrl\":\"https:\/\/www.7ecnosoluciones.com\/wp-content\/uploads\/2021\/07\/Core-I5-10400F-2.9-Cache-12-MB-LGA-1200-10MA-GEN.jpg\",\"datePublished\":\"2021-07-23T00:11:50+00:00\",\"dateModified\":\"2021-09-28T21:35:09+00:00\",\"description\":\"Procesador de escritorio Intel Core i5-10400 de d\u00e9cima generaci\u00f3n optimizado para juegos, creaci\u00f3n y productividad. Refrigerador incluido en la caja. SOLO compatible con la placa base basada en chipset de la serie 400. 65W.\",\"breadcrumb\":{\"@id\":\"https:\/\/www.7ecnosoluciones.com\/product\/core-i5-10400f-2-9-cache-12-mb-lga-1200-10ma-gen\/#breadcrumb\"},\"inLanguage\":\"en-US\",\"potentialAction\":[{\"@type\":\"ReadAction\",\"target\":[\"https:\/\/www.7ecnosoluciones.com\/product\/core-i5-10400f-2-9-cache-12-mb-lga-1200-10ma-gen\/\"]}]},{\"@type\":\"ImageObject\",\"inLanguage\":\"en-US\",\"@id\":\"https:\/\/www.7ecnosoluciones.com\/product\/core-i5-10400f-2-9-cache-12-mb-lga-1200-10ma-gen\/#primaryimage\",\"url\":\"https:\/\/www.7ecnosoluciones.com\/wp-content\/uploads\/2021\/07\/Core-I5-10400F-2.9-Cache-12-MB-LGA-1200-10MA-GEN.jpg\",\"contentUrl\":\"https:\/\/www.7ecnosoluciones.com\/wp-content\/uploads\/2021\/07\/Core-I5-10400F-2.9-Cache-12-MB-LGA-1200-10MA-GEN.jpg\",\"width\":752,\"height\":643},{\"@type\":\"BreadcrumbList\",\"@id\":\"https:\/\/www.7ecnosoluciones.com\/product\/core-i5-10400f-2-9-cache-12-mb-lga-1200-10ma-gen\/#breadcrumb\",\"itemListElement\":[{\"@type\":\"ListItem\",\"position\":1,\"name\":\"Portada\",\"item\":\"https:\/\/www.7ecnosoluciones.com\/\"},{\"@type\":\"ListItem\",\"position\":2,\"name\":\"Tienda\",\"item\":\"https:\/\/www.7ecnosoluciones.com\/tienda\/\"},{\"@type\":\"ListItem\",\"position\":3,\"name\":\"Core I5 10400F 2.9 Cache 12 MB LGA 1200 10MA GEN\"}]},{\"@type\":\"WebSite\",\"@id\":\"https:\/\/www.7ecnosoluciones.com\/#website\",\"url\":\"https:\/\/www.7ecnosoluciones.com\/\",\"name\":\"7ecnosoluciones\",\"description\":\"Vive la confianza y experiencia\",\"publisher\":{\"@id\":\"https:\/\/www.7ecnosoluciones.com\/#organization\"},\"potentialAction\":[{\"@type\":\"SearchAction\",\"target\":{\"@type\":\"EntryPoint\",\"urlTemplate\":\"https:\/\/www.7ecnosoluciones.com\/?s={search_term_string}\"},\"query-input\":\"required name=search_term_string\"}],\"inLanguage\":\"en-US\"},{\"@type\":\"Organization\",\"@id\":\"https:\/\/www.7ecnosoluciones.com\/#organization\",\"name\":\"7ecnosoluciones\",\"url\":\"https:\/\/www.7ecnosoluciones.com\/\",\"logo\":{\"@type\":\"ImageObject\",\"inLanguage\":\"en-US\",\"@id\":\"https:\/\/www.7ecnosoluciones.com\/#\/schema\/logo\/image\/\",\"url\":\"https:\/\/www.7ecnosoluciones.com\/wp-content\/uploads\/2020\/07\/logo-1.png\",\"contentUrl\":\"https:\/\/www.7ecnosoluciones.com\/wp-content\/uploads\/2020\/07\/logo-1.png\",\"width\":836,\"height\":227,\"caption\":\"7ecnosoluciones\"},\"image\":{\"@id\":\"https:\/\/www.7ecnosoluciones.com\/#\/schema\/logo\/image\/\"},\"sameAs\":[\"https:\/\/www.facebook.com\/7ecnosoluciones\",\"https:\/\/www.instagram.com\/7ecnosoluciones\/\"]}]}<\/script>\n<!-- \/ Yoast SEO plugin. -->","yoast_head_json":{"title":"Core I5 10400F 2.9 Cache | 7ecnosoluciones Vive la confianza","description":"Procesador de escritorio Intel Core i5-10400 de d\u00e9cima generaci\u00f3n optimizado para juegos, creaci\u00f3n y productividad. Refrigerador incluido en la caja. SOLO compatible con la placa base basada en chipset de la serie 400. 65W.","robots":{"index":"index","follow":"follow","max-snippet":"max-snippet:-1","max-image-preview":"max-image-preview:large","max-video-preview":"max-video-preview:-1"},"canonical":"https:\/\/www.7ecnosoluciones.com\/en\/product\/core-i5-10400f-2-9-cache-12-mb-lga-1200-10ma-gen\/","og_locale":"en_US","og_type":"article","og_title":"Core I5 10400F 2.9 Cache | 7ecnosoluciones Vive la confianza","og_description":"Procesador de escritorio Intel Core i5-10400 de d\u00e9cima generaci\u00f3n optimizado para juegos, creaci\u00f3n y productividad. Refrigerador incluido en la caja. SOLO compatible con la placa base basada en chipset de la serie 400. 65W.","og_url":"https:\/\/www.7ecnosoluciones.com\/en\/product\/core-i5-10400f-2-9-cache-12-mb-lga-1200-10ma-gen\/","og_site_name":"7ecnosoluciones","article_publisher":"https:\/\/www.facebook.com\/7ecnosoluciones","article_modified_time":"2021-09-28T21:35:09+00:00","og_image":[{"width":752,"height":643,"url":"https:\/\/www.7ecnosoluciones.com\/wp-content\/uploads\/2021\/07\/Core-I5-10400F-2.9-Cache-12-MB-LGA-1200-10MA-GEN.jpg","type":"image\/jpeg"}],"twitter_card":"summary_large_image","twitter_misc":{"Est. reading time":"2 minutes"},"schema":{"@context":"https:\/\/schema.org","@graph":[{"@type":"WebPage","@id":"https:\/\/www.7ecnosoluciones.com\/product\/core-i5-10400f-2-9-cache-12-mb-lga-1200-10ma-gen\/","url":"https:\/\/www.7ecnosoluciones.com\/product\/core-i5-10400f-2-9-cache-12-mb-lga-1200-10ma-gen\/","name":"Core I5 10400F 2.9 Cache | 7ecnosoluciones Vive la confianza","isPartOf":{"@id":"https:\/\/www.7ecnosoluciones.com\/#website"},"primaryImageOfPage":{"@id":"https:\/\/www.7ecnosoluciones.com\/product\/core-i5-10400f-2-9-cache-12-mb-lga-1200-10ma-gen\/#primaryimage"},"image":{"@id":"https:\/\/www.7ecnosoluciones.com\/product\/core-i5-10400f-2-9-cache-12-mb-lga-1200-10ma-gen\/#primaryimage"},"thumbnailUrl":"https:\/\/www.7ecnosoluciones.com\/wp-content\/uploads\/2021\/07\/Core-I5-10400F-2.9-Cache-12-MB-LGA-1200-10MA-GEN.jpg","datePublished":"2021-07-23T00:11:50+00:00","dateModified":"2021-09-28T21:35:09+00:00","description":"Procesador de escritorio Intel Core i5-10400 de d\u00e9cima generaci\u00f3n optimizado para juegos, creaci\u00f3n y productividad. Refrigerador incluido en la caja. SOLO compatible con la placa base basada en chipset de la serie 400. 65W.","breadcrumb":{"@id":"https:\/\/www.7ecnosoluciones.com\/product\/core-i5-10400f-2-9-cache-12-mb-lga-1200-10ma-gen\/#breadcrumb"},"inLanguage":"en-US","potentialAction":[{"@type":"ReadAction","target":["https:\/\/www.7ecnosoluciones.com\/product\/core-i5-10400f-2-9-cache-12-mb-lga-1200-10ma-gen\/"]}]},{"@type":"ImageObject","inLanguage":"en-US","@id":"https:\/\/www.7ecnosoluciones.com\/product\/core-i5-10400f-2-9-cache-12-mb-lga-1200-10ma-gen\/#primaryimage","url":"https:\/\/www.7ecnosoluciones.com\/wp-content\/uploads\/2021\/07\/Core-I5-10400F-2.9-Cache-12-MB-LGA-1200-10MA-GEN.jpg","contentUrl":"https:\/\/www.7ecnosoluciones.com\/wp-content\/uploads\/2021\/07\/Core-I5-10400F-2.9-Cache-12-MB-LGA-1200-10MA-GEN.jpg","width":752,"height":643},{"@type":"BreadcrumbList","@id":"https:\/\/www.7ecnosoluciones.com\/product\/core-i5-10400f-2-9-cache-12-mb-lga-1200-10ma-gen\/#breadcrumb","itemListElement":[{"@type":"ListItem","position":1,"name":"Portada","item":"https:\/\/www.7ecnosoluciones.com\/"},{"@type":"ListItem","position":2,"name":"Tienda","item":"https:\/\/www.7ecnosoluciones.com\/tienda\/"},{"@type":"ListItem","position":3,"name":"Core I5 10400F 2.9 Cache 12 MB LGA 1200 10MA GEN"}]},{"@type":"WebSite","@id":"https:\/\/www.7ecnosoluciones.com\/#website","url":"https:\/\/www.7ecnosoluciones.com\/","name":"7ecnosoluciones","description":"Vive la confianza y experiencia","publisher":{"@id":"https:\/\/www.7ecnosoluciones.com\/#organization"},"potentialAction":[{"@type":"SearchAction","target":{"@type":"EntryPoint","urlTemplate":"https:\/\/www.7ecnosoluciones.com\/?s={search_term_string}"},"query-input":"required name=search_term_string"}],"inLanguage":"en-US"},{"@type":"Organization","@id":"https:\/\/www.7ecnosoluciones.com\/#organization","name":"7ecnosoluciones","url":"https:\/\/www.7ecnosoluciones.com\/","logo":{"@type":"ImageObject","inLanguage":"en-US","@id":"https:\/\/www.7ecnosoluciones.com\/#\/schema\/logo\/image\/","url":"https:\/\/www.7ecnosoluciones.com\/wp-content\/uploads\/2020\/07\/logo-1.png","contentUrl":"https:\/\/www.7ecnosoluciones.com\/wp-content\/uploads\/2020\/07\/logo-1.png","width":836,"height":227,"caption":"7ecnosoluciones"},"image":{"@id":"https:\/\/www.7ecnosoluciones.com\/#\/schema\/logo\/image\/"},"sameAs":["https:\/\/www.facebook.com\/7ecnosoluciones","https:\/\/www.instagram.com\/7ecnosoluciones\/"]}]}},"_links":{"self":[{"href":"https:\/\/www.7ecnosoluciones.com\/en\/wp-json\/wp\/v2\/product\/2879","targetHints":{"allow":["GET"]}}],"collection":[{"href":"https:\/\/www.7ecnosoluciones.com\/en\/wp-json\/wp\/v2\/product"}],"about":[{"href":"https:\/\/www.7ecnosoluciones.com\/en\/wp-json\/wp\/v2\/types\/product"}],"replies":[{"embeddable":true,"href":"https:\/\/www.7ecnosoluciones.com\/en\/wp-json\/wp\/v2\/comments?post=2879"}],"wp:featuredmedia":[{"embeddable":true,"href":"https:\/\/www.7ecnosoluciones.com\/en\/wp-json\/wp\/v2\/media\/2881"}],"wp:attachment":[{"href":"https:\/\/www.7ecnosoluciones.com\/en\/wp-json\/wp\/v2\/media?parent=2879"}],"wp:term":[{"taxonomy":"product_cat","embeddable":true,"href":"https:\/\/www.7ecnosoluciones.com\/en\/wp-json\/wp\/v2\/product_cat?post=2879"},{"taxonomy":"product_tag","embeddable":true,"href":"https:\/\/www.7ecnosoluciones.com\/en\/wp-json\/wp\/v2\/product_tag?post=2879"}],"curies":[{"name":"wp","href":"https:\/\/api.w.org\/{rel}","templated":true}]}}