{"id":2873,"date":"2021-07-22T18:49:01","date_gmt":"2021-07-22T23:49:01","guid":{"rendered":"https:\/\/www.7ecnosoluciones.com\/?post_type=product&#038;p=2873"},"modified":"2021-09-28T16:41:53","modified_gmt":"2021-09-28T21:41:53","slug":"asus-prime-b460m-a-a-v-r-ddr4-1200-10a-gen","status":"publish","type":"product","link":"https:\/\/www.7ecnosoluciones.com\/en\/product\/asus-prime-b460m-a-a-v-r-ddr4-1200-10a-gen\/","title":{"rendered":"Asus Prime B460M &#8211; A (A V R) DDR4 1200 10a Gen"},"content":{"rendered":"<div class=\"wpb-content-wrapper\"><div class=\"vc_row wpb_row row top-row\"><div class=\"vc_column_container col-md-6\"><div class=\"wpb_wrapper vc_column-inner\">\n\t<div class=\"wpb_text_column wpb_content_element\" >\n\t\t<div class=\"wpb_wrapper\">\n\t\t\t<ul>\n<li><strong>Socket Intel\u00ae LGA 1200: Listo para procesadores Intel\u00ae Core\u2122 de 10a generaci\u00f3n<\/strong><\/li>\n<li><strong>ASUS OptiMem:\u00a0<\/strong>Cuidadoso de trazas y v\u00edas para preservar la integridad de la se\u00f1al y mejorar la estabilidad de la memoria.<\/li>\n<li><strong>Fan Xpert 2+:\u00a0<\/strong>Controles flexibles para el m\u00e1ximo enfriamiento con el menor ruido, adem\u00e1s de detecci\u00f3n de temperatura de GPU para juegos m\u00e1s frescos.<\/li>\n<li><strong>5X Protection III:\u00a0<\/strong>M\u00faltiples protecciones de hardware para una protecci\u00f3n completa.<\/li>\n<li><strong>Conectividad ultrarr\u00e1pida:<\/strong>\u00a0Flexibilidad suprema con soporte nativo M.2 para velocidades de almacenamiento ultrarr\u00e1pidas.<\/li>\n<li><strong>Aura Sync RGB:\u00a0<\/strong>Efectos LED sincronizables en una amplia variedad de equipos compatibles, incluidas tiras RGB direccionables.<\/li>\n<\/ul>\n<div class=\"ui-pdp-container__row ui-pdp-container__row--technical-specifications\">\n<div class=\"ui-pdp-specs\">\n<h3 class=\"ui-pdp-specs__title\" style=\"text-align: center;\">Caracter\u00edsticas principales<\/h3>\n<div class=\"ui-pdp-specs__table\">\n<table class=\"andes-table aligncenter\" style=\"width: 31.1167%; height: 95px;\">\n<tbody class=\"andes-table__body\">\n<tr class=\"andes-table__row\" style=\"height: 24px;\">\n<th class=\"andes-table__header andes-table__header--left ui-pdp-specs__table__column ui-pdp-specs__table__column-title\" style=\"width: 39.521%; height: 24px;\">Marca<\/th>\n<td class=\"andes-table__column andes-table__column--left ui-pdp-specs__table__column\" style=\"width: 173.213%; height: 24px;\"><span class=\"andes-table__column--value\">Asus<\/span><\/td>\n<\/tr>\n<tr class=\"andes-table__row\" style=\"height: 24px;\">\n<th class=\"andes-table__header andes-table__header--left ui-pdp-specs__table__column ui-pdp-specs__table__column-title\" style=\"width: 39.521%; height: 24px;\">L\u00ednea<\/th>\n<td class=\"andes-table__column andes-table__column--left ui-pdp-specs__table__column\" style=\"width: 173.213%; height: 24px;\"><span class=\"andes-table__column--value\">TUF<\/span><\/td>\n<\/tr>\n<tr class=\"andes-table__row\" style=\"height: 24px;\">\n<th class=\"andes-table__header andes-table__header--left ui-pdp-specs__table__column ui-pdp-specs__table__column-title\" style=\"width: 39.521%; height: 24px;\">Modelo<\/th>\n<td class=\"andes-table__column andes-table__column--left ui-pdp-specs__table__column\" style=\"width: 173.213%; height: 24px;\"><span class=\"andes-table__column--value\">B450M-Plus<\/span><\/td>\n<\/tr>\n<\/tbody>\n<\/table>\n<\/div>\n<div class=\"ui-pdp-list ui-pdp-specs__list\">\n<p class=\"ui-pdp-family--REGULAR ui-pdp-list__text\">\n<\/div>\n<\/div>\n<\/div>\n<div class=\"ui-pdp-container__row ui-pdp-container__row--description\">\n<div class=\"ui-pdp-description\">\n<p>&nbsp;<\/p>\n<\/div>\n<\/div>\n\n\t\t<\/div>\n\t<\/div>\n<\/div><\/div><div class=\"vc_column_container col-md-6\"><div class=\"wpb_wrapper vc_column-inner\">\n\t<div class=\"wpb_text_column wpb_content_element\" >\n\t\t<div class=\"wpb_wrapper\">\n\t\t\t<h3 class=\"ui-pdp-specs__subtitle\">Otras caracter\u00edsticas<\/h3>\n<div class=\"ui-pdp-list ui-pdp-specs__list\">\n<ul class=\"ui-pdp-list__wrapper\">\n<li class=\"ui-pdp-list__item\">\n<p class=\"ui-pdp-family--REGULAR ui-pdp-list__text\"><span class=\"ui-pdp-color--BLACK ui-pdp-size--XSMALL ui-pdp-family--BOLD\">Plataforma<\/span>: AMD<\/p>\n<\/li>\n<li class=\"ui-pdp-list__item\">\n<p class=\"ui-pdp-family--REGULAR ui-pdp-list__text\"><span class=\"ui-pdp-color--BLACK ui-pdp-size--XSMALL ui-pdp-family--BOLD\">Capacidad m\u00e1xima soportada de la memoria RAM<\/span>: 64 GB<\/p>\n<\/li>\n<\/ul>\n<ul class=\"ui-pdp-list__wrapper\">\n<li class=\"ui-pdp-list__item\">\n<p class=\"ui-pdp-family--REGULAR ui-pdp-list__text\"><span class=\"ui-pdp-color--BLACK ui-pdp-size--XSMALL ui-pdp-family--BOLD\">Chipset<\/span>: AMD B450<\/p>\n<\/li>\n<li class=\"ui-pdp-list__item\">\n<p class=\"ui-pdp-family--REGULAR ui-pdp-list__text\"><span class=\"ui-pdp-color--BLACK ui-pdp-size--XSMALL ui-pdp-family--BOLD\">Socket<\/span>: Socket AM4<\/p>\n<\/li>\n<\/ul>\n<ul class=\"ui-pdp-list__wrapper\">\n<li class=\"ui-pdp-list__item\">\n<p class=\"ui-pdp-family--REGULAR ui-pdp-list__text\"><span class=\"ui-pdp-color--BLACK ui-pdp-size--XSMALL ui-pdp-family--BOLD\">Ranuras de expansi\u00f3n<\/span>: 1 x PCI Express 3.0 x16 (x16 mode),1 x PCI Express 3.0 x16 (x8 mode),1 x PCIe 2.0 x16 (x4 mode),1 x PCI Express 2.0 x1<\/p>\n<\/li>\n<li class=\"ui-pdp-list__item\">\n<p class=\"ui-pdp-family--REGULAR ui-pdp-list__text\"><span class=\"ui-pdp-color--BLACK ui-pdp-size--XSMALL ui-pdp-family--BOLD\">Con procesador<\/span>: No<\/p>\n<\/li>\n<\/ul>\n<ul class=\"ui-pdp-list__wrapper\">\n<li class=\"ui-pdp-list__item\">\n<p class=\"ui-pdp-family--REGULAR ui-pdp-list__text\"><span class=\"ui-pdp-color--BLACK ui-pdp-size--XSMALL ui-pdp-family--BOLD\">CPU<\/span>: cpu<\/p>\n<\/li>\n<li class=\"ui-pdp-list__item\">\n<p class=\"ui-pdp-family--REGULAR ui-pdp-list__text\"><span class=\"ui-pdp-color--BLACK ui-pdp-size--XSMALL ui-pdp-family--BOLD\">Tipo de memoria RAM<\/span>: DDR4<\/p>\n<\/li>\n<\/ul>\n<\/div>\n\n\t\t<\/div>\n\t<\/div>\n<\/div><\/div><\/div>\n<\/div>","protected":false},"excerpt":{"rendered":"<h3><span style=\"font-family: 'book antiqua', palatino, serif;\">ESPECIFICACIONES<\/span><\/h3>\n<ul>\n<li><strong>Socket Intel\u00ae LGA 1200: Listo para procesadores Intel\u00ae Core\u2122 de 10a generaci\u00f3n<\/strong><\/li>\n<li><strong>ASUS OptiMem:\u00a0<\/strong>Cuidadoso de trazas y v\u00edas para preservar la integridad de la se\u00f1al y mejorar la estabilidad de la memoria.<\/li>\n<li><strong>Fan Xpert 2+:\u00a0<\/strong>Controles flexibles para el m\u00e1ximo enfriamiento con el menor ruido, adem\u00e1s de detecci\u00f3n de temperatura de GPU para juegos m\u00e1s frescos.<\/li>\n<li><strong>5X Protection III:\u00a0<\/strong>M\u00faltiples protecciones de hardware para una protecci\u00f3n completa.<\/li>\n<li><strong>Conectividad ultrarr\u00e1pida:<\/strong>\u00a0Flexibilidad suprema con soporte nativo M.2 para velocidades de almacenamiento ultrarr\u00e1pidas.<\/li>\n<li><strong>Aura Sync RGB:\u00a0<\/strong>Efectos LED sincronizables en una amplia variedad de equipos compatibles, incluidas tiras RGB direccionables.<\/li>\n<\/ul>","protected":false},"featured_media":2875,"comment_status":"open","ping_status":"closed","template":"","meta":{"_acf_changed":false,"content-type":"","_mo_disable_npp":""},"product_cat":[63,176],"product_tag":[149,150,151],"class_list":{"0":"post-2873","1":"product","2":"type-product","3":"status-publish","4":"has-post-thumbnail","6":"product_cat-boards","7":"product_cat-intel","8":"product_tag-asus","9":"product_tag-b460m","10":"product_tag-intel-core","12":"first","13":"instock","14":"shipping-taxable","15":"purchasable","16":"product-type-simple"},"acf":[],"yoast_head":"<!-- This site is optimized with the Yoast SEO plugin v23.2 - https:\/\/yoast.com\/wordpress\/plugins\/seo\/ -->\n<title>Asus Prime B460M - A (A V R) DDR4 1200 10a Gen | 7ecnosoluciones<\/title>\n<meta name=\"description\" content=\"Plataforma: AMD Capacidad m\u00e1xima soportada de la memoria RAM: 64 GBChipset: AMD B450Socket: Socket AM4 Asus Prime B460M - A (A V R) DDR4 1200 10a Gen\" \/>\n<meta name=\"robots\" content=\"index, follow, max-snippet:-1, max-image-preview:large, max-video-preview:-1\" \/>\n<link rel=\"canonical\" href=\"https:\/\/www.7ecnosoluciones.com\/en\/product\/asus-prime-b460m-a-a-v-r-ddr4-1200-10a-gen\/\" \/>\n<meta property=\"og:locale\" content=\"en_US\" \/>\n<meta property=\"og:type\" content=\"article\" \/>\n<meta property=\"og:title\" content=\"Asus Prime B460M - A (A V R) DDR4 1200 10a Gen | 7ecnosoluciones\" \/>\n<meta property=\"og:description\" content=\"Plataforma: AMD Capacidad m\u00e1xima soportada de la memoria RAM: 64 GBChipset: AMD B450Socket: Socket AM4 Asus Prime B460M - A (A V R) DDR4 1200 10a Gen\" \/>\n<meta property=\"og:url\" content=\"https:\/\/www.7ecnosoluciones.com\/en\/product\/asus-prime-b460m-a-a-v-r-ddr4-1200-10a-gen\/\" \/>\n<meta property=\"og:site_name\" content=\"7ecnosoluciones\" \/>\n<meta property=\"article:publisher\" content=\"https:\/\/www.facebook.com\/7ecnosoluciones\" \/>\n<meta property=\"article:modified_time\" content=\"2021-09-28T21:41:53+00:00\" \/>\n<meta property=\"og:image\" content=\"https:\/\/www.7ecnosoluciones.com\/wp-content\/uploads\/2021\/07\/asus-prime-b460m-a-a-v-r-ddr4-1200-10a-gen-1.png\" \/>\n\t<meta property=\"og:image:width\" content=\"1000\" \/>\n\t<meta property=\"og:image:height\" content=\"1000\" \/>\n\t<meta property=\"og:image:type\" content=\"image\/png\" \/>\n<meta name=\"twitter:card\" content=\"summary_large_image\" \/>\n<meta name=\"twitter:label1\" content=\"Est. reading time\" \/>\n\t<meta name=\"twitter:data1\" content=\"1 minute\" \/>\n<script type=\"application\/ld+json\" class=\"yoast-schema-graph\">{\"@context\":\"https:\/\/schema.org\",\"@graph\":[{\"@type\":\"WebPage\",\"@id\":\"https:\/\/www.7ecnosoluciones.com\/product\/asus-prime-b460m-a-a-v-r-ddr4-1200-10a-gen\/\",\"url\":\"https:\/\/www.7ecnosoluciones.com\/product\/asus-prime-b460m-a-a-v-r-ddr4-1200-10a-gen\/\",\"name\":\"Asus Prime B460M - A (A V R) DDR4 1200 10a Gen | 7ecnosoluciones\",\"isPartOf\":{\"@id\":\"https:\/\/www.7ecnosoluciones.com\/#website\"},\"primaryImageOfPage\":{\"@id\":\"https:\/\/www.7ecnosoluciones.com\/product\/asus-prime-b460m-a-a-v-r-ddr4-1200-10a-gen\/#primaryimage\"},\"image\":{\"@id\":\"https:\/\/www.7ecnosoluciones.com\/product\/asus-prime-b460m-a-a-v-r-ddr4-1200-10a-gen\/#primaryimage\"},\"thumbnailUrl\":\"https:\/\/www.7ecnosoluciones.com\/wp-content\/uploads\/2021\/07\/asus-prime-b460m-a-a-v-r-ddr4-1200-10a-gen-1.png\",\"datePublished\":\"2021-07-22T23:49:01+00:00\",\"dateModified\":\"2021-09-28T21:41:53+00:00\",\"description\":\"Plataforma: AMD Capacidad m\u00e1xima soportada de la memoria RAM: 64 GBChipset: AMD B450Socket: Socket AM4 Asus Prime B460M - A (A V R) DDR4 1200 10a Gen\",\"breadcrumb\":{\"@id\":\"https:\/\/www.7ecnosoluciones.com\/product\/asus-prime-b460m-a-a-v-r-ddr4-1200-10a-gen\/#breadcrumb\"},\"inLanguage\":\"en-US\",\"potentialAction\":[{\"@type\":\"ReadAction\",\"target\":[\"https:\/\/www.7ecnosoluciones.com\/product\/asus-prime-b460m-a-a-v-r-ddr4-1200-10a-gen\/\"]}]},{\"@type\":\"ImageObject\",\"inLanguage\":\"en-US\",\"@id\":\"https:\/\/www.7ecnosoluciones.com\/product\/asus-prime-b460m-a-a-v-r-ddr4-1200-10a-gen\/#primaryimage\",\"url\":\"https:\/\/www.7ecnosoluciones.com\/wp-content\/uploads\/2021\/07\/asus-prime-b460m-a-a-v-r-ddr4-1200-10a-gen-1.png\",\"contentUrl\":\"https:\/\/www.7ecnosoluciones.com\/wp-content\/uploads\/2021\/07\/asus-prime-b460m-a-a-v-r-ddr4-1200-10a-gen-1.png\",\"width\":1000,\"height\":1000},{\"@type\":\"BreadcrumbList\",\"@id\":\"https:\/\/www.7ecnosoluciones.com\/product\/asus-prime-b460m-a-a-v-r-ddr4-1200-10a-gen\/#breadcrumb\",\"itemListElement\":[{\"@type\":\"ListItem\",\"position\":1,\"name\":\"Portada\",\"item\":\"https:\/\/www.7ecnosoluciones.com\/\"},{\"@type\":\"ListItem\",\"position\":2,\"name\":\"Tienda\",\"item\":\"https:\/\/www.7ecnosoluciones.com\/tienda\/\"},{\"@type\":\"ListItem\",\"position\":3,\"name\":\"Asus Prime B460M &#8211; A (A V R) DDR4 1200 10a Gen\"}]},{\"@type\":\"WebSite\",\"@id\":\"https:\/\/www.7ecnosoluciones.com\/#website\",\"url\":\"https:\/\/www.7ecnosoluciones.com\/\",\"name\":\"7ecnosoluciones\",\"description\":\"Vive la confianza y experiencia\",\"publisher\":{\"@id\":\"https:\/\/www.7ecnosoluciones.com\/#organization\"},\"potentialAction\":[{\"@type\":\"SearchAction\",\"target\":{\"@type\":\"EntryPoint\",\"urlTemplate\":\"https:\/\/www.7ecnosoluciones.com\/?s={search_term_string}\"},\"query-input\":\"required name=search_term_string\"}],\"inLanguage\":\"en-US\"},{\"@type\":\"Organization\",\"@id\":\"https:\/\/www.7ecnosoluciones.com\/#organization\",\"name\":\"7ecnosoluciones\",\"url\":\"https:\/\/www.7ecnosoluciones.com\/\",\"logo\":{\"@type\":\"ImageObject\",\"inLanguage\":\"en-US\",\"@id\":\"https:\/\/www.7ecnosoluciones.com\/#\/schema\/logo\/image\/\",\"url\":\"https:\/\/www.7ecnosoluciones.com\/wp-content\/uploads\/2020\/07\/logo-1.png\",\"contentUrl\":\"https:\/\/www.7ecnosoluciones.com\/wp-content\/uploads\/2020\/07\/logo-1.png\",\"width\":836,\"height\":227,\"caption\":\"7ecnosoluciones\"},\"image\":{\"@id\":\"https:\/\/www.7ecnosoluciones.com\/#\/schema\/logo\/image\/\"},\"sameAs\":[\"https:\/\/www.facebook.com\/7ecnosoluciones\",\"https:\/\/www.instagram.com\/7ecnosoluciones\/\"]}]}<\/script>\n<!-- \/ Yoast SEO plugin. -->","yoast_head_json":{"title":"Asus Prime B460M - A (A V R) DDR4 1200 10a Gen | 7ecnosoluciones","description":"Plataforma: AMD Capacidad m\u00e1xima soportada de la memoria RAM: 64 GBChipset: AMD B450Socket: Socket AM4 Asus Prime B460M - A (A V R) DDR4 1200 10a Gen","robots":{"index":"index","follow":"follow","max-snippet":"max-snippet:-1","max-image-preview":"max-image-preview:large","max-video-preview":"max-video-preview:-1"},"canonical":"https:\/\/www.7ecnosoluciones.com\/en\/product\/asus-prime-b460m-a-a-v-r-ddr4-1200-10a-gen\/","og_locale":"en_US","og_type":"article","og_title":"Asus Prime B460M - A (A V R) DDR4 1200 10a Gen | 7ecnosoluciones","og_description":"Plataforma: AMD Capacidad m\u00e1xima soportada de la memoria RAM: 64 GBChipset: AMD B450Socket: Socket AM4 Asus Prime B460M - A (A V R) DDR4 1200 10a Gen","og_url":"https:\/\/www.7ecnosoluciones.com\/en\/product\/asus-prime-b460m-a-a-v-r-ddr4-1200-10a-gen\/","og_site_name":"7ecnosoluciones","article_publisher":"https:\/\/www.facebook.com\/7ecnosoluciones","article_modified_time":"2021-09-28T21:41:53+00:00","og_image":[{"width":1000,"height":1000,"url":"https:\/\/www.7ecnosoluciones.com\/wp-content\/uploads\/2021\/07\/asus-prime-b460m-a-a-v-r-ddr4-1200-10a-gen-1.png","type":"image\/png"}],"twitter_card":"summary_large_image","twitter_misc":{"Est. reading time":"1 minute"},"schema":{"@context":"https:\/\/schema.org","@graph":[{"@type":"WebPage","@id":"https:\/\/www.7ecnosoluciones.com\/product\/asus-prime-b460m-a-a-v-r-ddr4-1200-10a-gen\/","url":"https:\/\/www.7ecnosoluciones.com\/product\/asus-prime-b460m-a-a-v-r-ddr4-1200-10a-gen\/","name":"Asus Prime B460M - A (A V R) DDR4 1200 10a Gen | 7ecnosoluciones","isPartOf":{"@id":"https:\/\/www.7ecnosoluciones.com\/#website"},"primaryImageOfPage":{"@id":"https:\/\/www.7ecnosoluciones.com\/product\/asus-prime-b460m-a-a-v-r-ddr4-1200-10a-gen\/#primaryimage"},"image":{"@id":"https:\/\/www.7ecnosoluciones.com\/product\/asus-prime-b460m-a-a-v-r-ddr4-1200-10a-gen\/#primaryimage"},"thumbnailUrl":"https:\/\/www.7ecnosoluciones.com\/wp-content\/uploads\/2021\/07\/asus-prime-b460m-a-a-v-r-ddr4-1200-10a-gen-1.png","datePublished":"2021-07-22T23:49:01+00:00","dateModified":"2021-09-28T21:41:53+00:00","description":"Plataforma: AMD Capacidad m\u00e1xima soportada de la memoria RAM: 64 GBChipset: AMD B450Socket: Socket AM4 Asus Prime B460M - A (A V R) DDR4 1200 10a Gen","breadcrumb":{"@id":"https:\/\/www.7ecnosoluciones.com\/product\/asus-prime-b460m-a-a-v-r-ddr4-1200-10a-gen\/#breadcrumb"},"inLanguage":"en-US","potentialAction":[{"@type":"ReadAction","target":["https:\/\/www.7ecnosoluciones.com\/product\/asus-prime-b460m-a-a-v-r-ddr4-1200-10a-gen\/"]}]},{"@type":"ImageObject","inLanguage":"en-US","@id":"https:\/\/www.7ecnosoluciones.com\/product\/asus-prime-b460m-a-a-v-r-ddr4-1200-10a-gen\/#primaryimage","url":"https:\/\/www.7ecnosoluciones.com\/wp-content\/uploads\/2021\/07\/asus-prime-b460m-a-a-v-r-ddr4-1200-10a-gen-1.png","contentUrl":"https:\/\/www.7ecnosoluciones.com\/wp-content\/uploads\/2021\/07\/asus-prime-b460m-a-a-v-r-ddr4-1200-10a-gen-1.png","width":1000,"height":1000},{"@type":"BreadcrumbList","@id":"https:\/\/www.7ecnosoluciones.com\/product\/asus-prime-b460m-a-a-v-r-ddr4-1200-10a-gen\/#breadcrumb","itemListElement":[{"@type":"ListItem","position":1,"name":"Portada","item":"https:\/\/www.7ecnosoluciones.com\/"},{"@type":"ListItem","position":2,"name":"Tienda","item":"https:\/\/www.7ecnosoluciones.com\/tienda\/"},{"@type":"ListItem","position":3,"name":"Asus Prime B460M &#8211; A (A V R) DDR4 1200 10a Gen"}]},{"@type":"WebSite","@id":"https:\/\/www.7ecnosoluciones.com\/#website","url":"https:\/\/www.7ecnosoluciones.com\/","name":"7ecnosoluciones","description":"Vive la confianza y experiencia","publisher":{"@id":"https:\/\/www.7ecnosoluciones.com\/#organization"},"potentialAction":[{"@type":"SearchAction","target":{"@type":"EntryPoint","urlTemplate":"https:\/\/www.7ecnosoluciones.com\/?s={search_term_string}"},"query-input":"required name=search_term_string"}],"inLanguage":"en-US"},{"@type":"Organization","@id":"https:\/\/www.7ecnosoluciones.com\/#organization","name":"7ecnosoluciones","url":"https:\/\/www.7ecnosoluciones.com\/","logo":{"@type":"ImageObject","inLanguage":"en-US","@id":"https:\/\/www.7ecnosoluciones.com\/#\/schema\/logo\/image\/","url":"https:\/\/www.7ecnosoluciones.com\/wp-content\/uploads\/2020\/07\/logo-1.png","contentUrl":"https:\/\/www.7ecnosoluciones.com\/wp-content\/uploads\/2020\/07\/logo-1.png","width":836,"height":227,"caption":"7ecnosoluciones"},"image":{"@id":"https:\/\/www.7ecnosoluciones.com\/#\/schema\/logo\/image\/"},"sameAs":["https:\/\/www.facebook.com\/7ecnosoluciones","https:\/\/www.instagram.com\/7ecnosoluciones\/"]}]}},"_links":{"self":[{"href":"https:\/\/www.7ecnosoluciones.com\/en\/wp-json\/wp\/v2\/product\/2873","targetHints":{"allow":["GET"]}}],"collection":[{"href":"https:\/\/www.7ecnosoluciones.com\/en\/wp-json\/wp\/v2\/product"}],"about":[{"href":"https:\/\/www.7ecnosoluciones.com\/en\/wp-json\/wp\/v2\/types\/product"}],"replies":[{"embeddable":true,"href":"https:\/\/www.7ecnosoluciones.com\/en\/wp-json\/wp\/v2\/comments?post=2873"}],"wp:featuredmedia":[{"embeddable":true,"href":"https:\/\/www.7ecnosoluciones.com\/en\/wp-json\/wp\/v2\/media\/2875"}],"wp:attachment":[{"href":"https:\/\/www.7ecnosoluciones.com\/en\/wp-json\/wp\/v2\/media?parent=2873"}],"wp:term":[{"taxonomy":"product_cat","embeddable":true,"href":"https:\/\/www.7ecnosoluciones.com\/en\/wp-json\/wp\/v2\/product_cat?post=2873"},{"taxonomy":"product_tag","embeddable":true,"href":"https:\/\/www.7ecnosoluciones.com\/en\/wp-json\/wp\/v2\/product_tag?post=2873"}],"curies":[{"name":"wp","href":"https:\/\/api.w.org\/{rel}","templated":true}]}}