{"id":2851,"date":"2021-07-22T15:03:36","date_gmt":"2021-07-22T20:03:36","guid":{"rendered":"https:\/\/www.7ecnosoluciones.com\/?post_type=product&#038;p=2851"},"modified":"2021-09-28T16:48:37","modified_gmt":"2021-09-28T21:48:37","slug":"gigabyte-b550-aorus-master-am4-wifi","status":"publish","type":"product","link":"https:\/\/www.7ecnosoluciones.com\/en\/product\/gigabyte-b550-aorus-master-am4-wifi\/","title":{"rendered":"Gigabyte B550 Aorus Master AM4 WIFI"},"content":{"rendered":"<div class=\"wpb-content-wrapper\"><div class=\"vc_row wpb_row row top-row\"><div class=\"vc_column_container col-md-12\"><div class=\"wpb_wrapper vc_column-inner\">\n\t<div class=\"wpb_text_column wpb_content_element\" >\n\t\t<div class=\"wpb_wrapper\">\n\t\t\t<h4>Especificaciones<\/h4>\n<p>UPC<br \/>\nAMD Socket AM4, soporte para: procesadores AMD Ryzen \u2122 de tercera generaci\u00f3n \/ AMD Ryzen \u2122 de nueva generaci\u00f3n con procesadores gr\u00e1ficos Radeon \u2122<br \/>\n(Consulte la \u201cLista de compatibilidad de CPU\u201d para obtener m\u00e1s informaci\u00f3n).<br \/>\nChipset<br \/>\nAMD B550<br \/>\nMemoria<br \/>\n4 z\u00f3calos DIMM DDR4 que admiten hasta 128 GB (32 GB de capacidad DIMM individual) de memoria del sistema<br \/>\nProcesadores AMD Ryzen \u2122 de 3.a generaci\u00f3n: compatibilidad con DDR4 5200 (OC) \/ 5000 (OC) \/ 4866 (OC) \/ 4600 (OC) \/ 4400 (OC) \/ 4000 (OC) \/ 3600 (OC) \/ 3333 (OC) \/ M\u00f3dulos de memoria 3200\/2933\/2667\/2400\/2133 MHz<br \/>\nNueva generaci\u00f3n AMD Ryzen \u2122 con procesadores gr\u00e1ficos Radeon \u2122: Soporte para DDR4 5400 (OC) \/ 5200 (OC) \/ 5000 (OC) \/ 4866 (OC) \/ 4600 (OC) \/ 4400 (OC) \/ 4000 (OC) \/ 3600 (OC) \/ 3333 (OC) \/ 3200\/2933\/2667\/2400\/2133 MHz m\u00f3dulos de memoria<br \/>\nArquitectura de memoria de doble canal<br \/>\nSoporte para m\u00f3dulos de memoria DIMM 1Rx8 \/ 2Rx8 sin memoria intermedia ECC<br \/>\nSoporte para m\u00f3dulos de memoria DIMM 1Rx8 \/ 2Rx8 \/ 1Rx16 sin b\u00fafer sin ECC<br \/>\nSoporte para m\u00f3dulos de memoria Extreme Memory Profile (XMP)<br \/>\n(Consulte \u201cLista de soporte de memoria\u201d para obtener m\u00e1s informaci\u00f3n).<br \/>\nGr\u00e1ficos a bordo<br \/>\nIntegrado en la nueva generaci\u00f3n AMD Ryzen \u2122 con procesadores gr\u00e1ficos Radeon \u2122:<br \/>\n1 x puerto HDMI, que admite una resoluci\u00f3n m\u00e1xima de 4096\u00d72160 @ 60 Hz<br \/>\n* Compatible con la versi\u00f3n HDMI 2.1, HDCP 2.3 y HDR.<br \/>\nMemoria compartida m\u00e1xima de 16 GB<br \/>\nAudio<br \/>\nC\u00f3dec Realtek \u00ae ALC1220-VB<br \/>\n* El conector de salida de l\u00ednea del panel posterior admite audio DSD.<br \/>\nSoporte para DTS: X \u00ae Ultra<br \/>\nAudio de alta definici\u00f3n<br \/>\n2\/4 \/ 5.1 \/ 7.1 canales<br \/>\nSoporte para salida S \/ PDIF<br \/>\nLAN<br \/>\nChip LAN Realtek \u00ae 2.5GbE (2.5 Gbit \/ 1 Gbit \/ 100 Mbit)<br \/>\nM\u00f3dulo de comunicaci\u00f3n inal\u00e1mbrica<br \/>\nIntel \u00ae Wi-Fi 6 AX200<br \/>\nWIFI a, b, g, n, ac con funciones wave 2, ax, compatible con banda dual de 2.4 \/ 5 GHz<br \/>\nBLUETOOTH 5<br \/>\nCompatibilidad con el est\u00e1ndar inal\u00e1mbrico 11ax 160MHz y velocidad de datos de hasta 2.4 Gbps<br \/>\n* La velocidad de datos real puede variar seg\u00fan el entorno y el equipo.<br \/>\nRanuras de expansi\u00f3n<br \/>\n1 x ranura PCI Express x16 (PCIEX16), integrada en la CPU:<br \/>\nLos procesadores AMD Ryzen \u2122 de tercera generaci\u00f3n admiten el modo PCIe 4.0 x16<br \/>\nLa nueva generaci\u00f3n de AMD Ryzen \u2122 con procesadores gr\u00e1ficos Radeon \u2122 admite el modo PCIe 3.0 x16<br \/>\n* Para un rendimiento \u00f3ptimo, si solo se instala una tarjeta gr\u00e1fica PCI Express, aseg\u00farese de instalarla en la ranura PCIEX16.<br \/>\n* La ranura PCIEX16 comparte ancho de banda con los conectores M2B_CPU y M2C_CPU. La ranura PCIEX16 funciona en modo hasta x8 cuando se instala un dispositivo en el conector M2B_CPU o M2C_CPU.<br \/>\n2 x ranuras PCI Express x16 (PCIEX4_1 \/ PCIEX4_2), integradas en el chipset:<br \/>\nCompatible con el modo PCIe 3.0 x4<br \/>\n* La ranura PCIEX4_2 comparte ancho de banda con los conectores SATA3 4, 5. La ranura PCIEX4_2 funciona en modo hasta x2 cuando se instala un dispositivo en el conector SATA3 4 o SATA3 5.<br \/>\nInterfaz de almacenamiento<br \/>\n1 x conector M.2 (M2A_CPU), integrado en la CPU, compatible con Socket 3, tecla M, SSD tipo 2242\/2280\/22110:<br \/>\nLos procesadores AMD Ryzen \u2122 de tercera generaci\u00f3n admiten SSD SATA y PCIe 4.0 x4 \/ x2<br \/>\nLos procesadores AMD Ryzen \u2122 de nueva generaci\u00f3n con gr\u00e1ficos Radeon \u2122 admiten SSD SATA y PCIe 3.0 x4 \/ x2<br \/>\n2 x conectores M.2 (M2B_CPU \/ M2C_CPU), integrados en la CPU, compatibles con Socket 3, tecla M, tipo 2242\/2280\/22110 SSD:<br \/>\nLos procesadores AMD Ryzen \u2122 de tercera generaci\u00f3n admiten SSD PCIe 4.0 x4 \/ x2<br \/>\nLa nueva generaci\u00f3n de AMD Ryzen \u2122 con procesadores gr\u00e1ficos Radeon \u2122 admite SSD PCIe 3.0 x4 \/ x2<br \/>\n6 x conectores SATA de 6 Gb \/ s, integrados en el chipset:<br \/>\nSoporte para RAID 0, RAID 1 y RAID 10<br \/>\nUSB<br \/>\nUPC:<br \/>\n4 x puertos USB 3.2 Gen 2 tipo A (rojo) en el panel posterior<br \/>\nChipset:<br \/>\n1 x puerto USB Type-C \u2122 en el panel posterior, con soporte USB 3.2 Gen 2<br \/>\n1 x puerto USB 3.2 Gen 2 tipo A (rojo) en el panel posterior<br \/>\n2 x puertos USB 3.2 Gen 1 disponibles a trav\u00e9s del encabezado USB interno<br \/>\n2 x puertos USB 2.0 \/ 1.1 en el panel posterior<br \/>\nChipset + 2 concentradores USB 2.0:<br \/>\n8 x puertos USB 2.0 \/ 1.1 (4 puertos en el panel posterior, 4 puertos disponibles a trav\u00e9s de los encabezados USB internos)<br \/>\nConectores internos de E \/ S<br \/>\n1 x conector de alimentaci\u00f3n principal ATX de 24 pines<br \/>\n1 x conector de alimentaci\u00f3n ATX 12V de 8 pines<br \/>\n1 x conector de alimentaci\u00f3n ATX 12V de 4 pines<br \/>\n1 x encabezado del ventilador de la CPU<br \/>\n1 x cabezal de ventilador de CPU de refrigeraci\u00f3n por agua<br \/>\n4 x cabezales del ventilador del sistema<br \/>\n2 x ventiladores del sistema \/ cabezales de bomba de refrigeraci\u00f3n por agua<br \/>\n2 x encabezados de tira de LED direccionables<br \/>\n2 x encabezados de tira de LED RGB<br \/>\n1 x tira de LED de enfriador de CPU \/ encabezado de tira de LED RGB<br \/>\n3 x conectores M.2 Socket 3<br \/>\n6 x conectores SATA de 6 Gb \/ s<br \/>\n1 x encabezado del panel frontal<br \/>\n1 x encabezado de audio del panel frontal<br \/>\n1 x USB 3.2 Gen 1 encabezado<br \/>\n2 x encabezados USB 2.0 \/ 1.1<br \/>\n1 x encabezado de detecci\u00f3n de ruido<br \/>\n1 x encabezado Trusted Platform Module (TPM) (2\u00d76 pin, solo para el m\u00f3dulo GC-TPM2.0_S)<br \/>\n1 x puente CMOS transparente<br \/>\n2 x encabezados de sensores de temperatura<br \/>\n1 x encabezado Thunderbolt<br \/>\nConectores del panel posterior<br \/>\n2 x conectores de antena SMA (2T2R)<br \/>\n1 x puerto HDMI<br \/>\n6 x puertos USB 2.0 \/ 1.1<br \/>\n5 x puertos USB 3.2 Gen 2 tipo A (rojo)<br \/>\n1 x puerto USB Type-C \u2122, con soporte USB 3.2 Gen 2<br \/>\n1 x bot\u00f3n Q-Flash Plus<br \/>\n1 x puerto RJ-45<br \/>\n1 x conector de salida S \/ PDIF \u00f3ptico<br \/>\n5 x tomas de audio<br \/>\nControlador de E \/ S<br \/>\nChip controlador de E \/ S iTE \u00ae<br \/>\nMonitoreo H \/ W<br \/>\nDetecci\u00f3n de voltaje<br \/>\nDetecci\u00f3n de temperatura<br \/>\nDetecci\u00f3n de velocidad del ventilador<br \/>\nDetecci\u00f3n de caudal de enfriamiento de agua<br \/>\nAdvertencia de sobrecalentamiento<br \/>\nAdvertencia de falla del ventilador<br \/>\nControl de velocidad del ventilador<br \/>\n* Si la funci\u00f3n de control de velocidad del ventilador (bomba) es compatible depender\u00e1 del ventilador (bomba) que instale.<br \/>\nDetecci\u00f3n de ruido<br \/>\nBIOS<br \/>\n2 x 256 Mbit flash<br \/>\nUso de BIOS AMI UEFI con licencia<br \/>\nSoporte para DualBIOS \u2122<br \/>\nPnP 1.0a, DMI 2.7, WfM 2.0, SM BIOS 2.7, ACPI 5.0<br \/>\nCaracter\u00edsticas unicas<br \/>\nSoporte para APP Center<\/p>\n\n\t\t<\/div>\n\t<\/div>\n<\/div><\/div><\/div>\n<\/div>","protected":false},"excerpt":{"rendered":"<h2 class=\"ui-pdp-specs__title\">Caracter\u00edsticas principales<\/h2>\n<div class=\"ui-pdp-specs__table\">\n<div>Placa base AMD B550 AORUS con VRM digital directo de 16 fases, disipador de calor de matriz de aletas, tubo de calor de toque directo, placa posterior t\u00e9rmica, triple PCIe 4.0 x4 M.2 directo desde CPU, Intel\u00a0<sup>\u00ae<\/sup>\u00a0\u00a0WiFi 6802.11ax, LAN de 2.5GbE, RGB FUSION 2.0, Q-Flash Plus<\/div>\n<ul>\n<li>Admite AMD Ryzen \u2122 5000 Series \/ Ryzen 5000 G-Series \/ 3rd Gen Ryzen \u2122 y 3rd Gen Ryzen \u2122 con procesadores gr\u00e1ficos Radeon \u2122<\/li>\n<li>DDR4 sin b\u00fafer ECC \/ no ECC de doble canal, 4 DIMM<\/li>\n<li>Soluci\u00f3n VRM digital directa de 16 fases con etapa de potencia de 70 A<\/li>\n<li>Dise\u00f1o t\u00e9rmico avanzado con disipador de calor de matriz de aletas, tubo de calor de toque directo y placa de base t\u00e9rmica<\/li>\n<li>Ranura Ultra Durable \u2122 PCIe 4.0 Ready x16<\/li>\n<li>Triple ultrarr\u00e1pido NVMe PCIe 4.0 \/ 3.0 x4 M.2 con protectores t\u00e9rmicos<\/li>\n<li>Intel\u00a0<sup>\u00ae<\/sup>\u00a0\u00a0WiFi 6802.11ax 2T2R y BT5 integrados con antena AORUS<\/li>\n<li>Audio AMP-UP con capacitores ALC1220-VB y WIMA para SNR trasero de 120dB<\/li>\n<li>LAN de 2,5 GbE ultrarr\u00e1pida con gesti\u00f3n de ancho de banda<\/li>\n<li>Compatibilidad con USB 3.2 Gen2 Type-C \u2122 y HDMI<\/li>\n<li>RGB FUSION 2.0 admite tiras de LED direccionables y RGB<\/li>\n<li>Smart Fan 5 cuenta con m\u00faltiples sensores de temperatura, cabezales de ventilador h\u00edbridos con FAN STOP y detecci\u00f3n de ruido<\/li>\n<li>Q-Flash Plus actualiza el BIOS sin instalar la CPU, la memoria y la tarjeta gr\u00e1fica<\/li>\n<li>IO Shield preinstalado para una instalaci\u00f3n f\u00e1cil y r\u00e1pida<\/li>\n<\/ul>\n<\/div>","protected":false},"featured_media":2854,"comment_status":"open","ping_status":"closed","template":"","meta":{"_acf_changed":false,"content-type":"","_mo_disable_npp":""},"product_cat":[175,63],"product_tag":[147,148,146],"class_list":{"0":"post-2851","1":"product","2":"type-product","3":"status-publish","4":"has-post-thumbnail","6":"product_cat-amd","7":"product_cat-boards","8":"product_tag-aorus-master","9":"product_tag-b550","10":"product_tag-board-gigabyte","12":"first","13":"instock","14":"featured","15":"shipping-taxable","16":"purchasable","17":"product-type-simple"},"acf":[],"yoast_head":"<!-- This site is optimized with the Yoast SEO plugin v23.2 - https:\/\/yoast.com\/wordpress\/plugins\/seo\/ -->\n<title>Gigabyte B550 Aorus Master | 7ecnosoluciones Vive la experiecia<\/title>\n<meta name=\"description\" content=\"Placa base AMD B550 AORUS con VRM digital directo de 16 fases, disipador de calor de matriz de aletas, tubo de calor de toque directo, placa posterior\" \/>\n<meta name=\"robots\" content=\"index, follow, max-snippet:-1, max-image-preview:large, max-video-preview:-1\" \/>\n<link rel=\"canonical\" href=\"https:\/\/www.7ecnosoluciones.com\/en\/product\/gigabyte-b550-aorus-master-am4-wifi\/\" \/>\n<meta property=\"og:locale\" content=\"en_US\" \/>\n<meta property=\"og:type\" content=\"article\" \/>\n<meta property=\"og:title\" content=\"Gigabyte B550 Aorus Master | 7ecnosoluciones Vive la experiecia\" \/>\n<meta property=\"og:description\" content=\"Placa base AMD B550 AORUS con VRM digital directo de 16 fases, disipador de calor de matriz de aletas, tubo de calor de toque directo, placa posterior\" \/>\n<meta property=\"og:url\" content=\"https:\/\/www.7ecnosoluciones.com\/en\/product\/gigabyte-b550-aorus-master-am4-wifi\/\" \/>\n<meta property=\"og:site_name\" content=\"7ecnosoluciones\" \/>\n<meta property=\"article:publisher\" content=\"https:\/\/www.facebook.com\/7ecnosoluciones\" \/>\n<meta property=\"article:modified_time\" content=\"2021-09-28T21:48:37+00:00\" \/>\n<meta property=\"og:image\" content=\"https:\/\/www.7ecnosoluciones.com\/wp-content\/uploads\/2021\/07\/GIGABYTE-B550-MASTER-AM4-WIFI-4.jpg\" \/>\n\t<meta property=\"og:image:width\" content=\"600\" \/>\n\t<meta property=\"og:image:height\" content=\"600\" \/>\n\t<meta property=\"og:image:type\" content=\"image\/jpeg\" \/>\n<meta name=\"twitter:card\" content=\"summary_large_image\" \/>\n<meta name=\"twitter:label1\" content=\"Est. reading time\" \/>\n\t<meta name=\"twitter:data1\" content=\"5 minutes\" \/>\n<script type=\"application\/ld+json\" class=\"yoast-schema-graph\">{\"@context\":\"https:\/\/schema.org\",\"@graph\":[{\"@type\":\"WebPage\",\"@id\":\"https:\/\/www.7ecnosoluciones.com\/product\/gigabyte-b550-aorus-master-am4-wifi\/\",\"url\":\"https:\/\/www.7ecnosoluciones.com\/product\/gigabyte-b550-aorus-master-am4-wifi\/\",\"name\":\"Gigabyte B550 Aorus Master | 7ecnosoluciones Vive la experiecia\",\"isPartOf\":{\"@id\":\"https:\/\/www.7ecnosoluciones.com\/#website\"},\"primaryImageOfPage\":{\"@id\":\"https:\/\/www.7ecnosoluciones.com\/product\/gigabyte-b550-aorus-master-am4-wifi\/#primaryimage\"},\"image\":{\"@id\":\"https:\/\/www.7ecnosoluciones.com\/product\/gigabyte-b550-aorus-master-am4-wifi\/#primaryimage\"},\"thumbnailUrl\":\"https:\/\/www.7ecnosoluciones.com\/wp-content\/uploads\/2021\/07\/GIGABYTE-B550-MASTER-AM4-WIFI-4.jpg\",\"datePublished\":\"2021-07-22T20:03:36+00:00\",\"dateModified\":\"2021-09-28T21:48:37+00:00\",\"description\":\"Placa base AMD B550 AORUS con VRM digital directo de 16 fases, disipador de calor de matriz de aletas, tubo de calor de toque directo, placa posterior\",\"breadcrumb\":{\"@id\":\"https:\/\/www.7ecnosoluciones.com\/product\/gigabyte-b550-aorus-master-am4-wifi\/#breadcrumb\"},\"inLanguage\":\"en-US\",\"potentialAction\":[{\"@type\":\"ReadAction\",\"target\":[\"https:\/\/www.7ecnosoluciones.com\/product\/gigabyte-b550-aorus-master-am4-wifi\/\"]}]},{\"@type\":\"ImageObject\",\"inLanguage\":\"en-US\",\"@id\":\"https:\/\/www.7ecnosoluciones.com\/product\/gigabyte-b550-aorus-master-am4-wifi\/#primaryimage\",\"url\":\"https:\/\/www.7ecnosoluciones.com\/wp-content\/uploads\/2021\/07\/GIGABYTE-B550-MASTER-AM4-WIFI-4.jpg\",\"contentUrl\":\"https:\/\/www.7ecnosoluciones.com\/wp-content\/uploads\/2021\/07\/GIGABYTE-B550-MASTER-AM4-WIFI-4.jpg\",\"width\":600,\"height\":600},{\"@type\":\"BreadcrumbList\",\"@id\":\"https:\/\/www.7ecnosoluciones.com\/product\/gigabyte-b550-aorus-master-am4-wifi\/#breadcrumb\",\"itemListElement\":[{\"@type\":\"ListItem\",\"position\":1,\"name\":\"Portada\",\"item\":\"https:\/\/www.7ecnosoluciones.com\/\"},{\"@type\":\"ListItem\",\"position\":2,\"name\":\"Tienda\",\"item\":\"https:\/\/www.7ecnosoluciones.com\/tienda\/\"},{\"@type\":\"ListItem\",\"position\":3,\"name\":\"Gigabyte B550 Aorus Master AM4 WIFI\"}]},{\"@type\":\"WebSite\",\"@id\":\"https:\/\/www.7ecnosoluciones.com\/#website\",\"url\":\"https:\/\/www.7ecnosoluciones.com\/\",\"name\":\"7ecnosoluciones\",\"description\":\"Vive la confianza y experiencia\",\"publisher\":{\"@id\":\"https:\/\/www.7ecnosoluciones.com\/#organization\"},\"potentialAction\":[{\"@type\":\"SearchAction\",\"target\":{\"@type\":\"EntryPoint\",\"urlTemplate\":\"https:\/\/www.7ecnosoluciones.com\/?s={search_term_string}\"},\"query-input\":\"required name=search_term_string\"}],\"inLanguage\":\"en-US\"},{\"@type\":\"Organization\",\"@id\":\"https:\/\/www.7ecnosoluciones.com\/#organization\",\"name\":\"7ecnosoluciones\",\"url\":\"https:\/\/www.7ecnosoluciones.com\/\",\"logo\":{\"@type\":\"ImageObject\",\"inLanguage\":\"en-US\",\"@id\":\"https:\/\/www.7ecnosoluciones.com\/#\/schema\/logo\/image\/\",\"url\":\"https:\/\/www.7ecnosoluciones.com\/wp-content\/uploads\/2020\/07\/logo-1.png\",\"contentUrl\":\"https:\/\/www.7ecnosoluciones.com\/wp-content\/uploads\/2020\/07\/logo-1.png\",\"width\":836,\"height\":227,\"caption\":\"7ecnosoluciones\"},\"image\":{\"@id\":\"https:\/\/www.7ecnosoluciones.com\/#\/schema\/logo\/image\/\"},\"sameAs\":[\"https:\/\/www.facebook.com\/7ecnosoluciones\",\"https:\/\/www.instagram.com\/7ecnosoluciones\/\"]}]}<\/script>\n<!-- \/ Yoast SEO plugin. -->","yoast_head_json":{"title":"Gigabyte B550 Aorus Master | 7ecnosoluciones Vive la experiecia","description":"Placa base AMD B550 AORUS con VRM digital directo de 16 fases, disipador de calor de matriz de aletas, tubo de calor de toque directo, placa posterior","robots":{"index":"index","follow":"follow","max-snippet":"max-snippet:-1","max-image-preview":"max-image-preview:large","max-video-preview":"max-video-preview:-1"},"canonical":"https:\/\/www.7ecnosoluciones.com\/en\/product\/gigabyte-b550-aorus-master-am4-wifi\/","og_locale":"en_US","og_type":"article","og_title":"Gigabyte B550 Aorus Master | 7ecnosoluciones Vive la experiecia","og_description":"Placa base AMD B550 AORUS con VRM digital directo de 16 fases, disipador de calor de matriz de aletas, tubo de calor de toque directo, placa posterior","og_url":"https:\/\/www.7ecnosoluciones.com\/en\/product\/gigabyte-b550-aorus-master-am4-wifi\/","og_site_name":"7ecnosoluciones","article_publisher":"https:\/\/www.facebook.com\/7ecnosoluciones","article_modified_time":"2021-09-28T21:48:37+00:00","og_image":[{"width":600,"height":600,"url":"https:\/\/www.7ecnosoluciones.com\/wp-content\/uploads\/2021\/07\/GIGABYTE-B550-MASTER-AM4-WIFI-4.jpg","type":"image\/jpeg"}],"twitter_card":"summary_large_image","twitter_misc":{"Est. reading time":"5 minutes"},"schema":{"@context":"https:\/\/schema.org","@graph":[{"@type":"WebPage","@id":"https:\/\/www.7ecnosoluciones.com\/product\/gigabyte-b550-aorus-master-am4-wifi\/","url":"https:\/\/www.7ecnosoluciones.com\/product\/gigabyte-b550-aorus-master-am4-wifi\/","name":"Gigabyte B550 Aorus Master | 7ecnosoluciones Vive la experiecia","isPartOf":{"@id":"https:\/\/www.7ecnosoluciones.com\/#website"},"primaryImageOfPage":{"@id":"https:\/\/www.7ecnosoluciones.com\/product\/gigabyte-b550-aorus-master-am4-wifi\/#primaryimage"},"image":{"@id":"https:\/\/www.7ecnosoluciones.com\/product\/gigabyte-b550-aorus-master-am4-wifi\/#primaryimage"},"thumbnailUrl":"https:\/\/www.7ecnosoluciones.com\/wp-content\/uploads\/2021\/07\/GIGABYTE-B550-MASTER-AM4-WIFI-4.jpg","datePublished":"2021-07-22T20:03:36+00:00","dateModified":"2021-09-28T21:48:37+00:00","description":"Placa base AMD B550 AORUS con VRM digital directo de 16 fases, disipador de calor de matriz de aletas, tubo de calor de toque directo, placa posterior","breadcrumb":{"@id":"https:\/\/www.7ecnosoluciones.com\/product\/gigabyte-b550-aorus-master-am4-wifi\/#breadcrumb"},"inLanguage":"en-US","potentialAction":[{"@type":"ReadAction","target":["https:\/\/www.7ecnosoluciones.com\/product\/gigabyte-b550-aorus-master-am4-wifi\/"]}]},{"@type":"ImageObject","inLanguage":"en-US","@id":"https:\/\/www.7ecnosoluciones.com\/product\/gigabyte-b550-aorus-master-am4-wifi\/#primaryimage","url":"https:\/\/www.7ecnosoluciones.com\/wp-content\/uploads\/2021\/07\/GIGABYTE-B550-MASTER-AM4-WIFI-4.jpg","contentUrl":"https:\/\/www.7ecnosoluciones.com\/wp-content\/uploads\/2021\/07\/GIGABYTE-B550-MASTER-AM4-WIFI-4.jpg","width":600,"height":600},{"@type":"BreadcrumbList","@id":"https:\/\/www.7ecnosoluciones.com\/product\/gigabyte-b550-aorus-master-am4-wifi\/#breadcrumb","itemListElement":[{"@type":"ListItem","position":1,"name":"Portada","item":"https:\/\/www.7ecnosoluciones.com\/"},{"@type":"ListItem","position":2,"name":"Tienda","item":"https:\/\/www.7ecnosoluciones.com\/tienda\/"},{"@type":"ListItem","position":3,"name":"Gigabyte B550 Aorus Master AM4 WIFI"}]},{"@type":"WebSite","@id":"https:\/\/www.7ecnosoluciones.com\/#website","url":"https:\/\/www.7ecnosoluciones.com\/","name":"7ecnosoluciones","description":"Vive la confianza y experiencia","publisher":{"@id":"https:\/\/www.7ecnosoluciones.com\/#organization"},"potentialAction":[{"@type":"SearchAction","target":{"@type":"EntryPoint","urlTemplate":"https:\/\/www.7ecnosoluciones.com\/?s={search_term_string}"},"query-input":"required name=search_term_string"}],"inLanguage":"en-US"},{"@type":"Organization","@id":"https:\/\/www.7ecnosoluciones.com\/#organization","name":"7ecnosoluciones","url":"https:\/\/www.7ecnosoluciones.com\/","logo":{"@type":"ImageObject","inLanguage":"en-US","@id":"https:\/\/www.7ecnosoluciones.com\/#\/schema\/logo\/image\/","url":"https:\/\/www.7ecnosoluciones.com\/wp-content\/uploads\/2020\/07\/logo-1.png","contentUrl":"https:\/\/www.7ecnosoluciones.com\/wp-content\/uploads\/2020\/07\/logo-1.png","width":836,"height":227,"caption":"7ecnosoluciones"},"image":{"@id":"https:\/\/www.7ecnosoluciones.com\/#\/schema\/logo\/image\/"},"sameAs":["https:\/\/www.facebook.com\/7ecnosoluciones","https:\/\/www.instagram.com\/7ecnosoluciones\/"]}]}},"_links":{"self":[{"href":"https:\/\/www.7ecnosoluciones.com\/en\/wp-json\/wp\/v2\/product\/2851","targetHints":{"allow":["GET"]}}],"collection":[{"href":"https:\/\/www.7ecnosoluciones.com\/en\/wp-json\/wp\/v2\/product"}],"about":[{"href":"https:\/\/www.7ecnosoluciones.com\/en\/wp-json\/wp\/v2\/types\/product"}],"replies":[{"embeddable":true,"href":"https:\/\/www.7ecnosoluciones.com\/en\/wp-json\/wp\/v2\/comments?post=2851"}],"wp:featuredmedia":[{"embeddable":true,"href":"https:\/\/www.7ecnosoluciones.com\/en\/wp-json\/wp\/v2\/media\/2854"}],"wp:attachment":[{"href":"https:\/\/www.7ecnosoluciones.com\/en\/wp-json\/wp\/v2\/media?parent=2851"}],"wp:term":[{"taxonomy":"product_cat","embeddable":true,"href":"https:\/\/www.7ecnosoluciones.com\/en\/wp-json\/wp\/v2\/product_cat?post=2851"},{"taxonomy":"product_tag","embeddable":true,"href":"https:\/\/www.7ecnosoluciones.com\/en\/wp-json\/wp\/v2\/product_tag?post=2851"}],"curies":[{"name":"wp","href":"https:\/\/api.w.org\/{rel}","templated":true}]}}