{"id":2826,"date":"2021-07-15T19:00:09","date_gmt":"2021-07-16T00:00:09","guid":{"rendered":"https:\/\/www.7ecnosoluciones.com\/?post_type=product&#038;p=2826"},"modified":"2021-07-15T19:27:18","modified_gmt":"2021-07-16T00:27:18","slug":"cable-riser-cooler-master-pcie-3-0-x-16-ver-2-200mm","status":"publish","type":"product","link":"https:\/\/www.7ecnosoluciones.com\/en\/product\/cable-riser-cooler-master-pcie-3-0-x-16-ver-2-200mm\/","title":{"rendered":"Cable Riser Cooler Master PCIE 3.0 X 16 Ver 2 &#8211; 200MM"},"content":{"rendered":"<div class=\"wpb-content-wrapper\"><div class=\"vc_row wpb_row row top-row\"><div class=\"vc_column_container col-md-6\"><div class=\"wpb_wrapper vc_column-inner\">\n\t<div class=\"wpb_text_column wpb_content_element\" >\n\t\t<div class=\"wpb_wrapper\">\n\t\t\t<div class=\"box title\">\n<h3 class=\"ui-pdp-description__title\">Descripci\u00f3n<\/h3>\n<p class=\"ui-pdp-description__content\"><strong>CABLE VERTICAL PCIE 3.0 X16 VER. 2 &#8211; 200MM<\/strong><br \/>\n<strong>FLEXIONE SU M\u00daSCULO GR\u00c1FICO<\/strong><br \/>\nPCB ultra duradero<br \/>\nBlindaje de alta resistencia<br \/>\nConexiones de clavija dorada<br \/>\nCarcasa protectora de ABS<br \/>\nRanura PCI reforzada con acero inoxidable<br \/>\nManguitos de cable ultra flexibles<\/p>\n<p><strong>FLEXIONE SU M\u00daSCULO GR\u00c1FICO<\/strong><br \/>\nEl cable elevador Cooler Master PCIe 3.0 x16 Ver. 2 &#8211; 200 mm viene revisado para m\u00e1xima flexibilidad y durabilidad. Los pl\u00e1sticos de alta calidad otorgan una mayor flexibilidad y resistencia al cable para las instalaciones de tarjetas PCI m\u00e1s ajustadas, mientras que el blindaje de alta resistencia evita que las interferencias electromagn\u00e9ticas degraden la calidad de la se\u00f1al. Una ranura PCI de acero inoxidable agrega rigidez adicional al elevador para admitir incluso las tarjetas gr\u00e1ficas m\u00e1s grandes y pesadas. La PCB compatible con IPC4101D proporciona el mejor rendimiento de su clase bajo altas cargas t\u00e9rmicas y flexi\u00f3n del cable que cualquiera de los cables verticales de la competencia que no cumplen con las normas del mercado.<\/p>\n<p><strong>PCB ULTRA DURADERO<\/strong><br \/>\nLa PCB compatible con IPC4101D proporciona el mejor rendimiento de su clase bajo cargas t\u00e9rmicas elevadas, flexi\u00f3n del cable y resistencia a la humedad que cualquiera de los cables verticales de la competencia no compatibles en el mercado.<\/p>\n<p><strong>BLINDAJE DE SERVICIO PESADO<\/strong><br \/>\nLos cables de cobre blindados EMI 28\/30 AWG garantizan un retardo m\u00ednimo de la se\u00f1al y un funcionamiento sin interferencias electromagn\u00e9ticas.<\/p>\n<p><strong>CONEXIONES DE CLAVIJA DORADA<\/strong><br \/>\nLos pines PCI dorados permiten una conductividad el\u00e9ctrica m\u00e1xima con una fuerza de inserci\u00f3n nominal de 110 g por par de contactos para una alta durabilidad.<\/p>\n<p><strong>CARCASA PROTECTORA DE ABS<\/strong><br \/>\nLa carcasa de ABS resistente a los rayos UV protege los puntos de conexi\u00f3n de los cables de un manejo brusco.<\/p>\n<p>Expr\u00e9sese libremente: descargue los archivos imprimibles en 3D (.stl) y cree su propio dise\u00f1o personalizado.<\/p>\n<p><strong>RANURA PCI REFORZADA CON ACERO INOXIDABLE<\/strong><br \/>\nLa ranura PCI de acero inoxidable niquelado agrega rigidez para una retenci\u00f3n superior de la tarjeta incluso en las instalaciones de tarjetas PCI m\u00e1s pesadas.<\/p>\n<p><strong>MANGUITOS DE CABLE ULTRAFLEXIBLES<\/strong><br \/>\nLas fundas de cable de TPE permiten la m\u00e1xima flexibilidad y durabilidad para los trabajos de enrutamiento de cables m\u00e1s ajustados.<\/p>\n<p>&nbsp;<\/p>\n<\/div>\n\n\t\t<\/div>\n\t<\/div>\n<\/div><\/div><div class=\"vc_column_container col-md-6\"><div class=\"wpb_wrapper vc_column-inner\">\n\t<div class=\"wpb_text_column wpb_content_element\" >\n\t\t<div class=\"wpb_wrapper\">\n\t\t\t<div class=\"box title\">\n<h3 class=\"ui-pdp-specs__title\">Caracter\u00edsticas principales<\/h3>\n<div class=\"ui-pdp-specs__table\">\n<table class=\"andes-table aligncenter\" style=\"width: 58.5169%; height: 75px;\">\n<tbody class=\"andes-table__body\">\n<tr class=\"andes-table__row\">\n<th class=\"andes-table__header andes-table__header--left ui-pdp-specs__table__column ui-pdp-specs__table__column-title\" style=\"width: 19.5846%;\">Marca<\/th>\n<td class=\"andes-table__column andes-table__column--left ui-pdp-specs__table__column\" style=\"width: 30.8605%;\"><span class=\"andes-table__column--value\">Cooler Master<\/span><\/td>\n<\/tr>\n<tr class=\"andes-table__row\">\n<th class=\"andes-table__header andes-table__header--left ui-pdp-specs__table__column ui-pdp-specs__table__column-title\" style=\"width: 19.5846%;\">Modelo<\/th>\n<td class=\"andes-table__column andes-table__column--left ui-pdp-specs__table__column\" style=\"width: 30.8605%;\"><span class=\"andes-table__column--value\">PCIE 3.0 X16<\/span><\/td>\n<\/tr>\n<\/tbody>\n<\/table>\n<p><strong>ESPECIFICACIONES<\/strong><\/p>\n<p>N\u00daMERO DE MODELO : MCA-U000C-KPCI30-200<br \/>\nUNIDADES POR PAQUETE : 1 pieza por paquete<br \/>\nCOLORES DISPONIBLES) : Negro<br \/>\nCOMPATIBILIDAD : PCI-E 3.0<br \/>\nCERTIFICACIONES : EMI, IPC4101D \/ 21<br \/>\nMATERIALES : PCBA, alambre de cobre<br \/>\nMATERIALES DE AISLAMIENTO : PE, TPE<br \/>\nOTROS MATERIALES : ABS, acero inoxidable, n\u00edquel, oro, lat\u00f3n<br \/>\nCONECTORES : PCI-E x16 macho a PCI x16 90 \u00b0 hembra<br \/>\nLONGITUD DEL CABLE : 200 mm<br \/>\nCLASIFICACI\u00d3N DE CORRIENTE DE CONTACTO : 1,1 A por pin de contacto<br \/>\nTEMPERATURA DE FUNCIONAMIENTO : -20 \u00b0 a + 100 \u00b0 Celsius<br \/>\nPESO : 90g<br \/>\nC\u00d3DIGO EAN : 4719512101520<br \/>\nC\u00d3DIGO UPC : 884102073823<br \/>\nSERIE : Otros<br \/>\nNOTA : Este producto solo es compatible con dispositivos que admitan la especificaci\u00f3n PCI-E 3.0. Si usa este producto con una placa base compatible con PCI-E 4.0, ingrese en la opci\u00f3n BIOS y seleccione PCI-E 3.0 antes de la instalaci\u00f3n.<\/p>\n<\/div>\n<\/div>\n\n\t\t<\/div>\n\t<\/div>\n<\/div><\/div><\/div>\n<\/div>","protected":false},"excerpt":{"rendered":"<h3 class=\"ui-pdp-specs__title\">Caracter\u00edsticas principales<\/h3>\n<div class=\"ui-pdp-specs__table\">\n<table class=\"andes-table aligncenter\" style=\"width: 58.5169%; height: 75px;\">\n<tbody class=\"andes-table__body\">\n<tr class=\"andes-table__row\">\n<th class=\"andes-table__header andes-table__header--left ui-pdp-specs__table__column ui-pdp-specs__table__column-title\" style=\"width: 19.5846%;\">Marca<\/th>\n<td class=\"andes-table__column andes-table__column--left ui-pdp-specs__table__column\" style=\"width: 30.8605%;\"><span class=\"andes-table__column--value\">Cooler Master<\/span><\/td>\n<\/tr>\n<tr class=\"andes-table__row\">\n<th class=\"andes-table__header andes-table__header--left ui-pdp-specs__table__column ui-pdp-specs__table__column-title\" style=\"width: 19.5846%;\">Modelo<\/th>\n<td class=\"andes-table__column andes-table__column--left ui-pdp-specs__table__column\" style=\"width: 30.8605%;\"><span class=\"andes-table__column--value\">PCIE 3.0 X16<\/span><\/td>\n<\/tr>\n<\/tbody>\n<\/table>\n<p><strong>ESPECIFICACIONES<\/strong><\/p>\n<p>N\u00daMERO DE MODELO : MCA-U000C-KPCI30-200<br \/>\nUNIDADES POR PAQUETE : 1 pieza por paquete<br \/>\nCOLORES DISPONIBLES) : Negro<br \/>\nCOMPATIBILIDAD : PCI-E 3.0<br \/>\nCERTIFICACIONES : EMI, IPC4101D \/ 21<br \/>\nMATERIALES : PCBA, alambre de cobre<br \/>\nMATERIALES DE AISLAMIENTO : PE, TPE<br \/>\nOTROS MATERIALES : ABS, acero inoxidable, n\u00edquel, oro, lat\u00f3n<br \/>\nCONECTORES : PCI-E x16 macho a PCI x16 90 \u00b0 hembra<br \/>\nLONGITUD DEL CABLE : 200 mm<br \/>\nCLASIFICACI\u00d3N DE CORRIENTE DE CONTACTO : 1,1 A por pin de contacto<br \/>\nTEMPERATURA DE FUNCIONAMIENTO : -20 \u00b0 a + 100 \u00b0 Celsius<br \/>\nPESO : 90g<br \/>\nC\u00d3DIGO EAN : 4719512101520<br \/>\nC\u00d3DIGO UPC : 884102073823<br \/>\nSERIE : Otros<br \/>\nNOTA : Este producto solo es compatible con dispositivos que admitan la especificaci\u00f3n PCI-E 3.0. Si usa este producto con una placa base compatible con PCI-E 4.0, ingrese en la opci\u00f3n BIOS y seleccione PCI-E 3.0 antes de la instalaci\u00f3n.<\/p>\n<\/div>","protected":false},"featured_media":2827,"comment_status":"open","ping_status":"closed","template":"","meta":{"_acf_changed":false,"content-type":"","_mo_disable_npp":""},"product_cat":[124,67],"product_tag":[145,143,144],"class_list":{"0":"post-2826","1":"product","2":"type-product","3":"status-publish","4":"has-post-thumbnail","6":"product_cat-accesorios-y-partes","7":"product_cat-cableado","8":"product_tag-200mm","9":"product_tag-cable-pcie-3-0","10":"product_tag-riser-cooler","12":"first","13":"instock","14":"shipping-taxable","15":"purchasable","16":"product-type-simple"},"acf":[],"yoast_head":"<!-- This site is optimized with the Yoast SEO plugin v23.2 - https:\/\/yoast.com\/wordpress\/plugins\/seo\/ -->\n<title>Cable Riser Cooler Master PCIE 3.0 X 16 Ver 2 - 200MM - 7ecnosoluciones<\/title>\n<meta name=\"robots\" content=\"index, follow, max-snippet:-1, max-image-preview:large, max-video-preview:-1\" \/>\n<link rel=\"canonical\" href=\"https:\/\/www.7ecnosoluciones.com\/en\/product\/cable-riser-cooler-master-pcie-3-0-x-16-ver-2-200mm\/\" \/>\n<meta property=\"og:locale\" content=\"en_US\" \/>\n<meta property=\"og:type\" content=\"article\" \/>\n<meta property=\"og:title\" content=\"Cable Riser Cooler Master PCIE 3.0 X 16 Ver 2 - 200MM - 7ecnosoluciones\" \/>\n<meta property=\"og:description\" content=\"Caracter\u00edsticas principales     Marca Cooler Master   Modelo PCIE 3.0 X16    ESPECIFICACIONES  N\u00daMERO DE MODELO : MCA-U000C-KPCI30-200 UNIDADES POR PAQUETE : 1 pieza por paquete COLORES DISPONIBLES) : Negro COMPATIBILIDAD : PCI-E 3.0 CERTIFICACIONES : EMI, IPC4101D \/ 21 MATERIALES : PCBA, alambre de cobre MATERIALES DE AISLAMIENTO : PE, TPE OTROS MATERIALES : ABS, acero inoxidable, n\u00edquel, oro, lat\u00f3n CONECTORES : PCI-E x16 macho a PCI x16 90 \u00b0 hembra LONGITUD DEL CABLE : 200 mm CLASIFICACI\u00d3N DE CORRIENTE DE CONTACTO : 1,1 A por pin de contacto TEMPERATURA DE FUNCIONAMIENTO : -20 \u00b0 a + 100 \u00b0 Celsius PESO : 90g C\u00d3DIGO EAN : 4719512101520 C\u00d3DIGO UPC : 884102073823 SERIE : Otros NOTA : Este producto solo es compatible con dispositivos que admitan la especificaci\u00f3n PCI-E 3.0. Si usa este producto con una placa base compatible con PCI-E 4.0, ingrese en la opci\u00f3n BIOS y seleccione PCI-E 3.0 antes de la instalaci\u00f3n.\" \/>\n<meta property=\"og:url\" content=\"https:\/\/www.7ecnosoluciones.com\/en\/product\/cable-riser-cooler-master-pcie-3-0-x-16-ver-2-200mm\/\" \/>\n<meta property=\"og:site_name\" content=\"7ecnosoluciones\" \/>\n<meta property=\"article:publisher\" content=\"https:\/\/www.facebook.com\/7ecnosoluciones\" \/>\n<meta property=\"article:modified_time\" content=\"2021-07-16T00:27:18+00:00\" \/>\n<meta property=\"og:image\" content=\"https:\/\/www.7ecnosoluciones.com\/wp-content\/uploads\/2021\/07\/CABLE-RISER-COOLER-MASTER-PCIE-3.0-X-16-VER-2-300MM-1.jpg\" \/>\n\t<meta property=\"og:image:width\" content=\"1062\" \/>\n\t<meta property=\"og:image:height\" content=\"950\" \/>\n\t<meta property=\"og:image:type\" content=\"image\/jpeg\" \/>\n<meta name=\"twitter:card\" content=\"summary_large_image\" \/>\n<meta name=\"twitter:label1\" content=\"Est. reading time\" \/>\n\t<meta name=\"twitter:data1\" content=\"3 minutes\" \/>\n<script type=\"application\/ld+json\" class=\"yoast-schema-graph\">{\"@context\":\"https:\/\/schema.org\",\"@graph\":[{\"@type\":\"WebPage\",\"@id\":\"https:\/\/www.7ecnosoluciones.com\/product\/cable-riser-cooler-master-pcie-3-0-x-16-ver-2-200mm\/\",\"url\":\"https:\/\/www.7ecnosoluciones.com\/product\/cable-riser-cooler-master-pcie-3-0-x-16-ver-2-200mm\/\",\"name\":\"Cable Riser Cooler Master PCIE 3.0 X 16 Ver 2 - 200MM - 7ecnosoluciones\",\"isPartOf\":{\"@id\":\"https:\/\/www.7ecnosoluciones.com\/#website\"},\"primaryImageOfPage\":{\"@id\":\"https:\/\/www.7ecnosoluciones.com\/product\/cable-riser-cooler-master-pcie-3-0-x-16-ver-2-200mm\/#primaryimage\"},\"image\":{\"@id\":\"https:\/\/www.7ecnosoluciones.com\/product\/cable-riser-cooler-master-pcie-3-0-x-16-ver-2-200mm\/#primaryimage\"},\"thumbnailUrl\":\"https:\/\/www.7ecnosoluciones.com\/wp-content\/uploads\/2021\/07\/CABLE-RISER-COOLER-MASTER-PCIE-3.0-X-16-VER-2-300MM-1.jpg\",\"datePublished\":\"2021-07-16T00:00:09+00:00\",\"dateModified\":\"2021-07-16T00:27:18+00:00\",\"breadcrumb\":{\"@id\":\"https:\/\/www.7ecnosoluciones.com\/product\/cable-riser-cooler-master-pcie-3-0-x-16-ver-2-200mm\/#breadcrumb\"},\"inLanguage\":\"en-US\",\"potentialAction\":[{\"@type\":\"ReadAction\",\"target\":[\"https:\/\/www.7ecnosoluciones.com\/product\/cable-riser-cooler-master-pcie-3-0-x-16-ver-2-200mm\/\"]}]},{\"@type\":\"ImageObject\",\"inLanguage\":\"en-US\",\"@id\":\"https:\/\/www.7ecnosoluciones.com\/product\/cable-riser-cooler-master-pcie-3-0-x-16-ver-2-200mm\/#primaryimage\",\"url\":\"https:\/\/www.7ecnosoluciones.com\/wp-content\/uploads\/2021\/07\/CABLE-RISER-COOLER-MASTER-PCIE-3.0-X-16-VER-2-300MM-1.jpg\",\"contentUrl\":\"https:\/\/www.7ecnosoluciones.com\/wp-content\/uploads\/2021\/07\/CABLE-RISER-COOLER-MASTER-PCIE-3.0-X-16-VER-2-300MM-1.jpg\",\"width\":1062,\"height\":950},{\"@type\":\"BreadcrumbList\",\"@id\":\"https:\/\/www.7ecnosoluciones.com\/product\/cable-riser-cooler-master-pcie-3-0-x-16-ver-2-200mm\/#breadcrumb\",\"itemListElement\":[{\"@type\":\"ListItem\",\"position\":1,\"name\":\"Portada\",\"item\":\"https:\/\/www.7ecnosoluciones.com\/\"},{\"@type\":\"ListItem\",\"position\":2,\"name\":\"Tienda\",\"item\":\"https:\/\/www.7ecnosoluciones.com\/tienda\/\"},{\"@type\":\"ListItem\",\"position\":3,\"name\":\"Cable Riser Cooler Master PCIE 3.0 X 16 Ver 2 &#8211; 200MM\"}]},{\"@type\":\"WebSite\",\"@id\":\"https:\/\/www.7ecnosoluciones.com\/#website\",\"url\":\"https:\/\/www.7ecnosoluciones.com\/\",\"name\":\"7ecnosoluciones\",\"description\":\"Vive la confianza y experiencia\",\"publisher\":{\"@id\":\"https:\/\/www.7ecnosoluciones.com\/#organization\"},\"potentialAction\":[{\"@type\":\"SearchAction\",\"target\":{\"@type\":\"EntryPoint\",\"urlTemplate\":\"https:\/\/www.7ecnosoluciones.com\/?s={search_term_string}\"},\"query-input\":\"required name=search_term_string\"}],\"inLanguage\":\"en-US\"},{\"@type\":\"Organization\",\"@id\":\"https:\/\/www.7ecnosoluciones.com\/#organization\",\"name\":\"7ecnosoluciones\",\"url\":\"https:\/\/www.7ecnosoluciones.com\/\",\"logo\":{\"@type\":\"ImageObject\",\"inLanguage\":\"en-US\",\"@id\":\"https:\/\/www.7ecnosoluciones.com\/#\/schema\/logo\/image\/\",\"url\":\"https:\/\/www.7ecnosoluciones.com\/wp-content\/uploads\/2020\/07\/logo-1.png\",\"contentUrl\":\"https:\/\/www.7ecnosoluciones.com\/wp-content\/uploads\/2020\/07\/logo-1.png\",\"width\":836,\"height\":227,\"caption\":\"7ecnosoluciones\"},\"image\":{\"@id\":\"https:\/\/www.7ecnosoluciones.com\/#\/schema\/logo\/image\/\"},\"sameAs\":[\"https:\/\/www.facebook.com\/7ecnosoluciones\",\"https:\/\/www.instagram.com\/7ecnosoluciones\/\"]}]}<\/script>\n<!-- \/ Yoast SEO plugin. -->","yoast_head_json":{"title":"Cable Riser Cooler Master PCIE 3.0 X 16 Ver 2 - 200MM - 7ecnosoluciones","robots":{"index":"index","follow":"follow","max-snippet":"max-snippet:-1","max-image-preview":"max-image-preview:large","max-video-preview":"max-video-preview:-1"},"canonical":"https:\/\/www.7ecnosoluciones.com\/en\/product\/cable-riser-cooler-master-pcie-3-0-x-16-ver-2-200mm\/","og_locale":"en_US","og_type":"article","og_title":"Cable Riser Cooler Master PCIE 3.0 X 16 Ver 2 - 200MM - 7ecnosoluciones","og_description":"Caracter\u00edsticas principales     Marca Cooler Master   Modelo PCIE 3.0 X16    ESPECIFICACIONES  N\u00daMERO DE MODELO : MCA-U000C-KPCI30-200 UNIDADES POR PAQUETE : 1 pieza por paquete COLORES DISPONIBLES) : Negro COMPATIBILIDAD : PCI-E 3.0 CERTIFICACIONES : EMI, IPC4101D \/ 21 MATERIALES : PCBA, alambre de cobre MATERIALES DE AISLAMIENTO : PE, TPE OTROS MATERIALES : ABS, acero inoxidable, n\u00edquel, oro, lat\u00f3n CONECTORES : PCI-E x16 macho a PCI x16 90 \u00b0 hembra LONGITUD DEL CABLE : 200 mm CLASIFICACI\u00d3N DE CORRIENTE DE CONTACTO : 1,1 A por pin de contacto TEMPERATURA DE FUNCIONAMIENTO : -20 \u00b0 a + 100 \u00b0 Celsius PESO : 90g C\u00d3DIGO EAN : 4719512101520 C\u00d3DIGO UPC : 884102073823 SERIE : Otros NOTA : Este producto solo es compatible con dispositivos que admitan la especificaci\u00f3n PCI-E 3.0. Si usa este producto con una placa base compatible con PCI-E 4.0, ingrese en la opci\u00f3n BIOS y seleccione PCI-E 3.0 antes de la instalaci\u00f3n.","og_url":"https:\/\/www.7ecnosoluciones.com\/en\/product\/cable-riser-cooler-master-pcie-3-0-x-16-ver-2-200mm\/","og_site_name":"7ecnosoluciones","article_publisher":"https:\/\/www.facebook.com\/7ecnosoluciones","article_modified_time":"2021-07-16T00:27:18+00:00","og_image":[{"width":1062,"height":950,"url":"https:\/\/www.7ecnosoluciones.com\/wp-content\/uploads\/2021\/07\/CABLE-RISER-COOLER-MASTER-PCIE-3.0-X-16-VER-2-300MM-1.jpg","type":"image\/jpeg"}],"twitter_card":"summary_large_image","twitter_misc":{"Est. reading time":"3 minutes"},"schema":{"@context":"https:\/\/schema.org","@graph":[{"@type":"WebPage","@id":"https:\/\/www.7ecnosoluciones.com\/product\/cable-riser-cooler-master-pcie-3-0-x-16-ver-2-200mm\/","url":"https:\/\/www.7ecnosoluciones.com\/product\/cable-riser-cooler-master-pcie-3-0-x-16-ver-2-200mm\/","name":"Cable Riser Cooler Master PCIE 3.0 X 16 Ver 2 - 200MM - 7ecnosoluciones","isPartOf":{"@id":"https:\/\/www.7ecnosoluciones.com\/#website"},"primaryImageOfPage":{"@id":"https:\/\/www.7ecnosoluciones.com\/product\/cable-riser-cooler-master-pcie-3-0-x-16-ver-2-200mm\/#primaryimage"},"image":{"@id":"https:\/\/www.7ecnosoluciones.com\/product\/cable-riser-cooler-master-pcie-3-0-x-16-ver-2-200mm\/#primaryimage"},"thumbnailUrl":"https:\/\/www.7ecnosoluciones.com\/wp-content\/uploads\/2021\/07\/CABLE-RISER-COOLER-MASTER-PCIE-3.0-X-16-VER-2-300MM-1.jpg","datePublished":"2021-07-16T00:00:09+00:00","dateModified":"2021-07-16T00:27:18+00:00","breadcrumb":{"@id":"https:\/\/www.7ecnosoluciones.com\/product\/cable-riser-cooler-master-pcie-3-0-x-16-ver-2-200mm\/#breadcrumb"},"inLanguage":"en-US","potentialAction":[{"@type":"ReadAction","target":["https:\/\/www.7ecnosoluciones.com\/product\/cable-riser-cooler-master-pcie-3-0-x-16-ver-2-200mm\/"]}]},{"@type":"ImageObject","inLanguage":"en-US","@id":"https:\/\/www.7ecnosoluciones.com\/product\/cable-riser-cooler-master-pcie-3-0-x-16-ver-2-200mm\/#primaryimage","url":"https:\/\/www.7ecnosoluciones.com\/wp-content\/uploads\/2021\/07\/CABLE-RISER-COOLER-MASTER-PCIE-3.0-X-16-VER-2-300MM-1.jpg","contentUrl":"https:\/\/www.7ecnosoluciones.com\/wp-content\/uploads\/2021\/07\/CABLE-RISER-COOLER-MASTER-PCIE-3.0-X-16-VER-2-300MM-1.jpg","width":1062,"height":950},{"@type":"BreadcrumbList","@id":"https:\/\/www.7ecnosoluciones.com\/product\/cable-riser-cooler-master-pcie-3-0-x-16-ver-2-200mm\/#breadcrumb","itemListElement":[{"@type":"ListItem","position":1,"name":"Portada","item":"https:\/\/www.7ecnosoluciones.com\/"},{"@type":"ListItem","position":2,"name":"Tienda","item":"https:\/\/www.7ecnosoluciones.com\/tienda\/"},{"@type":"ListItem","position":3,"name":"Cable Riser Cooler Master PCIE 3.0 X 16 Ver 2 &#8211; 200MM"}]},{"@type":"WebSite","@id":"https:\/\/www.7ecnosoluciones.com\/#website","url":"https:\/\/www.7ecnosoluciones.com\/","name":"7ecnosoluciones","description":"Vive la confianza y experiencia","publisher":{"@id":"https:\/\/www.7ecnosoluciones.com\/#organization"},"potentialAction":[{"@type":"SearchAction","target":{"@type":"EntryPoint","urlTemplate":"https:\/\/www.7ecnosoluciones.com\/?s={search_term_string}"},"query-input":"required name=search_term_string"}],"inLanguage":"en-US"},{"@type":"Organization","@id":"https:\/\/www.7ecnosoluciones.com\/#organization","name":"7ecnosoluciones","url":"https:\/\/www.7ecnosoluciones.com\/","logo":{"@type":"ImageObject","inLanguage":"en-US","@id":"https:\/\/www.7ecnosoluciones.com\/#\/schema\/logo\/image\/","url":"https:\/\/www.7ecnosoluciones.com\/wp-content\/uploads\/2020\/07\/logo-1.png","contentUrl":"https:\/\/www.7ecnosoluciones.com\/wp-content\/uploads\/2020\/07\/logo-1.png","width":836,"height":227,"caption":"7ecnosoluciones"},"image":{"@id":"https:\/\/www.7ecnosoluciones.com\/#\/schema\/logo\/image\/"},"sameAs":["https:\/\/www.facebook.com\/7ecnosoluciones","https:\/\/www.instagram.com\/7ecnosoluciones\/"]}]}},"_links":{"self":[{"href":"https:\/\/www.7ecnosoluciones.com\/en\/wp-json\/wp\/v2\/product\/2826","targetHints":{"allow":["GET"]}}],"collection":[{"href":"https:\/\/www.7ecnosoluciones.com\/en\/wp-json\/wp\/v2\/product"}],"about":[{"href":"https:\/\/www.7ecnosoluciones.com\/en\/wp-json\/wp\/v2\/types\/product"}],"replies":[{"embeddable":true,"href":"https:\/\/www.7ecnosoluciones.com\/en\/wp-json\/wp\/v2\/comments?post=2826"}],"wp:featuredmedia":[{"embeddable":true,"href":"https:\/\/www.7ecnosoluciones.com\/en\/wp-json\/wp\/v2\/media\/2827"}],"wp:attachment":[{"href":"https:\/\/www.7ecnosoluciones.com\/en\/wp-json\/wp\/v2\/media?parent=2826"}],"wp:term":[{"taxonomy":"product_cat","embeddable":true,"href":"https:\/\/www.7ecnosoluciones.com\/en\/wp-json\/wp\/v2\/product_cat?post=2826"},{"taxonomy":"product_tag","embeddable":true,"href":"https:\/\/www.7ecnosoluciones.com\/en\/wp-json\/wp\/v2\/product_tag?post=2826"}],"curies":[{"name":"wp","href":"https:\/\/api.w.org\/{rel}","templated":true}]}}