{"id":2807,"date":"2021-07-14T18:04:51","date_gmt":"2021-07-14T23:04:51","guid":{"rendered":"https:\/\/www.7ecnosoluciones.com\/?post_type=product&#038;p=2807"},"modified":"2021-07-14T18:11:27","modified_gmt":"2021-07-14T23:11:27","slug":"joystick-logitech-extreme-3d","status":"publish","type":"product","link":"https:\/\/www.7ecnosoluciones.com\/en\/product\/joystick-logitech-extreme-3d\/","title":{"rendered":"Joystick Logitech Extreme 3D"},"content":{"rendered":"<div class=\"wpb-content-wrapper\"><div class=\"vc_row wpb_row row top-row\"><div class=\"vc_column_container col-md-12\"><div class=\"wpb_wrapper vc_column-inner\">\n\t<div class=\"wpb_text_column wpb_content_element\" >\n\t\t<div class=\"wpb_wrapper\">\n\t\t\t<p>Control de tim\u00f3n con eje de torsi\u00f3n de gran precisi\u00f3n. Est\u00e1 todo en la mu\u00f1eca: La investigaci\u00f3n ha demostrado que el vuelo avanzado se reduce a instinto y tiempo de reacci\u00f3n. Para ayudar a los pilotos, nuestros expertos dise\u00f1aron un tim\u00f3n con eje de torsi\u00f3n para Extreme 3D Pro, lo que dio como resultado un control natural con una mano en un dispositivo m\u00e1s compacto. Selector de vista de ocho direcciones.<\/p>\n\n\t\t<\/div>\n\t<\/div>\n<\/div><\/div><\/div>\n<\/div>","protected":false},"excerpt":{"rendered":"<p>Control de tim\u00f3n con eje de torsi\u00f3n de gran precisi\u00f3n. Est\u00e1 todo en la mu\u00f1eca: La investigaci\u00f3n ha demostrado que el vuelo avanzado se reduce a instinto y tiempo de reacci\u00f3n. Para ayudar a los pilotos, nuestros expertos dise\u00f1aron un tim\u00f3n con eje de torsi\u00f3n para Extreme 3D Pro, lo que dio como resultado un control natural con una mano en un dispositivo m\u00e1s compacto. Selector de vista de ocho direcciones.<\/p>","protected":false},"featured_media":2808,"comment_status":"open","ping_status":"closed","template":"","meta":{"_acf_changed":false,"content-type":"","_mo_disable_npp":""},"product_cat":[124],"product_tag":[128,127,125,126,130,129],"class_list":{"0":"post-2807","1":"product","2":"type-product","3":"status-publish","4":"has-post-thumbnail","6":"product_cat-accesorios-y-partes","7":"product_tag-accesorio","8":"product_tag-auriculares","9":"product_tag-corsair","10":"product_tag-diadema","11":"product_tag-hs-pro-carbon","12":"product_tag-hs60-pro-caron","14":"first","15":"instock","16":"shipping-taxable","17":"purchasable","18":"product-type-simple"},"acf":[],"yoast_head":"<!-- This site is optimized with the Yoast SEO plugin v23.2 - https:\/\/yoast.com\/wordpress\/plugins\/seo\/ -->\n<title>Joystick Logitech Extreme 3D - 7ecnosoluciones<\/title>\n<meta name=\"robots\" content=\"index, follow, max-snippet:-1, max-image-preview:large, max-video-preview:-1\" \/>\n<link rel=\"canonical\" href=\"https:\/\/www.7ecnosoluciones.com\/en\/product\/joystick-logitech-extreme-3d\/\" \/>\n<meta property=\"og:locale\" content=\"en_US\" \/>\n<meta property=\"og:type\" content=\"article\" \/>\n<meta property=\"og:title\" content=\"Joystick Logitech Extreme 3D - 7ecnosoluciones\" \/>\n<meta property=\"og:description\" content=\"Control de tim\u00f3n con eje de torsi\u00f3n de gran precisi\u00f3n. Est\u00e1 todo en la mu\u00f1eca: La investigaci\u00f3n ha demostrado que el vuelo avanzado se reduce a instinto y tiempo de reacci\u00f3n. Para ayudar a los pilotos, nuestros expertos dise\u00f1aron un tim\u00f3n con eje de torsi\u00f3n para Extreme 3D Pro, lo que dio como resultado un control natural con una mano en un dispositivo m\u00e1s compacto. Selector de vista de ocho direcciones.\" \/>\n<meta property=\"og:url\" content=\"https:\/\/www.7ecnosoluciones.com\/en\/product\/joystick-logitech-extreme-3d\/\" \/>\n<meta property=\"og:site_name\" content=\"7ecnosoluciones\" \/>\n<meta property=\"article:publisher\" content=\"https:\/\/www.facebook.com\/7ecnosoluciones\" \/>\n<meta property=\"article:modified_time\" content=\"2021-07-14T23:11:27+00:00\" \/>\n<meta property=\"og:image\" content=\"https:\/\/www.7ecnosoluciones.com\/wp-content\/uploads\/2021\/07\/JOYSTICK-LOGITECH-EXTREME-3D.jpg\" \/>\n\t<meta property=\"og:image:width\" content=\"800\" \/>\n\t<meta property=\"og:image:height\" content=\"800\" \/>\n\t<meta property=\"og:image:type\" content=\"image\/jpeg\" \/>\n<meta name=\"twitter:card\" content=\"summary_large_image\" \/>\n<script type=\"application\/ld+json\" class=\"yoast-schema-graph\">{\"@context\":\"https:\/\/schema.org\",\"@graph\":[{\"@type\":\"WebPage\",\"@id\":\"https:\/\/www.7ecnosoluciones.com\/product\/joystick-logitech-extreme-3d\/\",\"url\":\"https:\/\/www.7ecnosoluciones.com\/product\/joystick-logitech-extreme-3d\/\",\"name\":\"Joystick Logitech Extreme 3D - 7ecnosoluciones\",\"isPartOf\":{\"@id\":\"https:\/\/www.7ecnosoluciones.com\/#website\"},\"primaryImageOfPage\":{\"@id\":\"https:\/\/www.7ecnosoluciones.com\/product\/joystick-logitech-extreme-3d\/#primaryimage\"},\"image\":{\"@id\":\"https:\/\/www.7ecnosoluciones.com\/product\/joystick-logitech-extreme-3d\/#primaryimage\"},\"thumbnailUrl\":\"https:\/\/www.7ecnosoluciones.com\/wp-content\/uploads\/2021\/07\/JOYSTICK-LOGITECH-EXTREME-3D.jpg\",\"datePublished\":\"2021-07-14T23:04:51+00:00\",\"dateModified\":\"2021-07-14T23:11:27+00:00\",\"breadcrumb\":{\"@id\":\"https:\/\/www.7ecnosoluciones.com\/product\/joystick-logitech-extreme-3d\/#breadcrumb\"},\"inLanguage\":\"en-US\",\"potentialAction\":[{\"@type\":\"ReadAction\",\"target\":[\"https:\/\/www.7ecnosoluciones.com\/product\/joystick-logitech-extreme-3d\/\"]}]},{\"@type\":\"ImageObject\",\"inLanguage\":\"en-US\",\"@id\":\"https:\/\/www.7ecnosoluciones.com\/product\/joystick-logitech-extreme-3d\/#primaryimage\",\"url\":\"https:\/\/www.7ecnosoluciones.com\/wp-content\/uploads\/2021\/07\/JOYSTICK-LOGITECH-EXTREME-3D.jpg\",\"contentUrl\":\"https:\/\/www.7ecnosoluciones.com\/wp-content\/uploads\/2021\/07\/JOYSTICK-LOGITECH-EXTREME-3D.jpg\",\"width\":800,\"height\":800,\"caption\":\"flyer\"},{\"@type\":\"BreadcrumbList\",\"@id\":\"https:\/\/www.7ecnosoluciones.com\/product\/joystick-logitech-extreme-3d\/#breadcrumb\",\"itemListElement\":[{\"@type\":\"ListItem\",\"position\":1,\"name\":\"Portada\",\"item\":\"https:\/\/www.7ecnosoluciones.com\/\"},{\"@type\":\"ListItem\",\"position\":2,\"name\":\"Tienda\",\"item\":\"https:\/\/www.7ecnosoluciones.com\/tienda\/\"},{\"@type\":\"ListItem\",\"position\":3,\"name\":\"Joystick Logitech Extreme 3D\"}]},{\"@type\":\"WebSite\",\"@id\":\"https:\/\/www.7ecnosoluciones.com\/#website\",\"url\":\"https:\/\/www.7ecnosoluciones.com\/\",\"name\":\"7ecnosoluciones\",\"description\":\"Vive la confianza y experiencia\",\"publisher\":{\"@id\":\"https:\/\/www.7ecnosoluciones.com\/#organization\"},\"potentialAction\":[{\"@type\":\"SearchAction\",\"target\":{\"@type\":\"EntryPoint\",\"urlTemplate\":\"https:\/\/www.7ecnosoluciones.com\/?s={search_term_string}\"},\"query-input\":\"required name=search_term_string\"}],\"inLanguage\":\"en-US\"},{\"@type\":\"Organization\",\"@id\":\"https:\/\/www.7ecnosoluciones.com\/#organization\",\"name\":\"7ecnosoluciones\",\"url\":\"https:\/\/www.7ecnosoluciones.com\/\",\"logo\":{\"@type\":\"ImageObject\",\"inLanguage\":\"en-US\",\"@id\":\"https:\/\/www.7ecnosoluciones.com\/#\/schema\/logo\/image\/\",\"url\":\"https:\/\/www.7ecnosoluciones.com\/wp-content\/uploads\/2020\/07\/logo-1.png\",\"contentUrl\":\"https:\/\/www.7ecnosoluciones.com\/wp-content\/uploads\/2020\/07\/logo-1.png\",\"width\":836,\"height\":227,\"caption\":\"7ecnosoluciones\"},\"image\":{\"@id\":\"https:\/\/www.7ecnosoluciones.com\/#\/schema\/logo\/image\/\"},\"sameAs\":[\"https:\/\/www.facebook.com\/7ecnosoluciones\",\"https:\/\/www.instagram.com\/7ecnosoluciones\/\"]}]}<\/script>\n<!-- \/ Yoast SEO plugin. -->","yoast_head_json":{"title":"Joystick Logitech Extreme 3D - 7ecnosoluciones","robots":{"index":"index","follow":"follow","max-snippet":"max-snippet:-1","max-image-preview":"max-image-preview:large","max-video-preview":"max-video-preview:-1"},"canonical":"https:\/\/www.7ecnosoluciones.com\/en\/product\/joystick-logitech-extreme-3d\/","og_locale":"en_US","og_type":"article","og_title":"Joystick Logitech Extreme 3D - 7ecnosoluciones","og_description":"Control de tim\u00f3n con eje de torsi\u00f3n de gran precisi\u00f3n. Est\u00e1 todo en la mu\u00f1eca: La investigaci\u00f3n ha demostrado que el vuelo avanzado se reduce a instinto y tiempo de reacci\u00f3n. Para ayudar a los pilotos, nuestros expertos dise\u00f1aron un tim\u00f3n con eje de torsi\u00f3n para Extreme 3D Pro, lo que dio como resultado un control natural con una mano en un dispositivo m\u00e1s compacto. Selector de vista de ocho direcciones.","og_url":"https:\/\/www.7ecnosoluciones.com\/en\/product\/joystick-logitech-extreme-3d\/","og_site_name":"7ecnosoluciones","article_publisher":"https:\/\/www.facebook.com\/7ecnosoluciones","article_modified_time":"2021-07-14T23:11:27+00:00","og_image":[{"width":800,"height":800,"url":"https:\/\/www.7ecnosoluciones.com\/wp-content\/uploads\/2021\/07\/JOYSTICK-LOGITECH-EXTREME-3D.jpg","type":"image\/jpeg"}],"twitter_card":"summary_large_image","schema":{"@context":"https:\/\/schema.org","@graph":[{"@type":"WebPage","@id":"https:\/\/www.7ecnosoluciones.com\/product\/joystick-logitech-extreme-3d\/","url":"https:\/\/www.7ecnosoluciones.com\/product\/joystick-logitech-extreme-3d\/","name":"Joystick Logitech Extreme 3D - 7ecnosoluciones","isPartOf":{"@id":"https:\/\/www.7ecnosoluciones.com\/#website"},"primaryImageOfPage":{"@id":"https:\/\/www.7ecnosoluciones.com\/product\/joystick-logitech-extreme-3d\/#primaryimage"},"image":{"@id":"https:\/\/www.7ecnosoluciones.com\/product\/joystick-logitech-extreme-3d\/#primaryimage"},"thumbnailUrl":"https:\/\/www.7ecnosoluciones.com\/wp-content\/uploads\/2021\/07\/JOYSTICK-LOGITECH-EXTREME-3D.jpg","datePublished":"2021-07-14T23:04:51+00:00","dateModified":"2021-07-14T23:11:27+00:00","breadcrumb":{"@id":"https:\/\/www.7ecnosoluciones.com\/product\/joystick-logitech-extreme-3d\/#breadcrumb"},"inLanguage":"en-US","potentialAction":[{"@type":"ReadAction","target":["https:\/\/www.7ecnosoluciones.com\/product\/joystick-logitech-extreme-3d\/"]}]},{"@type":"ImageObject","inLanguage":"en-US","@id":"https:\/\/www.7ecnosoluciones.com\/product\/joystick-logitech-extreme-3d\/#primaryimage","url":"https:\/\/www.7ecnosoluciones.com\/wp-content\/uploads\/2021\/07\/JOYSTICK-LOGITECH-EXTREME-3D.jpg","contentUrl":"https:\/\/www.7ecnosoluciones.com\/wp-content\/uploads\/2021\/07\/JOYSTICK-LOGITECH-EXTREME-3D.jpg","width":800,"height":800,"caption":"flyer"},{"@type":"BreadcrumbList","@id":"https:\/\/www.7ecnosoluciones.com\/product\/joystick-logitech-extreme-3d\/#breadcrumb","itemListElement":[{"@type":"ListItem","position":1,"name":"Portada","item":"https:\/\/www.7ecnosoluciones.com\/"},{"@type":"ListItem","position":2,"name":"Tienda","item":"https:\/\/www.7ecnosoluciones.com\/tienda\/"},{"@type":"ListItem","position":3,"name":"Joystick Logitech Extreme 3D"}]},{"@type":"WebSite","@id":"https:\/\/www.7ecnosoluciones.com\/#website","url":"https:\/\/www.7ecnosoluciones.com\/","name":"7ecnosoluciones","description":"Vive la confianza y experiencia","publisher":{"@id":"https:\/\/www.7ecnosoluciones.com\/#organization"},"potentialAction":[{"@type":"SearchAction","target":{"@type":"EntryPoint","urlTemplate":"https:\/\/www.7ecnosoluciones.com\/?s={search_term_string}"},"query-input":"required name=search_term_string"}],"inLanguage":"en-US"},{"@type":"Organization","@id":"https:\/\/www.7ecnosoluciones.com\/#organization","name":"7ecnosoluciones","url":"https:\/\/www.7ecnosoluciones.com\/","logo":{"@type":"ImageObject","inLanguage":"en-US","@id":"https:\/\/www.7ecnosoluciones.com\/#\/schema\/logo\/image\/","url":"https:\/\/www.7ecnosoluciones.com\/wp-content\/uploads\/2020\/07\/logo-1.png","contentUrl":"https:\/\/www.7ecnosoluciones.com\/wp-content\/uploads\/2020\/07\/logo-1.png","width":836,"height":227,"caption":"7ecnosoluciones"},"image":{"@id":"https:\/\/www.7ecnosoluciones.com\/#\/schema\/logo\/image\/"},"sameAs":["https:\/\/www.facebook.com\/7ecnosoluciones","https:\/\/www.instagram.com\/7ecnosoluciones\/"]}]}},"_links":{"self":[{"href":"https:\/\/www.7ecnosoluciones.com\/en\/wp-json\/wp\/v2\/product\/2807","targetHints":{"allow":["GET"]}}],"collection":[{"href":"https:\/\/www.7ecnosoluciones.com\/en\/wp-json\/wp\/v2\/product"}],"about":[{"href":"https:\/\/www.7ecnosoluciones.com\/en\/wp-json\/wp\/v2\/types\/product"}],"replies":[{"embeddable":true,"href":"https:\/\/www.7ecnosoluciones.com\/en\/wp-json\/wp\/v2\/comments?post=2807"}],"wp:featuredmedia":[{"embeddable":true,"href":"https:\/\/www.7ecnosoluciones.com\/en\/wp-json\/wp\/v2\/media\/2808"}],"wp:attachment":[{"href":"https:\/\/www.7ecnosoluciones.com\/en\/wp-json\/wp\/v2\/media?parent=2807"}],"wp:term":[{"taxonomy":"product_cat","embeddable":true,"href":"https:\/\/www.7ecnosoluciones.com\/en\/wp-json\/wp\/v2\/product_cat?post=2807"},{"taxonomy":"product_tag","embeddable":true,"href":"https:\/\/www.7ecnosoluciones.com\/en\/wp-json\/wp\/v2\/product_tag?post=2807"}],"curies":[{"name":"wp","href":"https:\/\/api.w.org\/{rel}","templated":true}]}}