{"id":2803,"date":"2021-07-14T17:09:52","date_gmt":"2021-07-14T22:09:52","guid":{"rendered":"https:\/\/www.7ecnosoluciones.com\/?post_type=product&#038;p=2803"},"modified":"2023-06-22T18:23:29","modified_gmt":"2023-06-22T23:23:29","slug":"diadema-gamer-corsair-hs60-surround-pro-carbon","status":"publish","type":"product","link":"https:\/\/www.7ecnosoluciones.com\/en\/product\/diadema-gamer-corsair-hs60-surround-pro-carbon\/","title":{"rendered":"Diadema Gamer CORSAIR HS60 Surround Pro Carbon"},"content":{"rendered":"<div class=\"wpb-content-wrapper\"><div class=\"vc_row wpb_row row top-row\"><div class=\"vc_column_container col-md-12\"><div class=\"wpb_wrapper vc_column-inner\">\n\t<div class=\"wpb_text_column wpb_content_element\" >\n\t\t<div class=\"wpb_wrapper\">\n\t\t\t<p>Los auriculares para juegos CORSAIR HS60 PRO SURROUND son c\u00f3modos y de calidad, con almohadillas de espuma con memoria, transductores de audio de neodimio de 50 mm de ajuste personalizado y un micr\u00f3fono unidireccional extra\u00edble con cancelaci\u00f3n de ruido.<\/p>\n<ul class=\"a-unordered-list a-vertical a-spacing-mini\">\n<li><span class=\"a-list-item\">Almohadillas ajustables equipadas con espuma viscoel\u00e1stica de felpa que proporcionan una comodidad excepcional para horas de juego<\/span><\/li>\n<li><span class=\"a-list-item\">Controladores de audio de neodimio de 1.969\u00a0in de alta calidad personalizados que ofrecen una excelente calidad de sonido con la gama para escuchar todo lo que necesitas en el campo de batalla<\/span><\/li>\n<li><span class=\"a-list-item\">Sum\u00e9rgete en un sonido envolvente 7.1 en el PC creando una experiencia de audio multicanal que te pone en el medio de tu juego<\/span><\/li>\n<li><span class=\"a-list-item\">Un micr\u00f3fono unidireccional con cancelaci\u00f3n de ruido totalmente desmontable reduce el ruido ambiental para una excelente claridad de voz<\/span><\/li>\n<li><span class=\"a-list-item\">Compatible con m\u00faltiples plataformas: PC, PS5, PS4, Xbox Series X, Xbox Series, Xbox One, Nintendo Switch y dispositivos m\u00f3viles a trav\u00e9s de un conector chapado en oro de 0.138\u00a0in<\/span><\/li>\n<li><span class=\"a-list-item\">La construcci\u00f3n ligera y duradera del HS60 Pro, con yugos de aluminio y un cable de audio trenzado, le dan a\u00f1os de longevidad<\/span><\/li>\n<li><span class=\"a-list-item\">Los controles de volumen y silencio permiten ajustes sobre la marcha sin distraerte de tu juego<\/span><\/li>\n<li><span class=\"a-list-item\">El software CORSAIR iCUE permite ajustes de ecualizador de audio personalizados, sonido envolvente 7.1, control lateral y m\u00e1s<\/span><\/li>\n<\/ul>\n\n\t\t<\/div>\n\t<\/div>\n<\/div><\/div><\/div>\n<\/div>","protected":false},"excerpt":{"rendered":"<p>Los auriculares para juegos CORSAIR HS60 PRO SURROUND son c\u00f3modos y de calidad, con almohadillas de espuma con memoria, transductores de audio de neodimio de 50 mm de ajuste personalizado y un micr\u00f3fono unidireccional extra\u00edble con cancelaci\u00f3n de ruido.<\/p>","protected":false},"featured_media":2804,"comment_status":"open","ping_status":"closed","template":"","meta":{"_acf_changed":false,"content-type":"","_mo_disable_npp":""},"product_cat":[124,95],"product_tag":[128,127,125,126,130,129],"class_list":{"0":"post-2803","1":"product","2":"type-product","3":"status-publish","4":"has-post-thumbnail","6":"product_cat-accesorios-y-partes","7":"product_cat-audio","8":"product_tag-accesorio","9":"product_tag-auriculares","10":"product_tag-corsair","11":"product_tag-diadema","12":"product_tag-hs-pro-carbon","13":"product_tag-hs60-pro-caron","15":"first","16":"instock","17":"shipping-taxable","18":"purchasable","19":"product-type-simple"},"acf":[],"yoast_head":"<!-- This site is optimized with the Yoast SEO plugin v23.2 - https:\/\/yoast.com\/wordpress\/plugins\/seo\/ -->\n<title>Diadema Gamer CORSAIR HS60 Surround Pro Carbon - 7ecnosoluciones<\/title>\n<meta name=\"robots\" content=\"index, follow, max-snippet:-1, max-image-preview:large, max-video-preview:-1\" \/>\n<link rel=\"canonical\" href=\"https:\/\/www.7ecnosoluciones.com\/en\/product\/diadema-gamer-corsair-hs60-surround-pro-carbon\/\" \/>\n<meta property=\"og:locale\" content=\"en_US\" \/>\n<meta property=\"og:type\" content=\"article\" \/>\n<meta property=\"og:title\" content=\"Diadema Gamer CORSAIR HS60 Surround Pro Carbon - 7ecnosoluciones\" \/>\n<meta property=\"og:description\" content=\"Los auriculares para juegos CORSAIR HS60 PRO SURROUND son c\u00f3modos y de calidad, con almohadillas de espuma con memoria, transductores de audio de neodimio de 50 mm de ajuste personalizado y un micr\u00f3fono unidireccional extra\u00edble con cancelaci\u00f3n de ruido.\" \/>\n<meta property=\"og:url\" content=\"https:\/\/www.7ecnosoluciones.com\/en\/product\/diadema-gamer-corsair-hs60-surround-pro-carbon\/\" \/>\n<meta property=\"og:site_name\" content=\"7ecnosoluciones\" \/>\n<meta property=\"article:publisher\" content=\"https:\/\/www.facebook.com\/7ecnosoluciones\" \/>\n<meta property=\"article:modified_time\" content=\"2023-06-22T23:23:29+00:00\" \/>\n<meta property=\"og:image\" content=\"https:\/\/www.7ecnosoluciones.com\/wp-content\/uploads\/2021\/07\/Diadema-Gamer-CORSAIR-HS60-Surround-Pro-Carbon-1.jpg\" \/>\n\t<meta property=\"og:image:width\" content=\"1326\" \/>\n\t<meta property=\"og:image:height\" content=\"1454\" \/>\n\t<meta property=\"og:image:type\" content=\"image\/jpeg\" \/>\n<meta name=\"twitter:card\" content=\"summary_large_image\" \/>\n<meta name=\"twitter:label1\" content=\"Est. reading time\" \/>\n\t<meta name=\"twitter:data1\" content=\"1 minute\" \/>\n<script type=\"application\/ld+json\" class=\"yoast-schema-graph\">{\"@context\":\"https:\/\/schema.org\",\"@graph\":[{\"@type\":\"WebPage\",\"@id\":\"https:\/\/www.7ecnosoluciones.com\/product\/diadema-gamer-corsair-hs60-surround-pro-carbon\/\",\"url\":\"https:\/\/www.7ecnosoluciones.com\/product\/diadema-gamer-corsair-hs60-surround-pro-carbon\/\",\"name\":\"Diadema Gamer CORSAIR HS60 Surround Pro Carbon - 7ecnosoluciones\",\"isPartOf\":{\"@id\":\"https:\/\/www.7ecnosoluciones.com\/#website\"},\"primaryImageOfPage\":{\"@id\":\"https:\/\/www.7ecnosoluciones.com\/product\/diadema-gamer-corsair-hs60-surround-pro-carbon\/#primaryimage\"},\"image\":{\"@id\":\"https:\/\/www.7ecnosoluciones.com\/product\/diadema-gamer-corsair-hs60-surround-pro-carbon\/#primaryimage\"},\"thumbnailUrl\":\"https:\/\/www.7ecnosoluciones.com\/wp-content\/uploads\/2021\/07\/Diadema-Gamer-CORSAIR-HS60-Surround-Pro-Carbon-1.jpg\",\"datePublished\":\"2021-07-14T22:09:52+00:00\",\"dateModified\":\"2023-06-22T23:23:29+00:00\",\"breadcrumb\":{\"@id\":\"https:\/\/www.7ecnosoluciones.com\/product\/diadema-gamer-corsair-hs60-surround-pro-carbon\/#breadcrumb\"},\"inLanguage\":\"en-US\",\"potentialAction\":[{\"@type\":\"ReadAction\",\"target\":[\"https:\/\/www.7ecnosoluciones.com\/product\/diadema-gamer-corsair-hs60-surround-pro-carbon\/\"]}]},{\"@type\":\"ImageObject\",\"inLanguage\":\"en-US\",\"@id\":\"https:\/\/www.7ecnosoluciones.com\/product\/diadema-gamer-corsair-hs60-surround-pro-carbon\/#primaryimage\",\"url\":\"https:\/\/www.7ecnosoluciones.com\/wp-content\/uploads\/2021\/07\/Diadema-Gamer-CORSAIR-HS60-Surround-Pro-Carbon-1.jpg\",\"contentUrl\":\"https:\/\/www.7ecnosoluciones.com\/wp-content\/uploads\/2021\/07\/Diadema-Gamer-CORSAIR-HS60-Surround-Pro-Carbon-1.jpg\",\"width\":1326,\"height\":1454},{\"@type\":\"BreadcrumbList\",\"@id\":\"https:\/\/www.7ecnosoluciones.com\/product\/diadema-gamer-corsair-hs60-surround-pro-carbon\/#breadcrumb\",\"itemListElement\":[{\"@type\":\"ListItem\",\"position\":1,\"name\":\"Portada\",\"item\":\"https:\/\/www.7ecnosoluciones.com\/\"},{\"@type\":\"ListItem\",\"position\":2,\"name\":\"Tienda\",\"item\":\"https:\/\/www.7ecnosoluciones.com\/tienda\/\"},{\"@type\":\"ListItem\",\"position\":3,\"name\":\"Diadema Gamer CORSAIR HS60 Surround Pro Carbon\"}]},{\"@type\":\"WebSite\",\"@id\":\"https:\/\/www.7ecnosoluciones.com\/#website\",\"url\":\"https:\/\/www.7ecnosoluciones.com\/\",\"name\":\"7ecnosoluciones\",\"description\":\"Vive la confianza y experiencia\",\"publisher\":{\"@id\":\"https:\/\/www.7ecnosoluciones.com\/#organization\"},\"potentialAction\":[{\"@type\":\"SearchAction\",\"target\":{\"@type\":\"EntryPoint\",\"urlTemplate\":\"https:\/\/www.7ecnosoluciones.com\/?s={search_term_string}\"},\"query-input\":\"required name=search_term_string\"}],\"inLanguage\":\"en-US\"},{\"@type\":\"Organization\",\"@id\":\"https:\/\/www.7ecnosoluciones.com\/#organization\",\"name\":\"7ecnosoluciones\",\"url\":\"https:\/\/www.7ecnosoluciones.com\/\",\"logo\":{\"@type\":\"ImageObject\",\"inLanguage\":\"en-US\",\"@id\":\"https:\/\/www.7ecnosoluciones.com\/#\/schema\/logo\/image\/\",\"url\":\"https:\/\/www.7ecnosoluciones.com\/wp-content\/uploads\/2020\/07\/logo-1.png\",\"contentUrl\":\"https:\/\/www.7ecnosoluciones.com\/wp-content\/uploads\/2020\/07\/logo-1.png\",\"width\":836,\"height\":227,\"caption\":\"7ecnosoluciones\"},\"image\":{\"@id\":\"https:\/\/www.7ecnosoluciones.com\/#\/schema\/logo\/image\/\"},\"sameAs\":[\"https:\/\/www.facebook.com\/7ecnosoluciones\",\"https:\/\/www.instagram.com\/7ecnosoluciones\/\"]}]}<\/script>\n<!-- \/ Yoast SEO plugin. -->","yoast_head_json":{"title":"Diadema Gamer CORSAIR HS60 Surround Pro Carbon - 7ecnosoluciones","robots":{"index":"index","follow":"follow","max-snippet":"max-snippet:-1","max-image-preview":"max-image-preview:large","max-video-preview":"max-video-preview:-1"},"canonical":"https:\/\/www.7ecnosoluciones.com\/en\/product\/diadema-gamer-corsair-hs60-surround-pro-carbon\/","og_locale":"en_US","og_type":"article","og_title":"Diadema Gamer CORSAIR HS60 Surround Pro Carbon - 7ecnosoluciones","og_description":"Los auriculares para juegos CORSAIR HS60 PRO SURROUND son c\u00f3modos y de calidad, con almohadillas de espuma con memoria, transductores de audio de neodimio de 50 mm de ajuste personalizado y un micr\u00f3fono unidireccional extra\u00edble con cancelaci\u00f3n de ruido.","og_url":"https:\/\/www.7ecnosoluciones.com\/en\/product\/diadema-gamer-corsair-hs60-surround-pro-carbon\/","og_site_name":"7ecnosoluciones","article_publisher":"https:\/\/www.facebook.com\/7ecnosoluciones","article_modified_time":"2023-06-22T23:23:29+00:00","og_image":[{"width":1326,"height":1454,"url":"https:\/\/www.7ecnosoluciones.com\/wp-content\/uploads\/2021\/07\/Diadema-Gamer-CORSAIR-HS60-Surround-Pro-Carbon-1.jpg","type":"image\/jpeg"}],"twitter_card":"summary_large_image","twitter_misc":{"Est. reading time":"1 minute"},"schema":{"@context":"https:\/\/schema.org","@graph":[{"@type":"WebPage","@id":"https:\/\/www.7ecnosoluciones.com\/product\/diadema-gamer-corsair-hs60-surround-pro-carbon\/","url":"https:\/\/www.7ecnosoluciones.com\/product\/diadema-gamer-corsair-hs60-surround-pro-carbon\/","name":"Diadema Gamer CORSAIR HS60 Surround Pro Carbon - 7ecnosoluciones","isPartOf":{"@id":"https:\/\/www.7ecnosoluciones.com\/#website"},"primaryImageOfPage":{"@id":"https:\/\/www.7ecnosoluciones.com\/product\/diadema-gamer-corsair-hs60-surround-pro-carbon\/#primaryimage"},"image":{"@id":"https:\/\/www.7ecnosoluciones.com\/product\/diadema-gamer-corsair-hs60-surround-pro-carbon\/#primaryimage"},"thumbnailUrl":"https:\/\/www.7ecnosoluciones.com\/wp-content\/uploads\/2021\/07\/Diadema-Gamer-CORSAIR-HS60-Surround-Pro-Carbon-1.jpg","datePublished":"2021-07-14T22:09:52+00:00","dateModified":"2023-06-22T23:23:29+00:00","breadcrumb":{"@id":"https:\/\/www.7ecnosoluciones.com\/product\/diadema-gamer-corsair-hs60-surround-pro-carbon\/#breadcrumb"},"inLanguage":"en-US","potentialAction":[{"@type":"ReadAction","target":["https:\/\/www.7ecnosoluciones.com\/product\/diadema-gamer-corsair-hs60-surround-pro-carbon\/"]}]},{"@type":"ImageObject","inLanguage":"en-US","@id":"https:\/\/www.7ecnosoluciones.com\/product\/diadema-gamer-corsair-hs60-surround-pro-carbon\/#primaryimage","url":"https:\/\/www.7ecnosoluciones.com\/wp-content\/uploads\/2021\/07\/Diadema-Gamer-CORSAIR-HS60-Surround-Pro-Carbon-1.jpg","contentUrl":"https:\/\/www.7ecnosoluciones.com\/wp-content\/uploads\/2021\/07\/Diadema-Gamer-CORSAIR-HS60-Surround-Pro-Carbon-1.jpg","width":1326,"height":1454},{"@type":"BreadcrumbList","@id":"https:\/\/www.7ecnosoluciones.com\/product\/diadema-gamer-corsair-hs60-surround-pro-carbon\/#breadcrumb","itemListElement":[{"@type":"ListItem","position":1,"name":"Portada","item":"https:\/\/www.7ecnosoluciones.com\/"},{"@type":"ListItem","position":2,"name":"Tienda","item":"https:\/\/www.7ecnosoluciones.com\/tienda\/"},{"@type":"ListItem","position":3,"name":"Diadema Gamer CORSAIR HS60 Surround Pro Carbon"}]},{"@type":"WebSite","@id":"https:\/\/www.7ecnosoluciones.com\/#website","url":"https:\/\/www.7ecnosoluciones.com\/","name":"7ecnosoluciones","description":"Vive la confianza y experiencia","publisher":{"@id":"https:\/\/www.7ecnosoluciones.com\/#organization"},"potentialAction":[{"@type":"SearchAction","target":{"@type":"EntryPoint","urlTemplate":"https:\/\/www.7ecnosoluciones.com\/?s={search_term_string}"},"query-input":"required name=search_term_string"}],"inLanguage":"en-US"},{"@type":"Organization","@id":"https:\/\/www.7ecnosoluciones.com\/#organization","name":"7ecnosoluciones","url":"https:\/\/www.7ecnosoluciones.com\/","logo":{"@type":"ImageObject","inLanguage":"en-US","@id":"https:\/\/www.7ecnosoluciones.com\/#\/schema\/logo\/image\/","url":"https:\/\/www.7ecnosoluciones.com\/wp-content\/uploads\/2020\/07\/logo-1.png","contentUrl":"https:\/\/www.7ecnosoluciones.com\/wp-content\/uploads\/2020\/07\/logo-1.png","width":836,"height":227,"caption":"7ecnosoluciones"},"image":{"@id":"https:\/\/www.7ecnosoluciones.com\/#\/schema\/logo\/image\/"},"sameAs":["https:\/\/www.facebook.com\/7ecnosoluciones","https:\/\/www.instagram.com\/7ecnosoluciones\/"]}]}},"_links":{"self":[{"href":"https:\/\/www.7ecnosoluciones.com\/en\/wp-json\/wp\/v2\/product\/2803","targetHints":{"allow":["GET"]}}],"collection":[{"href":"https:\/\/www.7ecnosoluciones.com\/en\/wp-json\/wp\/v2\/product"}],"about":[{"href":"https:\/\/www.7ecnosoluciones.com\/en\/wp-json\/wp\/v2\/types\/product"}],"replies":[{"embeddable":true,"href":"https:\/\/www.7ecnosoluciones.com\/en\/wp-json\/wp\/v2\/comments?post=2803"}],"wp:featuredmedia":[{"embeddable":true,"href":"https:\/\/www.7ecnosoluciones.com\/en\/wp-json\/wp\/v2\/media\/2804"}],"wp:attachment":[{"href":"https:\/\/www.7ecnosoluciones.com\/en\/wp-json\/wp\/v2\/media?parent=2803"}],"wp:term":[{"taxonomy":"product_cat","embeddable":true,"href":"https:\/\/www.7ecnosoluciones.com\/en\/wp-json\/wp\/v2\/product_cat?post=2803"},{"taxonomy":"product_tag","embeddable":true,"href":"https:\/\/www.7ecnosoluciones.com\/en\/wp-json\/wp\/v2\/product_tag?post=2803"}],"curies":[{"name":"wp","href":"https:\/\/api.w.org\/{rel}","templated":true}]}}