{"id":2795,"date":"2021-07-14T15:56:26","date_gmt":"2021-07-14T20:56:26","guid":{"rendered":"https:\/\/www.7ecnosoluciones.com\/?post_type=product&#038;p=2795"},"modified":"2021-07-14T16:26:53","modified_gmt":"2021-07-14T21:26:53","slug":"memoria-usb-dt100-g3-64gb-3-0-kingston-9202","status":"publish","type":"product","link":"https:\/\/www.7ecnosoluciones.com\/en\/product\/memoria-usb-dt100-g3-64gb-3-0-kingston-9202\/","title":{"rendered":"Memoria USB DT100 G3 64GB 3.0 KINGSTON 9202"},"content":{"rendered":"<div class=\"wpb-content-wrapper\"><div class=\"vc_row wpb_row row top-row\"><div class=\"vc_column_container col-md-12\"><div class=\"wpb_wrapper vc_column-inner\">\n\t<div class=\"wpb_text_column wpb_content_element\" >\n\t\t<div class=\"wpb_wrapper\">\n\t\t\t<table class=\"a-normal a-spacing-micro aligncenter\" style=\"width: 90.5458%;\">\n<tbody>\n<tr class=\"a-spacing-small\">\n<td class=\"a-span3\" style=\"width: 64.1651%;\"><strong><span class=\"a-size-base a-text-bold\">Color<\/span><\/strong><\/td>\n<td class=\"a-span9\" style=\"width: 34.2601%;\"><span class=\"a-size-base\">Negro<\/span><\/td>\n<\/tr>\n<tr class=\"a-spacing-small\">\n<td class=\"a-span3\" style=\"width: 64.1651%;\"><strong><span class=\"a-size-base a-text-bold\">Capacidad de almacenamiento de memoria<\/span><\/strong><\/td>\n<td class=\"a-span9\" style=\"width: 34.2601%;\"><span class=\"a-size-base\">64 GB<\/span><\/td>\n<\/tr>\n<tr class=\"a-spacing-small\">\n<td class=\"a-span3\" style=\"width: 64.1651%;\"><strong><span class=\"a-size-base a-text-bold\">Marca<\/span><\/strong><\/td>\n<td class=\"a-span9\" style=\"width: 34.2601%;\"><span class=\"a-size-base\">Kingston<\/span><\/td>\n<\/tr>\n<tr class=\"a-spacing-small\">\n<td class=\"a-span3\" style=\"width: 64.1651%;\"><strong><span class=\"a-size-base a-text-bold\">Interfaz de hardware<\/span><\/strong><\/td>\n<td class=\"a-span9\" style=\"width: 34.2601%;\"><span class=\"a-size-base\">USB 3.0<\/span><\/td>\n<\/tr>\n<tr class=\"a-spacing-small\">\n<td class=\"a-span3\" style=\"width: 64.1651%;\"><strong><span class=\"a-size-base a-text-bold\">Velocidad de lectura<\/span><\/strong><\/td>\n<td class=\"a-span9\" style=\"width: 34.2601%;\"><span class=\"a-size-base\">40 Megabytes por segundo<\/span><\/td>\n<\/tr>\n<tr class=\"a-spacing-small\">\n<td class=\"a-span3\" style=\"width: 64.1651%;\"><strong><span class=\"a-size-base a-text-bold\">Velocidad de escritura<\/span><\/strong><\/td>\n<td class=\"a-span9\" style=\"width: 34.2601%;\"><span class=\"a-size-base\">10.0<\/span><\/td>\n<\/tr>\n<\/tbody>\n<\/table>\n<h4 class=\"a-size-base-plus a-text-bold\">Acerca de este producto<\/h4>\n<ul class=\"a-unordered-list a-vertical a-spacing-mini\">\n<li><span class=\"a-list-item\">Dise\u00f1o elegante en negro y tapa deslizante<\/span><\/li>\n<li><span class=\"a-list-item\">Un dispositivo de almacenamiento USB 3.0<\/span><\/li>\n<li><span class=\"a-list-item\">modelo: DT100G3\/64GB<\/span><\/li>\n<li><span class=\"a-list-item\">64GB<\/span><\/li>\n<\/ul>\n<h2 class=\"ui-pdp-description__title\">Descripci\u00f3n<\/h2>\n<p class=\"ui-pdp-description__content\">En <strong>7ecnosoluciones<\/strong> dejamos a su disposici\u00f3n este producto con las siguientes especificaciones<\/p>\n<p>El disco Flash USB DataTraveler\u00ae 100 G3 (DT100G3) de Kingston cumple las especificaciones USB 3.01 con el fin de aprovechar de esta tecnolog\u00eda en los nuevos notebooks, ordenadores de sobremesa y dispositivos digitales. Gracias a DT100G3, almacenar y transferir documentos, presentaciones, m\u00fasica, v\u00eddeo y dem\u00e1s tipos de archivos es m\u00e1s r\u00e1pido y f\u00e1cil que nunca.<\/p>\n<p>DT100G3 presenta un dise\u00f1o elegante y econ\u00f3mico que permite conducir la transici\u00f3n a USB 3.0 de un modo satisfactorio con una inversi\u00f3n m\u00ednima. DT100G3, disponible en capacidades de entre 16 y 256 GB2, tambi\u00e9n es retrocompatible con versiones anteriores de USB 2.0.<\/p>\n<p>Para recoger en Medell\u00edn y Bogot\u00e1.<br \/>\nDomicilio adicional.<br \/>\nDespachos a nivel nacional.<\/p>\n\n\t\t<\/div>\n\t<\/div>\n<\/div><\/div><\/div>\n<\/div>","protected":false},"excerpt":{"rendered":"<div class=\"feature\">\n<div class=\"title\">\n<table class=\"a-normal a-spacing-micro aligncenter\">\n<tbody>\n<tr class=\"a-spacing-small\">\n<td class=\"a-span3\" style=\"width: 64.1651%;\"><strong><span class=\"a-size-base a-text-bold\">Color<\/span><\/strong><\/td>\n<td class=\"a-span9\" style=\"width: 34.2601%;\"><span class=\"a-size-base\">Negro<\/span><\/td>\n<\/tr>\n<tr class=\"a-spacing-small\">\n<td class=\"a-span3\" style=\"width: 64.1651%;\"><strong><span class=\"a-size-base a-text-bold\">Capacidad de almacenamiento de memoria<\/span><\/strong><\/td>\n<td class=\"a-span9\" style=\"width: 34.2601%;\"><span class=\"a-size-base\">64 GB<\/span><\/td>\n<\/tr>\n<tr class=\"a-spacing-small\">\n<td class=\"a-span3\" style=\"width: 64.1651%;\"><strong><span class=\"a-size-base a-text-bold\">Marca<\/span><\/strong><\/td>\n<td class=\"a-span9\" style=\"width: 34.2601%;\"><span class=\"a-size-base\">Kingston<\/span><\/td>\n<\/tr>\n<tr class=\"a-spacing-small\">\n<td class=\"a-span3\" style=\"width: 64.1651%;\"><strong><span class=\"a-size-base a-text-bold\">Interfaz de hardware<\/span><\/strong><\/td>\n<td class=\"a-span9\" style=\"width: 34.2601%;\"><span class=\"a-size-base\">USB 3.0<\/span><\/td>\n<\/tr>\n<tr class=\"a-spacing-small\">\n<td class=\"a-span3\" style=\"width: 64.1651%;\"><strong><span class=\"a-size-base a-text-bold\">Velocidad de lectura<\/span><\/strong><\/td>\n<td class=\"a-span9\" style=\"width: 34.2601%;\"><span class=\"a-size-base\">40 Megabytes por segundo<\/span><\/td>\n<\/tr>\n<tr class=\"a-spacing-small\">\n<td class=\"a-span3\" style=\"width: 64.1651%;\"><strong><span class=\"a-size-base a-text-bold\">Velocidad de escritura<\/span><\/strong><\/td>\n<td class=\"a-span9\" style=\"width: 34.2601%;\"><span class=\"a-size-base\">10.0<\/span><\/td>\n<\/tr>\n<\/tbody>\n<\/table>\n<\/div>\n<\/div>","protected":false},"featured_media":2796,"comment_status":"open","ping_status":"closed","template":"","meta":{"_acf_changed":false,"content-type":"","_mo_disable_npp":""},"product_cat":[117],"product_tag":[121,85,118],"class_list":{"0":"post-2795","1":"product","2":"type-product","3":"status-publish","4":"has-post-thumbnail","6":"product_cat-memoria-usb-y-micro-sd","7":"product_tag-64gb","8":"product_tag-kingston","9":"product_tag-memoria-usb","11":"first","12":"instock","13":"shipping-taxable","14":"purchasable","15":"product-type-simple"},"acf":[],"yoast_head":"<!-- This site is optimized with the Yoast SEO plugin v23.2 - https:\/\/yoast.com\/wordpress\/plugins\/seo\/ -->\n<title>Memoria USB DT100 G3 64GB 3.0 KINGSTON 9202 - 7ecnosoluciones<\/title>\n<meta name=\"robots\" content=\"index, follow, max-snippet:-1, max-image-preview:large, max-video-preview:-1\" \/>\n<link rel=\"canonical\" href=\"https:\/\/www.7ecnosoluciones.com\/en\/product\/memoria-usb-dt100-g3-64gb-3-0-kingston-9202\/\" \/>\n<meta property=\"og:locale\" content=\"en_US\" \/>\n<meta property=\"og:type\" content=\"article\" \/>\n<meta property=\"og:title\" content=\"Memoria USB DT100 G3 64GB 3.0 KINGSTON 9202 - 7ecnosoluciones\" \/>\n<meta property=\"og:description\" content=\"Color Negro   Capacidad de almacenamiento de memoria 64 GB   Marca Kingston   Interfaz de hardware USB 3.0   Velocidad de lectura 40 Megabytes por segundo   Velocidad de escritura 10.0\" \/>\n<meta property=\"og:url\" content=\"https:\/\/www.7ecnosoluciones.com\/en\/product\/memoria-usb-dt100-g3-64gb-3-0-kingston-9202\/\" \/>\n<meta property=\"og:site_name\" content=\"7ecnosoluciones\" \/>\n<meta property=\"article:publisher\" content=\"https:\/\/www.facebook.com\/7ecnosoluciones\" \/>\n<meta property=\"article:modified_time\" content=\"2021-07-14T21:26:53+00:00\" \/>\n<meta property=\"og:image\" content=\"https:\/\/www.7ecnosoluciones.com\/wp-content\/uploads\/2021\/07\/MEMORIA-USB-DT100-G3-64GB-3.0-KINGSTON-9202.jpg\" \/>\n\t<meta property=\"og:image:width\" content=\"624\" \/>\n\t<meta property=\"og:image:height\" content=\"624\" \/>\n\t<meta property=\"og:image:type\" content=\"image\/jpeg\" \/>\n<meta name=\"twitter:card\" content=\"summary_large_image\" \/>\n<meta name=\"twitter:label1\" content=\"Est. reading time\" \/>\n\t<meta name=\"twitter:data1\" content=\"1 minute\" \/>\n<script type=\"application\/ld+json\" class=\"yoast-schema-graph\">{\"@context\":\"https:\/\/schema.org\",\"@graph\":[{\"@type\":\"WebPage\",\"@id\":\"https:\/\/www.7ecnosoluciones.com\/product\/memoria-usb-dt100-g3-64gb-3-0-kingston-9202\/\",\"url\":\"https:\/\/www.7ecnosoluciones.com\/product\/memoria-usb-dt100-g3-64gb-3-0-kingston-9202\/\",\"name\":\"Memoria USB DT100 G3 64GB 3.0 KINGSTON 9202 - 7ecnosoluciones\",\"isPartOf\":{\"@id\":\"https:\/\/www.7ecnosoluciones.com\/#website\"},\"primaryImageOfPage\":{\"@id\":\"https:\/\/www.7ecnosoluciones.com\/product\/memoria-usb-dt100-g3-64gb-3-0-kingston-9202\/#primaryimage\"},\"image\":{\"@id\":\"https:\/\/www.7ecnosoluciones.com\/product\/memoria-usb-dt100-g3-64gb-3-0-kingston-9202\/#primaryimage\"},\"thumbnailUrl\":\"https:\/\/www.7ecnosoluciones.com\/wp-content\/uploads\/2021\/07\/MEMORIA-USB-DT100-G3-64GB-3.0-KINGSTON-9202.jpg\",\"datePublished\":\"2021-07-14T20:56:26+00:00\",\"dateModified\":\"2021-07-14T21:26:53+00:00\",\"breadcrumb\":{\"@id\":\"https:\/\/www.7ecnosoluciones.com\/product\/memoria-usb-dt100-g3-64gb-3-0-kingston-9202\/#breadcrumb\"},\"inLanguage\":\"en-US\",\"potentialAction\":[{\"@type\":\"ReadAction\",\"target\":[\"https:\/\/www.7ecnosoluciones.com\/product\/memoria-usb-dt100-g3-64gb-3-0-kingston-9202\/\"]}]},{\"@type\":\"ImageObject\",\"inLanguage\":\"en-US\",\"@id\":\"https:\/\/www.7ecnosoluciones.com\/product\/memoria-usb-dt100-g3-64gb-3-0-kingston-9202\/#primaryimage\",\"url\":\"https:\/\/www.7ecnosoluciones.com\/wp-content\/uploads\/2021\/07\/MEMORIA-USB-DT100-G3-64GB-3.0-KINGSTON-9202.jpg\",\"contentUrl\":\"https:\/\/www.7ecnosoluciones.com\/wp-content\/uploads\/2021\/07\/MEMORIA-USB-DT100-G3-64GB-3.0-KINGSTON-9202.jpg\",\"width\":624,\"height\":624},{\"@type\":\"BreadcrumbList\",\"@id\":\"https:\/\/www.7ecnosoluciones.com\/product\/memoria-usb-dt100-g3-64gb-3-0-kingston-9202\/#breadcrumb\",\"itemListElement\":[{\"@type\":\"ListItem\",\"position\":1,\"name\":\"Portada\",\"item\":\"https:\/\/www.7ecnosoluciones.com\/\"},{\"@type\":\"ListItem\",\"position\":2,\"name\":\"Tienda\",\"item\":\"https:\/\/www.7ecnosoluciones.com\/tienda\/\"},{\"@type\":\"ListItem\",\"position\":3,\"name\":\"Memoria USB DT100 G3 64GB 3.0 KINGSTON 9202\"}]},{\"@type\":\"WebSite\",\"@id\":\"https:\/\/www.7ecnosoluciones.com\/#website\",\"url\":\"https:\/\/www.7ecnosoluciones.com\/\",\"name\":\"7ecnosoluciones\",\"description\":\"Vive la confianza y experiencia\",\"publisher\":{\"@id\":\"https:\/\/www.7ecnosoluciones.com\/#organization\"},\"potentialAction\":[{\"@type\":\"SearchAction\",\"target\":{\"@type\":\"EntryPoint\",\"urlTemplate\":\"https:\/\/www.7ecnosoluciones.com\/?s={search_term_string}\"},\"query-input\":\"required name=search_term_string\"}],\"inLanguage\":\"en-US\"},{\"@type\":\"Organization\",\"@id\":\"https:\/\/www.7ecnosoluciones.com\/#organization\",\"name\":\"7ecnosoluciones\",\"url\":\"https:\/\/www.7ecnosoluciones.com\/\",\"logo\":{\"@type\":\"ImageObject\",\"inLanguage\":\"en-US\",\"@id\":\"https:\/\/www.7ecnosoluciones.com\/#\/schema\/logo\/image\/\",\"url\":\"https:\/\/www.7ecnosoluciones.com\/wp-content\/uploads\/2020\/07\/logo-1.png\",\"contentUrl\":\"https:\/\/www.7ecnosoluciones.com\/wp-content\/uploads\/2020\/07\/logo-1.png\",\"width\":836,\"height\":227,\"caption\":\"7ecnosoluciones\"},\"image\":{\"@id\":\"https:\/\/www.7ecnosoluciones.com\/#\/schema\/logo\/image\/\"},\"sameAs\":[\"https:\/\/www.facebook.com\/7ecnosoluciones\",\"https:\/\/www.instagram.com\/7ecnosoluciones\/\"]}]}<\/script>\n<!-- \/ Yoast SEO plugin. -->","yoast_head_json":{"title":"Memoria USB DT100 G3 64GB 3.0 KINGSTON 9202 - 7ecnosoluciones","robots":{"index":"index","follow":"follow","max-snippet":"max-snippet:-1","max-image-preview":"max-image-preview:large","max-video-preview":"max-video-preview:-1"},"canonical":"https:\/\/www.7ecnosoluciones.com\/en\/product\/memoria-usb-dt100-g3-64gb-3-0-kingston-9202\/","og_locale":"en_US","og_type":"article","og_title":"Memoria USB DT100 G3 64GB 3.0 KINGSTON 9202 - 7ecnosoluciones","og_description":"Color Negro   Capacidad de almacenamiento de memoria 64 GB   Marca Kingston   Interfaz de hardware USB 3.0   Velocidad de lectura 40 Megabytes por segundo   Velocidad de escritura 10.0","og_url":"https:\/\/www.7ecnosoluciones.com\/en\/product\/memoria-usb-dt100-g3-64gb-3-0-kingston-9202\/","og_site_name":"7ecnosoluciones","article_publisher":"https:\/\/www.facebook.com\/7ecnosoluciones","article_modified_time":"2021-07-14T21:26:53+00:00","og_image":[{"width":624,"height":624,"url":"https:\/\/www.7ecnosoluciones.com\/wp-content\/uploads\/2021\/07\/MEMORIA-USB-DT100-G3-64GB-3.0-KINGSTON-9202.jpg","type":"image\/jpeg"}],"twitter_card":"summary_large_image","twitter_misc":{"Est. reading time":"1 minute"},"schema":{"@context":"https:\/\/schema.org","@graph":[{"@type":"WebPage","@id":"https:\/\/www.7ecnosoluciones.com\/product\/memoria-usb-dt100-g3-64gb-3-0-kingston-9202\/","url":"https:\/\/www.7ecnosoluciones.com\/product\/memoria-usb-dt100-g3-64gb-3-0-kingston-9202\/","name":"Memoria USB DT100 G3 64GB 3.0 KINGSTON 9202 - 7ecnosoluciones","isPartOf":{"@id":"https:\/\/www.7ecnosoluciones.com\/#website"},"primaryImageOfPage":{"@id":"https:\/\/www.7ecnosoluciones.com\/product\/memoria-usb-dt100-g3-64gb-3-0-kingston-9202\/#primaryimage"},"image":{"@id":"https:\/\/www.7ecnosoluciones.com\/product\/memoria-usb-dt100-g3-64gb-3-0-kingston-9202\/#primaryimage"},"thumbnailUrl":"https:\/\/www.7ecnosoluciones.com\/wp-content\/uploads\/2021\/07\/MEMORIA-USB-DT100-G3-64GB-3.0-KINGSTON-9202.jpg","datePublished":"2021-07-14T20:56:26+00:00","dateModified":"2021-07-14T21:26:53+00:00","breadcrumb":{"@id":"https:\/\/www.7ecnosoluciones.com\/product\/memoria-usb-dt100-g3-64gb-3-0-kingston-9202\/#breadcrumb"},"inLanguage":"en-US","potentialAction":[{"@type":"ReadAction","target":["https:\/\/www.7ecnosoluciones.com\/product\/memoria-usb-dt100-g3-64gb-3-0-kingston-9202\/"]}]},{"@type":"ImageObject","inLanguage":"en-US","@id":"https:\/\/www.7ecnosoluciones.com\/product\/memoria-usb-dt100-g3-64gb-3-0-kingston-9202\/#primaryimage","url":"https:\/\/www.7ecnosoluciones.com\/wp-content\/uploads\/2021\/07\/MEMORIA-USB-DT100-G3-64GB-3.0-KINGSTON-9202.jpg","contentUrl":"https:\/\/www.7ecnosoluciones.com\/wp-content\/uploads\/2021\/07\/MEMORIA-USB-DT100-G3-64GB-3.0-KINGSTON-9202.jpg","width":624,"height":624},{"@type":"BreadcrumbList","@id":"https:\/\/www.7ecnosoluciones.com\/product\/memoria-usb-dt100-g3-64gb-3-0-kingston-9202\/#breadcrumb","itemListElement":[{"@type":"ListItem","position":1,"name":"Portada","item":"https:\/\/www.7ecnosoluciones.com\/"},{"@type":"ListItem","position":2,"name":"Tienda","item":"https:\/\/www.7ecnosoluciones.com\/tienda\/"},{"@type":"ListItem","position":3,"name":"Memoria USB DT100 G3 64GB 3.0 KINGSTON 9202"}]},{"@type":"WebSite","@id":"https:\/\/www.7ecnosoluciones.com\/#website","url":"https:\/\/www.7ecnosoluciones.com\/","name":"7ecnosoluciones","description":"Vive la confianza y experiencia","publisher":{"@id":"https:\/\/www.7ecnosoluciones.com\/#organization"},"potentialAction":[{"@type":"SearchAction","target":{"@type":"EntryPoint","urlTemplate":"https:\/\/www.7ecnosoluciones.com\/?s={search_term_string}"},"query-input":"required name=search_term_string"}],"inLanguage":"en-US"},{"@type":"Organization","@id":"https:\/\/www.7ecnosoluciones.com\/#organization","name":"7ecnosoluciones","url":"https:\/\/www.7ecnosoluciones.com\/","logo":{"@type":"ImageObject","inLanguage":"en-US","@id":"https:\/\/www.7ecnosoluciones.com\/#\/schema\/logo\/image\/","url":"https:\/\/www.7ecnosoluciones.com\/wp-content\/uploads\/2020\/07\/logo-1.png","contentUrl":"https:\/\/www.7ecnosoluciones.com\/wp-content\/uploads\/2020\/07\/logo-1.png","width":836,"height":227,"caption":"7ecnosoluciones"},"image":{"@id":"https:\/\/www.7ecnosoluciones.com\/#\/schema\/logo\/image\/"},"sameAs":["https:\/\/www.facebook.com\/7ecnosoluciones","https:\/\/www.instagram.com\/7ecnosoluciones\/"]}]}},"_links":{"self":[{"href":"https:\/\/www.7ecnosoluciones.com\/en\/wp-json\/wp\/v2\/product\/2795","targetHints":{"allow":["GET"]}}],"collection":[{"href":"https:\/\/www.7ecnosoluciones.com\/en\/wp-json\/wp\/v2\/product"}],"about":[{"href":"https:\/\/www.7ecnosoluciones.com\/en\/wp-json\/wp\/v2\/types\/product"}],"replies":[{"embeddable":true,"href":"https:\/\/www.7ecnosoluciones.com\/en\/wp-json\/wp\/v2\/comments?post=2795"}],"wp:featuredmedia":[{"embeddable":true,"href":"https:\/\/www.7ecnosoluciones.com\/en\/wp-json\/wp\/v2\/media\/2796"}],"wp:attachment":[{"href":"https:\/\/www.7ecnosoluciones.com\/en\/wp-json\/wp\/v2\/media?parent=2795"}],"wp:term":[{"taxonomy":"product_cat","embeddable":true,"href":"https:\/\/www.7ecnosoluciones.com\/en\/wp-json\/wp\/v2\/product_cat?post=2795"},{"taxonomy":"product_tag","embeddable":true,"href":"https:\/\/www.7ecnosoluciones.com\/en\/wp-json\/wp\/v2\/product_tag?post=2795"}],"curies":[{"name":"wp","href":"https:\/\/api.w.org\/{rel}","templated":true}]}}