{"id":2792,"date":"2021-07-12T19:15:20","date_gmt":"2021-07-13T00:15:20","guid":{"rendered":"https:\/\/www.7ecnosoluciones.com\/?post_type=product&#038;p=2792"},"modified":"2024-01-31T17:01:41","modified_gmt":"2024-01-31T22:01:41","slug":"impresora-multifucional-epson-ecotank-l4160-wifi","status":"publish","type":"product","link":"https:\/\/www.7ecnosoluciones.com\/en\/product\/impresora-multifucional-epson-ecotank-l4160-wifi\/","title":{"rendered":"Impresora Multifucional EPSON Ecotank L4160 WIFI"},"content":{"rendered":"<div class=\"wpb-content-wrapper\"><div class=\"vc_row wpb_row row top-row\"><div class=\"vc_column_container col-md-12\"><div class=\"wpb_wrapper vc_column-inner\">\n\t<div class=\"wpb_text_column wpb_content_element\" >\n\t\t<div class=\"wpb_wrapper\">\n\t\t\t<h3 class=\"name\">Impresora a color inal\u00e1mbrica con esc\u00e1ner y copiadora Epson EcoTank L4160<\/h3>\n<div class=\"description\">\n<p>La multifuncional inal\u00e1mbrica EcoTank L4160 te ofrece la revolucionaria impresi\u00f3n sin cartuchos, con nuevo dise\u00f1o de tanques frontales, botellas de tinta con llenado autom\u00e1tico y codi_cadas para llenado f\u00e1cil de cada color. Adem\u00e1s, la EcoTank L4160 te permite imprimir hasta 7.500 p\u00e1ginas en negro<sup>1<\/sup>\u00a0o 6.000 p\u00e1ginas a color<sup>1<\/sup>. Imprime cientos de proyectos sin interrupciones, con los juegos de botellas de tinta original Epson que equivalen a unos 35 juegos de cartuchos de tinta<sup>2<\/sup>, ahorrando hasta 90 % en tinta con las botellas de reemplazo de bajo costo<sup>3<\/sup>. La EcoTank L4160 tambi\u00e9n permite imprimir en forma inal\u00e1mbrica desde tabletas y tel\u00e9fonos inteligentes<sup>4<\/sup>\u00a0y tiene Wi-Fi Direct<sup>\u21226<\/sup>\u00a0e impresi\u00f3n autom\u00e1tica a doble cara.<\/p>\n<p>&nbsp;<\/p>\n<ul class=\"details\">\n<li style=\"list-style-type: none;\">\n<ul>\n<li style=\"list-style-type: none;\">\n<ul>\n<li style=\"list-style-type: none;\">\n<ul>\n<li>Ahorra hasta el 90 por ciento en la tinta con las botellas de reemplazo de bajo costo<sup>3<\/sup><\/li>\n<li>Imprime hasta 7.500 p\u00e1ginas en negro<sup>1<\/sup>\u00a0y 6.000 p\u00e1ginas a color<sup>1<\/sup><\/li>\n<li>Nuevo dise\u00f1o de relleno de botellas con llenado autom\u00e1tico, codificadas de manera \u00fanica para el llenado f\u00e1cil de cada color<\/li>\n<li>Impresi\u00f3n inal\u00e1mbrica\/con Wi-Fi Direct<sup>6<\/sup>\u00a0desde tabletas\/tel\u00e9fonos inteligentes<sup>4<\/sup><\/li>\n<li>Garant\u00eda limitada\u00a0 de dos a\u00f1os con el registro<sup>5<\/sup><\/li>\n<li><span class=\"key\">Modelo:<\/span>\u00a0<span class=\"value\">C11CG23301<\/span><\/li>\n<\/ul>\n<\/li>\n<\/ul>\n<\/li>\n<\/ul>\n<\/li>\n<\/ul>\n<div class=\"text-row\">\n<h4><strong>Imprimir:<\/strong><\/h4>\n<hr \/>\n<p><strong>Tecnolog\u00eda de Impresi\u00f3n:<\/strong>Inyecci\u00f3n de tinta MicroPiezo\u00ae de 4 colores (CMYK)<strong>Resoluci\u00f3n M\u00e1xima de Impresi\u00f3n:<\/strong>Hasta 5760 x 1440 dpi de resoluci\u00f3n optimizada en varios tipos de papel<strong>Velocidad de Impresi\u00f3n:<\/strong><\/p>\n<ul>\n<li>M\u00e1xima Negro 33 ppm y Color 15 ppm<\/li>\n<li>Normal Negro 10 ISO ppm y Color 5 ISO ppm<\/li>\n<\/ul>\n<p><strong>Tama\u00f1o M\u00ednimo de la Gota de Tinta:<\/strong>3 picolitros<\/p>\n<\/div>\n<div class=\"text-row\">\n<h4><strong>General:<\/strong><\/h4>\n<hr \/>\n<p><strong>Sistemas de Operaci\u00f3n:<\/strong>Windows Vista\u00ae\/Windows\u00ae 7\/Windows\u00ae 8\/8.1\/Windows\u00ae 10 (32bit\/64bit), Windows Server\u00ae 2003 SP2 \u2013 Windows Server\u00ae 20167, Mac OS X 10.6.8 \u2013 Mac OS 10.12.x8<strong>Dimensiones:<\/strong><\/p>\n<ul>\n<li>Abierto: 37.5 cm x 56.7 cm x 25.9 cm<\/li>\n<li>Cerrado: 37.5 cm x 34.7 cm x 18.7 cm<\/li>\n<\/ul>\n<p><strong>Peso:<\/strong>5.0 kg<strong>Funciones ECO:<\/strong><\/p>\n<ul>\n<li>Cumple las normas de ENERGY STAR\u00ae<\/li>\n<li>Cumple la directiva RoHS<\/li>\n<\/ul>\n<\/div>\n<div class=\"text-row\">\n<h4><strong>Copiar:<\/strong><\/h4>\n<hr \/>\n<p><strong>Velocidad de Copia:<\/strong>7.7 ISO cpm (negro), 3.8 ISO cpm (color)<strong>Calidad de Copia:<\/strong>Color, blanco\/negro, borrador\/normal<strong>Cantidad de Copias:<\/strong>1-20 copias (sin PC)<strong>M\u00e1ximo Tama\u00f1o de Copia:<\/strong>A4, carta<\/p>\n<\/div>\n<\/div>\n\n\t\t<\/div>\n\t<\/div>\n<\/div><\/div><\/div>\n<\/div>","protected":false},"excerpt":{"rendered":"<div class=\"feature\">\n<div class=\"title\">\n<h3 class=\"name\">Impresora a color inal\u00e1mbrica con esc\u00e1ner y copiadora Epson EcoTank L4160<\/h3>\n<div class=\"description\">\n<p>La multifuncional inal\u00e1mbrica EcoTank L4160 te ofrece la revolucionaria impresi\u00f3n sin cartuchos, con nuevo dise\u00f1o de tanques frontales, botellas de tinta con llenado autom\u00e1tico y codi_cadas para llenado f\u00e1cil de cada color. Adem\u00e1s, la EcoTank L4160 te permite imprimir hasta 7.500 p\u00e1ginas en negro<sup>1<\/sup>\u00a0o 6.000 p\u00e1ginas a color<sup>1<\/sup>. Imprime cientos de proyectos sin interrupciones, con los juegos de botellas de tinta original Epson que equivalen a unos 35 juegos de cartuchos de tinta<sup>2<\/sup>, ahorrando hasta 90 % en tinta con las botellas de reemplazo de bajo costo<sup>3<\/sup>. La EcoTank L4160 tambi\u00e9n permite imprimir en forma inal\u00e1mbrica desde tabletas y tel\u00e9fonos inteligentes<sup>4<\/sup>\u00a0y tiene Wi-Fi Direct<sup>\u21226<\/sup>\u00a0e impresi\u00f3n autom\u00e1tica a doble cara.<\/p>\n<\/div>\n<\/div>\n<\/div>","protected":false},"featured_media":2887,"comment_status":"open","ping_status":"closed","template":"","meta":{"_acf_changed":false,"content-type":"","_mo_disable_npp":""},"product_cat":[54],"product_tag":[116,115],"class_list":{"0":"post-2792","1":"product","2":"type-product","3":"status-publish","4":"has-post-thumbnail","6":"product_cat-impresoras","7":"product_tag-ecotank","8":"product_tag-epson","10":"first","11":"outofstock","12":"shipping-taxable","13":"purchasable","14":"product-type-simple"},"acf":[],"yoast_head":"<!-- This site is optimized with the Yoast SEO plugin v23.2 - https:\/\/yoast.com\/wordpress\/plugins\/seo\/ -->\n<title>Impresora Multifucional EPSON Ecotank L4160 WIFI - 7ecnosoluciones<\/title>\n<meta name=\"robots\" content=\"index, follow, max-snippet:-1, max-image-preview:large, max-video-preview:-1\" \/>\n<link rel=\"canonical\" href=\"https:\/\/www.7ecnosoluciones.com\/en\/product\/impresora-multifucional-epson-ecotank-l4160-wifi\/\" \/>\n<meta property=\"og:locale\" content=\"en_US\" \/>\n<meta property=\"og:type\" content=\"article\" \/>\n<meta property=\"og:title\" content=\"Impresora Multifucional EPSON Ecotank L4160 WIFI - 7ecnosoluciones\" \/>\n<meta property=\"og:description\" content=\"Impresora a color inal\u00e1mbrica con esc\u00e1ner y copiadora Epson EcoTank L4160   La multifuncional inal\u00e1mbrica EcoTank L4160 te ofrece la revolucionaria impresi\u00f3n sin cartuchos, con nuevo dise\u00f1o de tanques frontales, botellas de tinta con llenado autom\u00e1tico y codi_cadas para llenado f\u00e1cil de cada color. Adem\u00e1s, la EcoTank L4160 te permite imprimir hasta 7.500 p\u00e1ginas en negro1\u00a0o 6.000 p\u00e1ginas a color1. Imprime cientos de proyectos sin interrupciones, con los juegos de botellas de tinta original Epson que equivalen a unos 35 juegos de cartuchos de tinta2, ahorrando hasta 90 % en tinta con las botellas de reemplazo de bajo costo3. La EcoTank L4160 tambi\u00e9n permite imprimir en forma inal\u00e1mbrica desde tabletas y tel\u00e9fonos inteligentes4\u00a0y tiene Wi-Fi Direct\u21226\u00a0e impresi\u00f3n autom\u00e1tica a doble cara.\" \/>\n<meta property=\"og:url\" content=\"https:\/\/www.7ecnosoluciones.com\/en\/product\/impresora-multifucional-epson-ecotank-l4160-wifi\/\" \/>\n<meta property=\"og:site_name\" content=\"7ecnosoluciones\" \/>\n<meta property=\"article:publisher\" content=\"https:\/\/www.facebook.com\/7ecnosoluciones\" \/>\n<meta property=\"article:modified_time\" content=\"2024-01-31T22:01:41+00:00\" \/>\n<meta property=\"og:image\" content=\"https:\/\/www.7ecnosoluciones.com\/wp-content\/uploads\/2021\/07\/L4160_EPSON-ECOTANK-2.jpg\" \/>\n\t<meta property=\"og:image:width\" content=\"550\" \/>\n\t<meta property=\"og:image:height\" content=\"550\" \/>\n\t<meta property=\"og:image:type\" content=\"image\/jpeg\" \/>\n<meta name=\"twitter:card\" content=\"summary_large_image\" \/>\n<meta name=\"twitter:label1\" content=\"Est. reading time\" \/>\n\t<meta name=\"twitter:data1\" content=\"2 minutes\" \/>\n<script type=\"application\/ld+json\" class=\"yoast-schema-graph\">{\"@context\":\"https:\/\/schema.org\",\"@graph\":[{\"@type\":\"WebPage\",\"@id\":\"https:\/\/www.7ecnosoluciones.com\/product\/impresora-multifucional-epson-ecotank-l4160-wifi\/\",\"url\":\"https:\/\/www.7ecnosoluciones.com\/product\/impresora-multifucional-epson-ecotank-l4160-wifi\/\",\"name\":\"Impresora Multifucional EPSON Ecotank L4160 WIFI - 7ecnosoluciones\",\"isPartOf\":{\"@id\":\"https:\/\/www.7ecnosoluciones.com\/#website\"},\"primaryImageOfPage\":{\"@id\":\"https:\/\/www.7ecnosoluciones.com\/product\/impresora-multifucional-epson-ecotank-l4160-wifi\/#primaryimage\"},\"image\":{\"@id\":\"https:\/\/www.7ecnosoluciones.com\/product\/impresora-multifucional-epson-ecotank-l4160-wifi\/#primaryimage\"},\"thumbnailUrl\":\"https:\/\/www.7ecnosoluciones.com\/wp-content\/uploads\/2021\/07\/L4160_EPSON-ECOTANK-2.jpg\",\"datePublished\":\"2021-07-13T00:15:20+00:00\",\"dateModified\":\"2024-01-31T22:01:41+00:00\",\"breadcrumb\":{\"@id\":\"https:\/\/www.7ecnosoluciones.com\/product\/impresora-multifucional-epson-ecotank-l4160-wifi\/#breadcrumb\"},\"inLanguage\":\"en-US\",\"potentialAction\":[{\"@type\":\"ReadAction\",\"target\":[\"https:\/\/www.7ecnosoluciones.com\/product\/impresora-multifucional-epson-ecotank-l4160-wifi\/\"]}]},{\"@type\":\"ImageObject\",\"inLanguage\":\"en-US\",\"@id\":\"https:\/\/www.7ecnosoluciones.com\/product\/impresora-multifucional-epson-ecotank-l4160-wifi\/#primaryimage\",\"url\":\"https:\/\/www.7ecnosoluciones.com\/wp-content\/uploads\/2021\/07\/L4160_EPSON-ECOTANK-2.jpg\",\"contentUrl\":\"https:\/\/www.7ecnosoluciones.com\/wp-content\/uploads\/2021\/07\/L4160_EPSON-ECOTANK-2.jpg\",\"width\":550,\"height\":550},{\"@type\":\"BreadcrumbList\",\"@id\":\"https:\/\/www.7ecnosoluciones.com\/product\/impresora-multifucional-epson-ecotank-l4160-wifi\/#breadcrumb\",\"itemListElement\":[{\"@type\":\"ListItem\",\"position\":1,\"name\":\"Portada\",\"item\":\"https:\/\/www.7ecnosoluciones.com\/\"},{\"@type\":\"ListItem\",\"position\":2,\"name\":\"Tienda\",\"item\":\"https:\/\/www.7ecnosoluciones.com\/tienda\/\"},{\"@type\":\"ListItem\",\"position\":3,\"name\":\"Impresora Multifucional EPSON Ecotank L4160 WIFI\"}]},{\"@type\":\"WebSite\",\"@id\":\"https:\/\/www.7ecnosoluciones.com\/#website\",\"url\":\"https:\/\/www.7ecnosoluciones.com\/\",\"name\":\"7ecnosoluciones\",\"description\":\"Vive la confianza y experiencia\",\"publisher\":{\"@id\":\"https:\/\/www.7ecnosoluciones.com\/#organization\"},\"potentialAction\":[{\"@type\":\"SearchAction\",\"target\":{\"@type\":\"EntryPoint\",\"urlTemplate\":\"https:\/\/www.7ecnosoluciones.com\/?s={search_term_string}\"},\"query-input\":\"required name=search_term_string\"}],\"inLanguage\":\"en-US\"},{\"@type\":\"Organization\",\"@id\":\"https:\/\/www.7ecnosoluciones.com\/#organization\",\"name\":\"7ecnosoluciones\",\"url\":\"https:\/\/www.7ecnosoluciones.com\/\",\"logo\":{\"@type\":\"ImageObject\",\"inLanguage\":\"en-US\",\"@id\":\"https:\/\/www.7ecnosoluciones.com\/#\/schema\/logo\/image\/\",\"url\":\"https:\/\/www.7ecnosoluciones.com\/wp-content\/uploads\/2020\/07\/logo-1.png\",\"contentUrl\":\"https:\/\/www.7ecnosoluciones.com\/wp-content\/uploads\/2020\/07\/logo-1.png\",\"width\":836,\"height\":227,\"caption\":\"7ecnosoluciones\"},\"image\":{\"@id\":\"https:\/\/www.7ecnosoluciones.com\/#\/schema\/logo\/image\/\"},\"sameAs\":[\"https:\/\/www.facebook.com\/7ecnosoluciones\",\"https:\/\/www.instagram.com\/7ecnosoluciones\/\"]}]}<\/script>\n<!-- \/ Yoast SEO plugin. -->","yoast_head_json":{"title":"Impresora Multifucional EPSON Ecotank L4160 WIFI - 7ecnosoluciones","robots":{"index":"index","follow":"follow","max-snippet":"max-snippet:-1","max-image-preview":"max-image-preview:large","max-video-preview":"max-video-preview:-1"},"canonical":"https:\/\/www.7ecnosoluciones.com\/en\/product\/impresora-multifucional-epson-ecotank-l4160-wifi\/","og_locale":"en_US","og_type":"article","og_title":"Impresora Multifucional EPSON Ecotank L4160 WIFI - 7ecnosoluciones","og_description":"Impresora a color inal\u00e1mbrica con esc\u00e1ner y copiadora Epson EcoTank L4160   La multifuncional inal\u00e1mbrica EcoTank L4160 te ofrece la revolucionaria impresi\u00f3n sin cartuchos, con nuevo dise\u00f1o de tanques frontales, botellas de tinta con llenado autom\u00e1tico y codi_cadas para llenado f\u00e1cil de cada color. Adem\u00e1s, la EcoTank L4160 te permite imprimir hasta 7.500 p\u00e1ginas en negro1\u00a0o 6.000 p\u00e1ginas a color1. Imprime cientos de proyectos sin interrupciones, con los juegos de botellas de tinta original Epson que equivalen a unos 35 juegos de cartuchos de tinta2, ahorrando hasta 90 % en tinta con las botellas de reemplazo de bajo costo3. La EcoTank L4160 tambi\u00e9n permite imprimir en forma inal\u00e1mbrica desde tabletas y tel\u00e9fonos inteligentes4\u00a0y tiene Wi-Fi Direct\u21226\u00a0e impresi\u00f3n autom\u00e1tica a doble cara.","og_url":"https:\/\/www.7ecnosoluciones.com\/en\/product\/impresora-multifucional-epson-ecotank-l4160-wifi\/","og_site_name":"7ecnosoluciones","article_publisher":"https:\/\/www.facebook.com\/7ecnosoluciones","article_modified_time":"2024-01-31T22:01:41+00:00","og_image":[{"width":550,"height":550,"url":"https:\/\/www.7ecnosoluciones.com\/wp-content\/uploads\/2021\/07\/L4160_EPSON-ECOTANK-2.jpg","type":"image\/jpeg"}],"twitter_card":"summary_large_image","twitter_misc":{"Est. reading time":"2 minutes"},"schema":{"@context":"https:\/\/schema.org","@graph":[{"@type":"WebPage","@id":"https:\/\/www.7ecnosoluciones.com\/product\/impresora-multifucional-epson-ecotank-l4160-wifi\/","url":"https:\/\/www.7ecnosoluciones.com\/product\/impresora-multifucional-epson-ecotank-l4160-wifi\/","name":"Impresora Multifucional EPSON Ecotank L4160 WIFI - 7ecnosoluciones","isPartOf":{"@id":"https:\/\/www.7ecnosoluciones.com\/#website"},"primaryImageOfPage":{"@id":"https:\/\/www.7ecnosoluciones.com\/product\/impresora-multifucional-epson-ecotank-l4160-wifi\/#primaryimage"},"image":{"@id":"https:\/\/www.7ecnosoluciones.com\/product\/impresora-multifucional-epson-ecotank-l4160-wifi\/#primaryimage"},"thumbnailUrl":"https:\/\/www.7ecnosoluciones.com\/wp-content\/uploads\/2021\/07\/L4160_EPSON-ECOTANK-2.jpg","datePublished":"2021-07-13T00:15:20+00:00","dateModified":"2024-01-31T22:01:41+00:00","breadcrumb":{"@id":"https:\/\/www.7ecnosoluciones.com\/product\/impresora-multifucional-epson-ecotank-l4160-wifi\/#breadcrumb"},"inLanguage":"en-US","potentialAction":[{"@type":"ReadAction","target":["https:\/\/www.7ecnosoluciones.com\/product\/impresora-multifucional-epson-ecotank-l4160-wifi\/"]}]},{"@type":"ImageObject","inLanguage":"en-US","@id":"https:\/\/www.7ecnosoluciones.com\/product\/impresora-multifucional-epson-ecotank-l4160-wifi\/#primaryimage","url":"https:\/\/www.7ecnosoluciones.com\/wp-content\/uploads\/2021\/07\/L4160_EPSON-ECOTANK-2.jpg","contentUrl":"https:\/\/www.7ecnosoluciones.com\/wp-content\/uploads\/2021\/07\/L4160_EPSON-ECOTANK-2.jpg","width":550,"height":550},{"@type":"BreadcrumbList","@id":"https:\/\/www.7ecnosoluciones.com\/product\/impresora-multifucional-epson-ecotank-l4160-wifi\/#breadcrumb","itemListElement":[{"@type":"ListItem","position":1,"name":"Portada","item":"https:\/\/www.7ecnosoluciones.com\/"},{"@type":"ListItem","position":2,"name":"Tienda","item":"https:\/\/www.7ecnosoluciones.com\/tienda\/"},{"@type":"ListItem","position":3,"name":"Impresora Multifucional EPSON Ecotank L4160 WIFI"}]},{"@type":"WebSite","@id":"https:\/\/www.7ecnosoluciones.com\/#website","url":"https:\/\/www.7ecnosoluciones.com\/","name":"7ecnosoluciones","description":"Vive la confianza y experiencia","publisher":{"@id":"https:\/\/www.7ecnosoluciones.com\/#organization"},"potentialAction":[{"@type":"SearchAction","target":{"@type":"EntryPoint","urlTemplate":"https:\/\/www.7ecnosoluciones.com\/?s={search_term_string}"},"query-input":"required name=search_term_string"}],"inLanguage":"en-US"},{"@type":"Organization","@id":"https:\/\/www.7ecnosoluciones.com\/#organization","name":"7ecnosoluciones","url":"https:\/\/www.7ecnosoluciones.com\/","logo":{"@type":"ImageObject","inLanguage":"en-US","@id":"https:\/\/www.7ecnosoluciones.com\/#\/schema\/logo\/image\/","url":"https:\/\/www.7ecnosoluciones.com\/wp-content\/uploads\/2020\/07\/logo-1.png","contentUrl":"https:\/\/www.7ecnosoluciones.com\/wp-content\/uploads\/2020\/07\/logo-1.png","width":836,"height":227,"caption":"7ecnosoluciones"},"image":{"@id":"https:\/\/www.7ecnosoluciones.com\/#\/schema\/logo\/image\/"},"sameAs":["https:\/\/www.facebook.com\/7ecnosoluciones","https:\/\/www.instagram.com\/7ecnosoluciones\/"]}]}},"_links":{"self":[{"href":"https:\/\/www.7ecnosoluciones.com\/en\/wp-json\/wp\/v2\/product\/2792","targetHints":{"allow":["GET"]}}],"collection":[{"href":"https:\/\/www.7ecnosoluciones.com\/en\/wp-json\/wp\/v2\/product"}],"about":[{"href":"https:\/\/www.7ecnosoluciones.com\/en\/wp-json\/wp\/v2\/types\/product"}],"replies":[{"embeddable":true,"href":"https:\/\/www.7ecnosoluciones.com\/en\/wp-json\/wp\/v2\/comments?post=2792"}],"wp:featuredmedia":[{"embeddable":true,"href":"https:\/\/www.7ecnosoluciones.com\/en\/wp-json\/wp\/v2\/media\/2887"}],"wp:attachment":[{"href":"https:\/\/www.7ecnosoluciones.com\/en\/wp-json\/wp\/v2\/media?parent=2792"}],"wp:term":[{"taxonomy":"product_cat","embeddable":true,"href":"https:\/\/www.7ecnosoluciones.com\/en\/wp-json\/wp\/v2\/product_cat?post=2792"},{"taxonomy":"product_tag","embeddable":true,"href":"https:\/\/www.7ecnosoluciones.com\/en\/wp-json\/wp\/v2\/product_tag?post=2792"}],"curies":[{"name":"wp","href":"https:\/\/api.w.org\/{rel}","templated":true}]}}