{"id":2773,"date":"2021-07-12T15:18:13","date_gmt":"2021-07-12T20:18:13","guid":{"rendered":"https:\/\/www.7ecnosoluciones.com\/?post_type=product&#038;p=2773"},"modified":"2022-09-26T17:52:06","modified_gmt":"2022-09-26T22:52:06","slug":"tarjeta-de-video-msi-geforce-1030-2gb-ddr5","status":"publish","type":"product","link":"https:\/\/www.7ecnosoluciones.com\/en\/product\/tarjeta-de-video-msi-geforce-1030-2gb-ddr5\/","title":{"rendered":"Tarjeta de Video MSI GEFORCE 1030 2GB DDR5"},"content":{"rendered":"<div class=\"wpb-content-wrapper\"><div class=\"vc_row wpb_row row top-row\"><div class=\"vc_column_container col-md-6\"><div class=\"wpb_wrapper vc_column-inner\">\n\t<div class=\"wpb_text_column wpb_content_element\" >\n\t\t<div class=\"wpb_wrapper\">\n\t\t\t<h3 class=\"green\">CONSIGUE GR\u00c1FICOS BRILLANTES EN TU PC<\/h3>\n<p>Acelera toda la experiencia de PC con la tarjeta gr\u00e1fica r\u00e1pida y poderosa NVIDIA\u00ae GeForce\u00ae GT 1030, ideal para Gaming y edici\u00f3n de video e im\u00e1genes en HD. La arquitectura premiada Pascal de NVIDIA, el poderoso motor de gr\u00e1ficos y la tecnolog\u00eda de vanguardia te dan el desempe\u00f1o que necesitas para ejecutar las aplicaciones de PC m\u00e1s demandantes de hoy en d\u00eda.<\/p>\n<p><style>#porto-info-list18916739469f1781e90f61 i { color: #222529;font-size: 16px; }<\/style><ul id=\"porto-info-list18916739469f1781e90f61\" class=\"porto-info-list pl-4 wpb_custom_d9a5005d79a4bc1ec636bf4b80eb346a\"><\/ul><li class=\"porto-info-list-item  wpb_custom_205edc6de9e53bd4458e8a5265d85879\"><i class=\"porto-info-icon fa fa-check-circle\"><\/i><div class=\"porto-info-list-item-desc\">Fabricante: MSI<\/div><\/li><li class=\"porto-info-list-item  wpb_custom_205edc6de9e53bd4458e8a5265d85879\"><i class=\"porto-info-icon fa fa-check-circle\"><\/i><div class=\"porto-info-list-item-desc\">GPU: NVIDIA GeForce GT 1030<\/div><\/li><li class=\"porto-info-list-item  wpb_custom_205edc6de9e53bd4458e8a5265d85879\"><i class=\"porto-info-icon fa fa-check-circle\"><\/i><div class=\"porto-info-list-item-desc\">Memoria: 2 GB DDR5 (64 bit)<\/div><\/li><li class=\"porto-info-list-item  wpb_custom_205edc6de9e53bd4458e8a5265d85879\"><i class=\"porto-info-icon fa fa-check-circle\"><\/i><div class=\"porto-info-list-item-desc\">Bus: PCI Express x16 3.0<\/div><\/li><li class=\"porto-info-list-item  wpb_custom_205edc6de9e53bd4458e8a5265d85879\"><i class=\"porto-info-icon fa fa-check-circle\"><\/i><div class=\"porto-info-list-item-desc\">Frecuencias:<\/div><\/li><li class=\"porto-info-list-item  wpb_custom_205edc6de9e53bd4458e8a5265d85879\"><i class=\"porto-info-icon fa fa-check-circle\"><\/i><div class=\"porto-info-list-item-desc\">Core: 1265 MHz<\/div><\/li><li class=\"porto-info-list-item  wpb_custom_205edc6de9e53bd4458e8a5265d85879\"><i class=\"porto-info-icon fa fa-check-circle\"><\/i><div class=\"porto-info-list-item-desc\">Memorias: 6008 MHz<\/div><\/li><li class=\"porto-info-list-item  wpb_custom_205edc6de9e53bd4458e8a5265d85879\"><i class=\"porto-info-icon fa fa-check-circle\"><\/i><div class=\"porto-info-list-item-desc\">N\u00facleo: CUDA384<\/div><\/li><li class=\"porto-info-list-item  wpb_custom_205edc6de9e53bd4458e8a5265d85879\"><i class=\"porto-info-icon fa fa-check-circle\"><\/i><div class=\"porto-info-list-item-desc\">Perfil: Low profile<\/div><\/li><li class=\"porto-info-list-item  wpb_custom_205edc6de9e53bd4458e8a5265d85879\"><i class=\"porto-info-icon fa fa-check-circle\"><\/i><div class=\"porto-info-list-item-desc\">Refrigeraci\u00f3n: Pasiva<\/div><\/li><li class=\"porto-info-list-item  wpb_custom_205edc6de9e53bd4458e8a5265d85879\"><i class=\"porto-info-icon fa fa-check-circle\"><\/i><div class=\"porto-info-list-item-desc\">Slots: Single slot<\/div><\/li><li class=\"porto-info-list-item  wpb_custom_205edc6de9e53bd4458e8a5265d85879\"><i class=\"porto-info-icon fa fa-check-circle\"><\/i><div class=\"porto-info-list-item-desc\">Conectores de poder: No Posee<\/div><\/li><li class=\"porto-info-list-item  wpb_custom_205edc6de9e53bd4458e8a5265d85879\"><i class=\"porto-info-icon fa fa-check-circle\"><\/i><div class=\"porto-info-list-item-desc\">Puertos de video: 1x VGA, 1x HDMI y 1x DVI<\/div><\/li><\/p>\n<h4>CONTENIDO DE LA CAJA:<\/h4>\n<ul>\n<li>\u00a0Tarjeta de vidro GT 1030 2GB DDR5<\/li>\n<li>2 ranuras HDMI\/DVI<\/li>\n<li>Manual de usuario<\/li>\n<li>CD de DRIVERS<\/li>\n<\/ul>\n\n\t\t<\/div>\n\t<\/div>\n<\/div><\/div><div class=\"vc_column_container col-md-6\"><div class=\"wpb_wrapper vc_column-inner\">\n\t<div class=\"wpb_text_column wpb_content_element\" >\n\t\t<div class=\"wpb_wrapper\">\n\t\t\t<h4>ESPECIFICACIONES:<\/h4>\n<p><strong>N\u00facleo\/Memoria<\/strong><\/p>\n<ul>\n<li>Boost Clock \/ Base Clock<br \/>\n1518 MHz \/ 1265 MHz<\/li>\n<li>Memoria GDDR5 de 2GB\u00a0\/ 6008 MHz<\/li>\n<\/ul>\n<p><strong>Condensadores s\u00f3lidos<\/strong><\/p>\n<ul>\n<li>Duraci\u00f3n de 10 a\u00f1os bajo carga total.<\/li>\n<li>Menor temperatura y mayor eficiencia.<\/li>\n<li>N\u00facleo de aluminio para mayor estabilidad.<\/li>\n<\/ul>\n<p><strong>Dise\u00f1o de bajo perfil<\/strong><\/p>\n<ul>\n<li>El dise\u00f1o de bajo perfil ahorra espacio.<\/li>\n<li>El usuario puede construir sistemas m\u00e1s delgados y peque\u00f1os con facilidad.<\/li>\n<\/ul>\n<p>Utilitario de Overclocking Afterburner<\/p>\n<ul>\n<li>Control inal\u00e1mbrico a trav\u00e9s de dispositivos Android\/iOS.<\/li>\n<li>Predator: Grabaci\u00f3n de video en juego.<\/li>\n<\/ul>\n<p><strong>Experiencia GeForce\u00a0<\/strong><\/p>\n<ul>\n<li>Asegura la mejor experiencia de juego al actualizar autom\u00e1ticamente los drivers para juegos.<\/li>\n<li>Permite optimizar las configuraciones de juegos en la PC con un simple clic.<\/li>\n<\/ul>\n\n\t\t<\/div>\n\t<\/div>\n<\/div><\/div><\/div>\n<\/div>","protected":false},"excerpt":{"rendered":"<style>#porto-info-list190378419469f1781e80338 i { color: #222529;font-size: 16px; }<\/style>\n<ul id=\"porto-info-list190378419469f1781e80338\" class=\"porto-info-list pl-4 wpb_custom_d9a5005d79a4bc1ec636bf4b80eb346a\"><\/ul>\n<li class=\"porto-info-list-item  wpb_custom_205edc6de9e53bd4458e8a5265d85879\"><i class=\"porto-info-icon fa fa-check-circle\"><\/i>\n<div class=\"porto-info-list-item-desc\">Fabricante: MSI<\/div>\n<\/li>\n<li class=\"porto-info-list-item  wpb_custom_205edc6de9e53bd4458e8a5265d85879\"><i class=\"porto-info-icon fa fa-check-circle\"><\/i>\n<div class=\"porto-info-list-item-desc\">GPU: NVIDIA GeForce GT 1030<\/div>\n<\/li>\n<li class=\"porto-info-list-item  wpb_custom_205edc6de9e53bd4458e8a5265d85879\"><i class=\"porto-info-icon fa fa-check-circle\"><\/i>\n<div class=\"porto-info-list-item-desc\">Memoria: 2 GB DDR5 (64 bit)<\/div>\n<\/li>\n<li class=\"porto-info-list-item  wpb_custom_205edc6de9e53bd4458e8a5265d85879\"><i class=\"porto-info-icon fa fa-check-circle\"><\/i>\n<div class=\"porto-info-list-item-desc\">Bus: PCI Express x16 3.0<\/div>\n<\/li>\n<li class=\"porto-info-list-item  wpb_custom_205edc6de9e53bd4458e8a5265d85879\"><i class=\"porto-info-icon fa fa-check-circle\"><\/i>\n<div class=\"porto-info-list-item-desc\">Frecuencias:<\/div>\n<\/li>\n<li class=\"porto-info-list-item  wpb_custom_205edc6de9e53bd4458e8a5265d85879\"><i class=\"porto-info-icon fa fa-check-circle\"><\/i>\n<div class=\"porto-info-list-item-desc\">Core: 1265 MHz<\/div>\n<\/li>\n<li class=\"porto-info-list-item  wpb_custom_205edc6de9e53bd4458e8a5265d85879\"><i class=\"porto-info-icon fa fa-check-circle\"><\/i>\n<div class=\"porto-info-list-item-desc\">Memorias: 6008 MHz<\/div>\n<\/li>\n<li class=\"porto-info-list-item  wpb_custom_205edc6de9e53bd4458e8a5265d85879\"><i class=\"porto-info-icon fa fa-check-circle\"><\/i>\n<div class=\"porto-info-list-item-desc\">N\u00facleo: CUDA384<\/div>\n<\/li>\n<li class=\"porto-info-list-item  wpb_custom_205edc6de9e53bd4458e8a5265d85879\"><i class=\"porto-info-icon fa fa-check-circle\"><\/i>\n<div class=\"porto-info-list-item-desc\">Perfil: Low profile<\/div>\n<\/li>\n<li class=\"porto-info-list-item  wpb_custom_205edc6de9e53bd4458e8a5265d85879\"><i class=\"porto-info-icon fa fa-check-circle\"><\/i>\n<div class=\"porto-info-list-item-desc\">Refrigeraci\u00f3n: Pasiva<\/div>\n<\/li>\n<li class=\"porto-info-list-item  wpb_custom_205edc6de9e53bd4458e8a5265d85879\"><i class=\"porto-info-icon fa fa-check-circle\"><\/i>\n<div class=\"porto-info-list-item-desc\">Slots: Single slot<\/div>\n<\/li>\n<li class=\"porto-info-list-item  wpb_custom_205edc6de9e53bd4458e8a5265d85879\"><i class=\"porto-info-icon fa fa-check-circle\"><\/i>\n<div class=\"porto-info-list-item-desc\">Conectores de poder: No Posee<\/div>\n<\/li>\n<li class=\"porto-info-list-item  wpb_custom_205edc6de9e53bd4458e8a5265d85879\"><i class=\"porto-info-icon fa fa-check-circle\"><\/i>\n<div class=\"porto-info-list-item-desc\">Puertos de video: 1x VGA, 1x HDMI y 1x DVI<\/div>\n<\/li>","protected":false},"featured_media":2774,"comment_status":"open","ping_status":"closed","template":"","meta":{"_acf_changed":false,"content-type":"","_mo_disable_npp":""},"product_cat":[80],"product_tag":[107,83,82],"class_list":{"0":"post-2773","1":"product","2":"type-product","3":"status-publish","4":"has-post-thumbnail","6":"product_cat-tarjetas-de-video","7":"product_tag-ddr5","8":"product_tag-gforce-msi","9":"product_tag-tarjeta-de-video","11":"first","12":"outofstock","13":"featured","14":"shipping-taxable","15":"purchasable","16":"product-type-simple"},"acf":[],"yoast_head":"<!-- This site is optimized with the Yoast SEO plugin v23.2 - https:\/\/yoast.com\/wordpress\/plugins\/seo\/ -->\n<title>Tarjeta de Video MSI GEFORCE 1030 2GB DDR5 - 7ecnosoluciones<\/title>\n<meta name=\"description\" content=\"Acelera toda la experiencia de PC con la tarjeta gr\u00e1fica r\u00e1pida y poderosa NVIDIA\u00ae GeForce\u00ae GT 1030, 2GB DDR5. Ideal para Gaming y edici\u00f3n de video e im\u00e1genes.\" \/>\n<meta name=\"robots\" content=\"index, follow, max-snippet:-1, max-image-preview:large, max-video-preview:-1\" \/>\n<link rel=\"canonical\" href=\"https:\/\/www.7ecnosoluciones.com\/en\/product\/tarjeta-de-video-msi-geforce-1030-2gb-ddr5\/\" \/>\n<meta property=\"og:locale\" content=\"en_US\" \/>\n<meta property=\"og:type\" content=\"article\" \/>\n<meta property=\"og:title\" content=\"Tarjeta de Video MSI GEFORCE 1030 2GB DDR5 - 7ecnosoluciones\" \/>\n<meta property=\"og:description\" content=\"Acelera toda la experiencia de PC con la tarjeta gr\u00e1fica r\u00e1pida y poderosa NVIDIA\u00ae GeForce\u00ae GT 1030, 2GB DDR5. Ideal para Gaming y edici\u00f3n de video e im\u00e1genes.\" \/>\n<meta property=\"og:url\" content=\"https:\/\/www.7ecnosoluciones.com\/en\/product\/tarjeta-de-video-msi-geforce-1030-2gb-ddr5\/\" \/>\n<meta property=\"og:site_name\" content=\"7ecnosoluciones\" \/>\n<meta property=\"article:publisher\" content=\"https:\/\/www.facebook.com\/7ecnosoluciones\" \/>\n<meta property=\"article:modified_time\" content=\"2022-09-26T22:52:06+00:00\" \/>\n<meta property=\"og:image\" content=\"https:\/\/www.7ecnosoluciones.com\/wp-content\/uploads\/2021\/07\/tarjeta-de-video-msi-geforce-1030-2gb-ddr5-1.png\" \/>\n\t<meta property=\"og:image:width\" content=\"600\" \/>\n\t<meta property=\"og:image:height\" content=\"480\" \/>\n\t<meta property=\"og:image:type\" content=\"image\/png\" \/>\n<meta name=\"twitter:card\" content=\"summary_large_image\" \/>\n<meta name=\"twitter:label1\" content=\"Est. reading time\" \/>\n\t<meta name=\"twitter:data1\" content=\"2 minutes\" \/>\n<script type=\"application\/ld+json\" class=\"yoast-schema-graph\">{\"@context\":\"https:\/\/schema.org\",\"@graph\":[{\"@type\":\"WebPage\",\"@id\":\"https:\/\/www.7ecnosoluciones.com\/product\/tarjeta-de-video-msi-geforce-1030-2gb-ddr5\/\",\"url\":\"https:\/\/www.7ecnosoluciones.com\/product\/tarjeta-de-video-msi-geforce-1030-2gb-ddr5\/\",\"name\":\"Tarjeta de Video MSI GEFORCE 1030 2GB DDR5 - 7ecnosoluciones\",\"isPartOf\":{\"@id\":\"https:\/\/www.7ecnosoluciones.com\/#website\"},\"primaryImageOfPage\":{\"@id\":\"https:\/\/www.7ecnosoluciones.com\/product\/tarjeta-de-video-msi-geforce-1030-2gb-ddr5\/#primaryimage\"},\"image\":{\"@id\":\"https:\/\/www.7ecnosoluciones.com\/product\/tarjeta-de-video-msi-geforce-1030-2gb-ddr5\/#primaryimage\"},\"thumbnailUrl\":\"https:\/\/www.7ecnosoluciones.com\/wp-content\/uploads\/2021\/07\/tarjeta-de-video-msi-geforce-1030-2gb-ddr5-1.png\",\"datePublished\":\"2021-07-12T20:18:13+00:00\",\"dateModified\":\"2022-09-26T22:52:06+00:00\",\"description\":\"Acelera toda la experiencia de PC con la tarjeta gr\u00e1fica r\u00e1pida y poderosa NVIDIA\u00ae GeForce\u00ae GT 1030, 2GB DDR5. Ideal para Gaming y edici\u00f3n de video e im\u00e1genes.\",\"breadcrumb\":{\"@id\":\"https:\/\/www.7ecnosoluciones.com\/product\/tarjeta-de-video-msi-geforce-1030-2gb-ddr5\/#breadcrumb\"},\"inLanguage\":\"en-US\",\"potentialAction\":[{\"@type\":\"ReadAction\",\"target\":[\"https:\/\/www.7ecnosoluciones.com\/product\/tarjeta-de-video-msi-geforce-1030-2gb-ddr5\/\"]}]},{\"@type\":\"ImageObject\",\"inLanguage\":\"en-US\",\"@id\":\"https:\/\/www.7ecnosoluciones.com\/product\/tarjeta-de-video-msi-geforce-1030-2gb-ddr5\/#primaryimage\",\"url\":\"https:\/\/www.7ecnosoluciones.com\/wp-content\/uploads\/2021\/07\/tarjeta-de-video-msi-geforce-1030-2gb-ddr5-1.png\",\"contentUrl\":\"https:\/\/www.7ecnosoluciones.com\/wp-content\/uploads\/2021\/07\/tarjeta-de-video-msi-geforce-1030-2gb-ddr5-1.png\",\"width\":600,\"height\":480},{\"@type\":\"BreadcrumbList\",\"@id\":\"https:\/\/www.7ecnosoluciones.com\/product\/tarjeta-de-video-msi-geforce-1030-2gb-ddr5\/#breadcrumb\",\"itemListElement\":[{\"@type\":\"ListItem\",\"position\":1,\"name\":\"Portada\",\"item\":\"https:\/\/www.7ecnosoluciones.com\/\"},{\"@type\":\"ListItem\",\"position\":2,\"name\":\"Tienda\",\"item\":\"https:\/\/www.7ecnosoluciones.com\/tienda\/\"},{\"@type\":\"ListItem\",\"position\":3,\"name\":\"Tarjeta de Video MSI GEFORCE 1030 2GB DDR5\"}]},{\"@type\":\"WebSite\",\"@id\":\"https:\/\/www.7ecnosoluciones.com\/#website\",\"url\":\"https:\/\/www.7ecnosoluciones.com\/\",\"name\":\"7ecnosoluciones\",\"description\":\"Vive la confianza y experiencia\",\"publisher\":{\"@id\":\"https:\/\/www.7ecnosoluciones.com\/#organization\"},\"potentialAction\":[{\"@type\":\"SearchAction\",\"target\":{\"@type\":\"EntryPoint\",\"urlTemplate\":\"https:\/\/www.7ecnosoluciones.com\/?s={search_term_string}\"},\"query-input\":\"required name=search_term_string\"}],\"inLanguage\":\"en-US\"},{\"@type\":\"Organization\",\"@id\":\"https:\/\/www.7ecnosoluciones.com\/#organization\",\"name\":\"7ecnosoluciones\",\"url\":\"https:\/\/www.7ecnosoluciones.com\/\",\"logo\":{\"@type\":\"ImageObject\",\"inLanguage\":\"en-US\",\"@id\":\"https:\/\/www.7ecnosoluciones.com\/#\/schema\/logo\/image\/\",\"url\":\"https:\/\/www.7ecnosoluciones.com\/wp-content\/uploads\/2020\/07\/logo-1.png\",\"contentUrl\":\"https:\/\/www.7ecnosoluciones.com\/wp-content\/uploads\/2020\/07\/logo-1.png\",\"width\":836,\"height\":227,\"caption\":\"7ecnosoluciones\"},\"image\":{\"@id\":\"https:\/\/www.7ecnosoluciones.com\/#\/schema\/logo\/image\/\"},\"sameAs\":[\"https:\/\/www.facebook.com\/7ecnosoluciones\",\"https:\/\/www.instagram.com\/7ecnosoluciones\/\"]}]}<\/script>\n<!-- \/ Yoast SEO plugin. -->","yoast_head_json":{"title":"Tarjeta de Video MSI GEFORCE 1030 2GB DDR5 - 7ecnosoluciones","description":"Acelera toda la experiencia de PC con la tarjeta gr\u00e1fica r\u00e1pida y poderosa NVIDIA\u00ae GeForce\u00ae GT 1030, 2GB DDR5. Ideal para Gaming y edici\u00f3n de video e im\u00e1genes.","robots":{"index":"index","follow":"follow","max-snippet":"max-snippet:-1","max-image-preview":"max-image-preview:large","max-video-preview":"max-video-preview:-1"},"canonical":"https:\/\/www.7ecnosoluciones.com\/en\/product\/tarjeta-de-video-msi-geforce-1030-2gb-ddr5\/","og_locale":"en_US","og_type":"article","og_title":"Tarjeta de Video MSI GEFORCE 1030 2GB DDR5 - 7ecnosoluciones","og_description":"Acelera toda la experiencia de PC con la tarjeta gr\u00e1fica r\u00e1pida y poderosa NVIDIA\u00ae GeForce\u00ae GT 1030, 2GB DDR5. Ideal para Gaming y edici\u00f3n de video e im\u00e1genes.","og_url":"https:\/\/www.7ecnosoluciones.com\/en\/product\/tarjeta-de-video-msi-geforce-1030-2gb-ddr5\/","og_site_name":"7ecnosoluciones","article_publisher":"https:\/\/www.facebook.com\/7ecnosoluciones","article_modified_time":"2022-09-26T22:52:06+00:00","og_image":[{"width":600,"height":480,"url":"https:\/\/www.7ecnosoluciones.com\/wp-content\/uploads\/2021\/07\/tarjeta-de-video-msi-geforce-1030-2gb-ddr5-1.png","type":"image\/png"}],"twitter_card":"summary_large_image","twitter_misc":{"Est. reading time":"2 minutes"},"schema":{"@context":"https:\/\/schema.org","@graph":[{"@type":"WebPage","@id":"https:\/\/www.7ecnosoluciones.com\/product\/tarjeta-de-video-msi-geforce-1030-2gb-ddr5\/","url":"https:\/\/www.7ecnosoluciones.com\/product\/tarjeta-de-video-msi-geforce-1030-2gb-ddr5\/","name":"Tarjeta de Video MSI GEFORCE 1030 2GB DDR5 - 7ecnosoluciones","isPartOf":{"@id":"https:\/\/www.7ecnosoluciones.com\/#website"},"primaryImageOfPage":{"@id":"https:\/\/www.7ecnosoluciones.com\/product\/tarjeta-de-video-msi-geforce-1030-2gb-ddr5\/#primaryimage"},"image":{"@id":"https:\/\/www.7ecnosoluciones.com\/product\/tarjeta-de-video-msi-geforce-1030-2gb-ddr5\/#primaryimage"},"thumbnailUrl":"https:\/\/www.7ecnosoluciones.com\/wp-content\/uploads\/2021\/07\/tarjeta-de-video-msi-geforce-1030-2gb-ddr5-1.png","datePublished":"2021-07-12T20:18:13+00:00","dateModified":"2022-09-26T22:52:06+00:00","description":"Acelera toda la experiencia de PC con la tarjeta gr\u00e1fica r\u00e1pida y poderosa NVIDIA\u00ae GeForce\u00ae GT 1030, 2GB DDR5. Ideal para Gaming y edici\u00f3n de video e im\u00e1genes.","breadcrumb":{"@id":"https:\/\/www.7ecnosoluciones.com\/product\/tarjeta-de-video-msi-geforce-1030-2gb-ddr5\/#breadcrumb"},"inLanguage":"en-US","potentialAction":[{"@type":"ReadAction","target":["https:\/\/www.7ecnosoluciones.com\/product\/tarjeta-de-video-msi-geforce-1030-2gb-ddr5\/"]}]},{"@type":"ImageObject","inLanguage":"en-US","@id":"https:\/\/www.7ecnosoluciones.com\/product\/tarjeta-de-video-msi-geforce-1030-2gb-ddr5\/#primaryimage","url":"https:\/\/www.7ecnosoluciones.com\/wp-content\/uploads\/2021\/07\/tarjeta-de-video-msi-geforce-1030-2gb-ddr5-1.png","contentUrl":"https:\/\/www.7ecnosoluciones.com\/wp-content\/uploads\/2021\/07\/tarjeta-de-video-msi-geforce-1030-2gb-ddr5-1.png","width":600,"height":480},{"@type":"BreadcrumbList","@id":"https:\/\/www.7ecnosoluciones.com\/product\/tarjeta-de-video-msi-geforce-1030-2gb-ddr5\/#breadcrumb","itemListElement":[{"@type":"ListItem","position":1,"name":"Portada","item":"https:\/\/www.7ecnosoluciones.com\/"},{"@type":"ListItem","position":2,"name":"Tienda","item":"https:\/\/www.7ecnosoluciones.com\/tienda\/"},{"@type":"ListItem","position":3,"name":"Tarjeta de Video MSI GEFORCE 1030 2GB DDR5"}]},{"@type":"WebSite","@id":"https:\/\/www.7ecnosoluciones.com\/#website","url":"https:\/\/www.7ecnosoluciones.com\/","name":"7ecnosoluciones","description":"Vive la confianza y experiencia","publisher":{"@id":"https:\/\/www.7ecnosoluciones.com\/#organization"},"potentialAction":[{"@type":"SearchAction","target":{"@type":"EntryPoint","urlTemplate":"https:\/\/www.7ecnosoluciones.com\/?s={search_term_string}"},"query-input":"required name=search_term_string"}],"inLanguage":"en-US"},{"@type":"Organization","@id":"https:\/\/www.7ecnosoluciones.com\/#organization","name":"7ecnosoluciones","url":"https:\/\/www.7ecnosoluciones.com\/","logo":{"@type":"ImageObject","inLanguage":"en-US","@id":"https:\/\/www.7ecnosoluciones.com\/#\/schema\/logo\/image\/","url":"https:\/\/www.7ecnosoluciones.com\/wp-content\/uploads\/2020\/07\/logo-1.png","contentUrl":"https:\/\/www.7ecnosoluciones.com\/wp-content\/uploads\/2020\/07\/logo-1.png","width":836,"height":227,"caption":"7ecnosoluciones"},"image":{"@id":"https:\/\/www.7ecnosoluciones.com\/#\/schema\/logo\/image\/"},"sameAs":["https:\/\/www.facebook.com\/7ecnosoluciones","https:\/\/www.instagram.com\/7ecnosoluciones\/"]}]}},"_links":{"self":[{"href":"https:\/\/www.7ecnosoluciones.com\/en\/wp-json\/wp\/v2\/product\/2773","targetHints":{"allow":["GET"]}}],"collection":[{"href":"https:\/\/www.7ecnosoluciones.com\/en\/wp-json\/wp\/v2\/product"}],"about":[{"href":"https:\/\/www.7ecnosoluciones.com\/en\/wp-json\/wp\/v2\/types\/product"}],"replies":[{"embeddable":true,"href":"https:\/\/www.7ecnosoluciones.com\/en\/wp-json\/wp\/v2\/comments?post=2773"}],"wp:featuredmedia":[{"embeddable":true,"href":"https:\/\/www.7ecnosoluciones.com\/en\/wp-json\/wp\/v2\/media\/2774"}],"wp:attachment":[{"href":"https:\/\/www.7ecnosoluciones.com\/en\/wp-json\/wp\/v2\/media?parent=2773"}],"wp:term":[{"taxonomy":"product_cat","embeddable":true,"href":"https:\/\/www.7ecnosoluciones.com\/en\/wp-json\/wp\/v2\/product_cat?post=2773"},{"taxonomy":"product_tag","embeddable":true,"href":"https:\/\/www.7ecnosoluciones.com\/en\/wp-json\/wp\/v2\/product_tag?post=2773"}],"curies":[{"name":"wp","href":"https:\/\/api.w.org\/{rel}","templated":true}]}}