{"id":2465,"date":"2020-09-01T17:46:38","date_gmt":"2020-09-01T22:46:38","guid":{"rendered":"https:\/\/7ecnosoluciones.com\/?post_type=product&#038;p=2465"},"modified":"2021-09-28T19:59:35","modified_gmt":"2021-09-29T00:59:35","slug":"procesador-amd-ryzen-3-3200g-quadcore-3-6ghz-6mb-socket-am4","status":"publish","type":"product","link":"https:\/\/www.7ecnosoluciones.com\/en\/product\/procesador-amd-ryzen-3-3200g-quadcore-3-6ghz-6mb-socket-am4\/","title":{"rendered":"Procesador AMD Ryzen 3 3200G QuadCore 3.6GHz 6MB Socket AM4"},"content":{"rendered":"<div class=\"wpb-content-wrapper\"><div class=\"vc_row wpb_row row top-row\"><div class=\"vc_column_container col-md-12\"><div class=\"wpb_wrapper vc_column-inner\">\n\t<div class=\"wpb_text_column wpb_content_element\" >\n\t\t<div class=\"wpb_wrapper\">\n\t\t\t<p><strong>Procesador AMD Ryzen 3 3200G QuadCore 3.6GHz 6MB Socket AM4<\/strong><\/p>\n<p>Los procesadores revolucionarios e inteligentes AMD Ryzen est\u00e1n dise\u00f1ados para ofrecer una experiencia de c\u00f3mputo superior y de alto rendimiento. La revolucionaria tecnolog\u00eda de procesamiento de subprocesos m\u00faltiples m\u00e1s reciente de AMD te ofrece un rendimiento ultrarr\u00e1pido cuando trabajas o juegas.<\/p>\n<p><strong>Gr\u00e1ficos Vega<\/strong><br \/>\nLos potentes gr\u00e1ficos Radeon Vega proporcionan un rendimiento r\u00e1pido, sin interrupciones y fluido en los juegos que te apasionan.<\/p>\n<p><strong>No se compromete la calidad<\/strong><br \/>\nLos procesadores AMD Ryzen con gr\u00e1ficos Radeon RX Vega est\u00e1n compuestos por algunos de los elementos de hardware de gr\u00e1ficos y c\u00f3mputo m\u00e1s potentes y avanzados disponibles en la actualidad, integrados en un solo procesador para ofrecer el alto rendimiento que necesitas para trabajos exigentes y juego en serio, sin comprometer la calidad.<\/p>\n<p><strong>Tecnolog\u00eda AMD SenseMI<\/strong><br \/>\nCon tecnolog\u00eda AMD SenseMI, Ryzen usa una verdadera inteligencia artificial para acelerar el rendimiento.<\/p>\n<p><strong>Procesadores AMD VR Ready<\/strong><br \/>\nGarantizan la potencia de procesamiento necesaria para controlar cargas de trabajo de realidad virtual avanzadas.<\/p>\n<p><strong>Utilidad AMD Ryzen Master<\/strong><br \/>\nLa utilidad de overclocking sencilla y potente para procesadores AMD Ryzen<\/p>\n<h4><\/h4>\n<h4>Especificaciones<\/h4>\n<ul>\n<li>Procesador AMD Ryzen 3 3200G<\/li>\n<li>Velocidad 3.6 GHz (Max. Turbo 4 GHz)<\/li>\n<li>Gr\u00e1ficos Radeon Vega 8<\/li>\n<li>Socket AM4<\/li>\n<li>6 MB Cache<\/li>\n<li>Desbloqueado<\/li>\n<li>Disipador Wraith Stealth incluido<\/li>\n<\/ul>\n\n\t\t<\/div>\n\t<\/div>\n<\/div><\/div><\/div>\n<\/div>","protected":false},"excerpt":{"rendered":"<h4>Especificaciones<\/h4>\n<ul>\n<li>Procesador AMD Ryzen 3 3200G<\/li>\n<li>Velocidad 3.6 GHz (Max. Turbo 4 GHz)<\/li>\n<li>Gr\u00e1ficos Radeon Vega 8<\/li>\n<li>Socket AM4<\/li>\n<li>6 MB Cache<\/li>\n<li>Desbloqueado<\/li>\n<li>Disipador Wraith Stealth incluido<\/li>\n<\/ul>","protected":false},"featured_media":2468,"comment_status":"open","ping_status":"closed","template":"","meta":{"_acf_changed":false,"content-type":"","_mo_disable_npp":""},"product_cat":[177,98],"product_tag":[99,101,100],"class_list":{"0":"post-2465","1":"product","2":"type-product","3":"status-publish","4":"has-post-thumbnail","6":"product_cat-amd-procesador","7":"product_cat-procesador","8":"product_tag-procesador-amd","9":"product_tag-quadcore","10":"product_tag-rizen-3","12":"first","13":"instock","14":"shipping-taxable","15":"purchasable","16":"product-type-simple"},"acf":[],"yoast_head":"<!-- This site is optimized with the Yoast SEO plugin v23.2 - https:\/\/yoast.com\/wordpress\/plugins\/seo\/ -->\n<title>Procesador AMD Ryzen 3 3200G QuadCore 3.6GHz 6MB Socket AM4 - 7ecnosoluciones<\/title>\n<meta name=\"robots\" content=\"index, follow, max-snippet:-1, max-image-preview:large, max-video-preview:-1\" \/>\n<link rel=\"canonical\" href=\"https:\/\/www.7ecnosoluciones.com\/en\/product\/procesador-amd-ryzen-3-3200g-quadcore-3-6ghz-6mb-socket-am4\/\" \/>\n<meta property=\"og:locale\" content=\"en_US\" \/>\n<meta property=\"og:type\" content=\"article\" \/>\n<meta property=\"og:title\" content=\"Procesador AMD Ryzen 3 3200G QuadCore 3.6GHz 6MB Socket AM4 - 7ecnosoluciones\" \/>\n<meta property=\"og:description\" content=\"Especificaciones   Procesador AMD Ryzen 3 3200G  Velocidad 3.6 GHz (Max. Turbo 4 GHz)  Gr\u00e1ficos Radeon Vega 8  Socket AM4  6 MB Cache  Desbloqueado  Disipador Wraith Stealth incluido\" \/>\n<meta property=\"og:url\" content=\"https:\/\/www.7ecnosoluciones.com\/en\/product\/procesador-amd-ryzen-3-3200g-quadcore-3-6ghz-6mb-socket-am4\/\" \/>\n<meta property=\"og:site_name\" content=\"7ecnosoluciones\" \/>\n<meta property=\"article:publisher\" content=\"https:\/\/www.facebook.com\/7ecnosoluciones\" \/>\n<meta property=\"article:modified_time\" content=\"2021-09-29T00:59:35+00:00\" \/>\n<meta property=\"og:image\" content=\"https:\/\/www.7ecnosoluciones.com\/wp-content\/uploads\/2020\/09\/Procesador-AMD-Ryzen-3-3200G-1.jpg\" \/>\n\t<meta property=\"og:image:width\" content=\"700\" \/>\n\t<meta property=\"og:image:height\" content=\"700\" \/>\n\t<meta property=\"og:image:type\" content=\"image\/jpeg\" \/>\n<meta name=\"twitter:card\" content=\"summary_large_image\" \/>\n<meta name=\"twitter:label1\" content=\"Est. reading time\" \/>\n\t<meta name=\"twitter:data1\" content=\"1 minute\" \/>\n<script type=\"application\/ld+json\" class=\"yoast-schema-graph\">{\"@context\":\"https:\/\/schema.org\",\"@graph\":[{\"@type\":\"WebPage\",\"@id\":\"https:\/\/www.7ecnosoluciones.com\/product\/procesador-amd-ryzen-3-3200g-quadcore-3-6ghz-6mb-socket-am4\/\",\"url\":\"https:\/\/www.7ecnosoluciones.com\/product\/procesador-amd-ryzen-3-3200g-quadcore-3-6ghz-6mb-socket-am4\/\",\"name\":\"Procesador AMD Ryzen 3 3200G QuadCore 3.6GHz 6MB Socket AM4 - 7ecnosoluciones\",\"isPartOf\":{\"@id\":\"https:\/\/www.7ecnosoluciones.com\/#website\"},\"primaryImageOfPage\":{\"@id\":\"https:\/\/www.7ecnosoluciones.com\/product\/procesador-amd-ryzen-3-3200g-quadcore-3-6ghz-6mb-socket-am4\/#primaryimage\"},\"image\":{\"@id\":\"https:\/\/www.7ecnosoluciones.com\/product\/procesador-amd-ryzen-3-3200g-quadcore-3-6ghz-6mb-socket-am4\/#primaryimage\"},\"thumbnailUrl\":\"https:\/\/www.7ecnosoluciones.com\/wp-content\/uploads\/2020\/09\/Procesador-AMD-Ryzen-3-3200G-1.jpg\",\"datePublished\":\"2020-09-01T22:46:38+00:00\",\"dateModified\":\"2021-09-29T00:59:35+00:00\",\"breadcrumb\":{\"@id\":\"https:\/\/www.7ecnosoluciones.com\/product\/procesador-amd-ryzen-3-3200g-quadcore-3-6ghz-6mb-socket-am4\/#breadcrumb\"},\"inLanguage\":\"en-US\",\"potentialAction\":[{\"@type\":\"ReadAction\",\"target\":[\"https:\/\/www.7ecnosoluciones.com\/product\/procesador-amd-ryzen-3-3200g-quadcore-3-6ghz-6mb-socket-am4\/\"]}]},{\"@type\":\"ImageObject\",\"inLanguage\":\"en-US\",\"@id\":\"https:\/\/www.7ecnosoluciones.com\/product\/procesador-amd-ryzen-3-3200g-quadcore-3-6ghz-6mb-socket-am4\/#primaryimage\",\"url\":\"https:\/\/www.7ecnosoluciones.com\/wp-content\/uploads\/2020\/09\/Procesador-AMD-Ryzen-3-3200G-1.jpg\",\"contentUrl\":\"https:\/\/www.7ecnosoluciones.com\/wp-content\/uploads\/2020\/09\/Procesador-AMD-Ryzen-3-3200G-1.jpg\",\"width\":700,\"height\":700},{\"@type\":\"BreadcrumbList\",\"@id\":\"https:\/\/www.7ecnosoluciones.com\/product\/procesador-amd-ryzen-3-3200g-quadcore-3-6ghz-6mb-socket-am4\/#breadcrumb\",\"itemListElement\":[{\"@type\":\"ListItem\",\"position\":1,\"name\":\"Portada\",\"item\":\"https:\/\/www.7ecnosoluciones.com\/\"},{\"@type\":\"ListItem\",\"position\":2,\"name\":\"Tienda\",\"item\":\"https:\/\/www.7ecnosoluciones.com\/tienda\/\"},{\"@type\":\"ListItem\",\"position\":3,\"name\":\"Procesador AMD Ryzen 3 3200G QuadCore 3.6GHz 6MB Socket AM4\"}]},{\"@type\":\"WebSite\",\"@id\":\"https:\/\/www.7ecnosoluciones.com\/#website\",\"url\":\"https:\/\/www.7ecnosoluciones.com\/\",\"name\":\"7ecnosoluciones\",\"description\":\"Vive la confianza y experiencia\",\"publisher\":{\"@id\":\"https:\/\/www.7ecnosoluciones.com\/#organization\"},\"potentialAction\":[{\"@type\":\"SearchAction\",\"target\":{\"@type\":\"EntryPoint\",\"urlTemplate\":\"https:\/\/www.7ecnosoluciones.com\/?s={search_term_string}\"},\"query-input\":\"required name=search_term_string\"}],\"inLanguage\":\"en-US\"},{\"@type\":\"Organization\",\"@id\":\"https:\/\/www.7ecnosoluciones.com\/#organization\",\"name\":\"7ecnosoluciones\",\"url\":\"https:\/\/www.7ecnosoluciones.com\/\",\"logo\":{\"@type\":\"ImageObject\",\"inLanguage\":\"en-US\",\"@id\":\"https:\/\/www.7ecnosoluciones.com\/#\/schema\/logo\/image\/\",\"url\":\"https:\/\/www.7ecnosoluciones.com\/wp-content\/uploads\/2020\/07\/logo-1.png\",\"contentUrl\":\"https:\/\/www.7ecnosoluciones.com\/wp-content\/uploads\/2020\/07\/logo-1.png\",\"width\":836,\"height\":227,\"caption\":\"7ecnosoluciones\"},\"image\":{\"@id\":\"https:\/\/www.7ecnosoluciones.com\/#\/schema\/logo\/image\/\"},\"sameAs\":[\"https:\/\/www.facebook.com\/7ecnosoluciones\",\"https:\/\/www.instagram.com\/7ecnosoluciones\/\"]}]}<\/script>\n<!-- \/ Yoast SEO plugin. -->","yoast_head_json":{"title":"Procesador AMD Ryzen 3 3200G QuadCore 3.6GHz 6MB Socket AM4 - 7ecnosoluciones","robots":{"index":"index","follow":"follow","max-snippet":"max-snippet:-1","max-image-preview":"max-image-preview:large","max-video-preview":"max-video-preview:-1"},"canonical":"https:\/\/www.7ecnosoluciones.com\/en\/product\/procesador-amd-ryzen-3-3200g-quadcore-3-6ghz-6mb-socket-am4\/","og_locale":"en_US","og_type":"article","og_title":"Procesador AMD Ryzen 3 3200G QuadCore 3.6GHz 6MB Socket AM4 - 7ecnosoluciones","og_description":"Especificaciones   Procesador AMD Ryzen 3 3200G  Velocidad 3.6 GHz (Max. Turbo 4 GHz)  Gr\u00e1ficos Radeon Vega 8  Socket AM4  6 MB Cache  Desbloqueado  Disipador Wraith Stealth incluido","og_url":"https:\/\/www.7ecnosoluciones.com\/en\/product\/procesador-amd-ryzen-3-3200g-quadcore-3-6ghz-6mb-socket-am4\/","og_site_name":"7ecnosoluciones","article_publisher":"https:\/\/www.facebook.com\/7ecnosoluciones","article_modified_time":"2021-09-29T00:59:35+00:00","og_image":[{"width":700,"height":700,"url":"https:\/\/www.7ecnosoluciones.com\/wp-content\/uploads\/2020\/09\/Procesador-AMD-Ryzen-3-3200G-1.jpg","type":"image\/jpeg"}],"twitter_card":"summary_large_image","twitter_misc":{"Est. reading time":"1 minute"},"schema":{"@context":"https:\/\/schema.org","@graph":[{"@type":"WebPage","@id":"https:\/\/www.7ecnosoluciones.com\/product\/procesador-amd-ryzen-3-3200g-quadcore-3-6ghz-6mb-socket-am4\/","url":"https:\/\/www.7ecnosoluciones.com\/product\/procesador-amd-ryzen-3-3200g-quadcore-3-6ghz-6mb-socket-am4\/","name":"Procesador AMD Ryzen 3 3200G QuadCore 3.6GHz 6MB Socket AM4 - 7ecnosoluciones","isPartOf":{"@id":"https:\/\/www.7ecnosoluciones.com\/#website"},"primaryImageOfPage":{"@id":"https:\/\/www.7ecnosoluciones.com\/product\/procesador-amd-ryzen-3-3200g-quadcore-3-6ghz-6mb-socket-am4\/#primaryimage"},"image":{"@id":"https:\/\/www.7ecnosoluciones.com\/product\/procesador-amd-ryzen-3-3200g-quadcore-3-6ghz-6mb-socket-am4\/#primaryimage"},"thumbnailUrl":"https:\/\/www.7ecnosoluciones.com\/wp-content\/uploads\/2020\/09\/Procesador-AMD-Ryzen-3-3200G-1.jpg","datePublished":"2020-09-01T22:46:38+00:00","dateModified":"2021-09-29T00:59:35+00:00","breadcrumb":{"@id":"https:\/\/www.7ecnosoluciones.com\/product\/procesador-amd-ryzen-3-3200g-quadcore-3-6ghz-6mb-socket-am4\/#breadcrumb"},"inLanguage":"en-US","potentialAction":[{"@type":"ReadAction","target":["https:\/\/www.7ecnosoluciones.com\/product\/procesador-amd-ryzen-3-3200g-quadcore-3-6ghz-6mb-socket-am4\/"]}]},{"@type":"ImageObject","inLanguage":"en-US","@id":"https:\/\/www.7ecnosoluciones.com\/product\/procesador-amd-ryzen-3-3200g-quadcore-3-6ghz-6mb-socket-am4\/#primaryimage","url":"https:\/\/www.7ecnosoluciones.com\/wp-content\/uploads\/2020\/09\/Procesador-AMD-Ryzen-3-3200G-1.jpg","contentUrl":"https:\/\/www.7ecnosoluciones.com\/wp-content\/uploads\/2020\/09\/Procesador-AMD-Ryzen-3-3200G-1.jpg","width":700,"height":700},{"@type":"BreadcrumbList","@id":"https:\/\/www.7ecnosoluciones.com\/product\/procesador-amd-ryzen-3-3200g-quadcore-3-6ghz-6mb-socket-am4\/#breadcrumb","itemListElement":[{"@type":"ListItem","position":1,"name":"Portada","item":"https:\/\/www.7ecnosoluciones.com\/"},{"@type":"ListItem","position":2,"name":"Tienda","item":"https:\/\/www.7ecnosoluciones.com\/tienda\/"},{"@type":"ListItem","position":3,"name":"Procesador AMD Ryzen 3 3200G QuadCore 3.6GHz 6MB Socket AM4"}]},{"@type":"WebSite","@id":"https:\/\/www.7ecnosoluciones.com\/#website","url":"https:\/\/www.7ecnosoluciones.com\/","name":"7ecnosoluciones","description":"Vive la confianza y experiencia","publisher":{"@id":"https:\/\/www.7ecnosoluciones.com\/#organization"},"potentialAction":[{"@type":"SearchAction","target":{"@type":"EntryPoint","urlTemplate":"https:\/\/www.7ecnosoluciones.com\/?s={search_term_string}"},"query-input":"required name=search_term_string"}],"inLanguage":"en-US"},{"@type":"Organization","@id":"https:\/\/www.7ecnosoluciones.com\/#organization","name":"7ecnosoluciones","url":"https:\/\/www.7ecnosoluciones.com\/","logo":{"@type":"ImageObject","inLanguage":"en-US","@id":"https:\/\/www.7ecnosoluciones.com\/#\/schema\/logo\/image\/","url":"https:\/\/www.7ecnosoluciones.com\/wp-content\/uploads\/2020\/07\/logo-1.png","contentUrl":"https:\/\/www.7ecnosoluciones.com\/wp-content\/uploads\/2020\/07\/logo-1.png","width":836,"height":227,"caption":"7ecnosoluciones"},"image":{"@id":"https:\/\/www.7ecnosoluciones.com\/#\/schema\/logo\/image\/"},"sameAs":["https:\/\/www.facebook.com\/7ecnosoluciones","https:\/\/www.instagram.com\/7ecnosoluciones\/"]}]}},"_links":{"self":[{"href":"https:\/\/www.7ecnosoluciones.com\/en\/wp-json\/wp\/v2\/product\/2465","targetHints":{"allow":["GET"]}}],"collection":[{"href":"https:\/\/www.7ecnosoluciones.com\/en\/wp-json\/wp\/v2\/product"}],"about":[{"href":"https:\/\/www.7ecnosoluciones.com\/en\/wp-json\/wp\/v2\/types\/product"}],"replies":[{"embeddable":true,"href":"https:\/\/www.7ecnosoluciones.com\/en\/wp-json\/wp\/v2\/comments?post=2465"}],"wp:featuredmedia":[{"embeddable":true,"href":"https:\/\/www.7ecnosoluciones.com\/en\/wp-json\/wp\/v2\/media\/2468"}],"wp:attachment":[{"href":"https:\/\/www.7ecnosoluciones.com\/en\/wp-json\/wp\/v2\/media?parent=2465"}],"wp:term":[{"taxonomy":"product_cat","embeddable":true,"href":"https:\/\/www.7ecnosoluciones.com\/en\/wp-json\/wp\/v2\/product_cat?post=2465"},{"taxonomy":"product_tag","embeddable":true,"href":"https:\/\/www.7ecnosoluciones.com\/en\/wp-json\/wp\/v2\/product_tag?post=2465"}],"curies":[{"name":"wp","href":"https:\/\/api.w.org\/{rel}","templated":true}]}}