{"id":1950,"date":"2019-07-04T01:10:08","date_gmt":"2019-07-04T06:10:08","guid":{"rendered":"http:\/\/sw-themes.com\/porto_dummy\/?post_type=product&#038;p=1950"},"modified":"2021-07-15T19:30:18","modified_gmt":"2021-07-16T00:30:18","slug":"combo-teclado-y-mouse-inal-km-8100-genius","status":"publish","type":"product","link":"https:\/\/www.7ecnosoluciones.com\/en\/product\/combo-teclado-y-mouse-inal-km-8100-genius\/","title":{"rendered":"Combo teclado y mouse INAL KM-8100 GENIUS"},"content":{"rendered":"<div class=\"wpb-content-wrapper\"><div class=\"vc_row wpb_row row top-row\"><div class=\"vc_column_container col-md-12\"><div class=\"wpb_wrapper vc_column-inner\">\n\t<div class=\"wpb_text_column wpb_content_element\" >\n\t\t<div class=\"wpb_wrapper\">\n\t\t\t<h4>Especificaciones<\/h4>\n<ul>\n<li>Teclado multimedia USB, 12 teclas multimedia,resistente a derrame de l\u00edquidos, teclas HIGH-SENSITIVE<\/li>\n<li>Mouse \u00f3ptico USB, dise\u00f1o ergon\u00f3mico<\/li>\n<li>Resoluci\u00f3n mouse: 1200 \u2013 2400dpi<\/li>\n<li>Compatible con: winnt \u2013 win98 \u2013 winme \u2013 win2000 \u2013 winxp \u2013 win7 \u2013 win8 \u2013 macos \u2013 androidtv \u2013 linux<\/li>\n<\/ul>\n<ul style=\"list-style-type: square;\">\n<li>Nota: Las im\u00e1genes son \u00fanicamente con fin ilustrativo. Nuestro inventario se encuentra en constante rotaci\u00f3n por lo que existencias y precios pueden variar sin previo aviso.<\/li>\n<\/ul>\n\n\t\t<\/div>\n\t<\/div>\n<\/div><\/div><\/div>\n<\/div>","protected":false},"excerpt":{"rendered":"<h4>Especificaciones<\/h4>\n<ul>\n<li>Teclado multimedia USB, 12 teclas multimedia,resistente a derrame de l\u00edquidos, teclas HIGH-SENSITIVE<\/li>\n<li>Mouse \u00f3ptico USB, dise\u00f1o ergon\u00f3mico<\/li>\n<li>Resoluci\u00f3n mouse: 1200 \u2013 2400dpi<\/li>\n<li>Compatible con: winnt \u2013 win98 \u2013 winme \u2013 win2000 \u2013 winxp \u2013 win7 \u2013 win8 \u2013 macos \u2013 androidtv \u2013 linux<\/li>\n<\/ul>\n<ul style=\"list-style-type: square;\">\n<li>Nota: Las im\u00e1genes son \u00fanicamente con fin ilustrativo. Nuestro inventario se encuentra en constante rotaci\u00f3n por lo que existencias y precios pueden variar sin previo aviso.<\/li>\n<\/ul>","protected":false},"featured_media":2431,"comment_status":"open","ping_status":"closed","template":"","meta":{"_acf_changed":false,"content-type":"","_mo_disable_npp":""},"product_cat":[124,65],"product_tag":[93,94],"class_list":{"0":"post-1950","1":"product","2":"type-product","3":"status-publish","4":"has-post-thumbnail","6":"product_cat-accesorios-y-partes","7":"product_cat-teclado-y-mouse","8":"product_tag-combo-teclado-y-mouse","9":"product_tag-inal","11":"first","12":"instock","13":"shipping-taxable","14":"purchasable","15":"product-type-simple"},"acf":[],"yoast_head":"<!-- This site is optimized with the Yoast SEO plugin v23.2 - https:\/\/yoast.com\/wordpress\/plugins\/seo\/ -->\n<title>Combo teclado y mouse INAL KM-8100 GENIUS - 7ecnosoluciones<\/title>\n<meta name=\"robots\" content=\"index, follow, max-snippet:-1, max-image-preview:large, max-video-preview:-1\" \/>\n<link rel=\"canonical\" href=\"https:\/\/www.7ecnosoluciones.com\/en\/product\/combo-teclado-y-mouse-inal-km-8100-genius\/\" \/>\n<meta property=\"og:locale\" content=\"en_US\" \/>\n<meta property=\"og:type\" content=\"article\" \/>\n<meta property=\"og:title\" content=\"Combo teclado y mouse INAL KM-8100 GENIUS - 7ecnosoluciones\" \/>\n<meta property=\"og:description\" content=\"Especificaciones   Teclado multimedia USB, 12 teclas multimedia,resistente a derrame de l\u00edquidos, teclas HIGH-SENSITIVE  Mouse \u00f3ptico USB, dise\u00f1o ergon\u00f3mico  Resoluci\u00f3n mouse: 1200 \u2013 2400dpi  Compatible con: winnt \u2013 win98 \u2013 winme \u2013 win2000 \u2013 winxp \u2013 win7 \u2013 win8 \u2013 macos \u2013 androidtv \u2013 linux    Nota: Las im\u00e1genes son \u00fanicamente con fin ilustrativo. Nuestro inventario se encuentra en constante rotaci\u00f3n por lo que existencias y precios pueden variar sin previo aviso.\" \/>\n<meta property=\"og:url\" content=\"https:\/\/www.7ecnosoluciones.com\/en\/product\/combo-teclado-y-mouse-inal-km-8100-genius\/\" \/>\n<meta property=\"og:site_name\" content=\"7ecnosoluciones\" \/>\n<meta property=\"article:publisher\" content=\"https:\/\/www.facebook.com\/7ecnosoluciones\" \/>\n<meta property=\"article:modified_time\" content=\"2021-07-16T00:30:18+00:00\" \/>\n<meta property=\"og:image\" content=\"https:\/\/www.7ecnosoluciones.com\/wp-content\/uploads\/2019\/07\/combo-multimedia-jyr-ctmojr-005.jpg\" \/>\n\t<meta property=\"og:image:width\" content=\"800\" \/>\n\t<meta property=\"og:image:height\" content=\"800\" \/>\n\t<meta property=\"og:image:type\" content=\"image\/jpeg\" \/>\n<meta name=\"twitter:card\" content=\"summary_large_image\" \/>\n<script type=\"application\/ld+json\" class=\"yoast-schema-graph\">{\"@context\":\"https:\/\/schema.org\",\"@graph\":[{\"@type\":\"WebPage\",\"@id\":\"https:\/\/www.7ecnosoluciones.com\/product\/combo-teclado-y-mouse-inal-km-8100-genius\/\",\"url\":\"https:\/\/www.7ecnosoluciones.com\/product\/combo-teclado-y-mouse-inal-km-8100-genius\/\",\"name\":\"Combo teclado y mouse INAL KM-8100 GENIUS - 7ecnosoluciones\",\"isPartOf\":{\"@id\":\"https:\/\/www.7ecnosoluciones.com\/#website\"},\"primaryImageOfPage\":{\"@id\":\"https:\/\/www.7ecnosoluciones.com\/product\/combo-teclado-y-mouse-inal-km-8100-genius\/#primaryimage\"},\"image\":{\"@id\":\"https:\/\/www.7ecnosoluciones.com\/product\/combo-teclado-y-mouse-inal-km-8100-genius\/#primaryimage\"},\"thumbnailUrl\":\"https:\/\/www.7ecnosoluciones.com\/wp-content\/uploads\/2019\/07\/combo-multimedia-jyr-ctmojr-005.jpg\",\"datePublished\":\"2019-07-04T06:10:08+00:00\",\"dateModified\":\"2021-07-16T00:30:18+00:00\",\"breadcrumb\":{\"@id\":\"https:\/\/www.7ecnosoluciones.com\/product\/combo-teclado-y-mouse-inal-km-8100-genius\/#breadcrumb\"},\"inLanguage\":\"en-US\",\"potentialAction\":[{\"@type\":\"ReadAction\",\"target\":[\"https:\/\/www.7ecnosoluciones.com\/product\/combo-teclado-y-mouse-inal-km-8100-genius\/\"]}]},{\"@type\":\"ImageObject\",\"inLanguage\":\"en-US\",\"@id\":\"https:\/\/www.7ecnosoluciones.com\/product\/combo-teclado-y-mouse-inal-km-8100-genius\/#primaryimage\",\"url\":\"https:\/\/www.7ecnosoluciones.com\/wp-content\/uploads\/2019\/07\/combo-multimedia-jyr-ctmojr-005.jpg\",\"contentUrl\":\"https:\/\/www.7ecnosoluciones.com\/wp-content\/uploads\/2019\/07\/combo-multimedia-jyr-ctmojr-005.jpg\",\"width\":800,\"height\":800},{\"@type\":\"BreadcrumbList\",\"@id\":\"https:\/\/www.7ecnosoluciones.com\/product\/combo-teclado-y-mouse-inal-km-8100-genius\/#breadcrumb\",\"itemListElement\":[{\"@type\":\"ListItem\",\"position\":1,\"name\":\"Portada\",\"item\":\"https:\/\/www.7ecnosoluciones.com\/\"},{\"@type\":\"ListItem\",\"position\":2,\"name\":\"Tienda\",\"item\":\"https:\/\/www.7ecnosoluciones.com\/tienda\/\"},{\"@type\":\"ListItem\",\"position\":3,\"name\":\"Combo teclado y mouse INAL KM-8100 GENIUS\"}]},{\"@type\":\"WebSite\",\"@id\":\"https:\/\/www.7ecnosoluciones.com\/#website\",\"url\":\"https:\/\/www.7ecnosoluciones.com\/\",\"name\":\"7ecnosoluciones\",\"description\":\"Vive la confianza y experiencia\",\"publisher\":{\"@id\":\"https:\/\/www.7ecnosoluciones.com\/#organization\"},\"potentialAction\":[{\"@type\":\"SearchAction\",\"target\":{\"@type\":\"EntryPoint\",\"urlTemplate\":\"https:\/\/www.7ecnosoluciones.com\/?s={search_term_string}\"},\"query-input\":\"required name=search_term_string\"}],\"inLanguage\":\"en-US\"},{\"@type\":\"Organization\",\"@id\":\"https:\/\/www.7ecnosoluciones.com\/#organization\",\"name\":\"7ecnosoluciones\",\"url\":\"https:\/\/www.7ecnosoluciones.com\/\",\"logo\":{\"@type\":\"ImageObject\",\"inLanguage\":\"en-US\",\"@id\":\"https:\/\/www.7ecnosoluciones.com\/#\/schema\/logo\/image\/\",\"url\":\"https:\/\/www.7ecnosoluciones.com\/wp-content\/uploads\/2020\/07\/logo-1.png\",\"contentUrl\":\"https:\/\/www.7ecnosoluciones.com\/wp-content\/uploads\/2020\/07\/logo-1.png\",\"width\":836,\"height\":227,\"caption\":\"7ecnosoluciones\"},\"image\":{\"@id\":\"https:\/\/www.7ecnosoluciones.com\/#\/schema\/logo\/image\/\"},\"sameAs\":[\"https:\/\/www.facebook.com\/7ecnosoluciones\",\"https:\/\/www.instagram.com\/7ecnosoluciones\/\"]}]}<\/script>\n<!-- \/ Yoast SEO plugin. -->","yoast_head_json":{"title":"Combo teclado y mouse INAL KM-8100 GENIUS - 7ecnosoluciones","robots":{"index":"index","follow":"follow","max-snippet":"max-snippet:-1","max-image-preview":"max-image-preview:large","max-video-preview":"max-video-preview:-1"},"canonical":"https:\/\/www.7ecnosoluciones.com\/en\/product\/combo-teclado-y-mouse-inal-km-8100-genius\/","og_locale":"en_US","og_type":"article","og_title":"Combo teclado y mouse INAL KM-8100 GENIUS - 7ecnosoluciones","og_description":"Especificaciones   Teclado multimedia USB, 12 teclas multimedia,resistente a derrame de l\u00edquidos, teclas HIGH-SENSITIVE  Mouse \u00f3ptico USB, dise\u00f1o ergon\u00f3mico  Resoluci\u00f3n mouse: 1200 \u2013 2400dpi  Compatible con: winnt \u2013 win98 \u2013 winme \u2013 win2000 \u2013 winxp \u2013 win7 \u2013 win8 \u2013 macos \u2013 androidtv \u2013 linux    Nota: Las im\u00e1genes son \u00fanicamente con fin ilustrativo. Nuestro inventario se encuentra en constante rotaci\u00f3n por lo que existencias y precios pueden variar sin previo aviso.","og_url":"https:\/\/www.7ecnosoluciones.com\/en\/product\/combo-teclado-y-mouse-inal-km-8100-genius\/","og_site_name":"7ecnosoluciones","article_publisher":"https:\/\/www.facebook.com\/7ecnosoluciones","article_modified_time":"2021-07-16T00:30:18+00:00","og_image":[{"width":800,"height":800,"url":"https:\/\/www.7ecnosoluciones.com\/wp-content\/uploads\/2019\/07\/combo-multimedia-jyr-ctmojr-005.jpg","type":"image\/jpeg"}],"twitter_card":"summary_large_image","schema":{"@context":"https:\/\/schema.org","@graph":[{"@type":"WebPage","@id":"https:\/\/www.7ecnosoluciones.com\/product\/combo-teclado-y-mouse-inal-km-8100-genius\/","url":"https:\/\/www.7ecnosoluciones.com\/product\/combo-teclado-y-mouse-inal-km-8100-genius\/","name":"Combo teclado y mouse INAL KM-8100 GENIUS - 7ecnosoluciones","isPartOf":{"@id":"https:\/\/www.7ecnosoluciones.com\/#website"},"primaryImageOfPage":{"@id":"https:\/\/www.7ecnosoluciones.com\/product\/combo-teclado-y-mouse-inal-km-8100-genius\/#primaryimage"},"image":{"@id":"https:\/\/www.7ecnosoluciones.com\/product\/combo-teclado-y-mouse-inal-km-8100-genius\/#primaryimage"},"thumbnailUrl":"https:\/\/www.7ecnosoluciones.com\/wp-content\/uploads\/2019\/07\/combo-multimedia-jyr-ctmojr-005.jpg","datePublished":"2019-07-04T06:10:08+00:00","dateModified":"2021-07-16T00:30:18+00:00","breadcrumb":{"@id":"https:\/\/www.7ecnosoluciones.com\/product\/combo-teclado-y-mouse-inal-km-8100-genius\/#breadcrumb"},"inLanguage":"en-US","potentialAction":[{"@type":"ReadAction","target":["https:\/\/www.7ecnosoluciones.com\/product\/combo-teclado-y-mouse-inal-km-8100-genius\/"]}]},{"@type":"ImageObject","inLanguage":"en-US","@id":"https:\/\/www.7ecnosoluciones.com\/product\/combo-teclado-y-mouse-inal-km-8100-genius\/#primaryimage","url":"https:\/\/www.7ecnosoluciones.com\/wp-content\/uploads\/2019\/07\/combo-multimedia-jyr-ctmojr-005.jpg","contentUrl":"https:\/\/www.7ecnosoluciones.com\/wp-content\/uploads\/2019\/07\/combo-multimedia-jyr-ctmojr-005.jpg","width":800,"height":800},{"@type":"BreadcrumbList","@id":"https:\/\/www.7ecnosoluciones.com\/product\/combo-teclado-y-mouse-inal-km-8100-genius\/#breadcrumb","itemListElement":[{"@type":"ListItem","position":1,"name":"Portada","item":"https:\/\/www.7ecnosoluciones.com\/"},{"@type":"ListItem","position":2,"name":"Tienda","item":"https:\/\/www.7ecnosoluciones.com\/tienda\/"},{"@type":"ListItem","position":3,"name":"Combo teclado y mouse INAL KM-8100 GENIUS"}]},{"@type":"WebSite","@id":"https:\/\/www.7ecnosoluciones.com\/#website","url":"https:\/\/www.7ecnosoluciones.com\/","name":"7ecnosoluciones","description":"Vive la confianza y experiencia","publisher":{"@id":"https:\/\/www.7ecnosoluciones.com\/#organization"},"potentialAction":[{"@type":"SearchAction","target":{"@type":"EntryPoint","urlTemplate":"https:\/\/www.7ecnosoluciones.com\/?s={search_term_string}"},"query-input":"required name=search_term_string"}],"inLanguage":"en-US"},{"@type":"Organization","@id":"https:\/\/www.7ecnosoluciones.com\/#organization","name":"7ecnosoluciones","url":"https:\/\/www.7ecnosoluciones.com\/","logo":{"@type":"ImageObject","inLanguage":"en-US","@id":"https:\/\/www.7ecnosoluciones.com\/#\/schema\/logo\/image\/","url":"https:\/\/www.7ecnosoluciones.com\/wp-content\/uploads\/2020\/07\/logo-1.png","contentUrl":"https:\/\/www.7ecnosoluciones.com\/wp-content\/uploads\/2020\/07\/logo-1.png","width":836,"height":227,"caption":"7ecnosoluciones"},"image":{"@id":"https:\/\/www.7ecnosoluciones.com\/#\/schema\/logo\/image\/"},"sameAs":["https:\/\/www.facebook.com\/7ecnosoluciones","https:\/\/www.instagram.com\/7ecnosoluciones\/"]}]}},"_links":{"self":[{"href":"https:\/\/www.7ecnosoluciones.com\/en\/wp-json\/wp\/v2\/product\/1950","targetHints":{"allow":["GET"]}}],"collection":[{"href":"https:\/\/www.7ecnosoluciones.com\/en\/wp-json\/wp\/v2\/product"}],"about":[{"href":"https:\/\/www.7ecnosoluciones.com\/en\/wp-json\/wp\/v2\/types\/product"}],"replies":[{"embeddable":true,"href":"https:\/\/www.7ecnosoluciones.com\/en\/wp-json\/wp\/v2\/comments?post=1950"}],"wp:featuredmedia":[{"embeddable":true,"href":"https:\/\/www.7ecnosoluciones.com\/en\/wp-json\/wp\/v2\/media\/2431"}],"wp:attachment":[{"href":"https:\/\/www.7ecnosoluciones.com\/en\/wp-json\/wp\/v2\/media?parent=1950"}],"wp:term":[{"taxonomy":"product_cat","embeddable":true,"href":"https:\/\/www.7ecnosoluciones.com\/en\/wp-json\/wp\/v2\/product_cat?post=1950"},{"taxonomy":"product_tag","embeddable":true,"href":"https:\/\/www.7ecnosoluciones.com\/en\/wp-json\/wp\/v2\/product_tag?post=1950"}],"curies":[{"name":"wp","href":"https:\/\/api.w.org\/{rel}","templated":true}]}}