{"id":1941,"date":"2019-07-04T01:03:06","date_gmt":"2019-07-04T01:03:06","guid":{"rendered":"http:\/\/sw-themes.com\/porto_dummy\/?post_type=product&#038;p=1941"},"modified":"2021-04-27T18:44:00","modified_gmt":"2021-04-27T23:44:00","slug":"tarjeta-de-video-msi-geforce-gt-710-2g-ddr3","status":"publish","type":"product","link":"https:\/\/www.7ecnosoluciones.com\/en\/product\/tarjeta-de-video-msi-geforce-gt-710-2g-ddr3\/","title":{"rendered":"Tarjeta de Video MSI GEFORCE GT 710 2G DDR3"},"content":{"rendered":"<div class=\"wpb-content-wrapper\"><div class=\"vc_row wpb_row row top-row\"><div class=\"vc_column_container col-md-6\"><div class=\"wpb_wrapper vc_column-inner\">\n\t<div class=\"wpb_text_column wpb_content_element\" >\n\t\t<div class=\"wpb_wrapper\">\n\t\t\t<p>Mejora la velocidad de tu PC con la nueva tarjeta gr\u00e1fica NVIDIA\u00ae GeForce\u00ae GT 710. Disfruta de hasta 10 veces m\u00e1s el rendimiento que con los gr\u00e1ficos integrados en todas tus aplicaciones de PC. hasta un 80% m\u00e1s de velocidad de juego con total fiabilidad y estabilidad gracias a GeForce\u00ae Experience\u2122.<\/p>\n<style>#porto-info-list111405601369f179db72551 i { color: #222529;font-size: 16px; }<\/style><ul id=\"porto-info-list111405601369f179db72551\" class=\"porto-info-list pl-4 wpb_custom_d9a5005d79a4bc1ec636bf4b80eb346a\"><li class=\"porto-info-list-item  wpb_custom_205edc6de9e53bd4458e8a5265d85879\"><i class=\"porto-info-icon fa fa-check-circle\"><\/i><div class=\"porto-info-list-item-desc\">Fabricante: MSI<\/div><\/li><li class=\"porto-info-list-item  wpb_custom_205edc6de9e53bd4458e8a5265d85879\"><i class=\"porto-info-icon fa fa-check-circle\"><\/i><div class=\"porto-info-list-item-desc\">GPU: NVIDIA GeForce GT 710<\/div><\/li><li class=\"porto-info-list-item  wpb_custom_205edc6de9e53bd4458e8a5265d85879\"><i class=\"porto-info-icon fa fa-check-circle\"><\/i><div class=\"porto-info-list-item-desc\">Memoria: 1 GB DDR3 (64 bit)<\/div><\/li><li class=\"porto-info-list-item  wpb_custom_205edc6de9e53bd4458e8a5265d85879\"><i class=\"porto-info-icon fa fa-check-circle\"><\/i><div class=\"porto-info-list-item-desc\">Bus: PCI Express 2.0 x16<\/div><\/li><li class=\"porto-info-list-item  wpb_custom_205edc6de9e53bd4458e8a5265d85879\"><i class=\"porto-info-icon fa fa-check-circle\"><\/i><div class=\"porto-info-list-item-desc\">Frecuencias:<\/div><\/li><li class=\"porto-info-list-item  wpb_custom_205edc6de9e53bd4458e8a5265d85879\"><i class=\"porto-info-icon fa fa-check-circle\"><\/i><div class=\"porto-info-list-item-desc\">Core: 954 MHz<\/div><\/li><li class=\"porto-info-list-item  wpb_custom_205edc6de9e53bd4458e8a5265d85879\"><i class=\"porto-info-icon fa fa-check-circle\"><\/i><div class=\"porto-info-list-item-desc\">Memorias: 800 MHz<\/div><\/li><li class=\"porto-info-list-item  wpb_custom_205edc6de9e53bd4458e8a5265d85879\"><i class=\"porto-info-icon fa fa-check-circle\"><\/i><div class=\"porto-info-list-item-desc\">N\u00facleo: GK208 (NVIDIA Kepler)<\/div><\/li><li class=\"porto-info-list-item  wpb_custom_205edc6de9e53bd4458e8a5265d85879\"><i class=\"porto-info-icon fa fa-check-circle\"><\/i><div class=\"porto-info-list-item-desc\">Perfil: Low profile<\/div><\/li><li class=\"porto-info-list-item  wpb_custom_205edc6de9e53bd4458e8a5265d85879\"><i class=\"porto-info-icon fa fa-check-circle\"><\/i><div class=\"porto-info-list-item-desc\">Refrigeraci\u00f3n: Pasiva<\/div><\/li><li class=\"porto-info-list-item  wpb_custom_205edc6de9e53bd4458e8a5265d85879\"><i class=\"porto-info-icon fa fa-check-circle\"><\/i><div class=\"porto-info-list-item-desc\">Slots: Single slot<\/div><\/li><li class=\"porto-info-list-item  wpb_custom_205edc6de9e53bd4458e8a5265d85879\"><i class=\"porto-info-icon fa fa-check-circle\"><\/i><div class=\"porto-info-list-item-desc\">Conectores de poder: No Posee<\/div><\/li><li class=\"porto-info-list-item  wpb_custom_205edc6de9e53bd4458e8a5265d85879\"><i class=\"porto-info-icon fa fa-check-circle\"><\/i><div class=\"porto-info-list-item-desc\">Puertos de video: 1x VGA, 1x HDMI y 1x DVI<\/div><\/li><li class=\"porto-info-list-item  wpb_custom_205edc6de9e53bd4458e8a5265d85879\"><i class=\"porto-info-icon fa fa-check-circle\"><\/i><div class=\"porto-info-list-item-desc\">Puertos de video: 1x VGA, 1x HDMI y 1x DVI<\/div><\/li><\/ul>\n<h4>CONTENIDO DE LA CAJA:<\/h4>\n<ul>\n<li>\u00a0Tarjeta de vidro GT 710 2GB DDR3<\/li>\n<li>2 ranuras HDMI\/DVI<\/li>\n<li>Manual de usuario<\/li>\n<li>CD de DRIVERS<\/li>\n<\/ul>\n\n\t\t<\/div>\n\t<\/div>\n<\/div><\/div><div class=\"vc_column_container col-md-6\"><div class=\"wpb_wrapper vc_column-inner\">\n\t<div class=\"wpb_text_column wpb_content_element\" >\n\t\t<div class=\"wpb_wrapper\">\n\t\t\t<h4>ESPECIFICACIONES:<\/h4>\n<ul>\n<li>Unidad de procesamiento gr\u00e1fico NVIDIA GeForce GT 710<\/li>\n<li>Interfaz PCI Express x8 2.0<\/li>\n<li>Boost \/ Reloj Base Core 954<\/li>\n<li>Tama\u00f1o de la memoria (MB) 2048<\/li>\n<li>Tipo de la memoria DDR3<\/li>\n<li>Interfaz de memoria 64-bit<\/li>\n<li>Memoria Velocidad del reloj (MHz) 1600<\/li>\n<li>DVI Conectores<\/li>\n<li>Dual-link DVI-D x 1<\/li>\n<li>Resoluci\u00f3n m\u00e1xima: 2560 x 1600 @ 60 Hz<\/li>\n<li>Conectores D-SUB 1<\/li>\n<li>HDMI Conectores<\/li>\n<li>1 (versi\u00f3n 1.4a)<\/li>\n<li>Resoluci\u00f3n m\u00e1xima: 4096&#215;2160 @ 24 Hz<\/li>\n<li>Muestra m\u00e1ximo 2<\/li>\n<li>Soporte HDCP<\/li>\n<li>Velocidad RAMDAC (MHz) 400<\/li>\n<li>Soporte Versi\u00f3n de DirectX 12 API (funci\u00f3n 11_0 nivel)<\/li>\n<li>Soporte OpenGL Versi\u00f3n 4.5<\/li>\n<li>Tarjeta Dimensiones (mm) 146 x 69 x 19 mm<\/li>\n<li>Tarjeta de Peso (g) 178<\/li>\n<li>Consumo de energ\u00eda (W) 19<\/li>\n<li>PSU Recomendado (W) 300<\/li>\n<\/ul>\n\n\t\t<\/div>\n\t<\/div>\n<\/div><\/div><\/div>\n<\/div>","protected":false},"excerpt":{"rendered":"<style>#porto-info-list116758955469f179db6f5c8 i { color: #222529;font-size: 16px; }<\/style>\n<ul id=\"porto-info-list116758955469f179db6f5c8\" class=\"porto-info-list pl-4 wpb_custom_d9a5005d79a4bc1ec636bf4b80eb346a\">\n<li class=\"porto-info-list-item  wpb_custom_205edc6de9e53bd4458e8a5265d85879\"><i class=\"porto-info-icon fa fa-check-circle\"><\/i>\n<div class=\"porto-info-list-item-desc\">Fabricante: MSI<\/div>\n<\/li>\n<li class=\"porto-info-list-item  wpb_custom_205edc6de9e53bd4458e8a5265d85879\"><i class=\"porto-info-icon fa fa-check-circle\"><\/i>\n<div class=\"porto-info-list-item-desc\">GPU: NVIDIA GeForce GT 710<\/div>\n<\/li>\n<li class=\"porto-info-list-item  wpb_custom_205edc6de9e53bd4458e8a5265d85879\"><i class=\"porto-info-icon fa fa-check-circle\"><\/i>\n<div class=\"porto-info-list-item-desc\">Memoria: 1 GB DDR3 (64 bit)<\/div>\n<\/li>\n<li class=\"porto-info-list-item  wpb_custom_205edc6de9e53bd4458e8a5265d85879\"><i class=\"porto-info-icon fa fa-check-circle\"><\/i>\n<div class=\"porto-info-list-item-desc\">Bus: PCI Express 2.0 x16<\/div>\n<\/li>\n<li class=\"porto-info-list-item  wpb_custom_205edc6de9e53bd4458e8a5265d85879\"><i class=\"porto-info-icon fa fa-check-circle\"><\/i>\n<div class=\"porto-info-list-item-desc\">Frecuencias:<\/div>\n<\/li>\n<li class=\"porto-info-list-item  wpb_custom_205edc6de9e53bd4458e8a5265d85879\"><i class=\"porto-info-icon fa fa-check-circle\"><\/i>\n<div class=\"porto-info-list-item-desc\">Core: 954 MHz<\/div>\n<\/li>\n<li class=\"porto-info-list-item  wpb_custom_205edc6de9e53bd4458e8a5265d85879\"><i class=\"porto-info-icon fa fa-check-circle\"><\/i>\n<div class=\"porto-info-list-item-desc\">Memorias: 800 MHz<\/div>\n<\/li>\n<li class=\"porto-info-list-item  wpb_custom_205edc6de9e53bd4458e8a5265d85879\"><i class=\"porto-info-icon fa fa-check-circle\"><\/i>\n<div class=\"porto-info-list-item-desc\">N\u00facleo: GK208 (NVIDIA Kepler)<\/div>\n<\/li>\n<li class=\"porto-info-list-item  wpb_custom_205edc6de9e53bd4458e8a5265d85879\"><i class=\"porto-info-icon fa fa-check-circle\"><\/i>\n<div class=\"porto-info-list-item-desc\">Perfil: Low profile<\/div>\n<\/li>\n<li class=\"porto-info-list-item  wpb_custom_205edc6de9e53bd4458e8a5265d85879\"><i class=\"porto-info-icon fa fa-check-circle\"><\/i>\n<div class=\"porto-info-list-item-desc\">Refrigeraci\u00f3n: Pasiva<\/div>\n<\/li>\n<li class=\"porto-info-list-item  wpb_custom_205edc6de9e53bd4458e8a5265d85879\"><i class=\"porto-info-icon fa fa-check-circle\"><\/i>\n<div class=\"porto-info-list-item-desc\">Slots: Single slot<\/div>\n<\/li>\n<li class=\"porto-info-list-item  wpb_custom_205edc6de9e53bd4458e8a5265d85879\"><i class=\"porto-info-icon fa fa-check-circle\"><\/i>\n<div class=\"porto-info-list-item-desc\">Conectores de poder: No Posee<\/div>\n<\/li>\n<li class=\"porto-info-list-item  wpb_custom_205edc6de9e53bd4458e8a5265d85879\"><i class=\"porto-info-icon fa fa-check-circle\"><\/i>\n<div class=\"porto-info-list-item-desc\">Puertos de video: 1x VGA, 1x HDMI y 1x DVI<\/div>\n<\/li>\n<li class=\"porto-info-list-item  wpb_custom_205edc6de9e53bd4458e8a5265d85879\"><i class=\"porto-info-icon fa fa-check-circle\"><\/i>\n<div class=\"porto-info-list-item-desc\">Puertos de video: 1x VGA, 1x HDMI y 1x DVI<\/div>\n<\/li>\n<\/ul>","protected":false},"featured_media":2440,"comment_status":"open","ping_status":"closed","template":"","meta":{"_acf_changed":false,"content-type":"","_mo_disable_npp":""},"product_cat":[80],"product_tag":[83,82],"class_list":{"0":"post-1941","1":"product","2":"type-product","3":"status-publish","4":"has-post-thumbnail","6":"product_cat-tarjetas-de-video","7":"product_tag-gforce-msi","8":"product_tag-tarjeta-de-video","10":"first","11":"instock","12":"featured","13":"shipping-taxable","14":"purchasable","15":"product-type-variable"},"acf":[],"yoast_head":"<!-- This site is optimized with the Yoast SEO plugin v23.2 - https:\/\/yoast.com\/wordpress\/plugins\/seo\/ -->\n<title>Tarjeta de Video MSI GEFORCE GT 710 2G DDR3 - 7ecnosoluciones<\/title>\n<meta name=\"robots\" content=\"index, follow, max-snippet:-1, max-image-preview:large, max-video-preview:-1\" \/>\n<link rel=\"canonical\" href=\"https:\/\/www.7ecnosoluciones.com\/en\/product\/tarjeta-de-video-msi-geforce-gt-710-2g-ddr3\/\" \/>\n<meta property=\"og:locale\" content=\"en_US\" \/>\n<meta property=\"og:type\" content=\"article\" \/>\n<meta property=\"og:title\" content=\"Tarjeta de Video MSI GEFORCE GT 710 2G DDR3 - 7ecnosoluciones\" \/>\n<meta property=\"og:url\" content=\"https:\/\/www.7ecnosoluciones.com\/en\/product\/tarjeta-de-video-msi-geforce-gt-710-2g-ddr3\/\" \/>\n<meta property=\"og:site_name\" content=\"7ecnosoluciones\" \/>\n<meta property=\"article:publisher\" content=\"https:\/\/www.facebook.com\/7ecnosoluciones\" \/>\n<meta property=\"article:modified_time\" content=\"2021-04-27T23:44:00+00:00\" \/>\n<meta property=\"og:image\" content=\"https:\/\/www.7ecnosoluciones.com\/wp-content\/uploads\/2019\/07\/TARJETA_DE_VIDEO_MSI_GT_710_2GB_DDR3_64BITS.jpg\" \/>\n\t<meta property=\"og:image:width\" content=\"1000\" \/>\n\t<meta property=\"og:image:height\" content=\"1000\" \/>\n\t<meta property=\"og:image:type\" content=\"image\/jpeg\" \/>\n<meta name=\"twitter:card\" content=\"summary_large_image\" \/>\n<meta name=\"twitter:description\" content=\"[porto_info_list icon_color=&quot;#222529&quot; font_size_icon=&quot;16&quot; el_class=&quot;pl-4&quot;][porto_info_list_item list_icon=&quot;fa fa-check-circle&quot; desc_font_size=&quot;14&quot;]Fabricante: MSI[\/porto_info_list_item][porto_info_list_item list_icon=&quot;fa fa-check-circle&quot; desc_font_size=&quot;14&quot;]GPU: NVIDIA GeForce GT 710[\/porto_info_list_item][porto_info_list_item list_icon=&quot;fa fa-check-circle&quot; desc_font_size=&quot;14&quot;]Memoria: 1 GB DDR3 (64 bit)[\/porto_info_list_item][porto_info_list_item list_icon=&quot;fa fa-check-circle&quot; desc_font_size=&quot;14&quot;]Bus: PCI Express 2.0 x16[\/porto_info_list_item][porto_info_list_item list_icon=&quot;fa fa-check-circle&quot; desc_font_size=&quot;14&quot;]Frecuencias:[\/porto_info_list_item][porto_info_list_item list_icon=&quot;fa fa-check-circle&quot; desc_font_size=&quot;14&quot;]Core: 954 MHz[\/porto_info_list_item][porto_info_list_item list_icon=&quot;fa fa-check-circle&quot; desc_font_size=&quot;14&quot;]Memorias: 800 MHz[\/porto_info_list_item][porto_info_list_item list_icon=&quot;fa fa-check-circle&quot; desc_font_size=&quot;14&quot;]N\u00facleo: GK208 (NVIDIA Kepler)[\/porto_info_list_item][porto_info_list_item list_icon=&quot;fa fa-check-circle&quot; desc_font_size=&quot;14&quot;]Perfil: Low profile[\/porto_info_list_item][porto_info_list_item list_icon=&quot;fa fa-check-circle&quot; desc_font_size=&quot;14&quot;]Refrigeraci\u00f3n: Pasiva[\/porto_info_list_item][porto_info_list_item list_icon=&quot;fa fa-check-circle&quot; desc_font_size=&quot;14&quot;]Slots: Single slot[\/porto_info_list_item][porto_info_list_item list_icon=&quot;fa fa-check-circle&quot; desc_font_size=&quot;14&quot;]Conectores de poder: No Posee[\/porto_info_list_item][porto_info_list_item list_icon=&quot;fa fa-check-circle&quot; desc_font_size=&quot;14&quot;]Puertos de video: 1x VGA, 1x HDMI y 1x DVI[\/porto_info_list_item][porto_info_list_item list_icon=&quot;fa fa-check-circle&quot; desc_font_size=&quot;14&quot;]Puertos de video: 1x VGA, 1x HDMI y 1x DVI[\/porto_info_list_item][\/porto_info_list]\" \/>\n<meta name=\"twitter:label1\" content=\"Est. reading time\" \/>\n\t<meta name=\"twitter:data1\" content=\"2 minutes\" \/>\n<script type=\"application\/ld+json\" class=\"yoast-schema-graph\">{\"@context\":\"https:\/\/schema.org\",\"@graph\":[{\"@type\":\"WebPage\",\"@id\":\"https:\/\/www.7ecnosoluciones.com\/product\/tarjeta-de-video-msi-geforce-gt-710-2g-ddr3\/\",\"url\":\"https:\/\/www.7ecnosoluciones.com\/product\/tarjeta-de-video-msi-geforce-gt-710-2g-ddr3\/\",\"name\":\"Tarjeta de Video MSI GEFORCE GT 710 2G DDR3 - 7ecnosoluciones\",\"isPartOf\":{\"@id\":\"https:\/\/www.7ecnosoluciones.com\/#website\"},\"primaryImageOfPage\":{\"@id\":\"https:\/\/www.7ecnosoluciones.com\/product\/tarjeta-de-video-msi-geforce-gt-710-2g-ddr3\/#primaryimage\"},\"image\":{\"@id\":\"https:\/\/www.7ecnosoluciones.com\/product\/tarjeta-de-video-msi-geforce-gt-710-2g-ddr3\/#primaryimage\"},\"thumbnailUrl\":\"https:\/\/www.7ecnosoluciones.com\/wp-content\/uploads\/2019\/07\/TARJETA_DE_VIDEO_MSI_GT_710_2GB_DDR3_64BITS.jpg\",\"datePublished\":\"2019-07-04T01:03:06+00:00\",\"dateModified\":\"2021-04-27T23:44:00+00:00\",\"breadcrumb\":{\"@id\":\"https:\/\/www.7ecnosoluciones.com\/product\/tarjeta-de-video-msi-geforce-gt-710-2g-ddr3\/#breadcrumb\"},\"inLanguage\":\"en-US\",\"potentialAction\":[{\"@type\":\"ReadAction\",\"target\":[\"https:\/\/www.7ecnosoluciones.com\/product\/tarjeta-de-video-msi-geforce-gt-710-2g-ddr3\/\"]}]},{\"@type\":\"ImageObject\",\"inLanguage\":\"en-US\",\"@id\":\"https:\/\/www.7ecnosoluciones.com\/product\/tarjeta-de-video-msi-geforce-gt-710-2g-ddr3\/#primaryimage\",\"url\":\"https:\/\/www.7ecnosoluciones.com\/wp-content\/uploads\/2019\/07\/TARJETA_DE_VIDEO_MSI_GT_710_2GB_DDR3_64BITS.jpg\",\"contentUrl\":\"https:\/\/www.7ecnosoluciones.com\/wp-content\/uploads\/2019\/07\/TARJETA_DE_VIDEO_MSI_GT_710_2GB_DDR3_64BITS.jpg\",\"width\":1000,\"height\":1000},{\"@type\":\"BreadcrumbList\",\"@id\":\"https:\/\/www.7ecnosoluciones.com\/product\/tarjeta-de-video-msi-geforce-gt-710-2g-ddr3\/#breadcrumb\",\"itemListElement\":[{\"@type\":\"ListItem\",\"position\":1,\"name\":\"Portada\",\"item\":\"https:\/\/www.7ecnosoluciones.com\/\"},{\"@type\":\"ListItem\",\"position\":2,\"name\":\"Tienda\",\"item\":\"https:\/\/www.7ecnosoluciones.com\/tienda\/\"},{\"@type\":\"ListItem\",\"position\":3,\"name\":\"Tarjeta de Video MSI GEFORCE GT 710 2G DDR3\"}]},{\"@type\":\"WebSite\",\"@id\":\"https:\/\/www.7ecnosoluciones.com\/#website\",\"url\":\"https:\/\/www.7ecnosoluciones.com\/\",\"name\":\"7ecnosoluciones\",\"description\":\"Vive la confianza y experiencia\",\"publisher\":{\"@id\":\"https:\/\/www.7ecnosoluciones.com\/#organization\"},\"potentialAction\":[{\"@type\":\"SearchAction\",\"target\":{\"@type\":\"EntryPoint\",\"urlTemplate\":\"https:\/\/www.7ecnosoluciones.com\/?s={search_term_string}\"},\"query-input\":\"required name=search_term_string\"}],\"inLanguage\":\"en-US\"},{\"@type\":\"Organization\",\"@id\":\"https:\/\/www.7ecnosoluciones.com\/#organization\",\"name\":\"7ecnosoluciones\",\"url\":\"https:\/\/www.7ecnosoluciones.com\/\",\"logo\":{\"@type\":\"ImageObject\",\"inLanguage\":\"en-US\",\"@id\":\"https:\/\/www.7ecnosoluciones.com\/#\/schema\/logo\/image\/\",\"url\":\"https:\/\/www.7ecnosoluciones.com\/wp-content\/uploads\/2020\/07\/logo-1.png\",\"contentUrl\":\"https:\/\/www.7ecnosoluciones.com\/wp-content\/uploads\/2020\/07\/logo-1.png\",\"width\":836,\"height\":227,\"caption\":\"7ecnosoluciones\"},\"image\":{\"@id\":\"https:\/\/www.7ecnosoluciones.com\/#\/schema\/logo\/image\/\"},\"sameAs\":[\"https:\/\/www.facebook.com\/7ecnosoluciones\",\"https:\/\/www.instagram.com\/7ecnosoluciones\/\"]}]}<\/script>\n<!-- \/ Yoast SEO plugin. -->","yoast_head_json":{"title":"Tarjeta de Video MSI GEFORCE GT 710 2G DDR3 - 7ecnosoluciones","robots":{"index":"index","follow":"follow","max-snippet":"max-snippet:-1","max-image-preview":"max-image-preview:large","max-video-preview":"max-video-preview:-1"},"canonical":"https:\/\/www.7ecnosoluciones.com\/en\/product\/tarjeta-de-video-msi-geforce-gt-710-2g-ddr3\/","og_locale":"en_US","og_type":"article","og_title":"Tarjeta de Video MSI GEFORCE GT 710 2G DDR3 - 7ecnosoluciones","og_url":"https:\/\/www.7ecnosoluciones.com\/en\/product\/tarjeta-de-video-msi-geforce-gt-710-2g-ddr3\/","og_site_name":"7ecnosoluciones","article_publisher":"https:\/\/www.facebook.com\/7ecnosoluciones","article_modified_time":"2021-04-27T23:44:00+00:00","og_image":[{"width":1000,"height":1000,"url":"https:\/\/www.7ecnosoluciones.com\/wp-content\/uploads\/2019\/07\/TARJETA_DE_VIDEO_MSI_GT_710_2GB_DDR3_64BITS.jpg","type":"image\/jpeg"}],"twitter_card":"summary_large_image","twitter_description":"[porto_info_list icon_color=\"#222529\" font_size_icon=\"16\" el_class=\"pl-4\"][porto_info_list_item list_icon=\"fa fa-check-circle\" desc_font_size=\"14\"]Fabricante: MSI[\/porto_info_list_item][porto_info_list_item list_icon=\"fa fa-check-circle\" desc_font_size=\"14\"]GPU: NVIDIA GeForce GT 710[\/porto_info_list_item][porto_info_list_item list_icon=\"fa fa-check-circle\" desc_font_size=\"14\"]Memoria: 1 GB DDR3 (64 bit)[\/porto_info_list_item][porto_info_list_item list_icon=\"fa fa-check-circle\" desc_font_size=\"14\"]Bus: PCI Express 2.0 x16[\/porto_info_list_item][porto_info_list_item list_icon=\"fa fa-check-circle\" desc_font_size=\"14\"]Frecuencias:[\/porto_info_list_item][porto_info_list_item list_icon=\"fa fa-check-circle\" desc_font_size=\"14\"]Core: 954 MHz[\/porto_info_list_item][porto_info_list_item list_icon=\"fa fa-check-circle\" desc_font_size=\"14\"]Memorias: 800 MHz[\/porto_info_list_item][porto_info_list_item list_icon=\"fa fa-check-circle\" desc_font_size=\"14\"]N\u00facleo: GK208 (NVIDIA Kepler)[\/porto_info_list_item][porto_info_list_item list_icon=\"fa fa-check-circle\" desc_font_size=\"14\"]Perfil: Low profile[\/porto_info_list_item][porto_info_list_item list_icon=\"fa fa-check-circle\" desc_font_size=\"14\"]Refrigeraci\u00f3n: Pasiva[\/porto_info_list_item][porto_info_list_item list_icon=\"fa fa-check-circle\" desc_font_size=\"14\"]Slots: Single slot[\/porto_info_list_item][porto_info_list_item list_icon=\"fa fa-check-circle\" desc_font_size=\"14\"]Conectores de poder: No Posee[\/porto_info_list_item][porto_info_list_item list_icon=\"fa fa-check-circle\" desc_font_size=\"14\"]Puertos de video: 1x VGA, 1x HDMI y 1x DVI[\/porto_info_list_item][porto_info_list_item list_icon=\"fa fa-check-circle\" desc_font_size=\"14\"]Puertos de video: 1x VGA, 1x HDMI y 1x DVI[\/porto_info_list_item][\/porto_info_list]","twitter_misc":{"Est. reading time":"2 minutes"},"schema":{"@context":"https:\/\/schema.org","@graph":[{"@type":"WebPage","@id":"https:\/\/www.7ecnosoluciones.com\/product\/tarjeta-de-video-msi-geforce-gt-710-2g-ddr3\/","url":"https:\/\/www.7ecnosoluciones.com\/product\/tarjeta-de-video-msi-geforce-gt-710-2g-ddr3\/","name":"Tarjeta de Video MSI GEFORCE GT 710 2G DDR3 - 7ecnosoluciones","isPartOf":{"@id":"https:\/\/www.7ecnosoluciones.com\/#website"},"primaryImageOfPage":{"@id":"https:\/\/www.7ecnosoluciones.com\/product\/tarjeta-de-video-msi-geforce-gt-710-2g-ddr3\/#primaryimage"},"image":{"@id":"https:\/\/www.7ecnosoluciones.com\/product\/tarjeta-de-video-msi-geforce-gt-710-2g-ddr3\/#primaryimage"},"thumbnailUrl":"https:\/\/www.7ecnosoluciones.com\/wp-content\/uploads\/2019\/07\/TARJETA_DE_VIDEO_MSI_GT_710_2GB_DDR3_64BITS.jpg","datePublished":"2019-07-04T01:03:06+00:00","dateModified":"2021-04-27T23:44:00+00:00","breadcrumb":{"@id":"https:\/\/www.7ecnosoluciones.com\/product\/tarjeta-de-video-msi-geforce-gt-710-2g-ddr3\/#breadcrumb"},"inLanguage":"en-US","potentialAction":[{"@type":"ReadAction","target":["https:\/\/www.7ecnosoluciones.com\/product\/tarjeta-de-video-msi-geforce-gt-710-2g-ddr3\/"]}]},{"@type":"ImageObject","inLanguage":"en-US","@id":"https:\/\/www.7ecnosoluciones.com\/product\/tarjeta-de-video-msi-geforce-gt-710-2g-ddr3\/#primaryimage","url":"https:\/\/www.7ecnosoluciones.com\/wp-content\/uploads\/2019\/07\/TARJETA_DE_VIDEO_MSI_GT_710_2GB_DDR3_64BITS.jpg","contentUrl":"https:\/\/www.7ecnosoluciones.com\/wp-content\/uploads\/2019\/07\/TARJETA_DE_VIDEO_MSI_GT_710_2GB_DDR3_64BITS.jpg","width":1000,"height":1000},{"@type":"BreadcrumbList","@id":"https:\/\/www.7ecnosoluciones.com\/product\/tarjeta-de-video-msi-geforce-gt-710-2g-ddr3\/#breadcrumb","itemListElement":[{"@type":"ListItem","position":1,"name":"Portada","item":"https:\/\/www.7ecnosoluciones.com\/"},{"@type":"ListItem","position":2,"name":"Tienda","item":"https:\/\/www.7ecnosoluciones.com\/tienda\/"},{"@type":"ListItem","position":3,"name":"Tarjeta de Video MSI GEFORCE GT 710 2G DDR3"}]},{"@type":"WebSite","@id":"https:\/\/www.7ecnosoluciones.com\/#website","url":"https:\/\/www.7ecnosoluciones.com\/","name":"7ecnosoluciones","description":"Vive la confianza y experiencia","publisher":{"@id":"https:\/\/www.7ecnosoluciones.com\/#organization"},"potentialAction":[{"@type":"SearchAction","target":{"@type":"EntryPoint","urlTemplate":"https:\/\/www.7ecnosoluciones.com\/?s={search_term_string}"},"query-input":"required name=search_term_string"}],"inLanguage":"en-US"},{"@type":"Organization","@id":"https:\/\/www.7ecnosoluciones.com\/#organization","name":"7ecnosoluciones","url":"https:\/\/www.7ecnosoluciones.com\/","logo":{"@type":"ImageObject","inLanguage":"en-US","@id":"https:\/\/www.7ecnosoluciones.com\/#\/schema\/logo\/image\/","url":"https:\/\/www.7ecnosoluciones.com\/wp-content\/uploads\/2020\/07\/logo-1.png","contentUrl":"https:\/\/www.7ecnosoluciones.com\/wp-content\/uploads\/2020\/07\/logo-1.png","width":836,"height":227,"caption":"7ecnosoluciones"},"image":{"@id":"https:\/\/www.7ecnosoluciones.com\/#\/schema\/logo\/image\/"},"sameAs":["https:\/\/www.facebook.com\/7ecnosoluciones","https:\/\/www.instagram.com\/7ecnosoluciones\/"]}]}},"_links":{"self":[{"href":"https:\/\/www.7ecnosoluciones.com\/en\/wp-json\/wp\/v2\/product\/1941","targetHints":{"allow":["GET"]}}],"collection":[{"href":"https:\/\/www.7ecnosoluciones.com\/en\/wp-json\/wp\/v2\/product"}],"about":[{"href":"https:\/\/www.7ecnosoluciones.com\/en\/wp-json\/wp\/v2\/types\/product"}],"replies":[{"embeddable":true,"href":"https:\/\/www.7ecnosoluciones.com\/en\/wp-json\/wp\/v2\/comments?post=1941"}],"wp:featuredmedia":[{"embeddable":true,"href":"https:\/\/www.7ecnosoluciones.com\/en\/wp-json\/wp\/v2\/media\/2440"}],"wp:attachment":[{"href":"https:\/\/www.7ecnosoluciones.com\/en\/wp-json\/wp\/v2\/media?parent=1941"}],"wp:term":[{"taxonomy":"product_cat","embeddable":true,"href":"https:\/\/www.7ecnosoluciones.com\/en\/wp-json\/wp\/v2\/product_cat?post=1941"},{"taxonomy":"product_tag","embeddable":true,"href":"https:\/\/www.7ecnosoluciones.com\/en\/wp-json\/wp\/v2\/product_tag?post=1941"}],"curies":[{"name":"wp","href":"https:\/\/api.w.org\/{rel}","templated":true}]}}