{"id":1833,"date":"2019-06-26T16:50:43","date_gmt":"2019-06-26T21:50:43","guid":{"rendered":"http:\/\/sw-themes.com\/porto_dummy\/?post_type=product&#038;p=1833"},"modified":"2021-07-22T19:50:50","modified_gmt":"2021-07-23T00:50:50","slug":"memoria-ram-ddr4-4gb-pc2400-pc-kingston","status":"publish","type":"product","link":"https:\/\/www.7ecnosoluciones.com\/en\/product\/memoria-ram-ddr4-4gb-pc2400-pc-kingston\/","title":{"rendered":"Memoria Ram DDR4 4GB Pc2400 PC Kingston"},"content":{"rendered":"<div class=\"wpb-content-wrapper\"><div class=\"vc_row wpb_row row top-row\"><div class=\"vc_column_container col-md-12\"><div class=\"wpb_wrapper vc_column-inner\">\n\t<div class=\"wpb_text_column wpb_content_element\" >\n\t\t<div class=\"wpb_wrapper\">\n\t\t\t<p>La actualizaci\u00f3n de memoria RAM de 4GB 2400MHz DDR4 sin ECC CL17 KVR24N17S6 \/ 4 de Kingston es la forma m\u00e1s r\u00e1pida, f\u00e1cil y econ\u00f3mica de aumentar el rendimiento de su dispositivo compatible. La actualizaci\u00f3n de la memoria KVR24N17S6 \/ 4 de Kingston ofrece una confiabilidad extrema combinada con el rendimiento, por lo que es ideal para aquellos que buscan la memoria m\u00e1s confiable en la industria para darle a su sistema el rendimiento que necesita. La memoria de alta calidad aumenta la productividad y el m\u00f3dulo de memoria DIMM CL17 sin ECC DDR4 de 4GB 2400MHz de Kingston no decepcionar\u00e1. Una mayor velocidad y la capacidad de trabajar con m\u00e1s programas a la vez ser\u00e1n las principales ventajas al aumentar la memoria, lo que dar\u00e1 lugar a una experiencia inform\u00e1tica mucho m\u00e1s agradable.<br \/>\nKingston fabrica memorias de alta calidad desde 1987 y la piedra angular de la reputaci\u00f3n de Kingston es su fiabilidad. Kingston gana su respeto como uno de los fabricantes de memoria m\u00e1s confiables en la industria debido a su proceso de prueba de memoria y la memoria DIMM CL17 DDR4 sin ECC de 4GB 2400MHz no es diferente.<\/p>\n<p>El proceso de prueba de Kingston combina:<\/p>\n<ul style=\"list-style-type: square;\">\n<li>Pruebas de especificaciones<\/li>\n<li>Proceso de calificaci\u00f3n de componentes<\/li>\n<li>Pruebas de estr\u00e9s ambiental, compatibilidad y confiabilidad<\/li>\n<li>Pruebas de producci\u00f3n al 100%<\/li>\n<li>Control de calidad y monitoreo de confiabilidad<\/li>\n<\/ul>\n<p>Los ingenieros y profesionales t\u00e9cnicos de Kingston investigan por primera vez el mercado de computadoras para identificar los sistemas que necesitar\u00e1n soporte con actualizaciones de memoria.<\/p>\n<p>Kingston utiliza procesos de dise\u00f1o de vanguardia y lidera la industria en m\u00f3dulos de memoria patentados dise\u00f1ados a medida. Como miembro del Consejo Conjunto de Ingenier\u00eda de Dispositivos Electr\u00f3nicos (JEDEC), Kingston ayuda a establecer est\u00e1ndares de la industria.<br \/>\nAdem\u00e1s de dise\u00f1ar para las tecnolog\u00edas de memoria existentes, Kingston se dedica a las tecnolog\u00edas de la pr\u00f3xima generaci\u00f3n.<\/p>\n<p>Para cualquier nuevo dise\u00f1o, el proceso de prueba de Kingston comienza una vez que los ingenieros tienen una placa prototipo. El proceso de prueba de Kingston sigue de cerca su proceso de ingenier\u00eda y calidad, DCAT (Dise\u00f1o, Componentes, Ensamblaje, Prueba). Los m\u00f3dulos KVR24N17S6 \/ 4 se prueban en cada etapa del desarrollo.<\/p>\n<p>Kingston coloca a cada nuevo prototipo de m\u00f3dulo KVR24N17S6 \/ 4 a trav\u00e9s de un riguroso proceso de prueba para garantizar la confiabilidad, integridad y compatibilidad de su dise\u00f1o. Cada m\u00f3dulo DIMM CL17 DDR4 sin ECC de 4GB 2400MHz se fabrica para que sea 100 por ciento compatible con el sistema o la clase de sistemas para los que est\u00e1 dise\u00f1ado. Cada nuevo dise\u00f1o est\u00e1 sujeto a una serie de revisiones y pruebas. Este proceso incluye:<\/p>\n<p>&nbsp;<\/p>\n<ul style=\"list-style-type: square;\">\n<li>\u2013 Prueba de especificaci\u00f3n<\/li>\n<\/ul>\n<p>\u2013 Prueba de<br \/>\ncompatibilidad \u2013 Prueba de prueba de<br \/>\nsoftware \u2013 Prueba de<br \/>\nintegridad y calidad de la se\u00f1al<br \/>\n\u2013 Pruebas de confiabilidad<br \/>\n\u2013 Prueba de banda de guarda<\/p>\n<h4>Especificaci\u00f3n t\u00e9cnica del producto<\/h4>\n<ul>\n<li>SKU KVR24N17S6 \/ 4<\/li>\n<li>C\u00f3digo EAN \/ UPC 740617273915<\/li>\n<li>Capacidad de memoria 4 GB<\/li>\n<li>Modelo \/ Serie \/ Tipo ValueRAM<\/li>\n<li>Marca Kingston<\/li>\n<li>CASATENCIA CL17<\/li>\n<li>Organizacion de chip x16<\/li>\n<li>Ancho de datos X64<\/li>\n<li>Factor de forma DDR4<\/li>\n<li>Profundidad de la memoria 512M<\/li>\n<li>Voltaje de memoria 1.2v<\/li>\n<li>Tipo de m\u00f3dulo DIMM<\/li>\n<li>Temperatura de funcionamiento 0 \u00b0 C a 85 \u00b0 C<\/li>\n<li>Patas 288 Pin<\/li>\n<li>Tipo de Producto \/ Familia DRACMA<\/li>\n<li>Tipo de memoria RAM No-ECC<\/li>\n<li>Rango 1R (Single Rank)<\/li>\n<li>Velocidad 2400MHz (PC4-19200)<\/li>\n<\/ul>\n\n\t\t<\/div>\n\t<\/div>\n<\/div><\/div><\/div>\n<\/div>","protected":false},"excerpt":{"rendered":"<h4>Especificaci\u00f3n t\u00e9cnica del producto<\/h4>\n<ul>\n<li>SKU KVR24N17S6 \/ 4<\/li>\n<li>C\u00f3digo EAN \/ UPC 740617273915<\/li>\n<li>Capacidad de memoria 4 GB<\/li>\n<li>Modelo \/ Serie \/ Tipo ValueRAM<\/li>\n<li>Marca Kingston<\/li>\n<li>CASATENCIA CL17<\/li>\n<li>Organizacion de chip x16<\/li>\n<li>Ancho de datos X64<\/li>\n<li>Factor de forma DDR4<\/li>\n<li>Profundidad de la memoria 512M<\/li>\n<li>Voltaje de memoria 1.2v<\/li>\n<li>Tipo de m\u00f3dulo DIMM<\/li>\n<li>Temperatura de funcionamiento 0 \u00b0 C a 85 \u00b0 C<\/li>\n<li>Patas 288 Pin<\/li>\n<li>Tipo de Producto \/ Familia DRACMA<\/li>\n<li>Tipo de memoria RAM No-ECC<\/li>\n<li>Rango 1R (Single Rank)<\/li>\n<li>Velocidad 2400MHz (PC4-19200)<\/li>\n<\/ul>","protected":false},"featured_media":2423,"comment_status":"open","ping_status":"closed","template":"","meta":{"_acf_changed":false,"content-type":"","_mo_disable_npp":""},"product_cat":[86],"product_tag":[85,84],"class_list":{"0":"post-1833","1":"product","2":"type-product","3":"status-publish","4":"has-post-thumbnail","6":"product_cat-memoria-ram-pc","7":"product_tag-kingston","8":"product_tag-memoria-ram-pc","10":"first","11":"instock","12":"shipping-taxable","13":"purchasable","14":"product-type-simple"},"acf":[],"yoast_head":"<!-- This site is optimized with the Yoast SEO plugin v23.2 - https:\/\/yoast.com\/wordpress\/plugins\/seo\/ -->\n<title>Memoria Ram DDR4 4GB Pc2400 PC Kingston - 7ecnosoluciones<\/title>\n<meta name=\"robots\" content=\"index, follow, max-snippet:-1, max-image-preview:large, max-video-preview:-1\" \/>\n<link rel=\"canonical\" href=\"https:\/\/www.7ecnosoluciones.com\/en\/product\/memoria-ram-ddr4-4gb-pc2400-pc-kingston\/\" \/>\n<meta property=\"og:locale\" content=\"en_US\" \/>\n<meta property=\"og:type\" content=\"article\" \/>\n<meta property=\"og:title\" content=\"Memoria Ram DDR4 4GB Pc2400 PC Kingston - 7ecnosoluciones\" \/>\n<meta property=\"og:description\" content=\"Especificaci\u00f3n t\u00e9cnica del producto   SKU KVR24N17S6 \/ 4  C\u00f3digo EAN \/ UPC 740617273915  Capacidad de memoria 4 GB  Modelo \/ Serie \/ Tipo ValueRAM  Marca Kingston  CASATENCIA CL17  Organizacion de chip x16  Ancho de datos X64  Factor de forma DDR4  Profundidad de la memoria 512M  Voltaje de memoria 1.2v  Tipo de m\u00f3dulo DIMM  Temperatura de funcionamiento 0 \u00b0 C a 85 \u00b0 C  Patas 288 Pin  Tipo de Producto \/ Familia DRACMA  Tipo de memoria RAM No-ECC  Rango 1R (Single Rank)  Velocidad 2400MHz (PC4-19200)\" \/>\n<meta property=\"og:url\" content=\"https:\/\/www.7ecnosoluciones.com\/en\/product\/memoria-ram-ddr4-4gb-pc2400-pc-kingston\/\" \/>\n<meta property=\"og:site_name\" content=\"7ecnosoluciones\" \/>\n<meta property=\"article:publisher\" content=\"https:\/\/www.facebook.com\/7ecnosoluciones\" \/>\n<meta property=\"article:modified_time\" content=\"2021-07-23T00:50:50+00:00\" \/>\n<meta property=\"og:image\" content=\"https:\/\/www.7ecnosoluciones.com\/wp-content\/uploads\/2019\/06\/memoria-ram-ddr4-4gb-pc2400-pc-kingston-D_NQ_NP_638466-MCO29737036745_032019-F.jpg\" \/>\n\t<meta property=\"og:image:width\" content=\"1000\" \/>\n\t<meta property=\"og:image:height\" content=\"1000\" \/>\n\t<meta property=\"og:image:type\" content=\"image\/jpeg\" \/>\n<meta name=\"twitter:card\" content=\"summary_large_image\" \/>\n<meta name=\"twitter:label1\" content=\"Est. reading time\" \/>\n\t<meta name=\"twitter:data1\" content=\"3 minutes\" \/>\n<script type=\"application\/ld+json\" class=\"yoast-schema-graph\">{\"@context\":\"https:\/\/schema.org\",\"@graph\":[{\"@type\":\"WebPage\",\"@id\":\"https:\/\/www.7ecnosoluciones.com\/product\/memoria-ram-ddr4-4gb-pc2400-pc-kingston\/\",\"url\":\"https:\/\/www.7ecnosoluciones.com\/product\/memoria-ram-ddr4-4gb-pc2400-pc-kingston\/\",\"name\":\"Memoria Ram DDR4 4GB Pc2400 PC Kingston - 7ecnosoluciones\",\"isPartOf\":{\"@id\":\"https:\/\/www.7ecnosoluciones.com\/#website\"},\"primaryImageOfPage\":{\"@id\":\"https:\/\/www.7ecnosoluciones.com\/product\/memoria-ram-ddr4-4gb-pc2400-pc-kingston\/#primaryimage\"},\"image\":{\"@id\":\"https:\/\/www.7ecnosoluciones.com\/product\/memoria-ram-ddr4-4gb-pc2400-pc-kingston\/#primaryimage\"},\"thumbnailUrl\":\"https:\/\/www.7ecnosoluciones.com\/wp-content\/uploads\/2019\/06\/memoria-ram-ddr4-4gb-pc2400-pc-kingston-D_NQ_NP_638466-MCO29737036745_032019-F.jpg\",\"datePublished\":\"2019-06-26T21:50:43+00:00\",\"dateModified\":\"2021-07-23T00:50:50+00:00\",\"breadcrumb\":{\"@id\":\"https:\/\/www.7ecnosoluciones.com\/product\/memoria-ram-ddr4-4gb-pc2400-pc-kingston\/#breadcrumb\"},\"inLanguage\":\"en-US\",\"potentialAction\":[{\"@type\":\"ReadAction\",\"target\":[\"https:\/\/www.7ecnosoluciones.com\/product\/memoria-ram-ddr4-4gb-pc2400-pc-kingston\/\"]}]},{\"@type\":\"ImageObject\",\"inLanguage\":\"en-US\",\"@id\":\"https:\/\/www.7ecnosoluciones.com\/product\/memoria-ram-ddr4-4gb-pc2400-pc-kingston\/#primaryimage\",\"url\":\"https:\/\/www.7ecnosoluciones.com\/wp-content\/uploads\/2019\/06\/memoria-ram-ddr4-4gb-pc2400-pc-kingston-D_NQ_NP_638466-MCO29737036745_032019-F.jpg\",\"contentUrl\":\"https:\/\/www.7ecnosoluciones.com\/wp-content\/uploads\/2019\/06\/memoria-ram-ddr4-4gb-pc2400-pc-kingston-D_NQ_NP_638466-MCO29737036745_032019-F.jpg\",\"width\":1000,\"height\":1000},{\"@type\":\"BreadcrumbList\",\"@id\":\"https:\/\/www.7ecnosoluciones.com\/product\/memoria-ram-ddr4-4gb-pc2400-pc-kingston\/#breadcrumb\",\"itemListElement\":[{\"@type\":\"ListItem\",\"position\":1,\"name\":\"Portada\",\"item\":\"https:\/\/www.7ecnosoluciones.com\/\"},{\"@type\":\"ListItem\",\"position\":2,\"name\":\"Tienda\",\"item\":\"https:\/\/www.7ecnosoluciones.com\/tienda\/\"},{\"@type\":\"ListItem\",\"position\":3,\"name\":\"Memoria Ram DDR4 4GB Pc2400 PC Kingston\"}]},{\"@type\":\"WebSite\",\"@id\":\"https:\/\/www.7ecnosoluciones.com\/#website\",\"url\":\"https:\/\/www.7ecnosoluciones.com\/\",\"name\":\"7ecnosoluciones\",\"description\":\"Vive la confianza y experiencia\",\"publisher\":{\"@id\":\"https:\/\/www.7ecnosoluciones.com\/#organization\"},\"potentialAction\":[{\"@type\":\"SearchAction\",\"target\":{\"@type\":\"EntryPoint\",\"urlTemplate\":\"https:\/\/www.7ecnosoluciones.com\/?s={search_term_string}\"},\"query-input\":\"required name=search_term_string\"}],\"inLanguage\":\"en-US\"},{\"@type\":\"Organization\",\"@id\":\"https:\/\/www.7ecnosoluciones.com\/#organization\",\"name\":\"7ecnosoluciones\",\"url\":\"https:\/\/www.7ecnosoluciones.com\/\",\"logo\":{\"@type\":\"ImageObject\",\"inLanguage\":\"en-US\",\"@id\":\"https:\/\/www.7ecnosoluciones.com\/#\/schema\/logo\/image\/\",\"url\":\"https:\/\/www.7ecnosoluciones.com\/wp-content\/uploads\/2020\/07\/logo-1.png\",\"contentUrl\":\"https:\/\/www.7ecnosoluciones.com\/wp-content\/uploads\/2020\/07\/logo-1.png\",\"width\":836,\"height\":227,\"caption\":\"7ecnosoluciones\"},\"image\":{\"@id\":\"https:\/\/www.7ecnosoluciones.com\/#\/schema\/logo\/image\/\"},\"sameAs\":[\"https:\/\/www.facebook.com\/7ecnosoluciones\",\"https:\/\/www.instagram.com\/7ecnosoluciones\/\"]}]}<\/script>\n<!-- \/ Yoast SEO plugin. -->","yoast_head_json":{"title":"Memoria Ram DDR4 4GB Pc2400 PC Kingston - 7ecnosoluciones","robots":{"index":"index","follow":"follow","max-snippet":"max-snippet:-1","max-image-preview":"max-image-preview:large","max-video-preview":"max-video-preview:-1"},"canonical":"https:\/\/www.7ecnosoluciones.com\/en\/product\/memoria-ram-ddr4-4gb-pc2400-pc-kingston\/","og_locale":"en_US","og_type":"article","og_title":"Memoria Ram DDR4 4GB Pc2400 PC Kingston - 7ecnosoluciones","og_description":"Especificaci\u00f3n t\u00e9cnica del producto   SKU KVR24N17S6 \/ 4  C\u00f3digo EAN \/ UPC 740617273915  Capacidad de memoria 4 GB  Modelo \/ Serie \/ Tipo ValueRAM  Marca Kingston  CASATENCIA CL17  Organizacion de chip x16  Ancho de datos X64  Factor de forma DDR4  Profundidad de la memoria 512M  Voltaje de memoria 1.2v  Tipo de m\u00f3dulo DIMM  Temperatura de funcionamiento 0 \u00b0 C a 85 \u00b0 C  Patas 288 Pin  Tipo de Producto \/ Familia DRACMA  Tipo de memoria RAM No-ECC  Rango 1R (Single Rank)  Velocidad 2400MHz (PC4-19200)","og_url":"https:\/\/www.7ecnosoluciones.com\/en\/product\/memoria-ram-ddr4-4gb-pc2400-pc-kingston\/","og_site_name":"7ecnosoluciones","article_publisher":"https:\/\/www.facebook.com\/7ecnosoluciones","article_modified_time":"2021-07-23T00:50:50+00:00","og_image":[{"width":1000,"height":1000,"url":"https:\/\/www.7ecnosoluciones.com\/wp-content\/uploads\/2019\/06\/memoria-ram-ddr4-4gb-pc2400-pc-kingston-D_NQ_NP_638466-MCO29737036745_032019-F.jpg","type":"image\/jpeg"}],"twitter_card":"summary_large_image","twitter_misc":{"Est. reading time":"3 minutes"},"schema":{"@context":"https:\/\/schema.org","@graph":[{"@type":"WebPage","@id":"https:\/\/www.7ecnosoluciones.com\/product\/memoria-ram-ddr4-4gb-pc2400-pc-kingston\/","url":"https:\/\/www.7ecnosoluciones.com\/product\/memoria-ram-ddr4-4gb-pc2400-pc-kingston\/","name":"Memoria Ram DDR4 4GB Pc2400 PC Kingston - 7ecnosoluciones","isPartOf":{"@id":"https:\/\/www.7ecnosoluciones.com\/#website"},"primaryImageOfPage":{"@id":"https:\/\/www.7ecnosoluciones.com\/product\/memoria-ram-ddr4-4gb-pc2400-pc-kingston\/#primaryimage"},"image":{"@id":"https:\/\/www.7ecnosoluciones.com\/product\/memoria-ram-ddr4-4gb-pc2400-pc-kingston\/#primaryimage"},"thumbnailUrl":"https:\/\/www.7ecnosoluciones.com\/wp-content\/uploads\/2019\/06\/memoria-ram-ddr4-4gb-pc2400-pc-kingston-D_NQ_NP_638466-MCO29737036745_032019-F.jpg","datePublished":"2019-06-26T21:50:43+00:00","dateModified":"2021-07-23T00:50:50+00:00","breadcrumb":{"@id":"https:\/\/www.7ecnosoluciones.com\/product\/memoria-ram-ddr4-4gb-pc2400-pc-kingston\/#breadcrumb"},"inLanguage":"en-US","potentialAction":[{"@type":"ReadAction","target":["https:\/\/www.7ecnosoluciones.com\/product\/memoria-ram-ddr4-4gb-pc2400-pc-kingston\/"]}]},{"@type":"ImageObject","inLanguage":"en-US","@id":"https:\/\/www.7ecnosoluciones.com\/product\/memoria-ram-ddr4-4gb-pc2400-pc-kingston\/#primaryimage","url":"https:\/\/www.7ecnosoluciones.com\/wp-content\/uploads\/2019\/06\/memoria-ram-ddr4-4gb-pc2400-pc-kingston-D_NQ_NP_638466-MCO29737036745_032019-F.jpg","contentUrl":"https:\/\/www.7ecnosoluciones.com\/wp-content\/uploads\/2019\/06\/memoria-ram-ddr4-4gb-pc2400-pc-kingston-D_NQ_NP_638466-MCO29737036745_032019-F.jpg","width":1000,"height":1000},{"@type":"BreadcrumbList","@id":"https:\/\/www.7ecnosoluciones.com\/product\/memoria-ram-ddr4-4gb-pc2400-pc-kingston\/#breadcrumb","itemListElement":[{"@type":"ListItem","position":1,"name":"Portada","item":"https:\/\/www.7ecnosoluciones.com\/"},{"@type":"ListItem","position":2,"name":"Tienda","item":"https:\/\/www.7ecnosoluciones.com\/tienda\/"},{"@type":"ListItem","position":3,"name":"Memoria Ram DDR4 4GB Pc2400 PC Kingston"}]},{"@type":"WebSite","@id":"https:\/\/www.7ecnosoluciones.com\/#website","url":"https:\/\/www.7ecnosoluciones.com\/","name":"7ecnosoluciones","description":"Vive la confianza y experiencia","publisher":{"@id":"https:\/\/www.7ecnosoluciones.com\/#organization"},"potentialAction":[{"@type":"SearchAction","target":{"@type":"EntryPoint","urlTemplate":"https:\/\/www.7ecnosoluciones.com\/?s={search_term_string}"},"query-input":"required name=search_term_string"}],"inLanguage":"en-US"},{"@type":"Organization","@id":"https:\/\/www.7ecnosoluciones.com\/#organization","name":"7ecnosoluciones","url":"https:\/\/www.7ecnosoluciones.com\/","logo":{"@type":"ImageObject","inLanguage":"en-US","@id":"https:\/\/www.7ecnosoluciones.com\/#\/schema\/logo\/image\/","url":"https:\/\/www.7ecnosoluciones.com\/wp-content\/uploads\/2020\/07\/logo-1.png","contentUrl":"https:\/\/www.7ecnosoluciones.com\/wp-content\/uploads\/2020\/07\/logo-1.png","width":836,"height":227,"caption":"7ecnosoluciones"},"image":{"@id":"https:\/\/www.7ecnosoluciones.com\/#\/schema\/logo\/image\/"},"sameAs":["https:\/\/www.facebook.com\/7ecnosoluciones","https:\/\/www.instagram.com\/7ecnosoluciones\/"]}]}},"_links":{"self":[{"href":"https:\/\/www.7ecnosoluciones.com\/en\/wp-json\/wp\/v2\/product\/1833","targetHints":{"allow":["GET"]}}],"collection":[{"href":"https:\/\/www.7ecnosoluciones.com\/en\/wp-json\/wp\/v2\/product"}],"about":[{"href":"https:\/\/www.7ecnosoluciones.com\/en\/wp-json\/wp\/v2\/types\/product"}],"replies":[{"embeddable":true,"href":"https:\/\/www.7ecnosoluciones.com\/en\/wp-json\/wp\/v2\/comments?post=1833"}],"wp:featuredmedia":[{"embeddable":true,"href":"https:\/\/www.7ecnosoluciones.com\/en\/wp-json\/wp\/v2\/media\/2423"}],"wp:attachment":[{"href":"https:\/\/www.7ecnosoluciones.com\/en\/wp-json\/wp\/v2\/media?parent=1833"}],"wp:term":[{"taxonomy":"product_cat","embeddable":true,"href":"https:\/\/www.7ecnosoluciones.com\/en\/wp-json\/wp\/v2\/product_cat?post=1833"},{"taxonomy":"product_tag","embeddable":true,"href":"https:\/\/www.7ecnosoluciones.com\/en\/wp-json\/wp\/v2\/product_tag?post=1833"}],"curies":[{"name":"wp","href":"https:\/\/api.w.org\/{rel}","templated":true}]}}