{"id":2203,"date":"2020-07-28T18:42:31","date_gmt":"2020-07-28T18:42:31","guid":{"rendered":"https:\/\/7ecnosoluciones.com\/?page_id=2203"},"modified":"2020-07-29T00:28:08","modified_gmt":"2020-07-29T00:28:08","slug":"aviso-de-copyright","status":"publish","type":"page","link":"https:\/\/www.7ecnosoluciones.com\/en\/aviso-de-copyright\/","title":{"rendered":"Aviso de Copyright"},"content":{"rendered":"<p>Este sitio web y su contenido son propiedad de 7ecnosoluciones &#8211; \u00a9 7ecnosoluciones 2020. Todos los derechos reservados. Se proh\u00edbe cualquier redistribuci\u00f3n o reproducci\u00f3n de parte o la totalidad de los contenidos en cualquier forma que no sea lo siguiente:<\/p>\n\n\n\n<ul class=\"wp-block-list\"><li>Puede imprimir o descargar en un disco duro local extractos para su uso personal y no comercial solamente<\/li><li>Puede copiar el contenido a terceros individuales para su uso personal, pero solo si reconoce que el sitio web es la fuente del material<\/li><\/ul>\n\n\n\n<p>No puede, excepto con nuestro permiso expreso por escrito, distribuir o explotar comercialmente el contenido. Tampoco puede transmitirlo ni almacenarlo en ning\u00fan otro sitio web u otra forma de sistema de recuperaci\u00f3n electr\u00f3nica.<\/p>","protected":false},"excerpt":{"rendered":"<p>Este sitio web y su contenido son propiedad de 7ecnosoluciones &#8211; \u00a9 7ecnosoluciones 2020. Todos los derechos reservados. Se proh\u00edbe cualquier redistribuci\u00f3n o reproducci\u00f3n de parte o la totalidad de los contenidos en cualquier forma que no sea lo siguiente: Puede imprimir o descargar en un disco duro local extractos para su uso personal y [&hellip;]<\/p>","protected":false},"author":2,"featured_media":0,"parent":0,"menu_order":0,"comment_status":"closed","ping_status":"closed","template":"","meta":{"_acf_changed":false,"content-type":"","_mo_disable_npp":"","footnotes":""},"class_list":["post-2203","page","type-page","status-publish","hentry"],"acf":[],"yoast_head":"<!-- This site is optimized with the Yoast SEO plugin v23.2 - https:\/\/yoast.com\/wordpress\/plugins\/seo\/ -->\n<title>Aviso de Copyright - 7ecnosoluciones<\/title>\n<meta name=\"robots\" content=\"index, follow, max-snippet:-1, max-image-preview:large, max-video-preview:-1\" \/>\n<link rel=\"canonical\" href=\"https:\/\/www.7ecnosoluciones.com\/en\/aviso-de-copyright\/\" \/>\n<meta property=\"og:locale\" content=\"en_US\" \/>\n<meta property=\"og:type\" content=\"article\" \/>\n<meta property=\"og:title\" content=\"Aviso de Copyright - 7ecnosoluciones\" \/>\n<meta property=\"og:description\" content=\"Este sitio web y su contenido son propiedad de 7ecnosoluciones &#8211; \u00a9 7ecnosoluciones 2020. Todos los derechos reservados. Se proh\u00edbe cualquier redistribuci\u00f3n o reproducci\u00f3n de parte o la totalidad de los contenidos en cualquier forma que no sea lo siguiente: Puede imprimir o descargar en un disco duro local extractos para su uso personal y [&hellip;]\" \/>\n<meta property=\"og:url\" content=\"https:\/\/www.7ecnosoluciones.com\/en\/aviso-de-copyright\/\" \/>\n<meta property=\"og:site_name\" content=\"7ecnosoluciones\" \/>\n<meta property=\"article:publisher\" content=\"https:\/\/www.facebook.com\/7ecnosoluciones\" \/>\n<meta property=\"article:modified_time\" content=\"2020-07-29T00:28:08+00:00\" \/>\n<meta property=\"og:image\" content=\"https:\/\/www.7ecnosoluciones.com\/wp-content\/uploads\/2021\/03\/descubrenos.jpg\" \/>\n\t<meta property=\"og:image:width\" content=\"800\" \/>\n\t<meta property=\"og:image:height\" content=\"450\" \/>\n\t<meta property=\"og:image:type\" content=\"image\/jpeg\" \/>\n<meta name=\"twitter:card\" content=\"summary_large_image\" \/>\n<meta name=\"twitter:label1\" content=\"Est. reading time\" \/>\n\t<meta name=\"twitter:data1\" content=\"1 minute\" \/>\n<script type=\"application\/ld+json\" class=\"yoast-schema-graph\">{\"@context\":\"https:\/\/schema.org\",\"@graph\":[{\"@type\":\"WebPage\",\"@id\":\"https:\/\/www.7ecnosoluciones.com\/aviso-de-copyright\/\",\"url\":\"https:\/\/www.7ecnosoluciones.com\/aviso-de-copyright\/\",\"name\":\"Aviso de Copyright - 7ecnosoluciones\",\"isPartOf\":{\"@id\":\"https:\/\/www.7ecnosoluciones.com\/#website\"},\"datePublished\":\"2020-07-28T18:42:31+00:00\",\"dateModified\":\"2020-07-29T00:28:08+00:00\",\"breadcrumb\":{\"@id\":\"https:\/\/www.7ecnosoluciones.com\/aviso-de-copyright\/#breadcrumb\"},\"inLanguage\":\"en-US\",\"potentialAction\":[{\"@type\":\"ReadAction\",\"target\":[\"https:\/\/www.7ecnosoluciones.com\/aviso-de-copyright\/\"]}]},{\"@type\":\"BreadcrumbList\",\"@id\":\"https:\/\/www.7ecnosoluciones.com\/aviso-de-copyright\/#breadcrumb\",\"itemListElement\":[{\"@type\":\"ListItem\",\"position\":1,\"name\":\"Portada\",\"item\":\"https:\/\/www.7ecnosoluciones.com\/\"},{\"@type\":\"ListItem\",\"position\":2,\"name\":\"Aviso de Copyright\"}]},{\"@type\":\"WebSite\",\"@id\":\"https:\/\/www.7ecnosoluciones.com\/#website\",\"url\":\"https:\/\/www.7ecnosoluciones.com\/\",\"name\":\"7ecnosoluciones\",\"description\":\"Vive la confianza y experiencia\",\"publisher\":{\"@id\":\"https:\/\/www.7ecnosoluciones.com\/#organization\"},\"potentialAction\":[{\"@type\":\"SearchAction\",\"target\":{\"@type\":\"EntryPoint\",\"urlTemplate\":\"https:\/\/www.7ecnosoluciones.com\/?s={search_term_string}\"},\"query-input\":\"required name=search_term_string\"}],\"inLanguage\":\"en-US\"},{\"@type\":\"Organization\",\"@id\":\"https:\/\/www.7ecnosoluciones.com\/#organization\",\"name\":\"7ecnosoluciones\",\"url\":\"https:\/\/www.7ecnosoluciones.com\/\",\"logo\":{\"@type\":\"ImageObject\",\"inLanguage\":\"en-US\",\"@id\":\"https:\/\/www.7ecnosoluciones.com\/#\/schema\/logo\/image\/\",\"url\":\"https:\/\/www.7ecnosoluciones.com\/wp-content\/uploads\/2020\/07\/logo-1.png\",\"contentUrl\":\"https:\/\/www.7ecnosoluciones.com\/wp-content\/uploads\/2020\/07\/logo-1.png\",\"width\":836,\"height\":227,\"caption\":\"7ecnosoluciones\"},\"image\":{\"@id\":\"https:\/\/www.7ecnosoluciones.com\/#\/schema\/logo\/image\/\"},\"sameAs\":[\"https:\/\/www.facebook.com\/7ecnosoluciones\",\"https:\/\/www.instagram.com\/7ecnosoluciones\/\"]}]}<\/script>\n<!-- \/ Yoast SEO plugin. -->","yoast_head_json":{"title":"Aviso de Copyright - 7ecnosoluciones","robots":{"index":"index","follow":"follow","max-snippet":"max-snippet:-1","max-image-preview":"max-image-preview:large","max-video-preview":"max-video-preview:-1"},"canonical":"https:\/\/www.7ecnosoluciones.com\/en\/aviso-de-copyright\/","og_locale":"en_US","og_type":"article","og_title":"Aviso de Copyright - 7ecnosoluciones","og_description":"Este sitio web y su contenido son propiedad de 7ecnosoluciones &#8211; \u00a9 7ecnosoluciones 2020. Todos los derechos reservados. Se proh\u00edbe cualquier redistribuci\u00f3n o reproducci\u00f3n de parte o la totalidad de los contenidos en cualquier forma que no sea lo siguiente: Puede imprimir o descargar en un disco duro local extractos para su uso personal y [&hellip;]","og_url":"https:\/\/www.7ecnosoluciones.com\/en\/aviso-de-copyright\/","og_site_name":"7ecnosoluciones","article_publisher":"https:\/\/www.facebook.com\/7ecnosoluciones","article_modified_time":"2020-07-29T00:28:08+00:00","og_image":[{"width":800,"height":450,"url":"https:\/\/www.7ecnosoluciones.com\/wp-content\/uploads\/2021\/03\/descubrenos.jpg","type":"image\/jpeg"}],"twitter_card":"summary_large_image","twitter_misc":{"Est. reading time":"1 minute"},"schema":{"@context":"https:\/\/schema.org","@graph":[{"@type":"WebPage","@id":"https:\/\/www.7ecnosoluciones.com\/aviso-de-copyright\/","url":"https:\/\/www.7ecnosoluciones.com\/aviso-de-copyright\/","name":"Aviso de Copyright - 7ecnosoluciones","isPartOf":{"@id":"https:\/\/www.7ecnosoluciones.com\/#website"},"datePublished":"2020-07-28T18:42:31+00:00","dateModified":"2020-07-29T00:28:08+00:00","breadcrumb":{"@id":"https:\/\/www.7ecnosoluciones.com\/aviso-de-copyright\/#breadcrumb"},"inLanguage":"en-US","potentialAction":[{"@type":"ReadAction","target":["https:\/\/www.7ecnosoluciones.com\/aviso-de-copyright\/"]}]},{"@type":"BreadcrumbList","@id":"https:\/\/www.7ecnosoluciones.com\/aviso-de-copyright\/#breadcrumb","itemListElement":[{"@type":"ListItem","position":1,"name":"Portada","item":"https:\/\/www.7ecnosoluciones.com\/"},{"@type":"ListItem","position":2,"name":"Aviso de Copyright"}]},{"@type":"WebSite","@id":"https:\/\/www.7ecnosoluciones.com\/#website","url":"https:\/\/www.7ecnosoluciones.com\/","name":"7ecnosoluciones","description":"Vive la confianza y experiencia","publisher":{"@id":"https:\/\/www.7ecnosoluciones.com\/#organization"},"potentialAction":[{"@type":"SearchAction","target":{"@type":"EntryPoint","urlTemplate":"https:\/\/www.7ecnosoluciones.com\/?s={search_term_string}"},"query-input":"required name=search_term_string"}],"inLanguage":"en-US"},{"@type":"Organization","@id":"https:\/\/www.7ecnosoluciones.com\/#organization","name":"7ecnosoluciones","url":"https:\/\/www.7ecnosoluciones.com\/","logo":{"@type":"ImageObject","inLanguage":"en-US","@id":"https:\/\/www.7ecnosoluciones.com\/#\/schema\/logo\/image\/","url":"https:\/\/www.7ecnosoluciones.com\/wp-content\/uploads\/2020\/07\/logo-1.png","contentUrl":"https:\/\/www.7ecnosoluciones.com\/wp-content\/uploads\/2020\/07\/logo-1.png","width":836,"height":227,"caption":"7ecnosoluciones"},"image":{"@id":"https:\/\/www.7ecnosoluciones.com\/#\/schema\/logo\/image\/"},"sameAs":["https:\/\/www.facebook.com\/7ecnosoluciones","https:\/\/www.instagram.com\/7ecnosoluciones\/"]}]}},"_links":{"self":[{"href":"https:\/\/www.7ecnosoluciones.com\/en\/wp-json\/wp\/v2\/pages\/2203","targetHints":{"allow":["GET"]}}],"collection":[{"href":"https:\/\/www.7ecnosoluciones.com\/en\/wp-json\/wp\/v2\/pages"}],"about":[{"href":"https:\/\/www.7ecnosoluciones.com\/en\/wp-json\/wp\/v2\/types\/page"}],"author":[{"embeddable":true,"href":"https:\/\/www.7ecnosoluciones.com\/en\/wp-json\/wp\/v2\/users\/2"}],"replies":[{"embeddable":true,"href":"https:\/\/www.7ecnosoluciones.com\/en\/wp-json\/wp\/v2\/comments?post=2203"}],"version-history":[{"count":0,"href":"https:\/\/www.7ecnosoluciones.com\/en\/wp-json\/wp\/v2\/pages\/2203\/revisions"}],"wp:attachment":[{"href":"https:\/\/www.7ecnosoluciones.com\/en\/wp-json\/wp\/v2\/media?parent=2203"}],"curies":[{"name":"wp","href":"https:\/\/api.w.org\/{rel}","templated":true}]}}