{"id":2192,"date":"2020-07-28T18:10:41","date_gmt":"2020-07-28T18:10:41","guid":{"rendered":"https:\/\/7ecnosoluciones.com\/?page_id=2192"},"modified":"2020-07-28T18:28:51","modified_gmt":"2020-07-28T18:28:51","slug":"descargo-de-compromiso","status":"publish","type":"page","link":"https:\/\/www.7ecnosoluciones.com\/en\/descargo-de-compromiso\/","title":{"rendered":"Descargo de compromiso"},"content":{"rendered":"<h1>Descargo de responsabilidad para 7ecnosoluciones<\/h1>\n<p>Si necesita m\u00e1s informaci\u00f3n o tiene alguna pregunta sobre el descargo de responsabilidad de nuestro sitio, no dude en contactarnos por correo electr\u00f3nico a info@7ecnosoluciones.com<\/p>\n<h2>Descargos de compromiso para 7ecnosoluciones<\/h2>\n<p>Toda la informaci\u00f3n en este sitio web &#8211; https:\/\/7ecnosoluciones.com\/ &#8211; se publica de buena fe y solo con fines de informaci\u00f3n general. 7ecnosoluciones no ofrece ninguna garant\u00eda sobre la integridad, fiabilidad y exactitud de esta informaci\u00f3n. Cualquier acci\u00f3n que tome sobre la informaci\u00f3n que encuentre en este sitio web (7ecnosoluciones) es estrictamente bajo su propio riesgo. 7ecnosoluciones no ser\u00e1 responsable de ninguna p\u00e9rdida y \/ o da\u00f1o en relaci\u00f3n con el uso de nuestro sitio web.<\/p>\n<p>Desde nuestro sitio web, puede visitar otros sitios web siguiendo hiperv\u00ednculos a dichos sitios externos. Si bien nos esforzamos por proporcionar solo enlaces de calidad a sitios web \u00fatiles y \u00e9ticos, no tenemos control sobre el contenido y la naturaleza de estos sitios. Estos enlaces a otros sitios web no implican una recomendaci\u00f3n para todo el contenido encontrado en estos sitios. Los propietarios del sitio y el contenido pueden cambiar sin previo aviso y pueden ocurrir antes de que tengamos la oportunidad de eliminar un enlace que puede haber salido \u00abmal\u00bb.<\/p>\n<p>Tenga en cuenta tambi\u00e9n que cuando abandona nuestro sitio web, otros sitios pueden tener pol\u00edticas y t\u00e9rminos de privacidad diferentes que est\u00e1n fuera de nuestro control. Aseg\u00farese de consultar las Pol\u00edticas de privacidad de estos sitios, as\u00ed como sus \u00abT\u00e9rminos de servicio\u00bb antes de realizar cualquier negocio o cargar cualquier informaci\u00f3n.<\/p>\n<h2>Consentimiento<\/h2>\n<p>Al utilizar nuestro sitio web, usted acepta nuestro descargo de responsabilidad y acepta sus t\u00e9rminos.<\/p>\n<h2>Actualizar<\/h2>\n<p>En caso de que actualicemos, modifiquemos o realicemos alg\u00fan cambio en este documento, dichos cambios se publicar\u00e1n de manera destacada aqu\u00ed.<\/p>","protected":false},"excerpt":{"rendered":"<p>Descargo de responsabilidad para 7ecnosoluciones Si necesita m\u00e1s informaci\u00f3n o tiene alguna pregunta sobre el descargo de responsabilidad de nuestro sitio, no dude en contactarnos por correo electr\u00f3nico a info@7ecnosoluciones.com Descargos de compromiso para 7ecnosoluciones Toda la informaci\u00f3n en este sitio web &#8211; https:\/\/7ecnosoluciones.com\/ &#8211; se publica de buena fe y solo con fines de [&hellip;]<\/p>","protected":false},"author":2,"featured_media":0,"parent":0,"menu_order":0,"comment_status":"closed","ping_status":"closed","template":"","meta":{"_acf_changed":false,"content-type":"","_mo_disable_npp":"","footnotes":""},"class_list":["post-2192","page","type-page","status-publish","hentry"],"acf":[],"yoast_head":"<!-- This site is optimized with the Yoast SEO plugin v23.2 - https:\/\/yoast.com\/wordpress\/plugins\/seo\/ -->\n<title>Descargo de compromiso - 7ecnosoluciones<\/title>\n<meta name=\"robots\" content=\"index, follow, max-snippet:-1, max-image-preview:large, max-video-preview:-1\" \/>\n<link rel=\"canonical\" href=\"https:\/\/www.7ecnosoluciones.com\/en\/descargo-de-compromiso\/\" \/>\n<meta property=\"og:locale\" content=\"en_US\" \/>\n<meta property=\"og:type\" content=\"article\" \/>\n<meta property=\"og:title\" content=\"Descargo de compromiso - 7ecnosoluciones\" \/>\n<meta property=\"og:description\" content=\"Descargo de responsabilidad para 7ecnosoluciones Si necesita m\u00e1s informaci\u00f3n o tiene alguna pregunta sobre el descargo de responsabilidad de nuestro sitio, no dude en contactarnos por correo electr\u00f3nico a info@7ecnosoluciones.com Descargos de compromiso para 7ecnosoluciones Toda la informaci\u00f3n en este sitio web &#8211; https:\/\/7ecnosoluciones.com\/ &#8211; se publica de buena fe y solo con fines de [&hellip;]\" \/>\n<meta property=\"og:url\" content=\"https:\/\/www.7ecnosoluciones.com\/en\/descargo-de-compromiso\/\" \/>\n<meta property=\"og:site_name\" content=\"7ecnosoluciones\" \/>\n<meta property=\"article:publisher\" content=\"https:\/\/www.facebook.com\/7ecnosoluciones\" \/>\n<meta property=\"article:modified_time\" content=\"2020-07-28T18:28:51+00:00\" \/>\n<meta property=\"og:image\" content=\"https:\/\/www.7ecnosoluciones.com\/wp-content\/uploads\/2021\/03\/descubrenos.jpg\" \/>\n\t<meta property=\"og:image:width\" content=\"800\" \/>\n\t<meta property=\"og:image:height\" content=\"450\" \/>\n\t<meta property=\"og:image:type\" content=\"image\/jpeg\" \/>\n<meta name=\"twitter:card\" content=\"summary_large_image\" \/>\n<meta name=\"twitter:label1\" content=\"Est. reading time\" \/>\n\t<meta name=\"twitter:data1\" content=\"2 minutes\" \/>\n<script type=\"application\/ld+json\" class=\"yoast-schema-graph\">{\"@context\":\"https:\/\/schema.org\",\"@graph\":[{\"@type\":\"WebPage\",\"@id\":\"https:\/\/www.7ecnosoluciones.com\/descargo-de-compromiso\/\",\"url\":\"https:\/\/www.7ecnosoluciones.com\/descargo-de-compromiso\/\",\"name\":\"Descargo de compromiso - 7ecnosoluciones\",\"isPartOf\":{\"@id\":\"https:\/\/www.7ecnosoluciones.com\/#website\"},\"datePublished\":\"2020-07-28T18:10:41+00:00\",\"dateModified\":\"2020-07-28T18:28:51+00:00\",\"breadcrumb\":{\"@id\":\"https:\/\/www.7ecnosoluciones.com\/descargo-de-compromiso\/#breadcrumb\"},\"inLanguage\":\"en-US\",\"potentialAction\":[{\"@type\":\"ReadAction\",\"target\":[\"https:\/\/www.7ecnosoluciones.com\/descargo-de-compromiso\/\"]}]},{\"@type\":\"BreadcrumbList\",\"@id\":\"https:\/\/www.7ecnosoluciones.com\/descargo-de-compromiso\/#breadcrumb\",\"itemListElement\":[{\"@type\":\"ListItem\",\"position\":1,\"name\":\"Portada\",\"item\":\"https:\/\/www.7ecnosoluciones.com\/\"},{\"@type\":\"ListItem\",\"position\":2,\"name\":\"Descargo de compromiso\"}]},{\"@type\":\"WebSite\",\"@id\":\"https:\/\/www.7ecnosoluciones.com\/#website\",\"url\":\"https:\/\/www.7ecnosoluciones.com\/\",\"name\":\"7ecnosoluciones\",\"description\":\"Vive la confianza y experiencia\",\"publisher\":{\"@id\":\"https:\/\/www.7ecnosoluciones.com\/#organization\"},\"potentialAction\":[{\"@type\":\"SearchAction\",\"target\":{\"@type\":\"EntryPoint\",\"urlTemplate\":\"https:\/\/www.7ecnosoluciones.com\/?s={search_term_string}\"},\"query-input\":\"required name=search_term_string\"}],\"inLanguage\":\"en-US\"},{\"@type\":\"Organization\",\"@id\":\"https:\/\/www.7ecnosoluciones.com\/#organization\",\"name\":\"7ecnosoluciones\",\"url\":\"https:\/\/www.7ecnosoluciones.com\/\",\"logo\":{\"@type\":\"ImageObject\",\"inLanguage\":\"en-US\",\"@id\":\"https:\/\/www.7ecnosoluciones.com\/#\/schema\/logo\/image\/\",\"url\":\"https:\/\/www.7ecnosoluciones.com\/wp-content\/uploads\/2020\/07\/logo-1.png\",\"contentUrl\":\"https:\/\/www.7ecnosoluciones.com\/wp-content\/uploads\/2020\/07\/logo-1.png\",\"width\":836,\"height\":227,\"caption\":\"7ecnosoluciones\"},\"image\":{\"@id\":\"https:\/\/www.7ecnosoluciones.com\/#\/schema\/logo\/image\/\"},\"sameAs\":[\"https:\/\/www.facebook.com\/7ecnosoluciones\",\"https:\/\/www.instagram.com\/7ecnosoluciones\/\"]}]}<\/script>\n<!-- \/ Yoast SEO plugin. -->","yoast_head_json":{"title":"Descargo de compromiso - 7ecnosoluciones","robots":{"index":"index","follow":"follow","max-snippet":"max-snippet:-1","max-image-preview":"max-image-preview:large","max-video-preview":"max-video-preview:-1"},"canonical":"https:\/\/www.7ecnosoluciones.com\/en\/descargo-de-compromiso\/","og_locale":"en_US","og_type":"article","og_title":"Descargo de compromiso - 7ecnosoluciones","og_description":"Descargo de responsabilidad para 7ecnosoluciones Si necesita m\u00e1s informaci\u00f3n o tiene alguna pregunta sobre el descargo de responsabilidad de nuestro sitio, no dude en contactarnos por correo electr\u00f3nico a info@7ecnosoluciones.com Descargos de compromiso para 7ecnosoluciones Toda la informaci\u00f3n en este sitio web &#8211; https:\/\/7ecnosoluciones.com\/ &#8211; se publica de buena fe y solo con fines de [&hellip;]","og_url":"https:\/\/www.7ecnosoluciones.com\/en\/descargo-de-compromiso\/","og_site_name":"7ecnosoluciones","article_publisher":"https:\/\/www.facebook.com\/7ecnosoluciones","article_modified_time":"2020-07-28T18:28:51+00:00","og_image":[{"width":800,"height":450,"url":"https:\/\/www.7ecnosoluciones.com\/wp-content\/uploads\/2021\/03\/descubrenos.jpg","type":"image\/jpeg"}],"twitter_card":"summary_large_image","twitter_misc":{"Est. reading time":"2 minutes"},"schema":{"@context":"https:\/\/schema.org","@graph":[{"@type":"WebPage","@id":"https:\/\/www.7ecnosoluciones.com\/descargo-de-compromiso\/","url":"https:\/\/www.7ecnosoluciones.com\/descargo-de-compromiso\/","name":"Descargo de compromiso - 7ecnosoluciones","isPartOf":{"@id":"https:\/\/www.7ecnosoluciones.com\/#website"},"datePublished":"2020-07-28T18:10:41+00:00","dateModified":"2020-07-28T18:28:51+00:00","breadcrumb":{"@id":"https:\/\/www.7ecnosoluciones.com\/descargo-de-compromiso\/#breadcrumb"},"inLanguage":"en-US","potentialAction":[{"@type":"ReadAction","target":["https:\/\/www.7ecnosoluciones.com\/descargo-de-compromiso\/"]}]},{"@type":"BreadcrumbList","@id":"https:\/\/www.7ecnosoluciones.com\/descargo-de-compromiso\/#breadcrumb","itemListElement":[{"@type":"ListItem","position":1,"name":"Portada","item":"https:\/\/www.7ecnosoluciones.com\/"},{"@type":"ListItem","position":2,"name":"Descargo de compromiso"}]},{"@type":"WebSite","@id":"https:\/\/www.7ecnosoluciones.com\/#website","url":"https:\/\/www.7ecnosoluciones.com\/","name":"7ecnosoluciones","description":"Vive la confianza y experiencia","publisher":{"@id":"https:\/\/www.7ecnosoluciones.com\/#organization"},"potentialAction":[{"@type":"SearchAction","target":{"@type":"EntryPoint","urlTemplate":"https:\/\/www.7ecnosoluciones.com\/?s={search_term_string}"},"query-input":"required name=search_term_string"}],"inLanguage":"en-US"},{"@type":"Organization","@id":"https:\/\/www.7ecnosoluciones.com\/#organization","name":"7ecnosoluciones","url":"https:\/\/www.7ecnosoluciones.com\/","logo":{"@type":"ImageObject","inLanguage":"en-US","@id":"https:\/\/www.7ecnosoluciones.com\/#\/schema\/logo\/image\/","url":"https:\/\/www.7ecnosoluciones.com\/wp-content\/uploads\/2020\/07\/logo-1.png","contentUrl":"https:\/\/www.7ecnosoluciones.com\/wp-content\/uploads\/2020\/07\/logo-1.png","width":836,"height":227,"caption":"7ecnosoluciones"},"image":{"@id":"https:\/\/www.7ecnosoluciones.com\/#\/schema\/logo\/image\/"},"sameAs":["https:\/\/www.facebook.com\/7ecnosoluciones","https:\/\/www.instagram.com\/7ecnosoluciones\/"]}]}},"_links":{"self":[{"href":"https:\/\/www.7ecnosoluciones.com\/en\/wp-json\/wp\/v2\/pages\/2192","targetHints":{"allow":["GET"]}}],"collection":[{"href":"https:\/\/www.7ecnosoluciones.com\/en\/wp-json\/wp\/v2\/pages"}],"about":[{"href":"https:\/\/www.7ecnosoluciones.com\/en\/wp-json\/wp\/v2\/types\/page"}],"author":[{"embeddable":true,"href":"https:\/\/www.7ecnosoluciones.com\/en\/wp-json\/wp\/v2\/users\/2"}],"replies":[{"embeddable":true,"href":"https:\/\/www.7ecnosoluciones.com\/en\/wp-json\/wp\/v2\/comments?post=2192"}],"version-history":[{"count":0,"href":"https:\/\/www.7ecnosoluciones.com\/en\/wp-json\/wp\/v2\/pages\/2192\/revisions"}],"wp:attachment":[{"href":"https:\/\/www.7ecnosoluciones.com\/en\/wp-json\/wp\/v2\/media?parent=2192"}],"curies":[{"name":"wp","href":"https:\/\/api.w.org\/{rel}","templated":true}]}}