{"id":2187,"date":"2020-07-28T17:56:50","date_gmt":"2020-07-28T17:56:50","guid":{"rendered":"https:\/\/7ecnosoluciones.com\/?page_id=2187"},"modified":"2021-11-02T12:16:30","modified_gmt":"2021-11-02T17:16:30","slug":"terminos-y-condiciones-politicas-de-venta","status":"publish","type":"page","link":"https:\/\/www.7ecnosoluciones.com\/en\/terminos-y-condiciones-politicas-de-venta\/","title":{"rendered":"T\u00e9rminos y Condiciones"},"content":{"rendered":"<div data-elementor-type=\"wp-page\" data-elementor-id=\"2187\" class=\"elementor elementor-2187\" data-elementor-post-type=\"page\">\n\t\t\t\t\t\t<section class=\"elementor-section elementor-top-section elementor-element elementor-element-9d50f13 elementor-section-boxed elementor-section-height-default elementor-section-height-default\" data-id=\"9d50f13\" data-element_type=\"section\">\r\n\t\t\r\n\t\t\t\t\t\t\t<div class=\"elementor-container elementor-column-gap-default\">\r\n\t\t\t\t\t\t\t\t\t\t\t<div class=\"elementor-column elementor-col-100 elementor-top-column elementor-element elementor-element-8e455e2\" data-id=\"8e455e2\" data-element_type=\"column\">\r\n\t\t\t\t\t<div class=\"elementor-widget-wrap elementor-element-populated\">\r\n\t\t\t\t\t\t\t\t<div class=\"elementor-element elementor-element-36d6144 elementor-widget elementor-widget-text-editor\" data-id=\"36d6144\" data-element_type=\"widget\" data-widget_type=\"text-editor.default\">\n\t\t\t\t<div class=\"elementor-widget-container\">\n\t\t\t\t\t\t\t<h2 style=\"text-align: center;\">T\u00c9RMINOS Y CONDICIONES<br \/>Pol\u00edticas de venta<\/h2><p style=\"text-align: justify;\">Somos una tienda virtual, por lo tanto, no tenemos puntos de venta, todos los productos se env\u00edan previa consignaci\u00f3n. Para garantizar un mejor servicio, seguimiento y control, todas las comunicaciones ser\u00e1n realizadas por email. Para env\u00edos por las transportadoras, los env\u00edos solo ser\u00e1n realizados una vez el pago haya sido aprobado y acreditado, siempre se debe enviar copia escaneada del pago respondiendo el correo de notificaci\u00f3n del pedido. Los pedidos que se ingresen tienen una validez de 1 d\u00eda h\u00e1bil, en caso de no recibirse el pago al finalizar este tiempo se cancelar\u00e1 autom\u00e1ticamente.\u00a0<\/p><p style=\"text-align: justify;\">Las caracter\u00edsticas y especificaciones de productos descritos o representados en este sitio Web est\u00e1n sujetas a cambio en cualquier momento sin previo aviso. Medidas y pesos no m\u00e9tricos son aproximados. Todas las im\u00e1genes vistas en el monitor y contenidas en la base de datos son fotos simuladas a menos que sea indicado. Las fotos, videos o im\u00e1genes utilizadas en el cat\u00e1logo de productos son s\u00f3lo de referencia y pueden variar seg\u00fan cada fabricante cambie la presentaci\u00f3n del producto. La informaci\u00f3n publicada en este sitio web puede mostrar contenido t\u00e9cnico inexacto o errores tipogr\u00e1ficos.<\/p><h4>\u00a0<\/h4><h4 style=\"text-align: justify;\"><strong>Verificaci\u00f3n de datos y transacciones<\/strong><\/h4><p style=\"text-align: justify;\">Todos los datos proporcionados por el cliente al registrarse en nuestra p\u00e1gina deben ser ver\u00eddicos, cualquier dato falso ingresado como por ejemplo el n\u00famero de c\u00e9dula, causar\u00e1 la eliminaci\u00f3n de la cuenta y cancelaci\u00f3n de los pedidos, todos los despachos se realizar\u00e1n a nombre de la persona que realice el pago, no se admitir\u00e1n pedidos en los que el destinatario del env\u00edo sea diferente de la persona que realiza el pago. En\u00a0<span style=\"font-weight: bold; letter-spacing: 0.07px;\">7ecnosoluciones<\/span>\u00a0encontrar\u00e1s la mayor seguridad en tus transacciones, es por esto que a total discreci\u00f3n de <strong>7ecnosoluciones<\/strong> se podr\u00e1 solicitar copia escaneada de la c\u00e9dula para algunas solicitudes de productos. Al comprar a trav\u00e9s de esta p\u00e1gina, usted est\u00e1 manifestando a\u00a0<span style=\"font-weight: bold; letter-spacing: 0.07px;\">7ecnosoluciones<\/span> su entendimiento y aceptaci\u00f3n de lo anteriormente indicado.<\/p><h4 style=\"text-align: justify;\"><strong>Env\u00edos y despachos<\/strong><\/h4><p style=\"text-align: justify;\">Todo despacho es a cuenta y riesgo del comprador:<br \/>El tiempo de entrega var\u00eda seg\u00fan cada producto, en la descripci\u00f3n del mismo encontrar\u00e1s el tiempo estimado de entrega. Estos tiempos de entrega son indicados para ciudades principales del pa\u00eds, sin embargo,\u00a0<span style=\"font-weight: bold; letter-spacing: 0.07px;\">7ecnosoluciones<\/span>\u00a0no se hace responsable por retrasos en la entrega por parte de la transportadora.<\/p><p style=\"text-align: justify;\">Hacemos despachos de Lunes a Viernes, no se har\u00e1n env\u00edos los d\u00edas s\u00e1bados, domingos ni festivos. Todos los costos de transporte, seguro y comisiones bancarias ser\u00e1n asumidos por el cliente, en caso de p\u00e9rdida de mercanc\u00eda, da\u00f1os o perjuicios que sufra el producto en el transporte ser\u00e1 \u00fanicamente bajo riesgo y responsabilidad del comprador, as\u00ed como la reclamaci\u00f3n ante la transportadora.\u00a0<span style=\"font-weight: bold; letter-spacing: 0.07px;\">7ecnosoluciones<\/span>\u00a0es responsable hasta el momento en que el producto es entregado a la transportadora.<\/p><h4 style=\"text-align: justify;\"><b>T\u00e9rminos\u00a0de\u00a0Garant\u00eda<\/b><\/h4><p style=\"text-align: justify;\"><span style=\"font-weight: bold; letter-spacing: 0.07px;\">7ecnosoluciones<\/span>\u00a0no aceptar\u00e1 devoluciones por errores en la interpretaci\u00f3n de la informaci\u00f3n suministrada, ni por falta de entendimiento de la terminolog\u00eda empleada. Antes de efectuar alguna transacci\u00f3n en donde exista duda debe comunicarla a trav\u00e9s del formulario de contacto de nuestra p\u00e1gina.<br \/>para efectos de garant\u00eda, si el producto no lo hay en existencia, se entregar\u00e1 uno de caracter\u00edsticas y funciones similares y la diferencia del costo ser\u00e1 asumida por el cliente. No se realizar\u00e1 devoluci\u00f3n del dinero, solo se realizar\u00e1 devoluci\u00f3n del dinero en caso que el cliente consigne y se agote el inventario del producto. Si al momento de hacer efectiva una garant\u00eda se hace necesario reemplazar una parte, esta continuar\u00e1 con el mismo tiempo de garant\u00eda de la compra inicial.<\/p><p style=\"text-align: justify;\">Si el producto no es compatible o para efecto de toda garant\u00eda, es obligatoria la entrega de todos los empaques, bolsas y dem\u00e1s accesorios con que haya sido entregado el producto, cualquier empaque faltante anular\u00e1 la garant\u00eda. As\u00ed mismo los costos de env\u00edo y reenv\u00edo relacionados con el reclamo de garant\u00eda ser\u00e1n asumidos por el cliente.<\/p><p style=\"text-align: justify;\">La garant\u00eda de la mercanc\u00eda ser\u00e1 cubierta, sin nosotros hacernos responsables por el tiempo que pueda tomar al proveedor o fabricante, la reparaci\u00f3n o reemplazo de la misma. En el caso de que un producto llegue al destino sin funcionamiento alguno o defectuoso, el cliente debe devolverlo y notificarlo el mismo d\u00eda de la recepci\u00f3n para realizar el cambio del mismo sin iniciar el proceso de garant\u00eda, luego de pasado este tiempo, todo articulo devuelto deber\u00e1 ser revisado e iniciar el proceso normal de garant\u00eda que durar\u00e1 seg\u00fan el fabricante de 1, 3, 6, 12, 24 a 36 meses. Luego de este periodo el fabricante determinar\u00e1 si se aplica o no garant\u00eda, en caso que el cliente devuelva un producto el cual tenga da\u00f1os causados por \u00e9l o sea evidente un mal uso y no aplique garant\u00eda, deber\u00e1 cancelar un canon de $20.000 pesos moneda colombiana por concepto de revisi\u00f3n del art\u00edculo.<\/p><p style=\"text-align: justify;\">No nos hacemos responsables por el extrav\u00edo, hurto o deterioro de la mercanc\u00eda despachada por orden del cliente bajo una l\u00ednea de transporte o encomienda determinada: todo env\u00edo corre por cuenta y riesgo del cliente.<\/p><p style=\"text-align: justify;\">Los art\u00edculos de relojer\u00eda en los que se especifica en la descripci\u00f3n que tienen garant\u00eda por defectos de funcionamiento o por defectos de f\u00e1brica en el momento de entrega, NO tienen garant\u00eda por tiempo, se deben revisar en el momento de entrega, frente al mensajero y si es una transportadora, antes de firmar la gu\u00eda de recibido, una vez recibido el art\u00edculo no se hacen cambios y se entiende que recibi\u00f3 el producto en perfecto estado, en caso de imperfectos debido al transporte debe devolverse inmediatamente con la misma transportadora sin firmar la gu\u00eda. En caso de un juguete de dif\u00edcil verificaci\u00f3n en el momento de entrega se debe notificar en el transcurso del d\u00eda en que se recibe el producto.<\/p><p style=\"text-align: justify;\">Al momento de hacer clic en comprar, el cliente da por entendido y aceptado los t\u00e9rminos y condiciones antes mencionados,<\/p>\t\t\t\t\t\t<\/div>\n\t\t\t\t<\/div>\n\t\t\t\t\t<\/div>\r\n\t\t\t\t<\/div>\r\n\t\t\t\t\t<\/div>\r\n\t\t\t\t<\/section>\r\n\t\t\t\t<\/div>","protected":false},"excerpt":{"rendered":"<p>T\u00c9RMINOS Y CONDICIONESPol\u00edticas de venta Somos una tienda virtual, por lo tanto, no tenemos puntos de venta, todos los productos se env\u00edan previa consignaci\u00f3n. Para garantizar un mejor servicio, seguimiento y control, todas las comunicaciones ser\u00e1n realizadas por email. Para env\u00edos por las transportadoras, los env\u00edos solo ser\u00e1n realizados una vez el pago haya sido [&hellip;]<\/p>","protected":false},"author":2,"featured_media":0,"parent":0,"menu_order":0,"comment_status":"closed","ping_status":"closed","template":"","meta":{"_acf_changed":false,"content-type":"","_mo_disable_npp":"","footnotes":""},"class_list":["post-2187","page","type-page","status-publish","hentry"],"acf":[],"yoast_head":"<!-- This site is optimized with the Yoast SEO plugin v23.2 - https:\/\/yoast.com\/wordpress\/plugins\/seo\/ -->\n<title>T\u00e9rminos y Condiciones - 7ecnosoluciones<\/title>\n<meta name=\"robots\" content=\"index, follow, max-snippet:-1, max-image-preview:large, max-video-preview:-1\" \/>\n<link rel=\"canonical\" href=\"https:\/\/www.7ecnosoluciones.com\/en\/terminos-y-condiciones-politicas-de-venta\/\" \/>\n<meta property=\"og:locale\" content=\"en_US\" \/>\n<meta property=\"og:type\" content=\"article\" \/>\n<meta property=\"og:title\" content=\"T\u00e9rminos y Condiciones - 7ecnosoluciones\" \/>\n<meta property=\"og:description\" content=\"T\u00c9RMINOS Y CONDICIONESPol\u00edticas de venta Somos una tienda virtual, por lo tanto, no tenemos puntos de venta, todos los productos se env\u00edan previa consignaci\u00f3n. Para garantizar un mejor servicio, seguimiento y control, todas las comunicaciones ser\u00e1n realizadas por email. Para env\u00edos por las transportadoras, los env\u00edos solo ser\u00e1n realizados una vez el pago haya sido [&hellip;]\" \/>\n<meta property=\"og:url\" content=\"https:\/\/www.7ecnosoluciones.com\/en\/terminos-y-condiciones-politicas-de-venta\/\" \/>\n<meta property=\"og:site_name\" content=\"7ecnosoluciones\" \/>\n<meta property=\"article:publisher\" content=\"https:\/\/www.facebook.com\/7ecnosoluciones\" \/>\n<meta property=\"article:modified_time\" content=\"2021-11-02T17:16:30+00:00\" \/>\n<meta property=\"og:image\" content=\"https:\/\/www.7ecnosoluciones.com\/wp-content\/uploads\/2021\/03\/descubrenos.jpg\" \/>\n\t<meta property=\"og:image:width\" content=\"800\" \/>\n\t<meta property=\"og:image:height\" content=\"450\" \/>\n\t<meta property=\"og:image:type\" content=\"image\/jpeg\" \/>\n<meta name=\"twitter:card\" content=\"summary_large_image\" \/>\n<meta name=\"twitter:label1\" content=\"Est. reading time\" \/>\n\t<meta name=\"twitter:data1\" content=\"5 minutes\" \/>\n<script type=\"application\/ld+json\" class=\"yoast-schema-graph\">{\"@context\":\"https:\/\/schema.org\",\"@graph\":[{\"@type\":\"WebPage\",\"@id\":\"https:\/\/www.7ecnosoluciones.com\/terminos-y-condiciones-politicas-de-venta\/\",\"url\":\"https:\/\/www.7ecnosoluciones.com\/terminos-y-condiciones-politicas-de-venta\/\",\"name\":\"T\u00e9rminos y Condiciones - 7ecnosoluciones\",\"isPartOf\":{\"@id\":\"https:\/\/www.7ecnosoluciones.com\/#website\"},\"datePublished\":\"2020-07-28T17:56:50+00:00\",\"dateModified\":\"2021-11-02T17:16:30+00:00\",\"breadcrumb\":{\"@id\":\"https:\/\/www.7ecnosoluciones.com\/terminos-y-condiciones-politicas-de-venta\/#breadcrumb\"},\"inLanguage\":\"en-US\",\"potentialAction\":[{\"@type\":\"ReadAction\",\"target\":[\"https:\/\/www.7ecnosoluciones.com\/terminos-y-condiciones-politicas-de-venta\/\"]}]},{\"@type\":\"BreadcrumbList\",\"@id\":\"https:\/\/www.7ecnosoluciones.com\/terminos-y-condiciones-politicas-de-venta\/#breadcrumb\",\"itemListElement\":[{\"@type\":\"ListItem\",\"position\":1,\"name\":\"Portada\",\"item\":\"https:\/\/www.7ecnosoluciones.com\/\"},{\"@type\":\"ListItem\",\"position\":2,\"name\":\"T\u00e9rminos y Condiciones\"}]},{\"@type\":\"WebSite\",\"@id\":\"https:\/\/www.7ecnosoluciones.com\/#website\",\"url\":\"https:\/\/www.7ecnosoluciones.com\/\",\"name\":\"7ecnosoluciones\",\"description\":\"Vive la confianza y experiencia\",\"publisher\":{\"@id\":\"https:\/\/www.7ecnosoluciones.com\/#organization\"},\"potentialAction\":[{\"@type\":\"SearchAction\",\"target\":{\"@type\":\"EntryPoint\",\"urlTemplate\":\"https:\/\/www.7ecnosoluciones.com\/?s={search_term_string}\"},\"query-input\":\"required name=search_term_string\"}],\"inLanguage\":\"en-US\"},{\"@type\":\"Organization\",\"@id\":\"https:\/\/www.7ecnosoluciones.com\/#organization\",\"name\":\"7ecnosoluciones\",\"url\":\"https:\/\/www.7ecnosoluciones.com\/\",\"logo\":{\"@type\":\"ImageObject\",\"inLanguage\":\"en-US\",\"@id\":\"https:\/\/www.7ecnosoluciones.com\/#\/schema\/logo\/image\/\",\"url\":\"https:\/\/www.7ecnosoluciones.com\/wp-content\/uploads\/2020\/07\/logo-1.png\",\"contentUrl\":\"https:\/\/www.7ecnosoluciones.com\/wp-content\/uploads\/2020\/07\/logo-1.png\",\"width\":836,\"height\":227,\"caption\":\"7ecnosoluciones\"},\"image\":{\"@id\":\"https:\/\/www.7ecnosoluciones.com\/#\/schema\/logo\/image\/\"},\"sameAs\":[\"https:\/\/www.facebook.com\/7ecnosoluciones\",\"https:\/\/www.instagram.com\/7ecnosoluciones\/\"]}]}<\/script>\n<!-- \/ Yoast SEO plugin. -->","yoast_head_json":{"title":"T\u00e9rminos y Condiciones - 7ecnosoluciones","robots":{"index":"index","follow":"follow","max-snippet":"max-snippet:-1","max-image-preview":"max-image-preview:large","max-video-preview":"max-video-preview:-1"},"canonical":"https:\/\/www.7ecnosoluciones.com\/en\/terminos-y-condiciones-politicas-de-venta\/","og_locale":"en_US","og_type":"article","og_title":"T\u00e9rminos y Condiciones - 7ecnosoluciones","og_description":"T\u00c9RMINOS Y CONDICIONESPol\u00edticas de venta Somos una tienda virtual, por lo tanto, no tenemos puntos de venta, todos los productos se env\u00edan previa consignaci\u00f3n. Para garantizar un mejor servicio, seguimiento y control, todas las comunicaciones ser\u00e1n realizadas por email. Para env\u00edos por las transportadoras, los env\u00edos solo ser\u00e1n realizados una vez el pago haya sido [&hellip;]","og_url":"https:\/\/www.7ecnosoluciones.com\/en\/terminos-y-condiciones-politicas-de-venta\/","og_site_name":"7ecnosoluciones","article_publisher":"https:\/\/www.facebook.com\/7ecnosoluciones","article_modified_time":"2021-11-02T17:16:30+00:00","og_image":[{"width":800,"height":450,"url":"https:\/\/www.7ecnosoluciones.com\/wp-content\/uploads\/2021\/03\/descubrenos.jpg","type":"image\/jpeg"}],"twitter_card":"summary_large_image","twitter_misc":{"Est. reading time":"5 minutes"},"schema":{"@context":"https:\/\/schema.org","@graph":[{"@type":"WebPage","@id":"https:\/\/www.7ecnosoluciones.com\/terminos-y-condiciones-politicas-de-venta\/","url":"https:\/\/www.7ecnosoluciones.com\/terminos-y-condiciones-politicas-de-venta\/","name":"T\u00e9rminos y Condiciones - 7ecnosoluciones","isPartOf":{"@id":"https:\/\/www.7ecnosoluciones.com\/#website"},"datePublished":"2020-07-28T17:56:50+00:00","dateModified":"2021-11-02T17:16:30+00:00","breadcrumb":{"@id":"https:\/\/www.7ecnosoluciones.com\/terminos-y-condiciones-politicas-de-venta\/#breadcrumb"},"inLanguage":"en-US","potentialAction":[{"@type":"ReadAction","target":["https:\/\/www.7ecnosoluciones.com\/terminos-y-condiciones-politicas-de-venta\/"]}]},{"@type":"BreadcrumbList","@id":"https:\/\/www.7ecnosoluciones.com\/terminos-y-condiciones-politicas-de-venta\/#breadcrumb","itemListElement":[{"@type":"ListItem","position":1,"name":"Portada","item":"https:\/\/www.7ecnosoluciones.com\/"},{"@type":"ListItem","position":2,"name":"T\u00e9rminos y Condiciones"}]},{"@type":"WebSite","@id":"https:\/\/www.7ecnosoluciones.com\/#website","url":"https:\/\/www.7ecnosoluciones.com\/","name":"7ecnosoluciones","description":"Vive la confianza y experiencia","publisher":{"@id":"https:\/\/www.7ecnosoluciones.com\/#organization"},"potentialAction":[{"@type":"SearchAction","target":{"@type":"EntryPoint","urlTemplate":"https:\/\/www.7ecnosoluciones.com\/?s={search_term_string}"},"query-input":"required name=search_term_string"}],"inLanguage":"en-US"},{"@type":"Organization","@id":"https:\/\/www.7ecnosoluciones.com\/#organization","name":"7ecnosoluciones","url":"https:\/\/www.7ecnosoluciones.com\/","logo":{"@type":"ImageObject","inLanguage":"en-US","@id":"https:\/\/www.7ecnosoluciones.com\/#\/schema\/logo\/image\/","url":"https:\/\/www.7ecnosoluciones.com\/wp-content\/uploads\/2020\/07\/logo-1.png","contentUrl":"https:\/\/www.7ecnosoluciones.com\/wp-content\/uploads\/2020\/07\/logo-1.png","width":836,"height":227,"caption":"7ecnosoluciones"},"image":{"@id":"https:\/\/www.7ecnosoluciones.com\/#\/schema\/logo\/image\/"},"sameAs":["https:\/\/www.facebook.com\/7ecnosoluciones","https:\/\/www.instagram.com\/7ecnosoluciones\/"]}]}},"_links":{"self":[{"href":"https:\/\/www.7ecnosoluciones.com\/en\/wp-json\/wp\/v2\/pages\/2187","targetHints":{"allow":["GET"]}}],"collection":[{"href":"https:\/\/www.7ecnosoluciones.com\/en\/wp-json\/wp\/v2\/pages"}],"about":[{"href":"https:\/\/www.7ecnosoluciones.com\/en\/wp-json\/wp\/v2\/types\/page"}],"author":[{"embeddable":true,"href":"https:\/\/www.7ecnosoluciones.com\/en\/wp-json\/wp\/v2\/users\/2"}],"replies":[{"embeddable":true,"href":"https:\/\/www.7ecnosoluciones.com\/en\/wp-json\/wp\/v2\/comments?post=2187"}],"version-history":[{"count":0,"href":"https:\/\/www.7ecnosoluciones.com\/en\/wp-json\/wp\/v2\/pages\/2187\/revisions"}],"wp:attachment":[{"href":"https:\/\/www.7ecnosoluciones.com\/en\/wp-json\/wp\/v2\/media?parent=2187"}],"curies":[{"name":"wp","href":"https:\/\/api.w.org\/{rel}","templated":true}]}}